{"id":973,"date":"2020-09-09T18:15:57","date_gmt":"2020-09-09T21:15:57","guid":{"rendered":"https:\/\/www3.unicentro.br\/vestibular\/?page_id=973"},"modified":"2023-04-04T10:12:39","modified_gmt":"2023-04-04T13:12:39","slug":"informacoes","status":"publish","type":"page","link":"https:\/\/www3.unicentro.br\/vestibular\/pedagogia-terra-indigena\/informacoes\/","title":{"rendered":"Informa\u00e7\u00f5es"},"content":{"rendered":"<div class=\"wpb-content-wrapper\"><p>[vc_row][vc_column][vc_column_text]O Curso de Licenciatura em Pedagogia destina-se, exclusivamente, a ind\u00edgenas, integrantes de comunidades ind\u00edgenas do Paran\u00e1.<\/p>\n<p>S\u00e3o oferecidas sessenta vagas pelo Departamento de Pedagogia, do C\u00e2mpus Universit\u00e1rio Santa Cruz, de Guarapuava, com atividade na Unidade Avan\u00e7ada da Unicentro, Rio das Cobras, no munic\u00edpio de Nova Laranjeiras, e atividades itinerantes no Estado do Paran\u00e1.<\/p>\n<p>Para participar do Processo Seletivo, o candidato deve efetuar sua inscri\u00e7\u00e3o de 10 de abril a 3 de maio de 2023.<\/p>\n<p>O candidato com defici\u00eancia deve preencher requerimento pelo endere\u00e7o <a href=\"http:\/\/www.unicentro.br\/protocolo\">www.unicentro.br\/<\/a><a href=\"http:\/\/www.unicentro.br\/protocolo\">protocolo<\/a>, indicando os recursos especiais necess\u00e1rios para atendimento diferenciado, at\u00e9 o \u00faltimo dia de inscri\u00e7\u00e3o, anexando laudo m\u00e9dico.<\/p>\n<p>A prova ser\u00e1 realizada no dia 21 de maio de 2023, no Col\u00e9gio Estadual Ind\u00edgena Rio das Cobras, em Nova Laranjeiras.<\/p>\n<p>Os candidatos devem estar presentes no local das provas a partir das 9h30min. As entradas que d\u00e3o acesso \u00e0s instala\u00e7\u00f5es de realiza\u00e7\u00e3o das provas ser\u00e3o fechadas \u00e0s 10 horas e a dura\u00e7\u00e3o das provas \u00e9 de 2 horas.<\/p>\n<p>Os candidatos devem trazer documento de identidade e caneta esferogr\u00e1fica, com tinta azul escuro ou preta.[\/vc_column_text][vc_message message_box_color=&#8221;danger&#8221;]<\/p>\n<h3 style=\"text-align: center\"><span style=\"color: #ff0000\"><strong>ATEN\u00c7\u00c3O<\/strong><\/span><\/h3>\n<p><strong>Em hip\u00f3tese alguma ser\u00e1 permitida a entrada em sala de provas sem o documento oficial de identidade, que contenha foto e assinatura.<\/strong><\/p>\n<p>Na falta da C\u00e9dula de Identidade, valem como documento, Carteira de Trabalho e Carteira Nacional de Habilita\u00e7\u00e3o em que constem os dados pessoais, assinatura e foto.<\/p>\n<p>O candidato que tiver como extraviado, furtado ou roubado o(s) documento(s) indicado(s) nos itens anteriores, somente ter\u00e1 acesso ao local de provas, mediante a apresenta\u00e7\u00e3o de Boletim de Ocorr\u00eancia da Pol\u00edcia Civil com o registro circunstanciado.[\/vc_message][vc_column_text]O Processo Seletivo consta de prova de Reda\u00e7\u00e3o em L\u00edngua Portuguesa, com duas propostas tem\u00e1ticas, das quais o candidato escolhe apenas uma para desenvolver a sua reda\u00e7\u00e3o.<\/p>\n<p>As reda\u00e7\u00f5es ser\u00e3o avaliadas levando-se em conta os seguintes crit\u00e9rios:<\/p>\n<p style=\"padding-left: 40px\">I &#8211;\u00a0\u00a0 t\u00edtulo;<\/p>\n<p style=\"padding-left: 40px\">II &#8211;\u00a0 tema;<\/p>\n<p style=\"padding-left: 40px\">III &#8211; coer\u00eancia;<\/p>\n<p style=\"padding-left: 40px\">IV &#8211;\u00a0 tipologia textual;<\/p>\n<p style=\"padding-left: 40px\">V &#8211; emprego da norma padr\u00e3o;<\/p>\n<p style=\"padding-left: 40px\">VI &#8211; coes\u00e3o.<\/p>\n<p>[\/vc_column_text][vc_message message_box_color=&#8221;warning&#8221;]<\/p>\n<p style=\"text-align: center\"><strong>\u00c9 eliminado do Concurso Vestibular o candidato que obtiver resultado zero na prova de reda\u00e7\u00e3o.<\/strong><\/p>\n<p>[\/vc_message][\/vc_column][\/vc_row]<\/p>\n<\/div>","protected":false},"excerpt":{"rendered":"<p>[vc_row][vc_column][vc_column_text]O Curso de Licenciatura em Pedagogia destina-se, exclusivamente, a ind\u00edgenas, integrantes de comunidades ind\u00edgenas do Paran\u00e1. S\u00e3o oferecidas sessenta vagas pelo Departamento de Pedagogia, do C\u00e2mpus Universit\u00e1rio Santa Cruz, de Guarapuava, com atividade na Unidade Avan\u00e7ada da Unicentro, Rio das Cobras, no munic\u00edpio de Nova Laranjeiras, e atividades itinerantes no Estado do Paran\u00e1. Para participar [&hellip;]<\/p>\n","protected":false},"author":3,"featured_media":0,"parent":209,"menu_order":0,"comment_status":"closed","ping_status":"closed","template":"","meta":{"_exactmetrics_skip_tracking":false,"_exactmetrics_sitenote_active":false,"_exactmetrics_sitenote_note":"","_exactmetrics_sitenote_category":0,"footnotes":"","_links_to":"","_links_to_target":""},"class_list":["post-973","page","type-page","status-publish","hentry"],"publishpress_future_action":{"enabled":false,"date":"2026-04-28 03:35:29","action":"change-status","newStatus":"draft","terms":[],"taxonomy":"","extraData":[]},"publishpress_future_workflow_manual_trigger":{"enabledWorkflows":[]},"_links":{"self":[{"href":"https:\/\/www3.unicentro.br\/vestibular\/wp-json\/wp\/v2\/pages\/973","targetHints":{"allow":["GET"]}}],"collection":[{"href":"https:\/\/www3.unicentro.br\/vestibular\/wp-json\/wp\/v2\/pages"}],"about":[{"href":"https:\/\/www3.unicentro.br\/vestibular\/wp-json\/wp\/v2\/types\/page"}],"author":[{"embeddable":true,"href":"https:\/\/www3.unicentro.br\/vestibular\/wp-json\/wp\/v2\/users\/3"}],"replies":[{"embeddable":true,"href":"https:\/\/www3.unicentro.br\/vestibular\/wp-json\/wp\/v2\/comments?post=973"}],"version-history":[{"count":0,"href":"https:\/\/www3.unicentro.br\/vestibular\/wp-json\/wp\/v2\/pages\/973\/revisions"}],"up":[{"embeddable":true,"href":"https:\/\/www3.unicentro.br\/vestibular\/wp-json\/wp\/v2\/pages\/209"}],"wp:attachment":[{"href":"https:\/\/www3.unicentro.br\/vestibular\/wp-json\/wp\/v2\/media?parent=973"}],"curies":[{"name":"wp","href":"https:\/\/api.w.org\/{rel}","templated":true}]}}