{"id":809,"date":"2019-12-20T17:53:55","date_gmt":"2019-12-20T20:53:55","guid":{"rendered":"https:\/\/www3.unicentro.br\/vestibular\/?page_id=809"},"modified":"2021-05-14T09:38:43","modified_gmt":"2021-05-14T12:38:43","slug":"editais","status":"publish","type":"page","link":"https:\/\/www3.unicentro.br\/vestibular\/indigena\/editais\/","title":{"rendered":"Editais"},"content":{"rendered":"<div class=\"wpb-content-wrapper\"><p>[vc_row][vc_column]<aside class=\"ul-custom-css-inline\">\t\t\t\t\t\t\t\t\t\t\r\n\t\t\t\t\t\t\t\t\t\t<link rel=\"stylesheet\" id=\"ul-google-fonts-css\" href=\"https:\/\/fonts.googleapis.com\/css?family=Open+Sans\" type=\"text\/css\" media=\"all\" \/><style type=\"text\/css\">#ul39581.ultimate-layouts-container h3.ultimate-layouts-title, \r\n\t\t\t\t\t\t\t\t\t#ul39581.ultimate-layouts-container h3.ultimate-layouts-title a{font-family:\"Open Sans\" !important;font-size:12px !important;}.ul_quickview_p_ul39581.ul-quick-view-style h3.ultimate-layouts-title,\r\n\t\t\t\t\t\t\t\t\t\t.ul_quickview_p_ul39581.ul-quick-view-style h3.ultimate-layouts-title a{font-family:\"Open Sans\" !important;}#ul39581.ultimate-layouts-container .ul-cb-style-listing h3.ultimate-layouts-title, \r\n\t\t\t\t\t\t\t\t\t\t#ul39581.ultimate-layouts-container .ul-cb-style-listing h3.ultimate-layouts-title a{\r\n\t\t\t\t\t\t\t\t\t\t\tfont-size:calc(12px * 0.78) !important;\r\n\t\t\t\t\t\t\t\t\t\t\tfont-size:-webkit-calc(12px * 0.78) !important;\r\n\t\t\t\t\t\t\t\t\t\t\tfont-size:-moz-calc(12px * 0.78) !important;\r\n\t\t\t\t\t\t\t\t\t\t\tfont-size:-ms-calc(12px * 0.78) !important;\r\n\t\t\t\t\t\t\t\t\t\t\tfont-size:-o-calc(12px * 0.78) !important;\r\n\t\t\t\t\t\t\t\t\t\t}<\/style><style type=\"text\/css\">#ul39581.ultimate-layouts-container .ultimate-layouts-item{background-color:#e5e5e5 !important;}<\/style>\r\n\t\t\t\t\t\t\t\t\t\t<h6>h6<\/h6>\r\n\t\t\t\t\t\t\t\t\t<\/aside><script>if(typeof(ultimate_layouts_ajax_url)==\"undefined\"){var ultimate_layouts_ajax_url=[]};ultimate_layouts_ajax_url[\"ul39581\"]=\"https:\/\/www3.unicentro.br\/vestibular\/wp-admin\/admin-ajax.php\";if(typeof(ultimate_layouts_query_params)==\"undefined\"){var ultimate_layouts_query_params=[]};ultimate_layouts_query_params[\"ul39581\"]={\"post_types\":\"post\",\"i_attachment\":\"\",\"taxonomies\":\"category\",\"multi_post_types\":\"\",\"multi_taxonomies\":\"\",\"query_types\":\"0\",\"i_taxonomies\":\"13\",\"e_taxonomies\":\"\",\"i_ids\":\"\",\"cq_operator\":\"0\",\"e_ids\":\"\",\"query_author\":\"\",\"query_offset\":\"\",\"query_include_children\":\"1\",\"today_post\":\"0\",\"datetime_meta\":\"\",\"woo_query\":\"0\",\"post_count\":50,\"posts_per_page\":10,\"d_i_filter\":\"\"};if(typeof(ultimate_layouts_filter)==\"undefined\"){var ultimate_layouts_filter=[]};ultimate_layouts_filter[\"ul39581\"]=\"\";if(typeof(ultimate_layouts_order)==\"undefined\"){var ultimate_layouts_order=[]};ultimate_layouts_order[\"ul39581\"]=\"DESC\";if(typeof(ultimate_layouts_orderby)==\"undefined\"){var ultimate_layouts_orderby=[]};ultimate_layouts_orderby[\"ul39581\"]=\"date\";if(typeof(ultimate_layouts_sub_opt_query)==\"undefined\"){var ultimate_layouts_sub_opt_query=[]};ultimate_layouts_sub_opt_query[\"ul39581\"]={\"meta_key_query\":\"\",\"paged\":1,\"first_query\":\"on\",\"total_pages\":1,\"items_last_page\":0};if(typeof(ultimate_layouts_options)==\"undefined\"){var ultimate_layouts_options=[]};ultimate_layouts_options[\"ul39581\"]={\"layout_style\":\"4\",\"button_gallery_name\":\"Gallery\",\"grid_style\":\"0\",\"list_style\":\"9\",\"carousel_t_style\":\"0\",\"carousel_f_style\":\"0\",\"creative_style\":\"0\",\"timeline_style\":\"0\",\"block_content_style\":\"0\",\"sync_slider_style\":\"0\",\"grid_masonry\":\"0\",\"show_arrows\":\"1\",\"arrows_outside\":\"0\",\"show_dots\":\"1\",\"infinite\":\"1\",\"autoplay\":\"1\",\"autoplayspeed\":5000,\"scrollperpage\":\"1\",\"speed\":500,\"centermode\":\"0\",\"sync_slider_height_d\":\"\",\"sync_slider_height_t\":\"\",\"sync_slider_height_m\":\"\",\"sync_slider_width_d\":\"\",\"sync_slider_width_t\":\"\",\"sync_slider_width_m\":\"\",\"show_elements\":\"0\",\"av_content\":\"0\",\"cc_mobile\":\"0\",\"cc_portrait_tablet\":\"0\",\"cc_landscape_tablet\":\"0\",\"cc_small_desktop\":\"0\",\"cc_medium_desktop\":\"0\",\"cc_large_desktop\":\"0\",\"cc_extra_large_desktop\":\"0\",\"image_size\":\"thumbnail\",\"image_size_s\":\"thumbnail\",\"s_image\":\"0\",\"s_image_link\":\"1\",\"s_image_link_target\":\"0\",\"s_icon_lightbox_video\":\"0\",\"video_url_meta\":\"0\",\"video_url_meta_key\":\"\",\"s_icon_lightbox_image\":\"1\",\"s_icon_link\":\"1\",\"s_icon_link_target\":\"0\",\"s_image_hover_effect\":\"0\",\"s_overlay_hover_effect\":\"\",\"s_overlay_settings\":\"0\",\"s_overlay_color\":\"\",\"s_image_post_format\":\"0\",\"s_image_post_format_pos\":\"ul-bottom-right\",\"s_image_avatar\":\"0\",\"s_title\":\"1\",\"s_title_limit\":\"0\",\"s_title_link\":\"1\",\"s_title_link_target\":\"0\",\"s_excerpt\":\"0\",\"s_excerpt_rbtn\":\"0\",\"s_excerpt_f\":\"get_the_excerpt\",\"s_excerpt_sc\":\"1\",\"s_excerpt_sh\":\"1\",\"s_excerpt_length\":0,\"s_categories\":\"0\",\"s_s_categories\":\"0\",\"s_s_categories_parent\":\"0\",\"ex_items_taxonomies\":\"\",\"s_c_categories\":\"0\",\"s_ct_categories\":\"\",\"s_cb_categories\":\"\",\"s_categories_target\":\"0\",\"s_metas_o\":\"1\",\"s_metas_o_author\":\"0\",\"s_metas_o_author_avatar\":\"0\",\"s_metas_o_time\":\"1\",\"time_format\":\"j \\\/ F \\\/ Y\",\"s_metas_o_comment\":\"0\",\"s_metas_o_like\":\"0\",\"s_metas_o_share\":\"0\",\"custom_meta_o\":\"\",\"s_metas_t\":\"0\",\"s_metas_t_author\":\"0\",\"s_metas_t_author_avatar\":\"0\",\"s_metas_t_time\":\"0\",\"time_format_t\":\"F j, Y\",\"s_metas_t_comment\":\"0\",\"s_metas_t_like\":\"1\",\"s_metas_t_share\":\"1\",\"custom_meta_t\":\"\",\"s_metas_t_readmore\":\"1\",\"s_metas_t_readmore_link_target\":\"0\",\"share_text\":\"\",\"read_more_text\":\"\",\"before_author_text\":\"\",\"pagination\":\"1\",\"loadmore_text\":\"\",\"prev_text\":\"\",\"next_text\":\"\",\"animate\":\"default\",\"lazyload\":\"0\",\"lazyload_p\":\"\",\"geodirectory_rating\":\"0\",\"quick_view\":\"1\",\"quick_view_mode\":\"0\",\"extra_class\":\"\",\"rnd_id\":\"ul39581\",\"s_title_small\":\"1\",\"s_title_limit_small\":\"0\",\"s_title_link_small\":\"1\",\"s_title_link_target_small\":\"0\",\"s_categories_small\":\"1\",\"s_s_categories_small\":\"0\",\"s_s_categories_parent_small\":\"0\",\"ex_items_taxonomies_small\":\"\",\"s_c_categories_small\":\"0\",\"s_ct_categories_small\":\"\",\"s_cb_categories_small\":\"\",\"s_categories_target_small\":\"0\",\"s_metas_o_small\":\"1\",\"s_metas_o_author_small\":\"1\",\"s_metas_o_author_avatar_small\":\"0\",\"s_metas_o_time_small\":\"1\",\"time_format_small\":\"F j, Y\",\"s_metas_o_comment_small\":\"1\",\"s_metas_o_like_small\":\"0\",\"s_metas_o_share_small\":\"0\",\"custom_meta_o_small\":\"\",\"woo_show_price\":\"0\",\"woo_show_rating\":\"0\",\"woo_show_cart\":\"0\",\"qv_s_title\":\"1\",\"qv_s_categories\":\"1\",\"qv_s_s_categories\":\"0\",\"qv_s_s_categories_parent\":\"0\",\"qv_ex_items_taxonomies\":\"\",\"qv_s_c_categories\":\"0\",\"qv_s_ct_categories\":\"\",\"qv_s_cb_categories\":\"\",\"qv_s_categories_target\":\"0\",\"qv_s_metas_o\":\"1\",\"qv_s_metas_o_author\":\"1\",\"qv_s_metas_o_author_avatar\":\"0\",\"qv_s_metas_o_time\":\"1\",\"qv_time_format\":\"F j, Y\",\"qv_s_metas_o_comment\":\"1\",\"qv_s_metas_o_like\":\"1\",\"qv_custom_meta_o\":\"\",\"qv_show_content\":\"1\",\"qv_content_stripsc\":\"0\",\"qv_show_share\":\"1\",\"qv_woo_show_rating\":\"1\",\"qv_s_featured_image\":\"1\",\"goo_ads_client\":\"\",\"goo_ads_id\":\"\",\"goo_ads_offset\":\"1\",\"css_class\":\" vc_custom_1576875233111\"};<\/script><div id=\"ul39581\" class=\"ultimate-layouts-container ul-filter-gridlist-normal ultimate-layouts-wrapper-control   vc_custom_1576875233111\"><div class=\"\r\n\t\t\t\t\t\t\t\t\t\t\t\tultimate-layouts-listing-wrap \r\n\t\t\t\t\t\t\t\t\t\t\t\tultimate-layouts-listing-list-10\r\n\t\t\t\t\t\t\t\t\t\t\t\t\r\n\t\t\t\t\t\t\t\t\t\t\t\tultimate-layouts-effect-icon\r\n\t\t\t\t\t\t\t\t\t\t\t\"><!--post item--> \r\n<article class=\"ultimate-layouts-item hentry\">\r\n    <!--entry content-->\r\n    <div class=\"ultimate-layouts-entry-wrapper entry-content\">\r\n        <!--picture-->\r\n                <!--picture-->\r\n        <!--content-->\r\n        <div class=\"ultimate-layouts-content entry\">    \r\n        \t        \r\n            <h3 class=\"ultimate-layouts-title entry-title  \"><a  data-post-id=\"2477\" href=\"https:\/\/www3.unicentro.br\/vestibular\/wp-content\/uploads\/sites\/30\/2023\/05\/Edital_6_2023_Resultado_do_XXII_Vestibular_dos_Povos_Ind_genas_no_Paran_6470e955ea1ee.pdf\" title=\"EDITAL N\u00ba 06\/2023 \u2013 UNICENTRO &#8211; Homologa\u00e7\u00e3o do resultado final do XXII Vestibular dos Povos Ind\u00edgenas no Paran\u00e1\"   class=\"ultimate-layouts-title-link\">EDITAL N\u00ba 06\/2023 \u2013 UNICENTRO &#8211; Homologa\u00e7\u00e3o do resultado final do XXII Vestibular dos Povos Ind\u00edgenas no Paran\u00e1<\/a><\/h3>            \r\n            <div class=\"ultimate-layouts-metas posted-on \"><div class=\"ultimate-layouts-metas-wrap\"><div data-class=\"ul-time-metas\"><i class=\"fa fa-calendar-check-o\" aria-hidden=\"true\"><\/i> <span>26 \/ maio \/ 2023<\/span><\/div><\/div><\/div>             \r\n                                        \r\n        <\/div><!--content-->\r\n    <\/div><!--entry content-->            \r\n<\/article><!--post item--><!--post item--> \r\n<article class=\"ultimate-layouts-item hentry\">\r\n    <!--entry content-->\r\n    <div class=\"ultimate-layouts-entry-wrapper entry-content\">\r\n        <!--picture-->\r\n                <!--picture-->\r\n        <!--content-->\r\n        <div class=\"ultimate-layouts-content entry\">    \r\n        \t        \r\n            <h3 class=\"ultimate-layouts-title entry-title  \"><a  data-post-id=\"2446\" href=\"https:\/\/www3.unicentro.br\/vestibular\/wp-content\/uploads\/sites\/30\/2023\/04\/Edital_3_2023_Rela_o_de_candidatos_por_local_de_prova_XXII_Vestibular_dos_Povos_Ind_genas_no_Paran_6446659566210.pdf\" title=\"Edital n\u00ba 03\/2023 &#8211; Informa os locais em que ser\u00e3o aplicadas as provas do XXII Vestibular dos Povos Ind\u00edgenas no Paran\u00e1, nos dias 7 e 8 de maio de 2023\"   class=\"ultimate-layouts-title-link\">Edital n\u00ba 03\/2023 &#8211; Informa os locais em que ser\u00e3o aplicadas as provas do XXII Vestibular dos Povos Ind\u00edgenas no Paran\u00e1, nos dias 7 e 8 de maio de 2023<\/a><\/h3>            \r\n            <div class=\"ultimate-layouts-metas posted-on \"><div class=\"ultimate-layouts-metas-wrap\"><div data-class=\"ul-time-metas\"><i class=\"fa fa-calendar-check-o\" aria-hidden=\"true\"><\/i> <span>24 \/ abril \/ 2023<\/span><\/div><\/div><\/div>             \r\n                                        \r\n        <\/div><!--content-->\r\n    <\/div><!--entry content-->            \r\n<\/article><!--post item--><!--post item--> \r\n<article class=\"ultimate-layouts-item hentry\">\r\n    <!--entry content-->\r\n    <div class=\"ultimate-layouts-entry-wrapper entry-content\">\r\n        <!--picture-->\r\n                <!--picture-->\r\n        <!--content-->\r\n        <div class=\"ultimate-layouts-content entry\">    \r\n        \t        \r\n            <h3 class=\"ultimate-layouts-title entry-title  \"><a  data-post-id=\"2383\" href=\"https:\/\/www3.unicentro.br\/vestibular\/wp-content\/uploads\/sites\/30\/2023\/03\/Edital_2_2023_Resultado_do_recurso_referente_Homologa_o_de_inscri_es_ao_XXII_Vestibular_dos_Povos_Ind_genas_no_Paran_64109f311d73c.pdf\" title=\"Edital n\u00ba 02\/2023 &#8211; Homologa\u00e7\u00e3o de inscri\u00e7\u00e3o do XXII Vestibular dos Povos Ind\u00edgenas no Paran\u00e1, ap\u00f3s julgamento de recurso\"   class=\"ultimate-layouts-title-link\">Edital n\u00ba 02\/2023 &#8211; Homologa\u00e7\u00e3o de inscri\u00e7\u00e3o do XXII Vestibular dos Povos Ind\u00edgenas no Paran\u00e1, ap\u00f3s julgamento de recurso<\/a><\/h3>            \r\n            <div class=\"ultimate-layouts-metas posted-on \"><div class=\"ultimate-layouts-metas-wrap\"><div data-class=\"ul-time-metas\"><i class=\"fa fa-calendar-check-o\" aria-hidden=\"true\"><\/i> <span>14 \/ mar\u00e7o \/ 2023<\/span><\/div><\/div><\/div>             \r\n                                        \r\n        <\/div><!--content-->\r\n    <\/div><!--entry content-->            \r\n<\/article><!--post item--><!--post item--> \r\n<article class=\"ultimate-layouts-item hentry\">\r\n    <!--entry content-->\r\n    <div class=\"ultimate-layouts-entry-wrapper entry-content\">\r\n        <!--picture-->\r\n                <!--picture-->\r\n        <!--content-->\r\n        <div class=\"ultimate-layouts-content entry\">    \r\n        \t        \r\n            <h3 class=\"ultimate-layouts-title entry-title  \"><a  data-post-id=\"2377\" href=\"https:\/\/www3.unicentro.br\/vestibular\/wp-content\/uploads\/sites\/30\/2023\/03\/Edital_1_2023_Homologa_o_das_inscri_es_ao_XXII_Vestibular_dos_Povos_Ind_genas_no_Paran_6408bfd954750.pdf\" title=\"EDITAL N\u00ba 01\/2023 \u2013 Homologa\u00e7\u00e3o das inscri\u00e7\u00f5es do XXII Vestibular dos Povos Ind\u00edgenas no Paran\u00e1\"   class=\"ultimate-layouts-title-link\">EDITAL N\u00ba 01\/2023 \u2013 Homologa\u00e7\u00e3o das inscri\u00e7\u00f5es do XXII Vestibular dos Povos Ind\u00edgenas no Paran\u00e1<\/a><\/h3>            \r\n            <div class=\"ultimate-layouts-metas posted-on \"><div class=\"ultimate-layouts-metas-wrap\"><div data-class=\"ul-time-metas\"><i class=\"fa fa-calendar-check-o\" aria-hidden=\"true\"><\/i> <span>8 \/ mar\u00e7o \/ 2023<\/span><\/div><\/div><\/div>             \r\n                                        \r\n        <\/div><!--content-->\r\n    <\/div><!--entry content-->            \r\n<\/article><!--post item--><!--post item--> \r\n<article class=\"ultimate-layouts-item hentry\">\r\n    <!--entry content-->\r\n    <div class=\"ultimate-layouts-entry-wrapper entry-content\">\r\n        <!--picture-->\r\n                <!--picture-->\r\n        <!--content-->\r\n        <div class=\"ultimate-layouts-content entry\">    \r\n        \t        \r\n            <h3 class=\"ultimate-layouts-title entry-title  \"><a  data-post-id=\"2334\" href=\"https:\/\/www3.unicentro.br\/vestibular\/wp-content\/uploads\/sites\/30\/2022\/11\/Edital_de_retifica_o_n_2_2022_XXII_Vestibular_dos_Povos_Ind_genas_no_Paran_637fa0898b965.pdf\" title=\"EDITAL N\u00ba 02\/2022 \u2013 UNICENTRO &#8211; Retifica\u00e7\u00e3o do Edital n\u00ba 01\/2022-UNICENTRO, referente ao XXII Vestibular dos Povos Ind\u00edgenas no Paran\u00e1\"   class=\"ultimate-layouts-title-link\">EDITAL N\u00ba 02\/2022 \u2013 UNICENTRO &#8211; Retifica\u00e7\u00e3o do Edital n\u00ba 01\/2022-UNICENTRO, referente ao XXII Vestibular dos Povos Ind\u00edgenas no Paran\u00e1<\/a><\/h3>            \r\n            <div class=\"ultimate-layouts-metas posted-on \"><div class=\"ultimate-layouts-metas-wrap\"><div data-class=\"ul-time-metas\"><i class=\"fa fa-calendar-check-o\" aria-hidden=\"true\"><\/i> <span>25 \/ novembro \/ 2022<\/span><\/div><\/div><\/div>             \r\n                                        \r\n        <\/div><!--content-->\r\n    <\/div><!--entry content-->            \r\n<\/article><!--post item--><!--post item--> \r\n<article class=\"ultimate-layouts-item hentry\">\r\n    <!--entry content-->\r\n    <div class=\"ultimate-layouts-entry-wrapper entry-content\">\r\n        <!--picture-->\r\n                <!--picture-->\r\n        <!--content-->\r\n        <div class=\"ultimate-layouts-content entry\">    \r\n        \t        \r\n            <h3 class=\"ultimate-layouts-title entry-title  \"><a  data-post-id=\"2324\" href=\"https:\/\/www3.unicentro.br\/vestibular\/wp-content\/uploads\/sites\/30\/2022\/11\/Edital_1_2022_XXII_Vestibular_dos_Povos_Ind_genas_no_Paran_637ba6300709f.pdf\" title=\"EDITAL N\u00ba 01\/2022 \u2013 UNICENTRO XXII VESTIBULAR DOS POVOS IND\u00cdGENAS NO PARAN\u00c1\"   class=\"ultimate-layouts-title-link\">EDITAL N\u00ba 01\/2022 \u2013 UNICENTRO XXII VESTIBULAR DOS POVOS IND\u00cdGENAS NO PARAN\u00c1<\/a><\/h3>            \r\n            <div class=\"ultimate-layouts-metas posted-on \"><div class=\"ultimate-layouts-metas-wrap\"><div data-class=\"ul-time-metas\"><i class=\"fa fa-calendar-check-o\" aria-hidden=\"true\"><\/i> <span>21 \/ novembro \/ 2022<\/span><\/div><\/div><\/div>             \r\n                                        \r\n        <\/div><!--content-->\r\n    <\/div><!--entry content-->            \r\n<\/article><!--post item--><\/div><\/div>[\/vc_column][\/vc_row]<\/p>\n<\/div>","protected":false},"excerpt":{"rendered":"<p>[vc_row][vc_column][\/vc_column][\/vc_row]<\/p>\n","protected":false},"author":3,"featured_media":0,"parent":33,"menu_order":0,"comment_status":"closed","ping_status":"closed","template":"","meta":{"_exactmetrics_skip_tracking":false,"_exactmetrics_sitenote_active":false,"_exactmetrics_sitenote_note":"","_exactmetrics_sitenote_category":0,"footnotes":"","_links_to":"","_links_to_target":""},"class_list":["post-809","page","type-page","status-publish","hentry"],"publishpress_future_action":{"enabled":false,"date":"2026-04-17 11:41:11","action":"change-status","newStatus":"draft","terms":[],"taxonomy":"","extraData":[]},"publishpress_future_workflow_manual_trigger":{"enabledWorkflows":[]},"_links":{"self":[{"href":"https:\/\/www3.unicentro.br\/vestibular\/wp-json\/wp\/v2\/pages\/809","targetHints":{"allow":["GET"]}}],"collection":[{"href":"https:\/\/www3.unicentro.br\/vestibular\/wp-json\/wp\/v2\/pages"}],"about":[{"href":"https:\/\/www3.unicentro.br\/vestibular\/wp-json\/wp\/v2\/types\/page"}],"author":[{"embeddable":true,"href":"https:\/\/www3.unicentro.br\/vestibular\/wp-json\/wp\/v2\/users\/3"}],"replies":[{"embeddable":true,"href":"https:\/\/www3.unicentro.br\/vestibular\/wp-json\/wp\/v2\/comments?post=809"}],"version-history":[{"count":0,"href":"https:\/\/www3.unicentro.br\/vestibular\/wp-json\/wp\/v2\/pages\/809\/revisions"}],"up":[{"embeddable":true,"href":"https:\/\/www3.unicentro.br\/vestibular\/wp-json\/wp\/v2\/pages\/33"}],"wp:attachment":[{"href":"https:\/\/www3.unicentro.br\/vestibular\/wp-json\/wp\/v2\/media?parent=809"}],"curies":[{"name":"wp","href":"https:\/\/api.w.org\/{rel}","templated":true}]}}