{"id":70,"date":"2018-05-21T14:59:12","date_gmt":"2018-05-21T17:59:12","guid":{"rendered":"https:\/\/www3.unicentro.br\/vestibular\/?page_id=70"},"modified":"2021-08-01T21:07:35","modified_gmt":"2021-08-02T00:07:35","slug":"home","status":"publish","type":"page","link":"https:\/\/www3.unicentro.br\/vestibular\/home\/","title":{"rendered":"In\u00edcio"},"content":{"rendered":"<div class=\"wpb-content-wrapper\"><p>[vc_row u_row_style=&#8221;0&#8243; u_row_paralax=&#8221;0&#8243; u_row_scheme=&#8221;0&#8243;][vc_column][rev_slider_vc alias=&#8221;vestibular-geral&#8221;][\/vc_column][\/vc_row][vc_row full_width=&#8221;stretch_row&#8221; equal_height=&#8221;yes&#8221; u_row_style=&#8221;0&#8243; u_row_paralax=&#8221;0&#8243; u_row_scheme=&#8221;0&#8243; el_class=&#8221;linha-categorias&#8221;][vc_column width=&#8221;1\/5&#8243; css=&#8221;.vc_custom_1527000835761{padding-right: 0px !important;padding-left: 0px !important;background-image: url(https:\/\/www3.unicentro.br\/vestibular\/wp-content\/uploads\/sites\/30\/2018\/05\/img-vestibular-home.jpg?id=83) !important;background-position: center !important;background-repeat: no-repeat !important;background-size: cover !important;}&#8221;][vc_btn title=&#8221;Vestibular&#8221; style=&#8221;flat&#8221; shape=&#8221;square&#8221; color=&#8221;danger&#8221; size=&#8221;sm&#8221; align=&#8221;right&#8221; i_align=&#8221;right&#8221; i_icon_fontawesome=&#8221;fa fa-caret-right&#8221; button_block=&#8221;true&#8221; add_icon=&#8221;true&#8221; link=&#8221;url:https%3A%2F%2Fwww3.unicentro.br%2Fvestibular%2Funicentro%2F|||&#8221; el_class=&#8221;barra-botao botao1&#8243;][\/vc_column][vc_column width=&#8221;1\/5&#8243; css=&#8221;.vc_custom_1527000877548{padding-right: 0px !important;padding-left: 0px !important;background-image: url(https:\/\/www3.unicentro.br\/vestibular\/wp-content\/uploads\/sites\/30\/2018\/05\/img-pac-home.jpg?id=88) !important;background-position: center !important;background-repeat: no-repeat !important;background-size: cover !important;}&#8221;][vc_btn title=&#8221;PAC&#8221; style=&#8221;flat&#8221; shape=&#8221;square&#8221; color=&#8221;sandy-brown&#8221; size=&#8221;sm&#8221; align=&#8221;right&#8221; i_align=&#8221;right&#8221; i_icon_fontawesome=&#8221;fa fa-caret-right&#8221; button_block=&#8221;true&#8221; add_icon=&#8221;true&#8221; link=&#8221;url:https%3A%2F%2Fwww3.unicentro.br%2Fvestibular%2Fpac%2F|||&#8221; el_class=&#8221;barra-botao botao2&#8243;][\/vc_column][vc_column width=&#8221;1\/5&#8243; css=&#8221;.vc_custom_1527008557340{padding-right: 0px !important;padding-left: 0px !important;background-image: url(https:\/\/www3.unicentro.br\/vestibular\/wp-content\/uploads\/sites\/30\/2018\/05\/img-ead-home.jpg?id=91) !important;background-position: center !important;background-repeat: no-repeat !important;background-size: cover !important;}&#8221;][vc_btn title=&#8221;EaD&#8221; style=&#8221;flat&#8221; shape=&#8221;square&#8221; color=&#8221;warning&#8221; size=&#8221;sm&#8221; align=&#8221;right&#8221; i_align=&#8221;right&#8221; i_icon_fontawesome=&#8221;fa fa-caret-right&#8221; button_block=&#8221;true&#8221; add_icon=&#8221;true&#8221; link=&#8221;url:https%3A%2F%2Fwww3.unicentro.br%2Fvestibular%2Fead%2F|||&#8221; el_class=&#8221;barra-botao botao3&#8243;][\/vc_column][vc_column width=&#8221;1\/5&#8243; css=&#8221;.vc_custom_1527008621910{padding-right: 0px !important;padding-left: 0px !important;background-image: url(https:\/\/www3.unicentro.br\/vestibular\/wp-content\/uploads\/sites\/30\/2018\/05\/img-sisu-home.jpg?id=95) !important;background-position: center !important;background-repeat: no-repeat !important;background-size: cover !important;}&#8221;][vc_btn title=&#8221;Sisu&#8221; style=&#8221;flat&#8221; shape=&#8221;square&#8221; color=&#8221;orange&#8221; size=&#8221;sm&#8221; align=&#8221;right&#8221; i_align=&#8221;right&#8221; i_icon_fontawesome=&#8221;fa fa-caret-right&#8221; button_block=&#8221;true&#8221; add_icon=&#8221;true&#8221; link=&#8221;url:https%3A%2F%2Fwww3.unicentro.br%2Fvestibular%2Fsisu%2F|||&#8221; el_class=&#8221;barra-botao botao4&#8243;][\/vc_column][vc_column width=&#8221;1\/5&#8243; css=&#8221;.vc_custom_1545301518181{padding-right: 0px !important;padding-left: 0px !important;background-image: url(https:\/\/www3.unicentro.br\/vestibular\/wp-content\/uploads\/sites\/30\/2018\/12\/img-homevestibular-indigena.jpg?id=523) !important;background-position: center !important;background-repeat: no-repeat !important;background-size: cover !important;}&#8221;][vc_btn title=&#8221;Ind\u00edgena&#8221; style=&#8221;flat&#8221; shape=&#8221;square&#8221; color=&#8221;green&#8221; size=&#8221;sm&#8221; align=&#8221;right&#8221; i_align=&#8221;right&#8221; i_icon_fontawesome=&#8221;fa fa-caret-right&#8221; button_block=&#8221;true&#8221; add_icon=&#8221;true&#8221; link=&#8221;url:http%3A%2F%2Fwww3.unicentro.br%2Fvestibular%2Findigena%2F|||&#8221; el_class=&#8221;barra-botao botao4&#8243;][\/vc_column][\/vc_row][vc_row full_width=&#8221;stretch_row&#8221; u_row_style=&#8221;0&#8243; u_row_paralax=&#8221;0&#8243; u_row_scheme=&#8221;0&#8243; css=&#8221;.vc_custom_1527528131835{margin-top: 25px !important;background-image: url(https:\/\/www3.unicentro.br\/vestibular\/wp-content\/uploads\/sites\/30\/2018\/05\/anteriores-img-row.jpg?id=104) !important;background-position: center !important;background-repeat: no-repeat !important;background-size: cover !important;}&#8221;][vc_column width=&#8221;1\/2&#8243; css=&#8221;.vc_custom_1527528397450{padding-top: 20% !important;padding-right: 30% !important;padding-bottom: 20% !important;padding-left: 30% !important;}&#8221;][vc_row_inner][vc_column_inner css=&#8221;.vc_custom_1527528388585{border-top-width: 5px !important;border-right-width: 5px !important;border-bottom-width: 5px !important;border-left-width: 5px !important;border-left-color: #a8a8a8 !important;border-left-style: dotted !important;border-right-color: #a8a8a8 !important;border-right-style: dotted !important;border-top-color: #a8a8a8 !important;border-top-style: dotted !important;border-bottom-color: #a8a8a8 !important;border-bottom-style: dotted !important;border-radius: 15px !important;}&#8221;][vc_column_text css=&#8221;.vc_custom_1527528368570{margin-bottom: 0px !important;}&#8221;]<\/p>\n<p style=\"text-align: center\"><span style=\"font-family: helvetica, arial, sans-serif;font-size: 18pt\"><strong>Provas anteriores<\/strong><\/span><\/p>\n<p>[\/vc_column_text][vc_btn title=&#8221;Acesse as provas e gabaritos&#8221; style=&#8221;flat&#8221; shape=&#8221;square&#8221; color=&#8221;peacoc&#8221; size=&#8221;sm&#8221; align=&#8221;center&#8221; i_align=&#8221;right&#8221; i_icon_fontawesome=&#8221;fa fa-caret-right&#8221; add_icon=&#8221;true&#8221; link=&#8221;url:https%3A%2F%2Fwww3.unicentro.br%2Fvestibular%2Fanteriores%2F|||&#8221; css=&#8221;.vc_custom_1527528175511{margin-bottom: 10% !important;}&#8221;][\/vc_column_inner][\/vc_row_inner][\/vc_column][vc_column width=&#8221;1\/2&#8243;][\/vc_column][\/vc_row][vc_row u_row_style=&#8221;0&#8243; u_row_paralax=&#8221;0&#8243; u_row_scheme=&#8221;0&#8243; css=&#8221;.vc_custom_1527527817044{margin-top: 30px !important;margin-bottom: 0px !important;}&#8221;][vc_column][vc_row_inner css=&#8221;.vc_custom_1527527927768{margin-bottom: 5px !important;}&#8221;][vc_column_inner width=&#8221;1\/4&#8243;][\/vc_column_inner][vc_column_inner width=&#8221;1\/2&#8243; css=&#8221;.vc_custom_1527527932538{padding-top: 5px !important;padding-bottom: 5px !important;background-color: #efefef !important;border-radius: 5px !important;}&#8221;][vc_column_text css=&#8221;.vc_custom_1527527066138{margin-bottom: 0px !important;}&#8221;]<\/p>\n<p style=\"text-align: center\"><span style=\"font-family: helvetica, arial, sans-serif;font-size: 18pt;margin-bottom: -5px\"><strong>Informa\u00e7\u00f5es<br \/>\n<\/strong><\/span><em>Localiza\u00e7\u00f5es e hot\u00e9is<\/em><\/p>\n<p>[\/vc_column_text][\/vc_column_inner][vc_column_inner width=&#8221;1\/4&#8243;][\/vc_column_inner][\/vc_row_inner][\/vc_column][\/vc_row][vc_row full_width=&#8221;stretch_row&#8221; gap=&#8221;5&#8243; equal_height=&#8221;yes&#8221; u_row_style=&#8221;0&#8243; u_row_paralax=&#8221;0&#8243; u_row_scheme=&#8221;0&#8243;][vc_column width=&#8221;1\/4&#8243;][\/vc_column][vc_column width=&#8221;1\/4&#8243; css=&#8221;.vc_custom_1527527702973{background-color: #efefef !important;border-radius: 5px !important;}&#8221;][vc_icon icon_fontawesome=&#8221;fa fa-map-marker&#8221; color=&#8221;custom&#8221; background_style=&#8221;rounded&#8221; background_color=&#8221;white&#8221; size=&#8221;xl&#8221; align=&#8221;center&#8221; css_animation=&#8221;bounceInDown&#8221; custom_color=&#8221;#b70000&#8243; link=&#8221;url:https%3A%2F%2Fwww3.unicentro.br%2Fvestibular%2Fmapas%2F|||&#8221; css=&#8221;.vc_custom_1527527116886{margin-bottom: 0px !important;}&#8221;][vc_column_text]<\/p>\n<p style=\"text-align: center\"><a href=\"https:\/\/www3.unicentro.br\/vestibular\/mapas\/\"><span style=\"font-size: 14pt\"><strong><span style=\"font-family: helvetica, arial, sans-serif\">Mapas<\/span><\/strong><\/span><\/a><\/p>\n<p>[\/vc_column_text][\/vc_column][vc_column width=&#8221;1\/4&#8243; css=&#8221;.vc_custom_1527527712502{background-color: #efefef !important;border-radius: 5px !important;}&#8221;][vc_icon icon_fontawesome=&#8221;fa fa-bed&#8221; color=&#8221;custom&#8221; background_style=&#8221;rounded&#8221; background_color=&#8221;white&#8221; size=&#8221;xl&#8221; align=&#8221;center&#8221; css_animation=&#8221;bounceInDown&#8221; link=&#8221;url:https%3A%2F%2Fwww3.unicentro.br%2Fvestibular%2Fhoteis%2F|||&#8221; css=&#8221;.vc_custom_1527527772212{margin-bottom: 0px !important;}&#8221; custom_color=&#8221;#ea8c00&#8243;][vc_column_text]<\/p>\n<p style=\"text-align: center\"><a href=\"https:\/\/www3.unicentro.br\/vestibular\/hoteis\/\"><span style=\"font-size: 14pt\"><strong><span style=\"font-family: helvetica, arial, sans-serif\">Hot\u00e9is<\/span><\/strong><\/span><\/a><\/p>\n<p>[\/vc_column_text][\/vc_column][vc_column width=&#8221;1\/4&#8243;][\/vc_column][\/vc_row][vc_row][vc_column width=&#8221;1\/3&#8243;][\/vc_column][vc_column width=&#8221;1\/3&#8243;][\/vc_column][vc_column width=&#8221;1\/3&#8243;][\/vc_column][\/vc_row][vc_row][vc_column][\/vc_column][\/vc_row]<\/p>\n<\/div>","protected":false},"excerpt":{"rendered":"<p>[vc_row u_row_style=&#8221;0&#8243; u_row_paralax=&#8221;0&#8243; u_row_scheme=&#8221;0&#8243;][vc_column][rev_slider_vc alias=&#8221;vestibular-geral&#8221;][\/vc_column][\/vc_row][vc_row full_width=&#8221;stretch_row&#8221; equal_height=&#8221;yes&#8221; u_row_style=&#8221;0&#8243; u_row_paralax=&#8221;0&#8243; u_row_scheme=&#8221;0&#8243; el_class=&#8221;linha-categorias&#8221;][vc_column width=&#8221;1\/5&#8243; css=&#8221;.vc_custom_1527000835761{padding-right: 0px !important;padding-left: 0px !important;background-image: url(https:\/\/www3.unicentro.br\/vestibular\/wp-content\/uploads\/sites\/30\/2018\/05\/img-vestibular-home.jpg?id=83) !important;background-position: center !important;background-repeat: no-repeat !important;background-size: cover !important;}&#8221;][vc_btn title=&#8221;Vestibular&#8221; style=&#8221;flat&#8221; shape=&#8221;square&#8221; color=&#8221;danger&#8221; size=&#8221;sm&#8221; align=&#8221;right&#8221; i_align=&#8221;right&#8221; i_icon_fontawesome=&#8221;fa fa-caret-right&#8221; button_block=&#8221;true&#8221; add_icon=&#8221;true&#8221; link=&#8221;url:https%3A%2F%2Fwww3.unicentro.br%2Fvestibular%2Funicentro%2F|||&#8221; el_class=&#8221;barra-botao botao1&#8243;][\/vc_column][vc_column width=&#8221;1\/5&#8243; css=&#8221;.vc_custom_1527000877548{padding-right: 0px !important;padding-left: 0px !important;background-image: url(https:\/\/www3.unicentro.br\/vestibular\/wp-content\/uploads\/sites\/30\/2018\/05\/img-pac-home.jpg?id=88) !important;background-position: center !important;background-repeat: no-repeat !important;background-size: cover !important;}&#8221;][vc_btn title=&#8221;PAC&#8221; style=&#8221;flat&#8221; [&hellip;]<\/p>\n","protected":false},"author":3,"featured_media":0,"parent":0,"menu_order":0,"comment_status":"closed","ping_status":"closed","template":"page-templates\/front-page.php","meta":{"_exactmetrics_skip_tracking":false,"_exactmetrics_sitenote_active":false,"_exactmetrics_sitenote_note":"","_exactmetrics_sitenote_category":0,"footnotes":"","_links_to":"","_links_to_target":""},"class_list":["post-70","page","type-page","status-publish","hentry"],"publishpress_future_action":{"enabled":false,"date":"2026-04-19 10:56:03","action":"change-status","newStatus":"draft","terms":[],"taxonomy":"","extraData":[]},"publishpress_future_workflow_manual_trigger":{"enabledWorkflows":[]},"_links":{"self":[{"href":"https:\/\/www3.unicentro.br\/vestibular\/wp-json\/wp\/v2\/pages\/70","targetHints":{"allow":["GET"]}}],"collection":[{"href":"https:\/\/www3.unicentro.br\/vestibular\/wp-json\/wp\/v2\/pages"}],"about":[{"href":"https:\/\/www3.unicentro.br\/vestibular\/wp-json\/wp\/v2\/types\/page"}],"author":[{"embeddable":true,"href":"https:\/\/www3.unicentro.br\/vestibular\/wp-json\/wp\/v2\/users\/3"}],"replies":[{"embeddable":true,"href":"https:\/\/www3.unicentro.br\/vestibular\/wp-json\/wp\/v2\/comments?post=70"}],"version-history":[{"count":0,"href":"https:\/\/www3.unicentro.br\/vestibular\/wp-json\/wp\/v2\/pages\/70\/revisions"}],"wp:attachment":[{"href":"https:\/\/www3.unicentro.br\/vestibular\/wp-json\/wp\/v2\/media?parent=70"}],"curies":[{"name":"wp","href":"https:\/\/api.w.org\/{rel}","templated":true}]}}