{"id":504,"date":"2018-12-19T16:48:44","date_gmt":"2018-12-19T18:48:44","guid":{"rendered":"https:\/\/www3.unicentro.br\/vestibular\/?page_id=504"},"modified":"2022-11-11T13:11:47","modified_gmt":"2022-11-11T16:11:47","slug":"provas","status":"publish","type":"page","link":"https:\/\/www3.unicentro.br\/vestibular\/indigena\/provas\/","title":{"rendered":"Provas"},"content":{"rendered":"<div class=\"wpb-content-wrapper\"><p>[vc_row][vc_column][vc_column_text]<\/p>\n<table width=\"643\" cellspacing=\"0\" cellpadding=\"1\">\n<tbody>\n<tr>\n<td colspan=\"4\" bgcolor=\"#dcdcdc\" width=\"639\" height=\"23\">\n<p class=\"western\" align=\"center\"><span style=\"font-size: small\"><b>Dia 07\/05\/2023 (Domingo) &#8211; Prova Oral<\/b><\/span><\/p>\n<\/td>\n<\/tr>\n<tr>\n<td width=\"91\" height=\"32\">\n<p class=\"western\" align=\"center\"><span style=\"font-size: small\"><b>Hor\u00e1rio<\/b><\/span><\/p>\n<\/td>\n<td width=\"331\">\n<p class=\"western\" align=\"center\"><span style=\"font-size: small\"><b>Prova<\/b><\/span><\/p>\n<\/td>\n<td colspan=\"2\" width=\"213\">\n<p class=\"western\" align=\"center\"><span style=\"font-size: small\"><b>Tipo de Quest\u00e3o<\/b><\/span><\/p>\n<\/td>\n<\/tr>\n<tr>\n<td width=\"91\" height=\"52\">\n<p class=\"western\" align=\"center\"><span style=\"font-size: small\">8h \u00e0s 12h<\/span><\/p>\n<p class=\"western\" align=\"center\"><span style=\"font-size: small\">13h \u00e0s 18h<\/span><\/p>\n<\/td>\n<td width=\"331\">\n<p class=\"western\" align=\"center\"><span style=\"font-size: small\">L\u00edngua Portuguesa<\/span><\/p>\n<\/td>\n<td colspan=\"2\" width=\"213\">\n<p class=\"western\" align=\"center\"><span style=\"font-size: small\">Oral<\/span><\/p>\n<\/td>\n<\/tr>\n<\/tbody>\n<\/table>\n<p>[\/vc_column_text][vc_column_text]<\/p>\n<table width=\"643\" cellspacing=\"0\" cellpadding=\"1\">\n<tbody>\n<tr style=\"background-color: #ababab\">\n<td colspan=\"4\" bgcolor=\"#dcdcdc\" width=\"639\" height=\"22\">\n<p class=\"western\" align=\"center\"><span style=\"font-size: small\"><b>Dia 08\/05\/2023 (Segunda-feira) &#8211; Prova de Conhecimentos Gerais e Reda\u00e7\u00e3o<\/b><\/span><\/p>\n<\/td>\n<\/tr>\n<tr>\n<td width=\"91\" height=\"14\">\n<p class=\"western\" align=\"center\"><span style=\"font-size: small\"><b>Hor\u00e1rio<\/b><\/span><\/p>\n<\/td>\n<td width=\"331\">\n<p class=\"western\" align=\"center\"><span style=\"font-size: small\"><b>Prova<\/b><\/span><\/p>\n<\/td>\n<td width=\"96\">\n<p class=\"western\" align=\"center\"><span style=\"font-size: small\"><b>Quantidade<\/b><\/span><\/p>\n<p class=\"western\" align=\"center\"><span style=\"font-size: small\"><b>de quest\u00f5es<\/b><\/span><\/p>\n<\/td>\n<td width=\"115\">\n<p class=\"western\" align=\"center\"><span style=\"font-size: small\"><b>Tipo de Quest\u00e3o<\/b><\/span><\/p>\n<\/td>\n<\/tr>\n<tr>\n<td rowspan=\"9\" width=\"91\" height=\"30\">\n<p class=\"western\" align=\"center\"><span style=\"font-size: small\">13h \u00e0s 18h<\/span><\/p>\n<\/td>\n<td width=\"331\">\n<p class=\"western\"><span style=\"font-size: small\">L\u00edngua Portuguesa \u2013 Reda\u00e7\u00e3o<\/span><\/p>\n<\/td>\n<td width=\"96\">\n<p class=\"western\" align=\"center\"><span style=\"font-size: small\">1<\/span><\/p>\n<\/td>\n<td width=\"115\">\n<p class=\"western\" align=\"center\"><span style=\"font-size: small\">Discursiva<\/span><\/p>\n<\/td>\n<\/tr>\n<tr>\n<td width=\"331\">\n<p class=\"western\"><span style=\"font-size: small\">L\u00edngua Portuguesa \u2013 Interpreta\u00e7\u00e3o de Textos<\/span><\/p>\n<\/td>\n<td width=\"96\">\n<p class=\"western\" align=\"center\"><span style=\"font-size: small\">5<\/span><\/p>\n<\/td>\n<td width=\"115\">\n<p class=\"western\" align=\"center\"><span style=\"font-size: small\">Objetiva<\/span><\/p>\n<\/td>\n<\/tr>\n<tr>\n<td width=\"331\">\n<p class=\"western\"><span style=\"font-size: small\">L\u00edngua Estrangeira Moderna (Ingl\u00eas ou Espanhol) ou L\u00edngua Ind\u00edgena (Guarani ou Kaingang)<\/span><\/p>\n<\/td>\n<td width=\"96\">\n<p class=\"western\" align=\"center\"><span style=\"font-size: small\">5<\/span><\/p>\n<\/td>\n<td width=\"115\">\n<p class=\"western\" align=\"center\"><span style=\"font-size: small\">Objetiva<\/span><\/p>\n<\/td>\n<\/tr>\n<tr>\n<td width=\"331\">\n<p class=\"western\"><span style=\"font-size: small\">Biologia<\/span><\/p>\n<\/td>\n<td width=\"96\">\n<p class=\"western\" align=\"center\"><span style=\"font-size: small\">5<\/span><\/p>\n<\/td>\n<td width=\"115\">\n<p class=\"western\" align=\"center\"><span style=\"font-size: small\">Objetiva<\/span><\/p>\n<\/td>\n<\/tr>\n<tr>\n<td width=\"331\">\n<p class=\"western\"><span style=\"font-size: small\">F\u00edsica<\/span><\/p>\n<\/td>\n<td width=\"96\">\n<p class=\"western\" align=\"center\"><span style=\"font-size: small\">5<\/span><\/p>\n<\/td>\n<td width=\"115\">\n<p class=\"western\" align=\"center\"><span style=\"font-size: small\">Objetiva<\/span><\/p>\n<\/td>\n<\/tr>\n<tr>\n<td width=\"331\">\n<p class=\"western\"><span style=\"font-size: small\">Geografia<\/span><\/p>\n<\/td>\n<td width=\"96\">\n<p class=\"western\" align=\"center\"><span style=\"font-size: small\">5<\/span><\/p>\n<\/td>\n<td width=\"115\">\n<p class=\"western\" align=\"center\"><span style=\"font-size: small\">Objetiva<\/span><\/p>\n<\/td>\n<\/tr>\n<tr>\n<td width=\"331\">\n<p class=\"western\"><span style=\"font-size: small\">Hist\u00f3ria<\/span><\/p>\n<\/td>\n<td width=\"96\">\n<p class=\"western\" align=\"center\"><span style=\"font-size: small\">5<\/span><\/p>\n<\/td>\n<td width=\"115\">\n<p class=\"western\" align=\"center\"><span style=\"font-size: small\">Objetiva<\/span><\/p>\n<\/td>\n<\/tr>\n<tr>\n<td width=\"331\">\n<p class=\"western\"><span style=\"font-size: small\">Matem\u00e1tica<\/span><\/p>\n<\/td>\n<td width=\"96\">\n<p class=\"western\" align=\"center\"><span style=\"font-size: small\">5<\/span><\/p>\n<\/td>\n<td width=\"115\">\n<p class=\"western\" align=\"center\"><span style=\"font-size: small\">Objetiva<\/span><\/p>\n<\/td>\n<\/tr>\n<tr>\n<td width=\"331\">\n<p class=\"western\"><span style=\"font-size: small\">Qu\u00edmica<\/span><\/p>\n<\/td>\n<td width=\"96\">\n<p class=\"western\" align=\"center\"><span style=\"font-size: small\">5<\/span><\/p>\n<\/td>\n<td width=\"115\">\n<p class=\"western\" align=\"center\"><span style=\"font-size: small\">Objetiva<\/span><\/p>\n<\/td>\n<\/tr>\n<\/tbody>\n<\/table>\n<p>[\/vc_column_text][\/vc_column][\/vc_row]<\/p>\n<\/div>","protected":false},"excerpt":{"rendered":"<p>[vc_row][vc_column][vc_column_text] Dia 07\/05\/2023 (Domingo) &#8211; Prova Oral Hor\u00e1rio Prova Tipo de Quest\u00e3o 8h \u00e0s 12h 13h \u00e0s 18h L\u00edngua Portuguesa Oral [\/vc_column_text][vc_column_text] Dia 08\/05\/2023 (Segunda-feira) &#8211; Prova de Conhecimentos Gerais e Reda\u00e7\u00e3o Hor\u00e1rio Prova Quantidade de quest\u00f5es Tipo de Quest\u00e3o 13h \u00e0s 18h L\u00edngua Portuguesa \u2013 Reda\u00e7\u00e3o 1 Discursiva L\u00edngua Portuguesa \u2013 Interpreta\u00e7\u00e3o de Textos [&hellip;]<\/p>\n","protected":false},"author":3,"featured_media":0,"parent":33,"menu_order":0,"comment_status":"closed","ping_status":"closed","template":"","meta":{"_exactmetrics_skip_tracking":false,"_exactmetrics_sitenote_active":false,"_exactmetrics_sitenote_note":"","_exactmetrics_sitenote_category":0,"footnotes":"","_links_to":"","_links_to_target":""},"class_list":["post-504","page","type-page","status-publish","hentry"],"publishpress_future_action":{"enabled":false,"date":"2026-04-13 04:53:30","action":"change-status","newStatus":"draft","terms":[],"taxonomy":"","extraData":[]},"publishpress_future_workflow_manual_trigger":{"enabledWorkflows":[]},"_links":{"self":[{"href":"https:\/\/www3.unicentro.br\/vestibular\/wp-json\/wp\/v2\/pages\/504","targetHints":{"allow":["GET"]}}],"collection":[{"href":"https:\/\/www3.unicentro.br\/vestibular\/wp-json\/wp\/v2\/pages"}],"about":[{"href":"https:\/\/www3.unicentro.br\/vestibular\/wp-json\/wp\/v2\/types\/page"}],"author":[{"embeddable":true,"href":"https:\/\/www3.unicentro.br\/vestibular\/wp-json\/wp\/v2\/users\/3"}],"replies":[{"embeddable":true,"href":"https:\/\/www3.unicentro.br\/vestibular\/wp-json\/wp\/v2\/comments?post=504"}],"version-history":[{"count":0,"href":"https:\/\/www3.unicentro.br\/vestibular\/wp-json\/wp\/v2\/pages\/504\/revisions"}],"up":[{"embeddable":true,"href":"https:\/\/www3.unicentro.br\/vestibular\/wp-json\/wp\/v2\/pages\/33"}],"wp:attachment":[{"href":"https:\/\/www3.unicentro.br\/vestibular\/wp-json\/wp\/v2\/media?parent=504"}],"curies":[{"name":"wp","href":"https:\/\/api.w.org\/{rel}","templated":true}]}}