{"id":4648,"date":"2026-02-20T16:02:16","date_gmt":"2026-02-20T19:02:16","guid":{"rendered":"https:\/\/www3.unicentro.br\/vestibular\/?page_id=4648"},"modified":"2026-02-20T16:16:21","modified_gmt":"2026-02-20T19:16:21","slug":"cotas-pcd","status":"publish","type":"page","link":"https:\/\/www3.unicentro.br\/vestibular\/ead\/cotas\/cotas-pcd\/","title":{"rendered":"Cotas PcD"},"content":{"rendered":"<div class=\"wpb-content-wrapper\"><p>[vc_row][vc_column offset=&#8221;vc_hidden-lg vc_hidden-md vc_hidden-sm&#8221;][vc_wp_custommenu title=&#8221;EaD&#8221; nav_menu=&#8221;49&#8243; el_class=&#8221;menu-mob&#8221;][\/vc_column][\/vc_row][vc_row][vc_column][vc_column_text css=&#8221;&#8221;]De acordo com a Lei n\u00ba 13.146\/2015, pessoa com defici\u00eancia (PcD) \u00e9 aquela que tem impedimento de longo prazo de natureza f\u00edsica, mental, intelectual ou sensorial, o qual, em intera\u00e7\u00e3o com uma ou mais barreiras, pode obstruir sua participa\u00e7\u00e3o plena e efetiva na sociedade em igualdade de condi\u00e7\u00f5es com as demais pessoas.<\/p>\n<p>Consulte o Manual do Candidato para conhecer as defici\u00eancias com direito \u00e0s vagas.<br \/>\nOs candidatos classificados nas vagas para pessoas com defici\u00eancia, apresentam, em prazo divulgado pela PROEN, laudo m\u00e9dico que ateste a esp\u00e9cie e o grau ou o n\u00edvel de defici\u00eancia, em que conste:<\/p>\n<ol style=\"list-style-type: upper-roman\">\n<li>nome completo e n\u00famero do documento de identifica\u00e7\u00e3o do candidato;<\/li>\n<li>o c\u00f3digo correspondente \u00e0 Classifica\u00e7\u00e3o Internacional da Doen\u00e7a, CID;<\/li>\n<li>a assinatura e o carimbo contendo o n\u00famero do Conselho Regional de Medicina, CRM do m\u00e9dico respons\u00e1vel por sua emiss\u00e3o, ou, em caso de documento digital, assinatura eletr\u00f4nica gerada por certificado ICP-Brasil ou GOV.BR.<\/li>\n<\/ol>\n<p>Os documentos apresentados pelos candidatos \u00e0s vagas reservadas a pessoas com defici\u00eancia s\u00e3o analisados por uma comiss\u00e3o da \u00e1rea de Sa\u00fade, designada pela Reitoria para essa finalidade.<br \/>\nEm caso de n\u00e3o homologa\u00e7\u00e3o do laudo m\u00e9dico pela Comiss\u00e3o, o candidato \u00e9 impedido de realizar matr\u00edcula, se convocado para ocupar vaga reservada a pessoa com defici\u00eancia, sendo desclassificado dessa categoria.<\/p>\n<p>Os candidatos, inscritos no vestibular e n\u00e3o-eliminados no processo de sele\u00e7\u00e3o, s\u00e3o classificados em uma lista \u00fanica.<br \/>\nA convoca\u00e7\u00e3o para o preenchimento das vagas do Vestibular ocorre na seguinte ordem:<\/p>\n<ol style=\"list-style-type: upper-roman\">\n<li>candidatos que obtiverem o melhor desempenho na lista da ampla concorr\u00eancia, at\u00e9 o limite de vagas previstas para essa categoria;<\/li>\n<li>candidatos que obtiverem o melhor desempenho dentre os que optaram pelo Sistema de Cotas Sociais, at\u00e9 o limite definido, exceto os convocados no inciso I;<\/li>\n<li>candidatos que obtiverem o melhor desempenho dentre os que optaram pelo Sistema de Cotas Raciais, oriundos de institui\u00e7\u00f5es p\u00fablicas de ensino, at\u00e9 o limite definido, exceto os convocados nos incisos I e II;<\/li>\n<li>candidatos que obtiverem o melhor desempenho dentre os que optaram pelo Sistema de Cotas Raciais, de qualquer percurso de forma\u00e7\u00e3o, at\u00e9 o limite definido, exceto os convocados nos incisos I, II e III;<\/li>\n<li>candidatos que obtiverem o melhor desempenho dentre os que optaram pelo Sistema PcD, at\u00e9 o limite definido, exceto os convocados nos incisos I, II, III e IV.<\/li>\n<\/ol>\n<p>N\u00e3o t\u00eam direito \u00e0 reserva de vagas para pessoas com defici\u00eancia\u00a0 candidatos que j\u00e1 tenham conclu\u00eddo curso superior.[\/vc_column_text][\/vc_column][\/vc_row]<\/p>\n<\/div>","protected":false},"excerpt":{"rendered":"<p>[vc_row][vc_column offset=&#8221;vc_hidden-lg vc_hidden-md vc_hidden-sm&#8221;][vc_wp_custommenu title=&#8221;EaD&#8221; nav_menu=&#8221;49&#8243; el_class=&#8221;menu-mob&#8221;][\/vc_column][\/vc_row][vc_row][vc_column][vc_column_text css=&#8221;&#8221;]De acordo com a Lei n\u00ba 13.146\/2015, pessoa com defici\u00eancia (PcD) \u00e9 aquela que tem impedimento de longo prazo de natureza f\u00edsica, mental, intelectual ou sensorial, o qual, em intera\u00e7\u00e3o com uma ou mais barreiras, pode obstruir sua participa\u00e7\u00e3o plena e efetiva na sociedade em igualdade de condi\u00e7\u00f5es [&hellip;]<\/p>\n","protected":false},"author":3,"featured_media":0,"parent":4642,"menu_order":0,"comment_status":"closed","ping_status":"closed","template":"","meta":{"_exactmetrics_skip_tracking":false,"_exactmetrics_sitenote_active":false,"_exactmetrics_sitenote_note":"","_exactmetrics_sitenote_category":0,"footnotes":"","_links_to":"","_links_to_target":""},"class_list":["post-4648","page","type-page","status-publish","hentry"],"publishpress_future_action":{"enabled":false,"date":"2026-04-13 08:08:44","action":"change-status","newStatus":"draft","terms":[],"taxonomy":"","extraData":[]},"publishpress_future_workflow_manual_trigger":{"enabledWorkflows":[]},"_links":{"self":[{"href":"https:\/\/www3.unicentro.br\/vestibular\/wp-json\/wp\/v2\/pages\/4648","targetHints":{"allow":["GET"]}}],"collection":[{"href":"https:\/\/www3.unicentro.br\/vestibular\/wp-json\/wp\/v2\/pages"}],"about":[{"href":"https:\/\/www3.unicentro.br\/vestibular\/wp-json\/wp\/v2\/types\/page"}],"author":[{"embeddable":true,"href":"https:\/\/www3.unicentro.br\/vestibular\/wp-json\/wp\/v2\/users\/3"}],"replies":[{"embeddable":true,"href":"https:\/\/www3.unicentro.br\/vestibular\/wp-json\/wp\/v2\/comments?post=4648"}],"version-history":[{"count":1,"href":"https:\/\/www3.unicentro.br\/vestibular\/wp-json\/wp\/v2\/pages\/4648\/revisions"}],"predecessor-version":[{"id":4679,"href":"https:\/\/www3.unicentro.br\/vestibular\/wp-json\/wp\/v2\/pages\/4648\/revisions\/4679"}],"up":[{"embeddable":true,"href":"https:\/\/www3.unicentro.br\/vestibular\/wp-json\/wp\/v2\/pages\/4642"}],"wp:attachment":[{"href":"https:\/\/www3.unicentro.br\/vestibular\/wp-json\/wp\/v2\/media?parent=4648"}],"curies":[{"name":"wp","href":"https:\/\/api.w.org\/{rel}","templated":true}]}}