{"id":4636,"date":"2026-02-20T15:55:29","date_gmt":"2026-02-20T18:55:29","guid":{"rendered":"https:\/\/www3.unicentro.br\/vestibular\/?page_id=4636"},"modified":"2026-02-20T16:16:51","modified_gmt":"2026-02-20T19:16:51","slug":"polos-e-vagas","status":"publish","type":"page","link":"https:\/\/www3.unicentro.br\/vestibular\/ead\/polos-e-vagas\/","title":{"rendered":"Polos e Vagas"},"content":{"rendered":"<div class=\"wpb-content-wrapper\"><p>[vc_row][vc_column offset=&#8221;vc_hidden-lg vc_hidden-md vc_hidden-sm&#8221;][vc_wp_custommenu title=&#8221;EaD&#8221; nav_menu=&#8221;49&#8243; el_class=&#8221;menu-mob&#8221;][\/vc_column][\/vc_row][vc_row][vc_column][vc_column_text css=&#8221;&#8221;]<\/p>\n<table class=\" aligncenter\" style=\"width: 100%\" width=\"100%\">\n<tfoot>\n<tr>\n<td width=\"117\"><strong>TOTAL<\/strong><\/td>\n<td width=\"67\"><strong>100<\/strong><\/td>\n<td width=\"92\"><strong>54<\/strong><\/td>\n<td width=\"92\"><strong>20<\/strong><\/td>\n<td width=\"92\"><strong>6<\/strong><\/td>\n<td width=\"92\"><strong>11<\/strong><\/td>\n<td width=\"92\"><strong>9<\/strong><\/td>\n<\/tr>\n<\/tfoot>\n<thead>\n<tr>\n<td width=\"117\"><strong>POLO<\/strong><\/td>\n<td width=\"67\"><strong>VAGAS<\/strong><\/p>\n<p><strong>TOTAIS<\/strong><\/td>\n<td width=\"92\"><strong>UNIVERSAIS<\/strong><\/td>\n<td width=\"92\"><strong>ESCOLA P\u00daBLICA<\/strong><\/td>\n<td width=\"92\"><strong>PcD<\/strong><\/td>\n<td width=\"92\"><strong>NEGRO ESCOLA P\u00daBLICA<\/strong><\/td>\n<td width=\"92\"><strong>NEGRO<\/strong><\/td>\n<\/tr>\n<\/thead>\n<tbody>\n<tr>\n<td width=\"117\">Curitiba<\/td>\n<td width=\"67\">20<\/td>\n<td width=\"92\">11<\/td>\n<td width=\"92\">4<\/td>\n<td width=\"92\">1<\/td>\n<td width=\"92\">2<\/td>\n<td width=\"92\">2<\/td>\n<\/tr>\n<tr>\n<td width=\"117\">Guarapuava<\/td>\n<td width=\"67\">20<\/td>\n<td width=\"92\">11<\/td>\n<td width=\"92\">4<\/td>\n<td width=\"92\">1<\/td>\n<td width=\"92\">2<\/td>\n<td width=\"92\">2<\/td>\n<\/tr>\n<tr>\n<td width=\"117\">Ivaipor\u00e3<\/td>\n<td width=\"67\">15<\/td>\n<td width=\"92\">8<\/td>\n<td width=\"92\">3<\/td>\n<td width=\"92\">1<\/td>\n<td width=\"92\">2<\/td>\n<td width=\"92\">1<\/td>\n<\/tr>\n<tr>\n<td width=\"117\">Laranjeiras do Sul<\/td>\n<td width=\"67\">10<\/td>\n<td width=\"92\">5<\/td>\n<td width=\"92\">2<\/td>\n<td width=\"92\">1<\/td>\n<td width=\"92\">1<\/td>\n<td width=\"92\">1<\/td>\n<\/tr>\n<tr>\n<td width=\"117\">Pato Branco<\/td>\n<td width=\"67\">20<\/td>\n<td width=\"92\">11<\/td>\n<td width=\"92\">4<\/td>\n<td width=\"92\">1<\/td>\n<td width=\"92\">2<\/td>\n<td width=\"92\">2<\/td>\n<\/tr>\n<tr>\n<td width=\"117\">Prudent\u00f3polis<\/td>\n<td width=\"67\">15<\/td>\n<td width=\"92\">8<\/td>\n<td width=\"92\">3<\/td>\n<td width=\"92\">1<\/td>\n<td width=\"92\">2<\/td>\n<td width=\"92\">1<\/td>\n<\/tr>\n<\/tbody>\n<\/table>\n<p>[\/vc_column_text][\/vc_column][\/vc_row]<\/p>\n<\/div>","protected":false},"excerpt":{"rendered":"<p>[vc_row][vc_column offset=&#8221;vc_hidden-lg vc_hidden-md vc_hidden-sm&#8221;][vc_wp_custommenu title=&#8221;EaD&#8221; nav_menu=&#8221;49&#8243; el_class=&#8221;menu-mob&#8221;][\/vc_column][\/vc_row][vc_row][vc_column][vc_column_text css=&#8221;&#8221;] TOTAL 100 54 20 6 11 9 POLO VAGAS TOTAIS UNIVERSAIS ESCOLA P\u00daBLICA PcD NEGRO ESCOLA P\u00daBLICA NEGRO Curitiba 20 11 4 1 2 2 Guarapuava 20 11 4 1 2 2 Ivaipor\u00e3 15 8 3 1 2 1 Laranjeiras do Sul 10 5 2 1 1 [&hellip;]<\/p>\n","protected":false},"author":3,"featured_media":0,"parent":31,"menu_order":0,"comment_status":"closed","ping_status":"closed","template":"","meta":{"_exactmetrics_skip_tracking":false,"_exactmetrics_sitenote_active":false,"_exactmetrics_sitenote_note":"","_exactmetrics_sitenote_category":0,"footnotes":"","_links_to":"","_links_to_target":""},"class_list":["post-4636","page","type-page","status-publish","hentry"],"publishpress_future_action":{"enabled":false,"date":"2026-05-04 05:36:04","action":"change-status","newStatus":"draft","terms":[],"taxonomy":"","extraData":[]},"publishpress_future_workflow_manual_trigger":{"enabledWorkflows":[]},"_links":{"self":[{"href":"https:\/\/www3.unicentro.br\/vestibular\/wp-json\/wp\/v2\/pages\/4636","targetHints":{"allow":["GET"]}}],"collection":[{"href":"https:\/\/www3.unicentro.br\/vestibular\/wp-json\/wp\/v2\/pages"}],"about":[{"href":"https:\/\/www3.unicentro.br\/vestibular\/wp-json\/wp\/v2\/types\/page"}],"author":[{"embeddable":true,"href":"https:\/\/www3.unicentro.br\/vestibular\/wp-json\/wp\/v2\/users\/3"}],"replies":[{"embeddable":true,"href":"https:\/\/www3.unicentro.br\/vestibular\/wp-json\/wp\/v2\/comments?post=4636"}],"version-history":[{"count":1,"href":"https:\/\/www3.unicentro.br\/vestibular\/wp-json\/wp\/v2\/pages\/4636\/revisions"}],"predecessor-version":[{"id":4684,"href":"https:\/\/www3.unicentro.br\/vestibular\/wp-json\/wp\/v2\/pages\/4636\/revisions\/4684"}],"up":[{"embeddable":true,"href":"https:\/\/www3.unicentro.br\/vestibular\/wp-json\/wp\/v2\/pages\/31"}],"wp:attachment":[{"href":"https:\/\/www3.unicentro.br\/vestibular\/wp-json\/wp\/v2\/media?parent=4636"}],"curies":[{"name":"wp","href":"https:\/\/api.w.org\/{rel}","templated":true}]}}