{"id":4634,"date":"2026-02-20T15:54:27","date_gmt":"2026-02-20T18:54:27","guid":{"rendered":"https:\/\/www3.unicentro.br\/vestibular\/?page_id=4634"},"modified":"2026-02-20T16:16:39","modified_gmt":"2026-02-20T19:16:39","slug":"cronograma","status":"publish","type":"page","link":"https:\/\/www3.unicentro.br\/vestibular\/ead\/cronograma\/","title":{"rendered":"Cronograma"},"content":{"rendered":"<div class=\"wpb-content-wrapper\"><p>[vc_row][vc_column offset=&#8221;vc_hidden-lg vc_hidden-md vc_hidden-sm&#8221;][vc_wp_custommenu title=&#8221;EaD&#8221; nav_menu=&#8221;49&#8243; el_class=&#8221;menu-mob&#8221;][\/vc_column][\/vc_row][vc_row][vc_column][vc_column_text]<\/p>\n<table class=\" aligncenter\" style=\"width: 80%\" width=\"80%\">\n<thead>\n<tr>\n<td style=\"text-align: center\" width=\"404\"><strong>EVENTO<\/strong><\/td>\n<td style=\"text-align: center\" width=\"239\"><strong>PER\u00cdODO<\/strong><\/td>\n<\/tr>\n<\/thead>\n<tbody>\n<tr>\n<td style=\"text-align: center\" width=\"404\">Inscri\u00e7\u00f5es<\/td>\n<td style=\"text-align: center\" width=\"239\">2 a 29 de mar\u00e7o<\/td>\n<\/tr>\n<tr>\n<td style=\"text-align: center\" width=\"404\">Resultado<\/td>\n<td style=\"text-align: center\" width=\"239\">10 de abril<\/td>\n<\/tr>\n<\/tbody>\n<\/table>\n<p>[\/vc_column_text][\/vc_column][\/vc_row]<\/p>\n<\/div>","protected":false},"excerpt":{"rendered":"<p>[vc_row][vc_column offset=&#8221;vc_hidden-lg vc_hidden-md vc_hidden-sm&#8221;][vc_wp_custommenu title=&#8221;EaD&#8221; nav_menu=&#8221;49&#8243; el_class=&#8221;menu-mob&#8221;][\/vc_column][\/vc_row][vc_row][vc_column][vc_column_text] EVENTO PER\u00cdODO Inscri\u00e7\u00f5es 2 a 29 de mar\u00e7o Resultado 10 de abril [\/vc_column_text][\/vc_column][\/vc_row]<\/p>\n","protected":false},"author":3,"featured_media":0,"parent":31,"menu_order":0,"comment_status":"closed","ping_status":"closed","template":"","meta":{"_exactmetrics_skip_tracking":false,"_exactmetrics_sitenote_active":false,"_exactmetrics_sitenote_note":"","_exactmetrics_sitenote_category":0,"footnotes":"","_links_to":"","_links_to_target":""},"class_list":["post-4634","page","type-page","status-publish","hentry"],"publishpress_future_action":{"enabled":false,"date":"2026-04-16 00:44:46","action":"change-status","newStatus":"draft","terms":[],"taxonomy":"","extraData":[]},"publishpress_future_workflow_manual_trigger":{"enabledWorkflows":[]},"_links":{"self":[{"href":"https:\/\/www3.unicentro.br\/vestibular\/wp-json\/wp\/v2\/pages\/4634","targetHints":{"allow":["GET"]}}],"collection":[{"href":"https:\/\/www3.unicentro.br\/vestibular\/wp-json\/wp\/v2\/pages"}],"about":[{"href":"https:\/\/www3.unicentro.br\/vestibular\/wp-json\/wp\/v2\/types\/page"}],"author":[{"embeddable":true,"href":"https:\/\/www3.unicentro.br\/vestibular\/wp-json\/wp\/v2\/users\/3"}],"replies":[{"embeddable":true,"href":"https:\/\/www3.unicentro.br\/vestibular\/wp-json\/wp\/v2\/comments?post=4634"}],"version-history":[{"count":1,"href":"https:\/\/www3.unicentro.br\/vestibular\/wp-json\/wp\/v2\/pages\/4634\/revisions"}],"predecessor-version":[{"id":4682,"href":"https:\/\/www3.unicentro.br\/vestibular\/wp-json\/wp\/v2\/pages\/4634\/revisions\/4682"}],"up":[{"embeddable":true,"href":"https:\/\/www3.unicentro.br\/vestibular\/wp-json\/wp\/v2\/pages\/31"}],"wp:attachment":[{"href":"https:\/\/www3.unicentro.br\/vestibular\/wp-json\/wp\/v2\/media?parent=4634"}],"curies":[{"name":"wp","href":"https:\/\/api.w.org\/{rel}","templated":true}]}}