{"id":4502,"date":"2026-01-20T16:36:24","date_gmt":"2026-01-20T19:36:24","guid":{"rendered":"https:\/\/www3.unicentro.br\/vestibular\/?page_id=4502"},"modified":"2026-03-23T22:00:13","modified_gmt":"2026-03-24T01:00:13","slug":"pac-chamadas-encerradas-e-classificacao-geral","status":"publish","type":"page","link":"https:\/\/www3.unicentro.br\/vestibular\/pac\/pac-chamadas-encerradas-e-classificacao-geral\/","title":{"rendered":"PAC &#8211; Chamadas Encerradas e Classifica\u00e7\u00e3o Geral"},"content":{"rendered":"<div class=\"wpb-content-wrapper\"><p>[vc_row][vc_column width=&#8221;2\/3&#8243;][vc_tta_accordion style=&#8221;flat&#8221; shape=&#8221;square&#8221; color=&#8221;green&#8221; spacing=&#8221;1&#8243; active_section=&#8221;30&#8243; no_fill=&#8221;true&#8221; collapsible_all=&#8221;true&#8221;][vc_tta_section title=&#8221;MATR\u00cdCULAS&#8221; tab_id=&#8221;1608223945765-6f927557-9e78&#8243;][vc_column_text css=&#8221;&#8221;]<a href=\"https:\/\/matriculas.unicentro.br\/inscricoes\/choose-type\"><strong>MATR\u00cdCULAS UNICENTRO<\/strong><\/a>[\/vc_column_text][\/vc_tta_section][vc_tta_section title=&#8221;CHAMADAS ENCERRADAS&#8221; tab_id=&#8221;1774313972038-abe57135-2d7a&#8221;][vc_column_text css=&#8221;&#8221;]<a href=\"https:\/\/www3.unicentro.br\/vestibular\/wp-content\/uploads\/sites\/30\/2025\/11\/PAC2025_ConvocadosEmPrimeiraChamada_690e1a65a6078.pdf\"><strong>PRIMEIRA CHAMADA (Pr\u00e9-Matr\u00edcula realizada de 15 a 17 de janeiro de 2026)<\/strong><\/a><br \/>\n<a href=\"https:\/\/sgu.unicentro.br\/files\/Ingressoxarquivos\/cnm_arquivo\/20_01_2026_edital_390563fadc4.pdf\"><strong>SEGUNDA CHAMADA (Pr\u00e9-Matr\u00edcula realizada de 21 a 22 de janeiro de 2026)<\/strong><\/a><br \/>\n<a href=\"https:\/\/sgu.unicentro.br\/files\/Ingressoxarquivos\/cnm_arquivo\/26_01_2026_edital_cb071626ca1.pdf\"><strong>TERCEIRA CHAMADA (Pr\u00e9-Matr\u00edcula realizada de 27 a 28 de janeiro de 2026)<\/strong><\/a><br \/>\n<a href=\"https:\/\/sgu.unicentro.br\/files\/Ingressoxarquivos\/cnm_arquivo\/19_02_2026_edital_9a04037610c.pdf\"><strong>QUARTA CHAMADA (Matr\u00edcula realizada de 19 a 23 de fevereiro de 2026)<\/strong><\/a><br \/>\n<a href=\"https:\/\/sgu.unicentro.br\/files\/Ingressoxarquivos\/cnm_arquivo\/06_03_2026_edital_63f5d870ded.pdf\"><strong>QUINTA CHAMADA (Matr\u00edcula realizada de 6 a 9 de mar\u00e7o de 2026)<\/strong><\/a><br \/>\n<a href=\"https:\/\/sgu.unicentro.br\/files\/Ingressoxarquivos\/cnm_arquivo\/12_03_2026_edital_1ddb65f2a6e.pdf\"><strong>SEXTA CHAMADA (Matr\u00edcula realizada de 12 a 16 de mar\u00e7o de 2026)<\/strong><\/a>[\/vc_column_text][\/vc_tta_section][vc_tta_section title=&#8221;CLASSIFICA\u00c7\u00c3O GERAL&#8221; tab_id=&#8221;1679056481636-e916b617-4e2b&#8221;][vc_column_text css=&#8221;&#8221;]<a href=\"https:\/\/www3.unicentro.br\/vestibular\/wp-content\/uploads\/sites\/30\/2025\/11\/PAC2025_III_ClassificacaoGeralCandidatos_690e3a6c64eb4.pdf\"><strong>CLASSIFICA\u00c7\u00c3O GERAL DOS CANDIDATOS<\/strong><\/a>[\/vc_column_text][\/vc_tta_section][\/vc_tta_accordion][\/vc_column][vc_column width=&#8221;1\/3&#8243;][\/vc_column][\/vc_row]<\/p>\n<\/div>","protected":false},"excerpt":{"rendered":"<p>[vc_row][vc_column width=&#8221;2\/3&#8243;][vc_tta_accordion style=&#8221;flat&#8221; shape=&#8221;square&#8221; color=&#8221;green&#8221; spacing=&#8221;1&#8243; active_section=&#8221;30&#8243; no_fill=&#8221;true&#8221; collapsible_all=&#8221;true&#8221;][vc_tta_section title=&#8221;MATR\u00cdCULAS&#8221; tab_id=&#8221;1608223945765-6f927557-9e78&#8243;][vc_column_text css=&#8221;&#8221;]MATR\u00cdCULAS UNICENTRO[\/vc_column_text][\/vc_tta_section][vc_tta_section title=&#8221;CHAMADAS ENCERRADAS&#8221; tab_id=&#8221;1774313972038-abe57135-2d7a&#8221;][vc_column_text css=&#8221;&#8221;]PRIMEIRA CHAMADA (Pr\u00e9-Matr\u00edcula realizada de 15 a 17 de janeiro de 2026) SEGUNDA CHAMADA (Pr\u00e9-Matr\u00edcula realizada de 21 a 22 de janeiro de 2026) TERCEIRA CHAMADA (Pr\u00e9-Matr\u00edcula realizada de 27 a 28 de janeiro de 2026) QUARTA CHAMADA (Matr\u00edcula [&hellip;]<\/p>\n","protected":false},"author":248,"featured_media":0,"parent":1408,"menu_order":0,"comment_status":"closed","ping_status":"closed","template":"","meta":{"_exactmetrics_skip_tracking":false,"_exactmetrics_sitenote_active":false,"_exactmetrics_sitenote_note":"","_exactmetrics_sitenote_category":0,"footnotes":"","_links_to":"","_links_to_target":""},"class_list":["post-4502","page","type-page","status-publish","hentry"],"publishpress_future_action":{"enabled":false,"date":"2026-04-16 01:25:29","action":"change-status","newStatus":"draft","terms":[],"taxonomy":"","extraData":[]},"publishpress_future_workflow_manual_trigger":{"enabledWorkflows":[]},"_links":{"self":[{"href":"https:\/\/www3.unicentro.br\/vestibular\/wp-json\/wp\/v2\/pages\/4502","targetHints":{"allow":["GET"]}}],"collection":[{"href":"https:\/\/www3.unicentro.br\/vestibular\/wp-json\/wp\/v2\/pages"}],"about":[{"href":"https:\/\/www3.unicentro.br\/vestibular\/wp-json\/wp\/v2\/types\/page"}],"author":[{"embeddable":true,"href":"https:\/\/www3.unicentro.br\/vestibular\/wp-json\/wp\/v2\/users\/248"}],"replies":[{"embeddable":true,"href":"https:\/\/www3.unicentro.br\/vestibular\/wp-json\/wp\/v2\/comments?post=4502"}],"version-history":[{"count":3,"href":"https:\/\/www3.unicentro.br\/vestibular\/wp-json\/wp\/v2\/pages\/4502\/revisions"}],"predecessor-version":[{"id":4771,"href":"https:\/\/www3.unicentro.br\/vestibular\/wp-json\/wp\/v2\/pages\/4502\/revisions\/4771"}],"up":[{"embeddable":true,"href":"https:\/\/www3.unicentro.br\/vestibular\/wp-json\/wp\/v2\/pages\/1408"}],"wp:attachment":[{"href":"https:\/\/www3.unicentro.br\/vestibular\/wp-json\/wp\/v2\/media?parent=4502"}],"curies":[{"name":"wp","href":"https:\/\/api.w.org\/{rel}","templated":true}]}}