{"id":4377,"date":"2025-12-01T16:39:01","date_gmt":"2025-12-01T19:39:01","guid":{"rendered":"https:\/\/www3.unicentro.br\/vestibular\/?page_id=4377"},"modified":"2026-02-12T16:55:30","modified_gmt":"2026-02-12T19:55:30","slug":"celulosepapel","status":"publish","type":"page","link":"https:\/\/www3.unicentro.br\/vestibular\/celulosepapel\/","title":{"rendered":"Tecnologia em Celulose e Papel"},"content":{"rendered":"<div class=\"wpb-content-wrapper\"><p>[vc_row][vc_column offset=&#8221;vc_hidden-lg vc_hidden-md vc_hidden-sm&#8221; el_class=&#8221;menu-mob&#8221;][vc_wp_custommenu nav_menu=&#8221;44&#8243;][\/vc_column][\/vc_row][vc_row][vc_column][vc_btn title=&#8221;CONVOCADOS EM PRIMEIRA CHAMADA&#8221; color=&#8221;juicy-pink&#8221; size=&#8221;lg&#8221; align=&#8221;center&#8221; css=&#8221;&#8221; link=&#8221;url:https%3A%2F%2Fwww3.unicentro.br%2Fvestibular%2Fwp-content%2Fuploads%2Fsites%2F30%2F2026%2F02%2FV20262_ConvocadosPrimeiraChamada.pdf|title:CONVOCADOS%20EM%20PRIMEIRA%20CHAMADA&#8221;][vc_btn title=&#8221;CLASSIFICA\u00c7\u00c3O GERAL DOS CANDIDATOS&#8221; color=&#8221;purple&#8221; size=&#8221;lg&#8221; align=&#8221;center&#8221; css=&#8221;&#8221; link=&#8221;url:https%3A%2F%2Fwww3.unicentro.br%2Fvestibular%2Fwp-content%2Fuploads%2Fsites%2F30%2F2026%2F02%2FV20262_ClassificacaoGeralCandidatos.pdf|title:CLASSIFICA%C3%87%C3%83O%20GERAL%20DOS%20CANDIDATOS&#8221;][vc_btn title=&#8221;BOLETIM INFORMATIVO N\u00ba 03\/2026 \u2013 ORIENTA\u00c7\u00d5ES SOBRE MATR\u00cdCULA&#8221; color=&#8221;warning&#8221; size=&#8221;lg&#8221; align=&#8221;center&#8221; css=&#8221;&#8221; link=&#8221;url:https%3A%2F%2Fwww3.unicentro.br%2Fvestibular%2Fwp-content%2Fuploads%2Fsites%2F30%2F2026%2F02%2FInformativo_03_Celulose_Papel.pdf|title:BOLETIM%20INFORMATIVO%20N%C2%BA%2003%2F2026%20%E2%80%93%20ORIENTA%C3%87%C3%95ES%20SOBRE%20MATR%C3%8DCULA&#8221;][vc_btn title=&#8221;BOLETIM INFORMATIVO N\u00ba 04\/2026 &#8211; ORIENTA\u00c7\u00d5ES AOS CLASSIFICADOS NAS VAGAS RESERVADAS A CANDIDATOS AUTODECLARADOS NEGROS (PRETOS E PARDOS)&#8221; color=&#8221;peacoc&#8221; size=&#8221;lg&#8221; align=&#8221;center&#8221; css=&#8221;&#8221; link=&#8221;url:https%3A%2F%2Fwww3.unicentro.br%2Fvestibular%2Fwp-content%2Fuploads%2Fsites%2F30%2F2026%2F02%2FInformativo_cota_racial_Celulose_Papel.pdf|title:BOLETIM%20INFORMATIVO%20N%C2%BA%2004%2F2026%20-%20ORIENTA%C3%87%C3%95ES%20SOBRE%20MATR%C3%8DCULA%20AOS%20CANDIDATOS%20CLASSIFICADOS%20NAS%20VAGAS%20RESERVADAS%20A%20CANDIDATOS%20%20AUTODECLARADOS%20NEGROS%20(PRETOS%20E%20PARDOS)&#8221;][vc_separator css=&#8221;&#8221;][\/vc_column][\/vc_row][vc_row][vc_column width=&#8221;1\/6&#8243;][\/vc_column][vc_column width=&#8221;1\/3&#8243;][vc_btn title=&#8221;Gabarito Definitivo&#8221; color=&#8221;green&#8221; css=&#8221;&#8221; link=&#8221;url:https%3A%2F%2Fwww3.unicentro.br%2Fvestibular%2Fwp-content%2Fuploads%2Fsites%2F30%2F2026%2F02%2FEdital_1_2026_Gabarito_Definitivo_Tecnologia_em_Celulose_e_Papel_69837ac50abf6.pdf|title:ENSALAMENTO%2FVESTIBULAR%20CELULOSE&#8221;][\/vc_column][vc_column width=&#8221;1\/3&#8243;][vc_btn title=&#8221;Download das Provas&#8221; color=&#8221;danger&#8221; css=&#8221;&#8221; link=&#8221;url:https%3A%2F%2Fwww3.unicentro.br%2Fvestibular%2Fwp-content%2Fuploads%2Fsites%2F30%2F2026%2F02%2FCaderno_de_provas.pdf|title:ENSALAMENTO%2FVESTIBULAR%20CELULOSE&#8221;][\/vc_column][vc_column width=&#8221;1\/6&#8243;][\/vc_column][\/vc_row][vc_row][vc_column][vc_separator css=&#8221;&#8221;][vc_single_image image=&#8221;4463&#8243; img_size=&#8221;400&#215;600&#8243; alignment=&#8221;center&#8221; css=&#8221;&#8221;][vc_column_text]O curso Superior de Tecnologia em Celulose e Papel \u00e9 fundamental para o desenvolvimento das ind\u00fastrias qu\u00edmicas e florestais, preparando profissionais capazes de atuar em todas as fases da produ\u00e7\u00e3o, desde o processamento da madeira at\u00e9 o acabamento dos pap\u00e9is e embalagens.<\/p>\n<p>A forma\u00e7\u00e3o oferece conhecimentos t\u00e9cnicos importantes sobre processos qu\u00edmicos, mec\u00e2nicos e industriais na produ\u00e7\u00e3o de celulose e papel, e acompanha as inova\u00e7\u00f5es do setor, especialmente nas \u00e1reas de sustentabilidade, efici\u00eancia energ\u00e9tica e redu\u00e7\u00e3o de impactos ambientais. Al\u00e9m disso, o curso atende a um segmento industrial de grande relev\u00e2ncia econ\u00f4mica no pa\u00eds, com ampla gera\u00e7\u00e3o de empregos.<\/p>\n<p>Dessa forma, contribui tanto para o avan\u00e7o tecnol\u00f3gico quanto para o crescimento sustent\u00e1vel e competitivo da ind\u00fastria de celulose e papel.<br \/>\nO Curso Superior de Tecnologia em Celulose e Papel \u00e9 ofertado no C\u00e2mpus Cedeteg, em Guarapuava, no per\u00edodo noturno, com dura\u00e7\u00e3o de tr\u00eas anos, modalidade Tecn\u00f3logo e ter\u00e1 in\u00edcio em 2026.[\/vc_column_text][\/vc_column][\/vc_row]<\/p>\n<\/div>","protected":false},"excerpt":{"rendered":"<p>[vc_row][vc_column offset=&#8221;vc_hidden-lg vc_hidden-md vc_hidden-sm&#8221; el_class=&#8221;menu-mob&#8221;][vc_wp_custommenu nav_menu=&#8221;44&#8243;][\/vc_column][\/vc_row][vc_row][vc_column][vc_btn title=&#8221;CONVOCADOS EM PRIMEIRA CHAMADA&#8221; color=&#8221;juicy-pink&#8221; size=&#8221;lg&#8221; align=&#8221;center&#8221; css=&#8221;&#8221; link=&#8221;url:https%3A%2F%2Fwww3.unicentro.br%2Fvestibular%2Fwp-content%2Fuploads%2Fsites%2F30%2F2026%2F02%2FV20262_ConvocadosPrimeiraChamada.pdf|title:CONVOCADOS%20EM%20PRIMEIRA%20CHAMADA&#8221;][vc_btn title=&#8221;CLASSIFICA\u00c7\u00c3O GERAL DOS CANDIDATOS&#8221; color=&#8221;purple&#8221; size=&#8221;lg&#8221; align=&#8221;center&#8221; css=&#8221;&#8221; link=&#8221;url:https%3A%2F%2Fwww3.unicentro.br%2Fvestibular%2Fwp-content%2Fuploads%2Fsites%2F30%2F2026%2F02%2FV20262_ClassificacaoGeralCandidatos.pdf|title:CLASSIFICA%C3%87%C3%83O%20GERAL%20DOS%20CANDIDATOS&#8221;][vc_btn title=&#8221;BOLETIM INFORMATIVO N\u00ba 03\/2026 \u2013 ORIENTA\u00c7\u00d5ES SOBRE MATR\u00cdCULA&#8221; color=&#8221;warning&#8221; size=&#8221;lg&#8221; align=&#8221;center&#8221; css=&#8221;&#8221; link=&#8221;url:https%3A%2F%2Fwww3.unicentro.br%2Fvestibular%2Fwp-content%2Fuploads%2Fsites%2F30%2F2026%2F02%2FInformativo_03_Celulose_Papel.pdf|title:BOLETIM%20INFORMATIVO%20N%C2%BA%2003%2F2026%20%E2%80%93%20ORIENTA%C3%87%C3%95ES%20SOBRE%20MATR%C3%8DCULA&#8221;][vc_btn title=&#8221;BOLETIM INFORMATIVO N\u00ba 04\/2026 &#8211; ORIENTA\u00c7\u00d5ES AOS CLASSIFICADOS NAS VAGAS RESERVADAS A CANDIDATOS AUTODECLARADOS NEGROS (PRETOS E PARDOS)&#8221; [&hellip;]<\/p>\n","protected":false},"author":3,"featured_media":0,"parent":0,"menu_order":0,"comment_status":"closed","ping_status":"closed","template":"","meta":{"_exactmetrics_skip_tracking":false,"_exactmetrics_sitenote_active":false,"_exactmetrics_sitenote_note":"","_exactmetrics_sitenote_category":0,"footnotes":"","_links_to":"","_links_to_target":""},"class_list":["post-4377","page","type-page","status-publish","hentry"],"publishpress_future_action":{"enabled":false,"date":"2026-04-16 01:08:03","action":"change-status","newStatus":"draft","terms":[],"taxonomy":"","extraData":[]},"publishpress_future_workflow_manual_trigger":{"enabledWorkflows":[]},"_links":{"self":[{"href":"https:\/\/www3.unicentro.br\/vestibular\/wp-json\/wp\/v2\/pages\/4377","targetHints":{"allow":["GET"]}}],"collection":[{"href":"https:\/\/www3.unicentro.br\/vestibular\/wp-json\/wp\/v2\/pages"}],"about":[{"href":"https:\/\/www3.unicentro.br\/vestibular\/wp-json\/wp\/v2\/types\/page"}],"author":[{"embeddable":true,"href":"https:\/\/www3.unicentro.br\/vestibular\/wp-json\/wp\/v2\/users\/3"}],"replies":[{"embeddable":true,"href":"https:\/\/www3.unicentro.br\/vestibular\/wp-json\/wp\/v2\/comments?post=4377"}],"version-history":[{"count":3,"href":"https:\/\/www3.unicentro.br\/vestibular\/wp-json\/wp\/v2\/pages\/4377\/revisions"}],"predecessor-version":[{"id":4611,"href":"https:\/\/www3.unicentro.br\/vestibular\/wp-json\/wp\/v2\/pages\/4377\/revisions\/4611"}],"wp:attachment":[{"href":"https:\/\/www3.unicentro.br\/vestibular\/wp-json\/wp\/v2\/media?parent=4377"}],"curies":[{"name":"wp","href":"https:\/\/api.w.org\/{rel}","templated":true}]}}