{"id":4063,"date":"2025-07-08T16:56:33","date_gmt":"2025-07-08T19:56:33","guid":{"rendered":"https:\/\/www3.unicentro.br\/vestibular\/?page_id=4063"},"modified":"2025-07-08T16:56:33","modified_gmt":"2025-07-08T19:56:33","slug":"horario-e-duracao-das-provas","status":"publish","type":"page","link":"https:\/\/www3.unicentro.br\/vestibular\/pac\/horario-e-duracao-das-provas\/","title":{"rendered":"Hor\u00e1rio e dura\u00e7\u00e3o das provas"},"content":{"rendered":"<h3 style=\"text-align: center\"><strong>Abertura dos locais de provas \u2013 \u00e0s 13 horas<\/strong><br \/>\n<strong>Fechamento \u2013 \u00e0s 14 horas <\/strong><br \/>\n<strong>Dura\u00e7\u00e3o das provas \u2013 4 horas<\/strong><\/h3>\n","protected":false},"excerpt":{"rendered":"<p>Abertura dos locais de provas \u2013 \u00e0s 13 horas Fechamento \u2013 \u00e0s 14 horas Dura\u00e7\u00e3o das provas \u2013 4 horas<\/p>\n","protected":false},"author":6,"featured_media":0,"parent":1408,"menu_order":0,"comment_status":"closed","ping_status":"closed","template":"","meta":{"_exactmetrics_skip_tracking":false,"_exactmetrics_sitenote_active":false,"_exactmetrics_sitenote_note":"","_exactmetrics_sitenote_category":0,"footnotes":"","_links_to":"","_links_to_target":""},"class_list":["post-4063","page","type-page","status-publish","hentry"],"publishpress_future_action":{"enabled":false,"date":"2026-04-15 04:18:09","action":"change-status","newStatus":"draft","terms":[],"taxonomy":"","extraData":[]},"publishpress_future_workflow_manual_trigger":{"enabledWorkflows":[]},"_links":{"self":[{"href":"https:\/\/www3.unicentro.br\/vestibular\/wp-json\/wp\/v2\/pages\/4063","targetHints":{"allow":["GET"]}}],"collection":[{"href":"https:\/\/www3.unicentro.br\/vestibular\/wp-json\/wp\/v2\/pages"}],"about":[{"href":"https:\/\/www3.unicentro.br\/vestibular\/wp-json\/wp\/v2\/types\/page"}],"author":[{"embeddable":true,"href":"https:\/\/www3.unicentro.br\/vestibular\/wp-json\/wp\/v2\/users\/6"}],"replies":[{"embeddable":true,"href":"https:\/\/www3.unicentro.br\/vestibular\/wp-json\/wp\/v2\/comments?post=4063"}],"version-history":[{"count":1,"href":"https:\/\/www3.unicentro.br\/vestibular\/wp-json\/wp\/v2\/pages\/4063\/revisions"}],"predecessor-version":[{"id":4064,"href":"https:\/\/www3.unicentro.br\/vestibular\/wp-json\/wp\/v2\/pages\/4063\/revisions\/4064"}],"up":[{"embeddable":true,"href":"https:\/\/www3.unicentro.br\/vestibular\/wp-json\/wp\/v2\/pages\/1408"}],"wp:attachment":[{"href":"https:\/\/www3.unicentro.br\/vestibular\/wp-json\/wp\/v2\/media?parent=4063"}],"curies":[{"name":"wp","href":"https:\/\/api.w.org\/{rel}","templated":true}]}}