{"id":3783,"date":"2025-04-02T09:49:56","date_gmt":"2025-04-02T12:49:56","guid":{"rendered":"https:\/\/www3.unicentro.br\/vestibular\/?page_id=3783"},"modified":"2025-04-03T10:40:24","modified_gmt":"2025-04-03T13:40:24","slug":"documentos-problema-na-documentacao","status":"publish","type":"page","link":"https:\/\/www3.unicentro.br\/vestibular\/unicentro\/documentos-problema-na-documentacao\/","title":{"rendered":"Documentos &#8211; Problema na documenta\u00e7\u00e3o"},"content":{"rendered":"<p style=\"text-align: center\"><strong>DOCUMENTOS V\u00c1LIDOS PARA IDENTIFICA\u00c7\u00c3O DO CANDIDATO<\/strong><\/p>\n<p style=\"text-align: center\"><span style=\"color: #ff0000\"><strong>CANDIDATOS COM PROBLEMAS NO DOCUMENTO DE IDENTIFICA\u00c7\u00c3O DEVEM PREENCHER A FICHA DE IDENTIFICA\u00c7\u00c3O COMPLEMENTAR<\/strong><\/span><\/p>\n<p style=\"text-align: center\"><strong>\u00c0s 13 horas, no local de provas.<\/strong><\/p>\n<ol>\n<li>Candidato que tiver como extraviado, furtado ou roubado o documento original de identifica\u00e7\u00e3o, portando Boletim de Ocorr\u00eancia Policial expedido h\u00e1, no m\u00e1ximo, (noventa) dias.<\/li>\n<li>Candidato com documento de identifica\u00e7\u00e3o original danificado, ileg\u00edvel, ou ainda, que n\u00e3o permita a identifica\u00e7\u00e3o dos seus caracteres essenciais ou de sua assinatura.<\/li>\n<\/ol>\n<hr \/>\n<p><strong><span style=\"color: #ff0000\">O hor\u00e1rio de fechamento dos port\u00f5es \u00e9 \u00e0s 14 horas em todos os locais de provas e o in\u00edcio das provas est\u00e1 previsto para \u00e0s 14h10. Qualquer atraso no procedimento de identifica\u00e7\u00e3o complementar \u00e9 de responsabilidade do candidato.<\/span><\/strong><\/p>\n","protected":false},"excerpt":{"rendered":"<p>DOCUMENTOS V\u00c1LIDOS PARA IDENTIFICA\u00c7\u00c3O DO CANDIDATO CANDIDATOS COM PROBLEMAS NO DOCUMENTO DE IDENTIFICA\u00c7\u00c3O DEVEM PREENCHER A FICHA DE IDENTIFICA\u00c7\u00c3O COMPLEMENTAR \u00c0s 13 horas, no local de provas. Candidato que tiver como extraviado, furtado ou roubado o documento original de identifica\u00e7\u00e3o, portando Boletim de Ocorr\u00eancia Policial expedido h\u00e1, no m\u00e1ximo, (noventa) dias. Candidato com documento de [&hellip;]<\/p>\n","protected":false},"author":6,"featured_media":0,"parent":27,"menu_order":0,"comment_status":"closed","ping_status":"closed","template":"","meta":{"_exactmetrics_skip_tracking":false,"_exactmetrics_sitenote_active":false,"_exactmetrics_sitenote_note":"","_exactmetrics_sitenote_category":0,"footnotes":"","_links_to":"","_links_to_target":""},"class_list":["post-3783","page","type-page","status-publish","hentry"],"publishpress_future_action":{"enabled":false,"date":"2026-04-24 22:21:55","action":"change-status","newStatus":"draft","terms":[],"taxonomy":"","extraData":[]},"publishpress_future_workflow_manual_trigger":{"enabledWorkflows":[]},"_links":{"self":[{"href":"https:\/\/www3.unicentro.br\/vestibular\/wp-json\/wp\/v2\/pages\/3783","targetHints":{"allow":["GET"]}}],"collection":[{"href":"https:\/\/www3.unicentro.br\/vestibular\/wp-json\/wp\/v2\/pages"}],"about":[{"href":"https:\/\/www3.unicentro.br\/vestibular\/wp-json\/wp\/v2\/types\/page"}],"author":[{"embeddable":true,"href":"https:\/\/www3.unicentro.br\/vestibular\/wp-json\/wp\/v2\/users\/6"}],"replies":[{"embeddable":true,"href":"https:\/\/www3.unicentro.br\/vestibular\/wp-json\/wp\/v2\/comments?post=3783"}],"version-history":[{"count":1,"href":"https:\/\/www3.unicentro.br\/vestibular\/wp-json\/wp\/v2\/pages\/3783\/revisions"}],"predecessor-version":[{"id":3876,"href":"https:\/\/www3.unicentro.br\/vestibular\/wp-json\/wp\/v2\/pages\/3783\/revisions\/3876"}],"up":[{"embeddable":true,"href":"https:\/\/www3.unicentro.br\/vestibular\/wp-json\/wp\/v2\/pages\/27"}],"wp:attachment":[{"href":"https:\/\/www3.unicentro.br\/vestibular\/wp-json\/wp\/v2\/media?parent=3783"}],"curies":[{"name":"wp","href":"https:\/\/api.w.org\/{rel}","templated":true}]}}