{"id":3503,"date":"2024-11-19T10:55:09","date_gmt":"2024-11-19T13:55:09","guid":{"rendered":"https:\/\/www3.unicentro.br\/vestibular\/?page_id=3503"},"modified":"2025-10-31T09:06:32","modified_gmt":"2025-10-31T12:06:32","slug":"cotas-pcd","status":"publish","type":"page","link":"https:\/\/www3.unicentro.br\/vestibular\/sisu\/cotas-pcd\/","title":{"rendered":"Cotas PcD"},"content":{"rendered":"<div class=\"wpb-content-wrapper\"><p>[vc_row][vc_column][vc_column_text css=&#8221;&#8221;]De acordo com a Lei n\u00ba 13.146\/2015, pessoa com defici\u00eancia (PcD) \u00e9 aquela que tem impedimento de longo prazo de natureza f\u00edsica, mental, intelectual ou sensorial, o qual, em intera\u00e7\u00e3o com uma ou mais barreiras, pode obstruir sua participa\u00e7\u00e3o plena e efetiva na sociedade em igualdade de condi\u00e7\u00f5es com as demais pessoas.<\/p>\n<p>Os candidatos classificados nas vagas para pessoas com defici\u00eancia, apresentam, em prazo divulgado pela Proen, laudo m\u00e9dico que ateste a esp\u00e9cie e o grau ou o n\u00edvel de defici\u00eancia, em que conste:<\/p>\n<p style=\"padding-left: 40px\">I \u2013 nome completo e n\u00famero do documento de identifica\u00e7\u00e3o do candidato;<br \/>\nII \u2013 o c\u00f3digo correspondente \u00e0 Classifica\u00e7\u00e3o Internacional da Doen\u00e7a, CID;<br \/>\nIII \u2013 a assinatura e o carimbo contendo o n\u00famero do Conselho Regional de Medicina, CRM do m\u00e9dico respons\u00e1vel por sua emiss\u00e3o, ou, em caso de documento digital, assinatura eletr\u00f4nica gerada por certificado ICP-Brasil ou GOV.BR.<\/p>\n<p>Os documentos apresentados pelos candidatos \u00e0s vagas reservadas a pessoas com defici\u00eancia s\u00e3o analisados por uma comiss\u00e3o da \u00e1rea de Sa\u00fade, designada pela Reitoria para essa finalidade.<\/p>\n<p>Em caso de n\u00e3o homologa\u00e7\u00e3o do laudo m\u00e9dico pela Comiss\u00e3o, o candidato \u00e9 impedido de realizar matr\u00edcula, se convocado para ocupar vaga reservada a pessoa com defici\u00eancia, sendo desclassificado dessa categoria.<\/p>\n<p>N\u00e3o t\u00eam direito \u00e0 reserva de vagas para pessoas com defici\u00eancia que j\u00e1 tenham conclu\u00eddo curso superior.<\/p>\n<hr \/>\n<p class=\"western\" align=\"center\"><span style=\"font-family: Arial, sans-serif\"><span style=\"font-size: medium\"><span lang=\"pt-BR\"><b>DEFICI\u00caNCIAS PARA <\/b><\/span><span lang=\"pt-BR\"><b>O DIREITO \u00c0S VAGAS <\/b><\/span><span lang=\"pt-BR\"><b>P<\/b><\/span><span lang=\"pt-BR\"><b>c<\/b><\/span><span lang=\"pt-BR\"><b>D<\/b><\/span><\/span><\/span><\/p>\n<table width=\"100%\" cellspacing=\"0\" cellpadding=\"2\">\n<tbody>\n<tr>\n<td colspan=\"2\" bgcolor=\"#e8e8e8\" width=\"100%\">\n<p class=\"western\" align=\"center\"><span style=\"font-family: Arial, sans-serif\"><span style=\"font-size: small\"><b>Consideram-se defici\u00eancias para o direito \u00e0s vagas:<\/b><\/span><\/span><\/p>\n<p class=\"western\" align=\"center\"><span style=\"font-family: Arial, sans-serif\"><span style=\"font-size: small\"><b>(Decreto n\u00ba 5.296\/2004, Lei Federal n\u00ba 12.764\/2012 e Lei Federal n\u00ba 14.126\/2021):<\/b><\/span><\/span><\/p>\n<\/td>\n<\/tr>\n<tr>\n<td width=\"19%\" height=\"134\">\n<p class=\"western\" align=\"center\"><span style=\"font-family: Arial, sans-serif\"><span style=\"font-size: small\"><b>I<\/b><\/span><\/span><\/p>\n<p class=\"western\" align=\"center\"><span style=\"font-family: Arial, sans-serif\"><span style=\"font-size: small\"><b>DEFICI\u00caNCIA F\u00cdSICA<\/b><\/span><\/span><\/p>\n<\/td>\n<td width=\"81%\">\n<p class=\"western\" align=\"justify\"><span style=\"font-family: Arial, sans-serif\"><span style=\"font-size: small\">altera\u00e7\u00e3o completa ou parcial de um ou mais segmentos do corpo humano, acarretando o comprometimento da fun\u00e7\u00e3o f\u00edsica, apresentando-se sob a forma de paraplegia, paraparesia, monoplegia, monoparesia, tetraplegia, tetraparesia, triplegia, triparesia, hemiplegia, hemiparesia, ostomia, amputa\u00e7\u00e3o ou aus\u00eancia de membro, paralisia cerebral, nanismo, membros com deformidade cong\u00eanita ou adquirida, exceto as deformidades est\u00e9ticas e as que n\u00e3o produzam dificuldades para o desempenho de fun\u00e7\u00f5es.<\/span><\/span><\/p>\n<\/td>\n<\/tr>\n<tr>\n<td width=\"19%\" height=\"57\">\n<p class=\"western\" align=\"center\"><span style=\"font-family: Arial, sans-serif\"><span style=\"font-size: small\"><b>II<\/b><\/span><\/span><\/p>\n<p class=\"western\" align=\"center\"><span style=\"font-family: Arial, sans-serif\"><span style=\"font-size: small\"><b>DEFICI\u00caNCIA AUDITIVA<\/b><\/span><\/span><\/p>\n<\/td>\n<td width=\"81%\">\n<p class=\"western\" align=\"justify\"><span style=\"font-family: Arial, sans-serif\"><span style=\"font-size: small\">perda bilateral, parcial ou total, de quarenta e um decib\u00e9is (dB) ou mais, aferida por audiograma nas frequ\u00eancias de 500Hz, 1.000Hz, 2.000Hz e 3.000Hz.<\/span><\/span><\/p>\n<\/td>\n<\/tr>\n<tr>\n<td width=\"19%\" height=\"105\">\n<p class=\"western\" align=\"center\"><span style=\"font-family: Arial, sans-serif\"><span style=\"font-size: small\"><b>III<\/b><\/span><\/span><\/p>\n<p class=\"western\" align=\"center\"><span style=\"font-family: Arial, sans-serif\"><span style=\"font-size: small\"><b>DEFICI\u00caNCIA VISUAL<\/b><\/span><\/span><\/p>\n<\/td>\n<td width=\"81%\">\n<p class=\"western\" align=\"justify\"><span style=\"font-family: Arial, sans-serif\"><span style=\"font-size: small\">vis\u00e3o monocular; cegueira, na qual a acuidade visual \u00e9 igual ou menor que 0,05 no melhor olho, com a melhor corre\u00e7\u00e3o \u00f3ptica; a baixa vis\u00e3o, que significa acuidade visual entre 0,3 e 0,05 no melhor olho, com a melhor corre\u00e7\u00e3o \u00f3ptica; os casos nos quais a somat\u00f3ria da medida do campo visual em ambos os olhos for igual ou menor que 60\u00ba; ou a ocorr\u00eancia simult\u00e2nea de quaisquer das condi\u00e7\u00f5es anteriores.<\/span><\/span><\/p>\n<\/td>\n<\/tr>\n<tr>\n<td width=\"19%\" height=\"102\">\n<p class=\"western\" align=\"center\"><span style=\"font-family: Arial, sans-serif\"><span style=\"font-size: small\"><b>IV<\/b><\/span><\/span><\/p>\n<p class=\"western\" align=\"center\"><span style=\"font-family: Arial, sans-serif\"><span style=\"font-size: small\"><b>DEFICI\u00caNCIA INTELECTUAL<\/b><\/span><\/span><\/p>\n<\/td>\n<td width=\"81%\">\n<p align=\"justify\"><span style=\"font-family: Arial, sans-serif\"><span style=\"font-size: small\">funcionamento intelectual significativamente inferior \u00e0 m\u00e9dia, com manifesta\u00e7\u00e3o antes dos dezoito anos e limita\u00e7\u00f5es associadas a duas ou mais \u00e1reas de habilidades adaptativas, tais como: comunica\u00e7\u00e3o; cuidado pessoal; habilidades sociais; utiliza\u00e7\u00e3o dos recursos da comunidade; sa\u00fade e seguran\u00e7a; habilidades acad\u00eamicas; lazer; e trabalho.<\/span><\/span><\/p>\n<\/td>\n<\/tr>\n<tr>\n<td width=\"19%\" height=\"151\">\n<p class=\"western\" align=\"center\"><span style=\"font-family: Arial, sans-serif\"><span style=\"font-size: small\"><b>V<\/b><\/span><\/span><\/p>\n<p class=\"western\" align=\"center\"><span style=\"font-family: Arial, sans-serif\"><span style=\"font-size: small\"><b>TRANSTORNO DO ESPECTRO AUTISTA<\/b><\/span><\/span><\/p>\n<\/td>\n<td width=\"81%\">\n<p class=\"western\" align=\"justify\"><span style=\"font-family: Arial, sans-serif\"><span style=\"font-size: small\">defici\u00eancia persistente e clinicamente significativa da comunica\u00e7\u00e3o e da intera\u00e7\u00e3o social, manifestada por defici\u00eancia marcada de comunica\u00e7\u00e3o verbal e n\u00e3o verbal usada para intera\u00e7\u00e3o social; aus\u00eancia de reciprocidade social; fal\u00eancia em desenvolver e manter rela\u00e7\u00f5es apropriadas ao seu n\u00edvel de desenvolvimento; ou padr\u00f5es restritivos e repetitivos de comportamentos, interesses e atividades, manifestados por comportamentos motores ou verbais estereotipados ou por comportamentos sensoriais incomuns; excessiva ader\u00eancia a rotinas e padr\u00f5es de comportamento ritualizados; interesses restritos e fixos.<\/span><\/span><\/p>\n<\/td>\n<\/tr>\n<tr>\n<td width=\"19%\" height=\"55\">\n<p class=\"western\" align=\"center\"><span style=\"font-family: Arial, sans-serif\"><span style=\"font-size: small\"><b>VI<\/b><\/span><\/span><\/p>\n<p class=\"western\" align=\"center\"><span style=\"font-family: Arial, sans-serif\"><span style=\"font-size: small\"><b>DEFICI\u00caNCIA M\u00daLTIPLA<\/b><\/span><\/span><\/p>\n<\/td>\n<td width=\"81%\">\n<p class=\"western\" align=\"justify\"><span style=\"font-family: Arial, sans-serif\"><span style=\"font-size: small\">associa\u00e7\u00e3o de duas ou mais defici\u00eancias previstas nos incisos anteriores.<\/span><\/span><\/p>\n<\/td>\n<\/tr>\n<\/tbody>\n<\/table>\n<hr \/>\n<ul>\n<li><strong><a href=\"https:\/\/www3.unicentro.br\/vestibular\/wp-content\/uploads\/sites\/30\/2024\/05\/MODELO_DE_LAUDO_M_DICO_64b53ba047ba1_663e289b63995.pdf\"><span style=\"color: #ff0000\">MODELO DE LAUDO M\u00c9DICO<\/span><\/a><\/strong><\/li>\n<\/ul>\n<p>[\/vc_column_text][\/vc_column][\/vc_row]<\/p>\n<\/div>","protected":false},"excerpt":{"rendered":"<p>[vc_row][vc_column][vc_column_text css=&#8221;&#8221;]De acordo com a Lei n\u00ba 13.146\/2015, pessoa com defici\u00eancia (PcD) \u00e9 aquela que tem impedimento de longo prazo de natureza f\u00edsica, mental, intelectual ou sensorial, o qual, em intera\u00e7\u00e3o com uma ou mais barreiras, pode obstruir sua participa\u00e7\u00e3o plena e efetiva na sociedade em igualdade de condi\u00e7\u00f5es com as demais pessoas. Os candidatos [&hellip;]<\/p>\n","protected":false},"author":6,"featured_media":0,"parent":35,"menu_order":0,"comment_status":"closed","ping_status":"closed","template":"","meta":{"_exactmetrics_skip_tracking":false,"_exactmetrics_sitenote_active":false,"_exactmetrics_sitenote_note":"","_exactmetrics_sitenote_category":0,"footnotes":"","_links_to":"","_links_to_target":""},"class_list":["post-3503","page","type-page","status-publish","hentry"],"publishpress_future_action":{"enabled":false,"date":"2026-04-15 18:14:44","action":"change-status","newStatus":"draft","terms":[],"taxonomy":"","extraData":[]},"publishpress_future_workflow_manual_trigger":{"enabledWorkflows":[]},"_links":{"self":[{"href":"https:\/\/www3.unicentro.br\/vestibular\/wp-json\/wp\/v2\/pages\/3503","targetHints":{"allow":["GET"]}}],"collection":[{"href":"https:\/\/www3.unicentro.br\/vestibular\/wp-json\/wp\/v2\/pages"}],"about":[{"href":"https:\/\/www3.unicentro.br\/vestibular\/wp-json\/wp\/v2\/types\/page"}],"author":[{"embeddable":true,"href":"https:\/\/www3.unicentro.br\/vestibular\/wp-json\/wp\/v2\/users\/6"}],"replies":[{"embeddable":true,"href":"https:\/\/www3.unicentro.br\/vestibular\/wp-json\/wp\/v2\/comments?post=3503"}],"version-history":[{"count":1,"href":"https:\/\/www3.unicentro.br\/vestibular\/wp-json\/wp\/v2\/pages\/3503\/revisions"}],"predecessor-version":[{"id":4302,"href":"https:\/\/www3.unicentro.br\/vestibular\/wp-json\/wp\/v2\/pages\/3503\/revisions\/4302"}],"up":[{"embeddable":true,"href":"https:\/\/www3.unicentro.br\/vestibular\/wp-json\/wp\/v2\/pages\/35"}],"wp:attachment":[{"href":"https:\/\/www3.unicentro.br\/vestibular\/wp-json\/wp\/v2\/media?parent=3503"}],"curies":[{"name":"wp","href":"https:\/\/api.w.org\/{rel}","templated":true}]}}