{"id":35,"date":"2018-05-21T09:40:34","date_gmt":"2018-05-21T12:40:34","guid":{"rendered":"https:\/\/www3.unicentro.br\/vestibular\/?page_id=35"},"modified":"2026-03-16T14:57:20","modified_gmt":"2026-03-16T17:57:20","slug":"sisu","status":"publish","type":"page","link":"https:\/\/www3.unicentro.br\/vestibular\/sisu\/","title":{"rendered":"Sisu"},"content":{"rendered":"<div class=\"wpb-content-wrapper\"><p>[vc_row][vc_column el_class=&#8221;menu-mob&#8221; offset=&#8221;vc_hidden-lg vc_hidden-md vc_hidden-sm&#8221;][vc_wp_custommenu nav_menu=&#8221;8&#8243; el_class=&#8221;menu-mob&#8221; title=&#8221;Sisu&#8221;][\/vc_column][\/vc_row][vc_row][vc_column width=&#8221;1\/6&#8243;][\/vc_column][vc_column width=&#8221;2\/3&#8243;][vc_btn title=&#8221;FA\u00c7A A SUA MATR\u00cdCULA&#8221; color=&#8221;green&#8221; align=&#8221;center&#8221; css=&#8221;&#8221; button_block=&#8221;true&#8221; link=&#8221;url:https%3A%2F%2Fmatriculas.unicentro.br&#8221;][vc_btn title=&#8221;CONVOCADOS EM 4\u00aa CHAMADA&#8221; style=&#8221;flat&#8221; shape=&#8221;square&#8221; color=&#8221;orange&#8221; align=&#8221;center&#8221; css=&#8221;&#8221; button_block=&#8221;true&#8221; link=&#8221;url:https%3A%2F%2Fsgu.unicentro.br%2Ffiles%2FIngressoxarquivos%2Fcnm_arquivo%2F12_03_2026_edital_7c0f3cad548.pdf|title:Chamada%20Regular%20Sisu&#8221;][vc_btn title=&#8221;LISTA DE ESPERA&#8221; style=&#8221;flat&#8221; shape=&#8221;square&#8221; color=&#8221;sky&#8221; align=&#8221;center&#8221; css=&#8221;&#8221; button_block=&#8221;true&#8221; link=&#8221;url:https%3A%2F%2Fwww3.unicentro.br%2Fvestibular%2Fwp-content%2Fuploads%2Fsites%2F30%2F2026%2F02%2FSiSU_2026_1_ListaEspera_Unicentro_698cda9558c9d_698cdfee9ba99.pdf|title:Chamada%20Regular%20Sisu|target:_blank&#8221;][vc_btn title=&#8221;CHAMADA REGULAR&#8221; style=&#8221;flat&#8221; shape=&#8221;square&#8221; color=&#8221;sky&#8221; align=&#8221;center&#8221; css=&#8221;&#8221; button_block=&#8221;true&#8221; link=&#8221;url:https%3A%2F%2Fwww3.unicentro.br%2Fvestibular%2Fwp-content%2Fuploads%2Fsites%2F30%2F2026%2F01%2FSiSU_2026_1_Unicentro.pdf|title:Chamada%20Regular%20Sisu|target:_blank&#8221;][\/vc_column][vc_column width=&#8221;1\/6&#8243;][\/vc_column][\/vc_row][vc_row][vc_column el_class=&#8221;menu-mob&#8221; offset=&#8221;vc_hidden-lg vc_hidden-md vc_hidden-sm&#8221;][vc_btn title=&#8221;INFORMATIVO &#8211; COTAS RACIAIS&#8221; color=&#8221;green&#8221; link=&#8221;url:https%3A%2F%2Fsgu.unicentro.br%2Ffiles%2FIngressoxarquivos%2Fcnm_arquivo%2F30_01_2026_edital_cb6294ebd21.pdf&#8221;][\/vc_column][\/vc_row][vc_row][vc_column][vc_single_image image=&#8221;4556&#8243; img_size=&#8221;full&#8221; alignment=&#8221;center&#8221; onclick=&#8221;custom_link&#8221; img_link_target=&#8221;_blank&#8221; css=&#8221;&#8221; link=&#8221;http:\/\/sisu.mec.gov.br&#8221;][vc_column_text css=&#8221;&#8221;]O Sistema de Sele\u00e7\u00e3o Unificada, Sisu, \u00e9 o sistema informatizado gerenciado pelo Minist\u00e9rio da Educa\u00e7\u00e3o, MEC, no qual institui\u00e7\u00f5es p\u00fablicas de ensino superior oferecem vagas para candidatos participantes do Exame Nacional de Ensino M\u00e9dio, Enem.<\/p>\n<p>As vagas ofertadas pela Unicentro, para ingresso pelo Sistema de Sele\u00e7\u00e3o Unificada, s\u00e3o preenchidas por meio de:<\/p>\n<p style=\"padding-left: 40px\">I \u2013 Concorr\u00eancia ampla;<br \/>\nII \u2013 Sistema de Cotas Sociais;<br \/>\nIII \u2013 Sistema de Cotas Raciais;<br \/>\nIV \u2013 Cotas para pessoas com defici\u00eancia, PcD.<\/p>\n<p>As inscri\u00e7\u00f5es para participa\u00e7\u00e3o no Sisu s\u00e3o efetuadas, exclusivamente, pela internet, por meio do s\u00edtio eletr\u00f4nico disponibilizado pelo MEC.<\/p>\n<p>\u00c9 de responsabilidade exclusiva do candidato a observ\u00e2ncia dos procedimentos e prazos estabelecidos que regulamentam o Sisu e pela Unicentro, bem como a verifica\u00e7\u00e3o dos documentos exigidos para a efetiva\u00e7\u00e3o do registro acad\u00eamico.<\/p>\n<p>O candidato acompanha as publica\u00e7\u00f5es no portal eletr\u00f4nico do MEC e na p\u00e1gina eletr\u00f4nica da Unicentro.<\/p>\n<p>Para saber mais sobre o sistema acesse <a href=\"https:\/\/acessounico.mec.gov.br\/\"><em>sisu.mec.gov.br <\/em><\/a>.[\/vc_column_text][vc_row_inner][vc_column_inner][\/vc_column_inner][\/vc_row_inner][\/vc_column][\/vc_row][vc_row disable_element=&#8221;yes&#8221; u_row_style=&#8221;0&#8243; u_row_paralax=&#8221;0&#8243; u_row_scheme=&#8221;0&#8243;][vc_column width=&#8221;3\/4&#8243;][vc_btn title=&#8221;Lista de Espera Unicentro &#8211; SiSU 2023\/1&#8243; style=&#8221;flat&#8221; shape=&#8221;square&#8221; color=&#8221;green&#8221; align=&#8221;center&#8221; button_block=&#8221;true&#8221; link=&#8221;url:https%3A%2F%2Fwww3.unicentro.br%2Fvestibular%2Fwp-content%2Fuploads%2Fsites%2F30%2F2023%2F03%2FSISU_2023_LISTA_DE_ESPERA_640b6ab91c58a.pdf&#8221;][vc_btn title=&#8221;INSCRITOS NOS CURSOS DE GRADUA\u00c7\u00c3O OFERTADOS PELA UNICENTRO PARA INGRESSO POR MEIO DO SISU \u2013 1\u00aa Edi\u00e7\u00e3o de 2023&#8243; style=&#8221;flat&#8221; shape=&#8221;square&#8221; color=&#8221;turquoise&#8221; align=&#8221;center&#8221; button_block=&#8221;true&#8221; link=&#8221;url:https%3A%2F%2Fwww3.unicentro.br%2Fvestibular%2Fwp-content%2Fuploads%2Fsites%2F30%2F2023%2F02%2FSISU_2023_INSCRITOS_NOS_CURSOS_OFERTADOS_63fe0f551139b.pdf&#8221;][vc_btn title=&#8221;TERMO DE ADES\u00c3O AO SISU 2023&#8243; style=&#8221;flat&#8221; shape=&#8221;square&#8221; color=&#8221;juicy-pink&#8221; align=&#8221;center&#8221; button_block=&#8221;true&#8221; link=&#8221;url:https%3A%2F%2Fwww3.unicentro.br%2Fvestibular%2Fwp-content%2Fuploads%2Fsites%2F30%2F2022%2F12%2FUNICENTRO_SISU_2023_termo_de_ades_o_639218b8d359f.pdf&#8221;][vc_btn title=&#8221;Acesse o sistema do Sisu e fa\u00e7a sua inscri\u00e7\u00e3o&#8221; style=&#8221;flat&#8221; shape=&#8221;square&#8221; color=&#8221;sandy-brown&#8221; align=&#8221;center&#8221; button_block=&#8221;true&#8221; link=&#8221;url:https%3A%2F%2Fsisu.mec.gov.br%2F|target:_blank&#8221;][vc_column_text]O Sistema de Sele\u00e7\u00e3o Unificada, Sisu, \u00e9 o sistema informatizado gerenciado pelo Minist\u00e9rio da Educa\u00e7\u00e3o, MEC, no qual institui\u00e7\u00f5es p\u00fablicas de ensino superior oferecem vagas para candidatos participantes do Exame Nacional de Ensino M\u00e9dio, Enem.<\/p>\n<p>As vagas ofertadas pela Unicentro, para ingresso pelo Sistema de Sele\u00e7\u00e3o Unificada, s\u00e3o preenchidas por meio de:<\/p>\n<p>I \u2013 Concorr\u00eancia ampla;<\/p>\n<p>II \u2013 Sistema de Cotas Sociais.<\/p>\n<p>Ao Sistema de Cotas Sociais \u00e9 destinado quarenta por cento das vagas disponibilizadas ao Sisu, de cada curso, turno e local de funcionamento de curso.<\/p>\n<p>Os requisitos para concorrer \u00e0s vagas do Sistema de Cotas Sociais s\u00e3o:<\/p>\n<p>I \u2013 tenham cursado integralmente o Ensino M\u00e9dio em institui\u00e7\u00f5es p\u00fablicas de ensino ou tenham obtido certificado de conclus\u00e3o com base no resultado do Exame Nacional do Ensino M\u00e9dio, Enem, ou do Exame Nacional de Certifica\u00e7\u00e3o de Compet\u00eancias de Jovens e Adultos, Encceja, ou de exames de certifica\u00e7\u00e3o de compet\u00eancia ou de avalia\u00e7\u00e3o de jovens e adultos realizados pelos sistemas p\u00fablicos de ensino;<\/p>\n<p>II \u2013 n\u00e3o possuam curso superior;<\/p>\n<p>III \u2013 n\u00e3o estejam matriculados em curso superior;<\/p>\n<p>IV \u2013 n\u00e3o estejam com matr\u00edcula trancada em curso superior.<\/p>\n<p>Os candidatos inscritos no Sistema de Sele\u00e7\u00e3o Unificada, Sisu, que optarem pelo Sistema de Cotas Sociais, concorrem apenas \u00e0s vagas reservadas para esse sistema, sendo automaticamente exclu\u00eddos da concorr\u00eancia geral.<\/p>\n<p>As inscri\u00e7\u00f5es para participa\u00e7\u00e3o no Sisu\u00a0s\u00e3o efetuadas, exclusivamente, pela internet, por meio do s\u00edtio eletr\u00f4nico disponibilizado pelo MEC.<\/p>\n<p>\u00c9 de responsabilidade exclusiva do candidato a observ\u00e2ncia dos procedimentos e prazos estabelecidos que regulamentam o Sisu e pela Unicentro, bem como a verifica\u00e7\u00e3o dos documentos exigidos para a efetiva\u00e7\u00e3o do registro acad\u00eamico.<\/p>\n<p>O candidato acompanha as publica\u00e7\u00f5es no portal eletr\u00f4nico do MEC e na p\u00e1gina eletr\u00f4nica da Unicentro.<\/p>\n<p>Para saber mais sobre o sistema acesse\u00a0<a href=\"http:\/\/www.sisu.mec.gov.br\/\">sisu.mec.gov.br<\/a>.[\/vc_column_text][\/vc_column][vc_column width=&#8221;1\/4&#8243;][vc_btn title=&#8221;INFORMATIVO &#8211; COTAS PCD&#8221; color=&#8221;green&#8221; link=&#8221;url:https%3A%2F%2Fsgu.unicentro.br%2Ffiles%2FIngressoxarquivos%2Fcnm_arquivo%2F30_01_2026_edital_ed1d46cdef5.pdf&#8221;][vc_btn title=&#8221;INFORMATIVO &#8211; COTAS RACIAIS&#8221; color=&#8221;green&#8221; link=&#8221;url:https%3A%2F%2Fsgu.unicentro.br%2Ffiles%2FIngressoxarquivos%2Fcnm_arquivo%2F30_01_2026_edital_cb6294ebd21.pdf&#8221;][vc_message message_box_style=&#8221;solid&#8221; style=&#8221;square&#8221; message_box_color=&#8221;danger&#8221; icon_fontawesome=&#8221;far fa-file-alt&#8221;]<\/p>\n<p style=\"text-align: center\"><span style=\"font-size: 14pt\"><a href=\"https:\/\/matriculas.unicentro.br\" target=\"_blank\" rel=\"noopener\"><span style=\"color: #ffffff;line-height: 12px !important\"><strong>MATR\u00cdCULAS UNICENTRO<\/strong><\/span><\/a><\/span><\/p>\n<p>[\/vc_message][\/vc_column][\/vc_row]<\/p>\n<\/div>","protected":false},"excerpt":{"rendered":"<p>[vc_row][vc_column el_class=&#8221;menu-mob&#8221; offset=&#8221;vc_hidden-lg vc_hidden-md vc_hidden-sm&#8221;][vc_wp_custommenu nav_menu=&#8221;8&#8243; el_class=&#8221;menu-mob&#8221; title=&#8221;Sisu&#8221;][\/vc_column][\/vc_row][vc_row][vc_column width=&#8221;1\/6&#8243;][\/vc_column][vc_column width=&#8221;2\/3&#8243;][vc_btn title=&#8221;FA\u00c7A A SUA MATR\u00cdCULA&#8221; color=&#8221;green&#8221; align=&#8221;center&#8221; css=&#8221;&#8221; button_block=&#8221;true&#8221; link=&#8221;url:https%3A%2F%2Fmatriculas.unicentro.br&#8221;][vc_btn title=&#8221;CONVOCADOS EM 4\u00aa CHAMADA&#8221; style=&#8221;flat&#8221; shape=&#8221;square&#8221; color=&#8221;orange&#8221; align=&#8221;center&#8221; css=&#8221;&#8221; button_block=&#8221;true&#8221; link=&#8221;url:https%3A%2F%2Fsgu.unicentro.br%2Ffiles%2FIngressoxarquivos%2Fcnm_arquivo%2F12_03_2026_edital_7c0f3cad548.pdf|title:Chamada%20Regular%20Sisu&#8221;][vc_btn title=&#8221;LISTA DE ESPERA&#8221; style=&#8221;flat&#8221; shape=&#8221;square&#8221; color=&#8221;sky&#8221; align=&#8221;center&#8221; css=&#8221;&#8221; button_block=&#8221;true&#8221; link=&#8221;url:https%3A%2F%2Fwww3.unicentro.br%2Fvestibular%2Fwp-content%2Fuploads%2Fsites%2F30%2F2026%2F02%2FSiSU_2026_1_ListaEspera_Unicentro_698cda9558c9d_698cdfee9ba99.pdf|title:Chamada%20Regular%20Sisu|target:_blank&#8221;][vc_btn title=&#8221;CHAMADA REGULAR&#8221; style=&#8221;flat&#8221; shape=&#8221;square&#8221; color=&#8221;sky&#8221; align=&#8221;center&#8221; css=&#8221;&#8221; button_block=&#8221;true&#8221; link=&#8221;url:https%3A%2F%2Fwww3.unicentro.br%2Fvestibular%2Fwp-content%2Fuploads%2Fsites%2F30%2F2026%2F01%2FSiSU_2026_1_Unicentro.pdf|title:Chamada%20Regular%20Sisu|target:_blank&#8221;][\/vc_column][vc_column width=&#8221;1\/6&#8243;][\/vc_column][\/vc_row][vc_row][vc_column el_class=&#8221;menu-mob&#8221; offset=&#8221;vc_hidden-lg vc_hidden-md vc_hidden-sm&#8221;][vc_btn title=&#8221;INFORMATIVO [&hellip;]<\/p>\n","protected":false},"author":3,"featured_media":0,"parent":0,"menu_order":0,"comment_status":"closed","ping_status":"closed","template":"","meta":{"_exactmetrics_skip_tracking":false,"_exactmetrics_sitenote_active":false,"_exactmetrics_sitenote_note":"","_exactmetrics_sitenote_category":0,"footnotes":"","_links_to":"","_links_to_target":""},"class_list":["post-35","page","type-page","status-publish","hentry"],"publishpress_future_action":{"enabled":false,"date":"2026-04-28 23:03:44","action":"change-status","newStatus":"draft","terms":[],"taxonomy":"","extraData":[]},"publishpress_future_workflow_manual_trigger":{"enabledWorkflows":[]},"_links":{"self":[{"href":"https:\/\/www3.unicentro.br\/vestibular\/wp-json\/wp\/v2\/pages\/35","targetHints":{"allow":["GET"]}}],"collection":[{"href":"https:\/\/www3.unicentro.br\/vestibular\/wp-json\/wp\/v2\/pages"}],"about":[{"href":"https:\/\/www3.unicentro.br\/vestibular\/wp-json\/wp\/v2\/types\/page"}],"author":[{"embeddable":true,"href":"https:\/\/www3.unicentro.br\/vestibular\/wp-json\/wp\/v2\/users\/3"}],"replies":[{"embeddable":true,"href":"https:\/\/www3.unicentro.br\/vestibular\/wp-json\/wp\/v2\/comments?post=35"}],"version-history":[{"count":5,"href":"https:\/\/www3.unicentro.br\/vestibular\/wp-json\/wp\/v2\/pages\/35\/revisions"}],"predecessor-version":[{"id":4739,"href":"https:\/\/www3.unicentro.br\/vestibular\/wp-json\/wp\/v2\/pages\/35\/revisions\/4739"}],"wp:attachment":[{"href":"https:\/\/www3.unicentro.br\/vestibular\/wp-json\/wp\/v2\/media?parent=35"}],"curies":[{"name":"wp","href":"https:\/\/api.w.org\/{rel}","templated":true}]}}