{"id":3499,"date":"2024-11-19T10:50:57","date_gmt":"2024-11-19T13:50:57","guid":{"rendered":"https:\/\/www3.unicentro.br\/vestibular\/?page_id=3499"},"modified":"2025-10-31T09:05:14","modified_gmt":"2025-10-31T12:05:14","slug":"cotas-raciais","status":"publish","type":"page","link":"https:\/\/www3.unicentro.br\/vestibular\/sisu\/cotas-raciais\/","title":{"rendered":"Cotas Raciais"},"content":{"rendered":"<div class=\"wpb-content-wrapper\"><p>[vc_row][vc_column][vc_column_text css=&#8221;&#8221;]Cotas Raciais s\u00e3o vagas destinadas a candidatos que se autodeclaram negros e que possuem cor de pele preta ou parda e outros tra\u00e7os fenot\u00edpicos que o identifiquem como pertencente ao grupo racial negro.<\/p>\n<p>As vagas reservadas ao Sistema de Cotas Raciais dividem-se em duas categorias:<\/p>\n<p style=\"padding-left: 40px\">I \u2013 sociorracial: autodeclarados negros (pretos e pardos), que tenham cursado integralmente o ensino m\u00e9dio em institui\u00e7\u00f5es p\u00fablicas de ensino ou tenham obtido certificado de conclus\u00e3o com base no resultado do Exame Nacional do Ensino M\u00e9dio, ENEM, ou do Exame Nacional de Certifica\u00e7\u00e3o de Compet\u00eancias de Jovens e Adultos, ENCCEJA, ou de exames de certifica\u00e7\u00e3o de compet\u00eancia ou de avalia\u00e7\u00e3o de jovens e adultos realizados pelos sistemas p\u00fablicos de ensino;<br \/>\nII \u2013 racial: autodeclarados negros (pretos e pardos), oriundos de qualquer percurso de forma\u00e7\u00e3o.<\/p>\n<p>Os candidatos que pretendem concorrer \u00e0s vagas reservadas a categoria sociorracial n\u00e3o podem ter curso superior conclu\u00eddo.<\/p>\n<p>Enquadram-se neste sistema somente os candidatos pertencentes ao grupo racial negro.<\/p>\n<p>A ascend\u00eancia negra n\u00e3o ser\u00e1 fator a ser considerado na condi\u00e7\u00e3o de ser negro.<\/p>\n<p>Os candidatos classificados para as vagas reservadas a candidatos autodeclarados negros ter\u00e3o a condi\u00e7\u00e3o racial de pessoa negra confirmada por meio de assinatura de autodeclara\u00e7\u00e3o e procedimento de heteroidentifica\u00e7\u00e3o, realizada pela Comiss\u00e3o designada para esse fim, na etapa que antecede o processo de matr\u00edculas.<\/p>\n<p>A confirma\u00e7\u00e3o da autodeclara\u00e7\u00e3o pela Comiss\u00e3o de heteroidentifica\u00e7\u00e3o \u00e9 condi\u00e7\u00e3o obrigat\u00f3ria para ocupa\u00e7\u00e3o de vaga reservada a candidatos negros.<\/p>\n<p>Em caso de n\u00e3o confirma\u00e7\u00e3o da autodeclara\u00e7\u00e3o pela banca de heteroidentifica\u00e7\u00e3o, o candidato \u00e9 desclassificado dessa categoria.<\/p>\n<p>Os candidatos que tiverem a condi\u00e7\u00e3o racial de pessoa negra confirmada pela Comiss\u00e3o de heteroidentifica\u00e7\u00e3o, quando convocados para ocupar vaga reservada a negros oriundos de institui\u00e7\u00f5es p\u00fablicas, devem comprovar que cursaram integralmente o ensino m\u00e9dio em institui\u00e7\u00f5es p\u00fablicas de ensino ou que obtiveram certifica\u00e7\u00e3o de conclus\u00e3o com base no resultado do ENEM, ENCCEJA ou exames de certifica\u00e7\u00e3o de compet\u00eancia ou de avalia\u00e7\u00e3o de jovens e adultos realizados pelos sistemas p\u00fablicos de ensino, mediante apresenta\u00e7\u00e3o do comprovante de conclus\u00e3o do ensino m\u00e9dio no ato de confirma\u00e7\u00e3o de matr\u00edcula, sob pena de desclassifica\u00e7\u00e3o desta categoria.<\/p>\n<ul>\n<li><a href=\"https:\/\/www3.unicentro.br\/vestibular\/wp-content\/uploads\/sites\/30\/2024\/05\/MODELO_DE_AUTODECLARA_O_NEGROS_ORIUNDOS_DE_ESCOLA_P_BLICA_64b53b9f53617_663e289a4b659.pdf\"><span style=\"color: #ff0000\"><strong>AUTODECLARA\u00c7\u00c3O \u2013 NEGROS (PRETOS E PARDOS) ORIUNDOS DE ESCOLA P\u00daBLICA<\/strong><\/span><\/a><\/li>\n<li><a href=\"https:\/\/www3.unicentro.br\/vestibular\/wp-content\/uploads\/sites\/30\/2024\/05\/AUTODECLARA_O_negro_de_qualquer_percurso_de_forma_o_663e75e2e6054-1.pdf\"><span style=\"color: #ff0000\"><strong>AUTODECLARA\u00c7\u00c3O \u2013 NEGROS (PRETOS E PARDOS) ORIUNDOS DE QUALQUER PERCURSO DE FORMA\u00c7\u00c3O<\/strong><\/span><\/a><\/li>\n<\/ul>\n<p>[\/vc_column_text][\/vc_column][\/vc_row]<\/p>\n<\/div>","protected":false},"excerpt":{"rendered":"<p>[vc_row][vc_column][vc_column_text css=&#8221;&#8221;]Cotas Raciais s\u00e3o vagas destinadas a candidatos que se autodeclaram negros e que possuem cor de pele preta ou parda e outros tra\u00e7os fenot\u00edpicos que o identifiquem como pertencente ao grupo racial negro. As vagas reservadas ao Sistema de Cotas Raciais dividem-se em duas categorias: I \u2013 sociorracial: autodeclarados negros (pretos e pardos), que [&hellip;]<\/p>\n","protected":false},"author":6,"featured_media":0,"parent":35,"menu_order":0,"comment_status":"closed","ping_status":"closed","template":"","meta":{"_exactmetrics_skip_tracking":false,"_exactmetrics_sitenote_active":false,"_exactmetrics_sitenote_note":"","_exactmetrics_sitenote_category":0,"footnotes":"","_links_to":"","_links_to_target":""},"class_list":["post-3499","page","type-page","status-publish","hentry"],"publishpress_future_action":{"enabled":false,"date":"2026-04-15 19:32:36","action":"change-status","newStatus":"draft","terms":[],"taxonomy":"","extraData":[]},"publishpress_future_workflow_manual_trigger":{"enabledWorkflows":[]},"_links":{"self":[{"href":"https:\/\/www3.unicentro.br\/vestibular\/wp-json\/wp\/v2\/pages\/3499","targetHints":{"allow":["GET"]}}],"collection":[{"href":"https:\/\/www3.unicentro.br\/vestibular\/wp-json\/wp\/v2\/pages"}],"about":[{"href":"https:\/\/www3.unicentro.br\/vestibular\/wp-json\/wp\/v2\/types\/page"}],"author":[{"embeddable":true,"href":"https:\/\/www3.unicentro.br\/vestibular\/wp-json\/wp\/v2\/users\/6"}],"replies":[{"embeddable":true,"href":"https:\/\/www3.unicentro.br\/vestibular\/wp-json\/wp\/v2\/comments?post=3499"}],"version-history":[{"count":2,"href":"https:\/\/www3.unicentro.br\/vestibular\/wp-json\/wp\/v2\/pages\/3499\/revisions"}],"predecessor-version":[{"id":4301,"href":"https:\/\/www3.unicentro.br\/vestibular\/wp-json\/wp\/v2\/pages\/3499\/revisions\/4301"}],"up":[{"embeddable":true,"href":"https:\/\/www3.unicentro.br\/vestibular\/wp-json\/wp\/v2\/pages\/35"}],"wp:attachment":[{"href":"https:\/\/www3.unicentro.br\/vestibular\/wp-json\/wp\/v2\/media?parent=3499"}],"curies":[{"name":"wp","href":"https:\/\/api.w.org\/{rel}","templated":true}]}}