{"id":3493,"date":"2024-11-19T10:41:14","date_gmt":"2024-11-19T13:41:14","guid":{"rendered":"https:\/\/www3.unicentro.br\/vestibular\/?page_id=3493"},"modified":"2025-10-31T09:00:40","modified_gmt":"2025-10-31T12:00:40","slug":"cotas-sociais","status":"publish","type":"page","link":"https:\/\/www3.unicentro.br\/vestibular\/sisu\/cotas-sociais\/","title":{"rendered":"Cotas Sociais"},"content":{"rendered":"<div class=\"wpb-content-wrapper\"><p>[vc_row][vc_column][vc_column_text css=&#8221;&#8221;]O Sistema de Cotas Sociais destina-se aos alunos que:<\/p>\n<p style=\"padding-left: 40px\">I \u2013 tenham cursado integralmente o ensino m\u00e9dio em institui\u00e7\u00f5es p\u00fablicas de ensino ou tenham obtido certificado de conclus\u00e3o com base no resultado do Exame Nacional do Ensino M\u00e9dio, ENEM, ou do Exame Nacional de Certifica\u00e7\u00e3o de Compet\u00eancias de Jovens e Adultos, ENCCEJA, ou de exames de certifica\u00e7\u00e3o de compet\u00eancia ou de avalia\u00e7\u00e3o de jovens e adultos realizados pelos sistemas p\u00fablicos de ensino;<br \/>\nII \u2013 n\u00e3o possuam curso superior conclu\u00eddo.<\/p>\n<p>Considera-se institui\u00e7\u00f5es p\u00fablicas de ensino aquelas mantidas por governos Federal, Estadual ou Municipal, que oferecem, exclusivamente, o ensino gratuito.<\/p>\n<p>Devido \u00e0s caracter\u00edsticas do Sistema de Cotas, n\u00e3o s\u00e3o aceitos, nessa categoria, candidatos que tenham estudado em escolas comunit\u00e1rias, filantr\u00f3picas ou confessionais, que, nos termos da LDB, s\u00e3o consideradas institui\u00e7\u00f5es privadas de ensino, ainda que a escola cursada pelo candidato seja mantida por conv\u00eanio com o poder p\u00fablico.[\/vc_column_text][\/vc_column][\/vc_row]<\/p>\n<\/div>","protected":false},"excerpt":{"rendered":"<p>[vc_row][vc_column][vc_column_text css=&#8221;&#8221;]O Sistema de Cotas Sociais destina-se aos alunos que: I \u2013 tenham cursado integralmente o ensino m\u00e9dio em institui\u00e7\u00f5es p\u00fablicas de ensino ou tenham obtido certificado de conclus\u00e3o com base no resultado do Exame Nacional do Ensino M\u00e9dio, ENEM, ou do Exame Nacional de Certifica\u00e7\u00e3o de Compet\u00eancias de Jovens e Adultos, ENCCEJA, ou de [&hellip;]<\/p>\n","protected":false},"author":6,"featured_media":0,"parent":35,"menu_order":0,"comment_status":"closed","ping_status":"closed","template":"","meta":{"_exactmetrics_skip_tracking":false,"_exactmetrics_sitenote_active":false,"_exactmetrics_sitenote_note":"","_exactmetrics_sitenote_category":0,"footnotes":"","_links_to":"","_links_to_target":""},"class_list":["post-3493","page","type-page","status-publish","hentry"],"publishpress_future_action":{"enabled":false,"date":"2026-04-15 22:46:44","action":"change-status","newStatus":"draft","terms":[],"taxonomy":"","extraData":[]},"publishpress_future_workflow_manual_trigger":{"enabledWorkflows":[]},"_links":{"self":[{"href":"https:\/\/www3.unicentro.br\/vestibular\/wp-json\/wp\/v2\/pages\/3493","targetHints":{"allow":["GET"]}}],"collection":[{"href":"https:\/\/www3.unicentro.br\/vestibular\/wp-json\/wp\/v2\/pages"}],"about":[{"href":"https:\/\/www3.unicentro.br\/vestibular\/wp-json\/wp\/v2\/types\/page"}],"author":[{"embeddable":true,"href":"https:\/\/www3.unicentro.br\/vestibular\/wp-json\/wp\/v2\/users\/6"}],"replies":[{"embeddable":true,"href":"https:\/\/www3.unicentro.br\/vestibular\/wp-json\/wp\/v2\/comments?post=3493"}],"version-history":[{"count":2,"href":"https:\/\/www3.unicentro.br\/vestibular\/wp-json\/wp\/v2\/pages\/3493\/revisions"}],"predecessor-version":[{"id":4299,"href":"https:\/\/www3.unicentro.br\/vestibular\/wp-json\/wp\/v2\/pages\/3493\/revisions\/4299"}],"up":[{"embeddable":true,"href":"https:\/\/www3.unicentro.br\/vestibular\/wp-json\/wp\/v2\/pages\/35"}],"wp:attachment":[{"href":"https:\/\/www3.unicentro.br\/vestibular\/wp-json\/wp\/v2\/media?parent=3493"}],"curies":[{"name":"wp","href":"https:\/\/api.w.org\/{rel}","templated":true}]}}