{"id":33,"date":"2018-05-21T09:40:22","date_gmt":"2018-05-21T12:40:22","guid":{"rendered":"https:\/\/www3.unicentro.br\/vestibular\/?page_id=33"},"modified":"2023-05-31T16:36:10","modified_gmt":"2023-05-31T19:36:10","slug":"indigena","status":"publish","type":"page","link":"https:\/\/www3.unicentro.br\/vestibular\/indigena\/","title":{"rendered":"XXII VESTIBULAR DOS POVOS IND\u00cdGENAS 2023"},"content":{"rendered":"<div class=\"wpb-content-wrapper\"><p>[vc_row][vc_column offset=&#8221;vc_hidden-lg vc_hidden-md vc_hidden-sm&#8221;][vc_wp_custommenu nav_menu=&#8221;12&#8243;][\/vc_column][\/vc_row][vc_row][vc_column width=&#8221;2\/3&#8243;][vc_btn title=&#8221;RESULTADO FINAL&#8221; style=&#8221;flat&#8221; shape=&#8221;square&#8221; color=&#8221;success&#8221; size=&#8221;lg&#8221; align=&#8221;center&#8221; button_block=&#8221;true&#8221; link=&#8221;url:https%3A%2F%2Fwww3.unicentro.br%2Fvestibular%2Fwp-content%2Fuploads%2Fsites%2F30%2F2023%2F05%2FEdital_6_2023_Resultado_do_XXII_Vestibular_dos_Povos_Ind_genas_no_Paran_6470e955ea1ee.pdf&#8221;][vc_btn title=&#8221;GABARITO DEFINITIVO&#8221; style=&#8221;flat&#8221; shape=&#8221;square&#8221; color=&#8221;mulled-wine&#8221; size=&#8221;lg&#8221; align=&#8221;center&#8221; button_block=&#8221;true&#8221; link=&#8221;url:https%3A%2F%2Fwww3.unicentro.br%2Fvestibular%2Fwp-content%2Fuploads%2Fsites%2F30%2F2023%2F05%2FEdital_5_2023_Gabarito_Definitivo_XXII_Vestibular_dos_Povos_Ind_genas_no_Paran_646507336b8f7.pdf&#8221;][vc_btn title=&#8221;CADERNO DE PROVAS&#8221; style=&#8221;flat&#8221; shape=&#8221;square&#8221; color=&#8221;purple&#8221; size=&#8221;lg&#8221; align=&#8221;center&#8221; button_block=&#8221;true&#8221; link=&#8221;url:https%3A%2F%2Fwww3.unicentro.br%2Fvestibular%2Fwp-content%2Fuploads%2Fsites%2F30%2F2023%2F05%2FCADERNO_DE_PROVAS_XXII_VESTIBULAR_IND_GENA_645a54d774532.pdf&#8221;][vc_btn title=&#8221;MENU DO CANDIDATO&#8221; style=&#8221;flat&#8221; shape=&#8221;square&#8221; color=&#8221;warning&#8221; size=&#8221;lg&#8221; align=&#8221;center&#8221; button_block=&#8221;true&#8221; link=&#8221;url:https%3A%2F%2Fwww.unicentro.br%2Fvestibularindigena|target:_blank&#8221;][vc_column_text]A Universidade Estadual do Centro-Oeste (Unicentro), em conson\u00e2ncia com as Universidades Estaduais do Paran\u00e1 e a Universidade Federal do Paran\u00e1 (UFPR) realiza o<a href=\"https:\/\/www3.unicentro.br\/vestibular\/indigena\/\"><strong> XXII VESTIBULAR DOS POVOS IND\u00cdGENAS NO PARAN\u00c1<\/strong><\/a>, para ingresso no ano letivo de 2023, nos cursos de gradua\u00e7\u00e3o das universidades estaduais do Paran\u00e1, que oferecem, respectivamente, em cada uma delas, 6 (seis) vagas suplementares \u00e0quelas ofertadas em seus processos seletivos regulares, exclusivamente para os ind\u00edgenas integrantes das sociedades ind\u00edgenas do Paran\u00e1, e nos cursos de gradua\u00e7\u00e3o da Universidade Federal do Paran\u00e1 (UFPR), que oferece 10 (dez) vagas suplementares \u00e0quelas ofertadas em seus processos seletivos regulares, exclusivamente para os ind\u00edgenas integrantes das sociedades ind\u00edgenas do Brasil.[\/vc_column_text][vc_single_image image=&#8221;2300&#8243; img_size=&#8221;full&#8221;][\/vc_column][vc_column width=&#8221;1\/3&#8243;]<aside class=\"ul-custom-css-inline\">\t\t\t\t\t\t\t\t\t\t\r\n\t\t\t\t\t\t\t\t\t\t<link rel=\"stylesheet\" id=\"ul-google-fonts-css\" href=\"https:\/\/fonts.googleapis.com\/css?family=Open+Sans\" type=\"text\/css\" media=\"all\" \/><style type=\"text\/css\">#ul83745.ultimate-layouts-container h3.ultimate-layouts-title, \r\n\t\t\t\t\t\t\t\t\t#ul83745.ultimate-layouts-container h3.ultimate-layouts-title a{font-family:\"Open Sans\" !important;font-size:12px !important;}.ul_quickview_p_ul83745.ul-quick-view-style h3.ultimate-layouts-title,\r\n\t\t\t\t\t\t\t\t\t\t.ul_quickview_p_ul83745.ul-quick-view-style h3.ultimate-layouts-title a{font-family:\"Open Sans\" !important;}#ul83745.ultimate-layouts-container .ul-cb-style-listing h3.ultimate-layouts-title, \r\n\t\t\t\t\t\t\t\t\t\t#ul83745.ultimate-layouts-container .ul-cb-style-listing h3.ultimate-layouts-title a{\r\n\t\t\t\t\t\t\t\t\t\t\tfont-size:calc(12px * 0.78) !important;\r\n\t\t\t\t\t\t\t\t\t\t\tfont-size:-webkit-calc(12px * 0.78) !important;\r\n\t\t\t\t\t\t\t\t\t\t\tfont-size:-moz-calc(12px * 0.78) !important;\r\n\t\t\t\t\t\t\t\t\t\t\tfont-size:-ms-calc(12px * 0.78) !important;\r\n\t\t\t\t\t\t\t\t\t\t\tfont-size:-o-calc(12px * 0.78) !important;\r\n\t\t\t\t\t\t\t\t\t\t}<\/style><style type=\"text\/css\">#ul83745.ultimate-layouts-container .ultimate-layouts-item{background-color:#e5e5e5 !important;}<\/style>\r\n\t\t\t\t\t\t\t\t\t\t<h6>h6<\/h6>\r\n\t\t\t\t\t\t\t\t\t<\/aside><script>if(typeof(ultimate_layouts_ajax_url)==\"undefined\"){var ultimate_layouts_ajax_url=[]};ultimate_layouts_ajax_url[\"ul83745\"]=\"https:\/\/www3.unicentro.br\/vestibular\/wp-admin\/admin-ajax.php\";if(typeof(ultimate_layouts_query_params)==\"undefined\"){var ultimate_layouts_query_params=[]};ultimate_layouts_query_params[\"ul83745\"]={\"post_types\":\"post\",\"i_attachment\":\"\",\"taxonomies\":\"category\",\"multi_post_types\":\"\",\"multi_taxonomies\":\"\",\"query_types\":\"0\",\"i_taxonomies\":\"13\",\"e_taxonomies\":\"\",\"i_ids\":\"\",\"cq_operator\":\"0\",\"e_ids\":\"\",\"query_author\":\"\",\"query_offset\":\"\",\"query_include_children\":\"1\",\"today_post\":\"0\",\"datetime_meta\":\"\",\"woo_query\":\"0\",\"post_count\":\"1\",\"posts_per_page\":10,\"d_i_filter\":\"\"};if(typeof(ultimate_layouts_filter)==\"undefined\"){var ultimate_layouts_filter=[]};ultimate_layouts_filter[\"ul83745\"]=\"\";if(typeof(ultimate_layouts_order)==\"undefined\"){var ultimate_layouts_order=[]};ultimate_layouts_order[\"ul83745\"]=\"DESC\";if(typeof(ultimate_layouts_orderby)==\"undefined\"){var ultimate_layouts_orderby=[]};ultimate_layouts_orderby[\"ul83745\"]=\"date\";if(typeof(ultimate_layouts_sub_opt_query)==\"undefined\"){var ultimate_layouts_sub_opt_query=[]};ultimate_layouts_sub_opt_query[\"ul83745\"]={\"meta_key_query\":\"\",\"paged\":1,\"first_query\":\"on\",\"total_pages\":1,\"items_last_page\":0};if(typeof(ultimate_layouts_options)==\"undefined\"){var ultimate_layouts_options=[]};ultimate_layouts_options[\"ul83745\"]={\"layout_style\":\"4\",\"button_gallery_name\":\"Gallery\",\"grid_style\":\"0\",\"list_style\":\"9\",\"carousel_t_style\":\"0\",\"carousel_f_style\":\"0\",\"creative_style\":\"0\",\"timeline_style\":\"0\",\"block_content_style\":\"0\",\"sync_slider_style\":\"0\",\"grid_masonry\":\"0\",\"show_arrows\":\"1\",\"arrows_outside\":\"0\",\"show_dots\":\"1\",\"infinite\":\"1\",\"autoplay\":\"1\",\"autoplayspeed\":5000,\"scrollperpage\":\"1\",\"speed\":500,\"centermode\":\"0\",\"sync_slider_height_d\":\"\",\"sync_slider_height_t\":\"\",\"sync_slider_height_m\":\"\",\"sync_slider_width_d\":\"\",\"sync_slider_width_t\":\"\",\"sync_slider_width_m\":\"\",\"show_elements\":\"0\",\"av_content\":\"0\",\"cc_mobile\":\"0\",\"cc_portrait_tablet\":\"0\",\"cc_landscape_tablet\":\"0\",\"cc_small_desktop\":\"0\",\"cc_medium_desktop\":\"0\",\"cc_large_desktop\":\"0\",\"cc_extra_large_desktop\":\"0\",\"image_size\":\"thumbnail\",\"image_size_s\":\"thumbnail\",\"s_image\":\"0\",\"s_image_link\":\"1\",\"s_image_link_target\":\"0\",\"s_icon_lightbox_video\":\"0\",\"video_url_meta\":\"0\",\"video_url_meta_key\":\"\",\"s_icon_lightbox_image\":\"1\",\"s_icon_link\":\"1\",\"s_icon_link_target\":\"0\",\"s_image_hover_effect\":\"0\",\"s_overlay_hover_effect\":\"\",\"s_overlay_settings\":\"0\",\"s_overlay_color\":\"\",\"s_image_post_format\":\"0\",\"s_image_post_format_pos\":\"ul-bottom-right\",\"s_image_avatar\":\"0\",\"s_title\":\"1\",\"s_title_limit\":\"0\",\"s_title_link\":\"1\",\"s_title_link_target\":\"0\",\"s_excerpt\":\"0\",\"s_excerpt_rbtn\":\"0\",\"s_excerpt_f\":\"get_the_excerpt\",\"s_excerpt_sc\":\"1\",\"s_excerpt_sh\":\"1\",\"s_excerpt_length\":0,\"s_categories\":\"0\",\"s_s_categories\":\"0\",\"s_s_categories_parent\":\"0\",\"ex_items_taxonomies\":\"\",\"s_c_categories\":\"0\",\"s_ct_categories\":\"\",\"s_cb_categories\":\"\",\"s_categories_target\":\"0\",\"s_metas_o\":\"1\",\"s_metas_o_author\":\"0\",\"s_metas_o_author_avatar\":\"0\",\"s_metas_o_time\":\"1\",\"time_format\":\"j \\\/ F \\\/ Y\",\"s_metas_o_comment\":\"0\",\"s_metas_o_like\":\"0\",\"s_metas_o_share\":\"0\",\"custom_meta_o\":\"\",\"s_metas_t\":\"0\",\"s_metas_t_author\":\"0\",\"s_metas_t_author_avatar\":\"0\",\"s_metas_t_time\":\"0\",\"time_format_t\":\"F j, Y\",\"s_metas_t_comment\":\"0\",\"s_metas_t_like\":\"1\",\"s_metas_t_share\":\"1\",\"custom_meta_t\":\"\",\"s_metas_t_readmore\":\"1\",\"s_metas_t_readmore_link_target\":\"0\",\"share_text\":\"\",\"read_more_text\":\"\",\"before_author_text\":\"\",\"pagination\":\"1\",\"loadmore_text\":\"\",\"prev_text\":\"\",\"next_text\":\"\",\"animate\":\"default\",\"lazyload\":\"0\",\"lazyload_p\":\"\",\"geodirectory_rating\":\"0\",\"quick_view\":\"1\",\"quick_view_mode\":\"0\",\"extra_class\":\"\",\"rnd_id\":\"ul83745\",\"s_title_small\":\"1\",\"s_title_limit_small\":\"0\",\"s_title_link_small\":\"1\",\"s_title_link_target_small\":\"0\",\"s_categories_small\":\"1\",\"s_s_categories_small\":\"0\",\"s_s_categories_parent_small\":\"0\",\"ex_items_taxonomies_small\":\"\",\"s_c_categories_small\":\"0\",\"s_ct_categories_small\":\"\",\"s_cb_categories_small\":\"\",\"s_categories_target_small\":\"0\",\"s_metas_o_small\":\"1\",\"s_metas_o_author_small\":\"1\",\"s_metas_o_author_avatar_small\":\"0\",\"s_metas_o_time_small\":\"1\",\"time_format_small\":\"F j, Y\",\"s_metas_o_comment_small\":\"1\",\"s_metas_o_like_small\":\"0\",\"s_metas_o_share_small\":\"0\",\"custom_meta_o_small\":\"\",\"woo_show_price\":\"0\",\"woo_show_rating\":\"0\",\"woo_show_cart\":\"0\",\"qv_s_title\":\"1\",\"qv_s_categories\":\"1\",\"qv_s_s_categories\":\"0\",\"qv_s_s_categories_parent\":\"0\",\"qv_ex_items_taxonomies\":\"\",\"qv_s_c_categories\":\"0\",\"qv_s_ct_categories\":\"\",\"qv_s_cb_categories\":\"\",\"qv_s_categories_target\":\"0\",\"qv_s_metas_o\":\"1\",\"qv_s_metas_o_author\":\"1\",\"qv_s_metas_o_author_avatar\":\"0\",\"qv_s_metas_o_time\":\"1\",\"qv_time_format\":\"F j, Y\",\"qv_s_metas_o_comment\":\"1\",\"qv_s_metas_o_like\":\"1\",\"qv_custom_meta_o\":\"\",\"qv_show_content\":\"1\",\"qv_content_stripsc\":\"0\",\"qv_show_share\":\"1\",\"qv_woo_show_rating\":\"1\",\"qv_s_featured_image\":\"1\",\"goo_ads_client\":\"\",\"goo_ads_id\":\"\",\"goo_ads_offset\":\"1\",\"css_class\":\" vc_custom_1620995753886\"};<\/script><div id=\"ul83745\" class=\"ultimate-layouts-container ul-filter-gridlist-normal ultimate-layouts-wrapper-control   vc_custom_1620995753886\"><div class=\"\r\n\t\t\t\t\t\t\t\t\t\t\t\tultimate-layouts-listing-wrap \r\n\t\t\t\t\t\t\t\t\t\t\t\tultimate-layouts-listing-list-10\r\n\t\t\t\t\t\t\t\t\t\t\t\t\r\n\t\t\t\t\t\t\t\t\t\t\t\tultimate-layouts-effect-icon\r\n\t\t\t\t\t\t\t\t\t\t\t\"><!--post item--> \r\n<article class=\"ultimate-layouts-item hentry\">\r\n    <!--entry content-->\r\n    <div class=\"ultimate-layouts-entry-wrapper entry-content\">\r\n        <!--picture-->\r\n                <!--picture-->\r\n        <!--content-->\r\n        <div class=\"ultimate-layouts-content entry\">    \r\n        \t        \r\n            <h3 class=\"ultimate-layouts-title entry-title  \"><a  data-post-id=\"2477\" href=\"https:\/\/www3.unicentro.br\/vestibular\/wp-content\/uploads\/sites\/30\/2023\/05\/Edital_6_2023_Resultado_do_XXII_Vestibular_dos_Povos_Ind_genas_no_Paran_6470e955ea1ee.pdf\" title=\"EDITAL N\u00ba 06\/2023 \u2013 UNICENTRO &#8211; Homologa\u00e7\u00e3o do resultado final do XXII Vestibular dos Povos Ind\u00edgenas no Paran\u00e1\"   class=\"ultimate-layouts-title-link\">EDITAL N\u00ba 06\/2023 \u2013 UNICENTRO &#8211; Homologa\u00e7\u00e3o do resultado final do XXII Vestibular dos Povos Ind\u00edgenas no Paran\u00e1<\/a><\/h3>            \r\n            <div class=\"ultimate-layouts-metas posted-on \"><div class=\"ultimate-layouts-metas-wrap\"><div data-class=\"ul-time-metas\"><i class=\"fa fa-calendar-check-o\" aria-hidden=\"true\"><\/i> <span>26 \/ maio \/ 2023<\/span><\/div><\/div><\/div>             \r\n                                        \r\n        <\/div><!--content-->\r\n    <\/div><!--entry content-->            \r\n<\/article><!--post item--><\/div><\/div>[\/vc_column][\/vc_row]<\/p>\n<\/div>","protected":false},"excerpt":{"rendered":"<p>[vc_row][vc_column offset=&#8221;vc_hidden-lg vc_hidden-md vc_hidden-sm&#8221;][vc_wp_custommenu nav_menu=&#8221;12&#8243;][\/vc_column][\/vc_row][vc_row][vc_column width=&#8221;2\/3&#8243;][vc_btn title=&#8221;RESULTADO FINAL&#8221; style=&#8221;flat&#8221; shape=&#8221;square&#8221; color=&#8221;success&#8221; size=&#8221;lg&#8221; align=&#8221;center&#8221; button_block=&#8221;true&#8221; link=&#8221;url:https%3A%2F%2Fwww3.unicentro.br%2Fvestibular%2Fwp-content%2Fuploads%2Fsites%2F30%2F2023%2F05%2FEdital_6_2023_Resultado_do_XXII_Vestibular_dos_Povos_Ind_genas_no_Paran_6470e955ea1ee.pdf&#8221;][vc_btn title=&#8221;GABARITO DEFINITIVO&#8221; style=&#8221;flat&#8221; shape=&#8221;square&#8221; color=&#8221;mulled-wine&#8221; size=&#8221;lg&#8221; align=&#8221;center&#8221; button_block=&#8221;true&#8221; link=&#8221;url:https%3A%2F%2Fwww3.unicentro.br%2Fvestibular%2Fwp-content%2Fuploads%2Fsites%2F30%2F2023%2F05%2FEdital_5_2023_Gabarito_Definitivo_XXII_Vestibular_dos_Povos_Ind_genas_no_Paran_646507336b8f7.pdf&#8221;][vc_btn title=&#8221;CADERNO DE PROVAS&#8221; style=&#8221;flat&#8221; shape=&#8221;square&#8221; color=&#8221;purple&#8221; size=&#8221;lg&#8221; align=&#8221;center&#8221; button_block=&#8221;true&#8221; link=&#8221;url:https%3A%2F%2Fwww3.unicentro.br%2Fvestibular%2Fwp-content%2Fuploads%2Fsites%2F30%2F2023%2F05%2FCADERNO_DE_PROVAS_XXII_VESTIBULAR_IND_GENA_645a54d774532.pdf&#8221;][vc_btn title=&#8221;MENU DO CANDIDATO&#8221; style=&#8221;flat&#8221; shape=&#8221;square&#8221; color=&#8221;warning&#8221; size=&#8221;lg&#8221; align=&#8221;center&#8221; button_block=&#8221;true&#8221; link=&#8221;url:https%3A%2F%2Fwww.unicentro.br%2Fvestibularindigena|target:_blank&#8221;][vc_column_text]A Universidade Estadual do Centro-Oeste (Unicentro), em conson\u00e2ncia com as Universidades Estaduais [&hellip;]<\/p>\n","protected":false},"author":3,"featured_media":0,"parent":0,"menu_order":0,"comment_status":"closed","ping_status":"closed","template":"","meta":{"_exactmetrics_skip_tracking":false,"_exactmetrics_sitenote_active":false,"_exactmetrics_sitenote_note":"","_exactmetrics_sitenote_category":0,"footnotes":"","_links_to":"","_links_to_target":""},"class_list":["post-33","page","type-page","status-publish","hentry"],"publishpress_future_action":{"enabled":false,"date":"2026-04-13 03:30:24","action":"change-status","newStatus":"draft","terms":[],"taxonomy":"","extraData":[]},"publishpress_future_workflow_manual_trigger":{"enabledWorkflows":[]},"_links":{"self":[{"href":"https:\/\/www3.unicentro.br\/vestibular\/wp-json\/wp\/v2\/pages\/33","targetHints":{"allow":["GET"]}}],"collection":[{"href":"https:\/\/www3.unicentro.br\/vestibular\/wp-json\/wp\/v2\/pages"}],"about":[{"href":"https:\/\/www3.unicentro.br\/vestibular\/wp-json\/wp\/v2\/types\/page"}],"author":[{"embeddable":true,"href":"https:\/\/www3.unicentro.br\/vestibular\/wp-json\/wp\/v2\/users\/3"}],"replies":[{"embeddable":true,"href":"https:\/\/www3.unicentro.br\/vestibular\/wp-json\/wp\/v2\/comments?post=33"}],"version-history":[{"count":0,"href":"https:\/\/www3.unicentro.br\/vestibular\/wp-json\/wp\/v2\/pages\/33\/revisions"}],"wp:attachment":[{"href":"https:\/\/www3.unicentro.br\/vestibular\/wp-json\/wp\/v2\/media?parent=33"}],"curies":[{"name":"wp","href":"https:\/\/api.w.org\/{rel}","templated":true}]}}