{"id":3070,"date":"2024-05-10T15:04:20","date_gmt":"2024-05-10T18:04:20","guid":{"rendered":"https:\/\/www3.unicentro.br\/vestibular\/?page_id=3070"},"modified":"2025-08-06T09:12:42","modified_gmt":"2025-08-06T12:12:42","slug":"cotas-raciais-2","status":"publish","type":"page","link":"https:\/\/www3.unicentro.br\/vestibular\/unicentro\/cotas-raciais-2\/","title":{"rendered":"Cotas Raciais"},"content":{"rendered":"<div class=\"wpb-content-wrapper\"><p>[vc_row][vc_column][vc_column_text css=&#8221;&#8221;]Cotas Raciais s\u00e3o vagas destinadas a candidatos que se autodeclaram negros e que possuem cor de pele preta ou parda e outros tra\u00e7os fenot\u00edpicos que o identifiquem como pertencente ao grupo racial negro.<br \/>\nAs vagas reservadas ao Sistema de Cotas Raciais dividem-se em duas categorias:<br \/>\nI \u2013 sociorracial: autodeclarados negros (pretos e pardos), que tenham cursado integralmente o ensino m\u00e9dio em institui\u00e7\u00f5es p\u00fablicas de ensino ou tenham obtido certificado de conclus\u00e3o com base no resultado do Exame Nacional do Ensino M\u00e9dio, ENEM, ou do Exame Nacional de Certifica\u00e7\u00e3o de Compet\u00eancias de Jovens e Adultos, ENCCEJA, ou de exames de certifica\u00e7\u00e3o de compet\u00eancia ou de avalia\u00e7\u00e3o de jovens e adultos realizados pelos sistemas p\u00fablicos de ensino;<br \/>\nII \u2013 racial: autodeclarados negros (pretos e pardos), oriundos de qualquer percurso de forma\u00e7\u00e3o.<br \/>\nOs candidatos que pretendem concorrer \u00e0s vagas reservadas \u00e0 categoria sociorracial, n\u00e3o podem ter curso superior conclu\u00eddo.<br \/>\nEnquadram-se neste sistema somente os candidatos pertencentes ao grupo racial negro.<br \/>\nA ascend\u00eancia negra n\u00e3o ser\u00e1 fator a ser considerado na condi\u00e7\u00e3o de ser negro.<br \/>\nOs candidatos classificados para as vagas reservadas a candidatos autodeclarados negros ter\u00e3o a condi\u00e7\u00e3o racial de pessoa negra confirmada por meio de assinatura de autodeclara\u00e7\u00e3o e procedimento de heteroidentifica\u00e7\u00e3o, realizada pela Comiss\u00e3o designada para esse fim, na etapa que antecede o processo de matr\u00edculas.<br \/>\nA confirma\u00e7\u00e3o da autodeclara\u00e7\u00e3o pela Comiss\u00e3o de heteroidentifica\u00e7\u00e3o \u00e9 condi\u00e7\u00e3o obrigat\u00f3ria para ocupa\u00e7\u00e3o de vaga reservada a candidatos negros.<br \/>\nEm caso de n\u00e3o confirma\u00e7\u00e3o da autodeclara\u00e7\u00e3o pela banca de heteroidentifica\u00e7\u00e3o, o candidato \u00e9 desclassificado dessa categoria.<br \/>\nOs candidatos que tiverem a condi\u00e7\u00e3o racial de pessoa negra confirmada pela Comiss\u00e3o de heteroidentifica\u00e7\u00e3o, quando convocados para ocupar vaga reservada a negros oriundos de institui\u00e7\u00f5es p\u00fablicas, devem comprovar que cursaram integralmente o ensino m\u00e9dio em institui\u00e7\u00f5es p\u00fablicas de ensino ou que obtiveram certifica\u00e7\u00e3o de conclus\u00e3o com base no resultado do ENEM, ENCCEJA ou exames de certifica\u00e7\u00e3o de compet\u00eancia ou de avalia\u00e7\u00e3o de jovens e adultos realizados pelos sistemas p\u00fablicos de ensino, mediante apresenta\u00e7\u00e3o do comprovante de conclus\u00e3o do ensino m\u00e9dio no ato de confirma\u00e7\u00e3o de matr\u00edcula, sob pena de desclassifica\u00e7\u00e3o desta categoria.<br \/>\nOs candidatos, inscritos no vestibular e n\u00e3o-eliminados no processo de sele\u00e7\u00e3o, s\u00e3o classificados em uma lista \u00fanica.<br \/>\nA convoca\u00e7\u00e3o para o preenchimento das vagas do Vestibular ocorre na seguinte ordem:<br \/>\nI \u2013 candidatos que obtiverem o melhor desempenho na lista da ampla concorr\u00eancia, at\u00e9 o limite de vagas previstas para essa categoria;<br \/>\nII \u2013 candidatos que obtiverem o melhor desempenho dentre os que optaram pelo Sistema de Cotas Sociais, at\u00e9 o limite definido, exceto os convocados no inciso I;<br \/>\nIII \u2013 candidatos que obtiverem o melhor desempenho dentre os que optaram pelo Sistema de Cotas Raciais, oriundos de institui\u00e7\u00f5es p\u00fablicas de ensino, at\u00e9 o limite definido, exceto os convocados nos incisos I e II.<br \/>\nIV \u2013 candidatos que obtiverem o melhor desempenho dentre os que optaram pelo Sistema de Cotas Raciais, de qualquer percurso de forma\u00e7\u00e3o, at\u00e9 o limite definido, exceto os convocados nos incisos I, II e III.[\/vc_column_text][\/vc_column][\/vc_row]<\/p>\n<\/div>","protected":false},"excerpt":{"rendered":"<p>[vc_row][vc_column][vc_column_text css=&#8221;&#8221;]Cotas Raciais s\u00e3o vagas destinadas a candidatos que se autodeclaram negros e que possuem cor de pele preta ou parda e outros tra\u00e7os fenot\u00edpicos que o identifiquem como pertencente ao grupo racial negro. As vagas reservadas ao Sistema de Cotas Raciais dividem-se em duas categorias: I \u2013 sociorracial: autodeclarados negros (pretos e pardos), que [&hellip;]<\/p>\n","protected":false},"author":6,"featured_media":0,"parent":27,"menu_order":0,"comment_status":"closed","ping_status":"closed","template":"","meta":{"_exactmetrics_skip_tracking":false,"_exactmetrics_sitenote_active":false,"_exactmetrics_sitenote_note":"","_exactmetrics_sitenote_category":0,"footnotes":"","_links_to":"","_links_to_target":""},"class_list":["post-3070","page","type-page","status-publish","hentry"],"publishpress_future_action":{"enabled":false,"date":"2026-04-15 19:36:13","action":"change-status","newStatus":"draft","terms":[],"taxonomy":"","extraData":[]},"publishpress_future_workflow_manual_trigger":{"enabledWorkflows":[]},"_links":{"self":[{"href":"https:\/\/www3.unicentro.br\/vestibular\/wp-json\/wp\/v2\/pages\/3070","targetHints":{"allow":["GET"]}}],"collection":[{"href":"https:\/\/www3.unicentro.br\/vestibular\/wp-json\/wp\/v2\/pages"}],"about":[{"href":"https:\/\/www3.unicentro.br\/vestibular\/wp-json\/wp\/v2\/types\/page"}],"author":[{"embeddable":true,"href":"https:\/\/www3.unicentro.br\/vestibular\/wp-json\/wp\/v2\/users\/6"}],"replies":[{"embeddable":true,"href":"https:\/\/www3.unicentro.br\/vestibular\/wp-json\/wp\/v2\/comments?post=3070"}],"version-history":[{"count":2,"href":"https:\/\/www3.unicentro.br\/vestibular\/wp-json\/wp\/v2\/pages\/3070\/revisions"}],"predecessor-version":[{"id":4106,"href":"https:\/\/www3.unicentro.br\/vestibular\/wp-json\/wp\/v2\/pages\/3070\/revisions\/4106"}],"up":[{"embeddable":true,"href":"https:\/\/www3.unicentro.br\/vestibular\/wp-json\/wp\/v2\/pages\/27"}],"wp:attachment":[{"href":"https:\/\/www3.unicentro.br\/vestibular\/wp-json\/wp\/v2\/media?parent=3070"}],"curies":[{"name":"wp","href":"https:\/\/api.w.org\/{rel}","templated":true}]}}