{"id":2537,"date":"2023-07-18T09:28:40","date_gmt":"2023-07-18T12:28:40","guid":{"rendered":"https:\/\/www3.unicentro.br\/vestibular\/?page_id=2537"},"modified":"2023-07-18T09:28:40","modified_gmt":"2023-07-18T12:28:40","slug":"vagas-pcd-2","status":"publish","type":"page","link":"https:\/\/www3.unicentro.br\/vestibular\/unicentro\/vagas-pcd-2\/","title":{"rendered":"Vagas PcD"},"content":{"rendered":"<div class=\"wpb-content-wrapper\"><p>[vc_row][vc_column][vc_message message_box_color=&#8221;warning&#8221;]De acordo com a Lei n\u00ba 13.146\/2015, pessoa com defici\u00eancia (PcD) \u00e9 aquela que tem impedimento de longo prazo de natureza f\u00edsica, mental, intelectual ou sensorial, o qual, em intera\u00e7\u00e3o com uma ou mais barreiras, pode obstruir sua participa\u00e7\u00e3o plena e efetiva na sociedade em igualdade de condi\u00e7\u00f5es com as demais pessoas.[\/vc_message][vc_column_text]Consulte o Manual do Candidato para conhecer as defici\u00eancias com direito \u00e0s vagas.<\/p>\n<p>Os interessados devem fazem a sua op\u00e7\u00e3o pela reserva de vagas, no ato de inscri\u00e7\u00e3o do Vestibular.<\/p>\n<p>Os candidatos que optarem pela reserva de vagas para pessoas com defici\u00eancia, concorrem tamb\u00e9m \u00e0s vagas da concorr\u00eancia geral e \u00e0s vagas reservadas para o Sistema de Cotas Sociais, caso atendam aos crit\u00e9rios dessas categorias.<\/p>\n<p>A convoca\u00e7\u00e3o para preenchimento das vagas do Vestibular ocorre na seguinte ordem:<\/p>\n<ol style=\"list-style-type: upper-roman\">\n<li>candidatos que obtiverem o melhor desempenho na lista geral de classifica\u00e7\u00e3o do processo seletivo, at\u00e9 o limite das vagas previstas para a concorr\u00eancia geral;<\/li>\n<li>candidatos que obtiverem o melhor desempenho dentre os que optaram pelo Sistema de Cotas Sociais, at\u00e9 o limite de 20%, exceto os convocados de acordo com o inciso I;<\/li>\n<li>candidatos que obtiverem o melhor desempenho dentre os que optaram, no ato da inscri\u00e7\u00e3o, \u00e0s vagas reservadas para pessoas com defici\u00eancia, at\u00e9 o limite de vagas estabelecidas em edital espec\u00edfico, exceto os convocados nos termos dos incisos I e II.<\/li>\n<\/ol>\n<p>Os candidatos classificados nas vagas para pessoas com defici\u00eancia, apresentam, em prazo divulgado pela PROEN, laudo m\u00e9dico, que ateste a esp\u00e9cie e o grau ou o n\u00edvel de defici\u00eancia, em que conste:<\/p>\n<ol style=\"list-style-type: upper-roman\">\n<li>nome completo e n\u00famero do documento de identifica\u00e7\u00e3o do candidato;<\/li>\n<li>o c\u00f3digo correspondente \u00e0 Classifica\u00e7\u00e3o Internacional da Doen\u00e7a, CID, e a prov\u00e1vel causa da defici\u00eancia;<\/li>\n<li>a assinatura e o carimbo contendo o n\u00famero do Conselho Regional de Medicina, CRM do m\u00e9dico respons\u00e1vel por sua emiss\u00e3o, ou, em caso de documento digital, assinatura eletr\u00f4nica gerada por certificado ICP-Brasil ou GOV.BR.<\/li>\n<\/ol>\n<p>Os documentos apresentados pelos candidatos \u00e0s vagas reservadas a pessoas com defici\u00eancia ser\u00e3o analisados por uma comiss\u00e3o da \u00e1rea de Sa\u00fade, designada pela Reitoria para essa finalidade.<\/p>\n<p>Em caso de n\u00e3o homologa\u00e7\u00e3o do laudo m\u00e9dico pela Comiss\u00e3o, o candidato \u00e9 impedido de realizar matr\u00edcula se convocado para ocupar vaga reservada a pessoa com defici\u00eancia, sendo desclassificado do processo seletivo.<\/p>\n<p>O candidato classificado para vaga reservada a pessoas com defici\u00eancia, em caso de convoca\u00e7\u00e3o para preencher vaga da concorr\u00eancia geral ou do Sistema de Cotas Sociais, deve atender aos crit\u00e9rios estabelecidos para a respectiva categoria, independente do resultado da an\u00e1lise do laudo m\u00e9dico.<\/p>\n<ul>\n<li>N\u00e3o podem se candidatar \u00e0 reserva de vagas para pessoas com defici\u00eancia, candidatos que j\u00e1 tenham conclu\u00eddo curso superior.<\/li>\n<\/ul>\n<p>A falta de comprova\u00e7\u00e3o da conclus\u00e3o do ensino m\u00e9dio ou o n\u00e3o atendimento aos crit\u00e9rios estabelecidos para ocupa\u00e7\u00e3o de vaga pelo sistema de cotas e PcD, no ato da matr\u00edcula, implica a perda da vaga.[\/vc_column_text][vc_btn title=&#8221;MODELO DE LAUDO M\u00c9DICO&#8221; style=&#8221;flat&#8221; shape=&#8221;square&#8221; align=&#8221;center&#8221; link=&#8221;url:https%3A%2F%2Fwww3.unicentro.br%2Fvestibular%2Fwp-content%2Fuploads%2Fsites%2F30%2F2023%2F07%2FMODELO_DE_LAUDO_M_DICO_64b53ba047ba1.pdf&#8221; el_class=&#8221;botao-padrao&#8221;][\/vc_column][\/vc_row]<\/p>\n<\/div>","protected":false},"excerpt":{"rendered":"<p>[vc_row][vc_column][vc_message message_box_color=&#8221;warning&#8221;]De acordo com a Lei n\u00ba 13.146\/2015, pessoa com defici\u00eancia (PcD) \u00e9 aquela que tem impedimento de longo prazo de natureza f\u00edsica, mental, intelectual ou sensorial, o qual, em intera\u00e7\u00e3o com uma ou mais barreiras, pode obstruir sua participa\u00e7\u00e3o plena e efetiva na sociedade em igualdade de condi\u00e7\u00f5es com as demais pessoas.[\/vc_message][vc_column_text]Consulte o Manual [&hellip;]<\/p>\n","protected":false},"author":3,"featured_media":0,"parent":27,"menu_order":0,"comment_status":"closed","ping_status":"closed","template":"","meta":{"_exactmetrics_skip_tracking":false,"_exactmetrics_sitenote_active":false,"_exactmetrics_sitenote_note":"","_exactmetrics_sitenote_category":0,"footnotes":"","_links_to":"","_links_to_target":""},"class_list":["post-2537","page","type-page","status-publish","hentry"],"publishpress_future_action":{"enabled":false,"date":"2026-04-11 14:42:25","action":"change-status","newStatus":"draft","terms":[],"taxonomy":"","extraData":[]},"publishpress_future_workflow_manual_trigger":{"enabledWorkflows":[]},"_links":{"self":[{"href":"https:\/\/www3.unicentro.br\/vestibular\/wp-json\/wp\/v2\/pages\/2537","targetHints":{"allow":["GET"]}}],"collection":[{"href":"https:\/\/www3.unicentro.br\/vestibular\/wp-json\/wp\/v2\/pages"}],"about":[{"href":"https:\/\/www3.unicentro.br\/vestibular\/wp-json\/wp\/v2\/types\/page"}],"author":[{"embeddable":true,"href":"https:\/\/www3.unicentro.br\/vestibular\/wp-json\/wp\/v2\/users\/3"}],"replies":[{"embeddable":true,"href":"https:\/\/www3.unicentro.br\/vestibular\/wp-json\/wp\/v2\/comments?post=2537"}],"version-history":[{"count":0,"href":"https:\/\/www3.unicentro.br\/vestibular\/wp-json\/wp\/v2\/pages\/2537\/revisions"}],"up":[{"embeddable":true,"href":"https:\/\/www3.unicentro.br\/vestibular\/wp-json\/wp\/v2\/pages\/27"}],"wp:attachment":[{"href":"https:\/\/www3.unicentro.br\/vestibular\/wp-json\/wp\/v2\/media?parent=2537"}],"curies":[{"name":"wp","href":"https:\/\/api.w.org\/{rel}","templated":true}]}}