{"id":2496,"date":"2023-06-13T00:22:57","date_gmt":"2023-06-13T03:22:57","guid":{"rendered":"https:\/\/www3.unicentro.br\/vestibular\/?page_id=2496"},"modified":"2026-03-23T21:29:00","modified_gmt":"2026-03-24T00:29:00","slug":"vestibular","status":"publish","type":"page","link":"https:\/\/www3.unicentro.br\/vestibular\/","title":{"rendered":"Vestibular"},"content":{"rendered":"<div class=\"wpb-content-wrapper\"><p>[vc_row][vc_column offset=&#8221;vc_hidden-lg vc_hidden-md vc_hidden-sm&#8221;][vc_tta_accordion style=&#8221;flat&#8221; shape=&#8221;square&#8221; active_section=&#8221;100&#8243; no_fill=&#8221;true&#8221; collapsible_all=&#8221;true&#8221;][vc_tta_section title=&#8221;Menu Vestibular&#8221; tab_id=&#8221;1762434431691-99fee63d-5829&#8243;][vc_wp_custommenu nav_menu=&#8221;4&#8243; el_class=&#8221;menu-mob&#8221;][\/vc_tta_section][\/vc_tta_accordion][\/vc_column][\/vc_row][vc_row][vc_column width=&#8221;2\/3&#8243;][vc_empty_space height=&#8221;20px&#8221;][vc_separator css=&#8221;&#8221;][vc_empty_space height=&#8221;20px&#8221;][vc_video link=&#8221;https:\/\/www.youtube.com\/watch?v=JOjW9gntPlM&#8221; align=&#8221;center&#8221; css=&#8221;&#8221;][\/vc_column][vc_column width=&#8221;1\/3&#8243;][vc_custom_heading text=&#8221;Destaques-Vestibular 2026&#8243; font_container=&#8221;tag:h2|font_size:16px|text_align:left|color:%23ffffff&#8221; use_theme_fonts=&#8221;yes&#8221; css=&#8221;.vc_custom_1774311463731{margin-bottom: 30px !important;padding-top: 10px !important;padding-right: 20px !important;padding-bottom: 10px !important;padding-left: 20px !important;background-color: #d10000 !important;}&#8221;][vc_btn title=&#8221;- MENU DO CANDIDATO -&#8221; style=&#8221;flat&#8221; shape=&#8221;square&#8221; color=&#8221;orange&#8221; align=&#8221;center&#8221; css=&#8221;&#8221; link=&#8221;url:https%3A%2F%2Fvestibular.unicentro.br%2F&#8221;][vc_btn title=&#8221;MATR\u00cdCULAS E CHAMADAS ADICIONAIS &#8211; CLIQUE AQUI&#8221; style=&#8221;flat&#8221; shape=&#8221;square&#8221; color=&#8221;vista-blue&#8221; align=&#8221;center&#8221; css=&#8221;&#8221; link=&#8221;url:https%3A%2F%2Fwww3.unicentro.br%2Fvestibular%2Funicentro%2Fvestibular-chamadas-encerradas-e-classificacao-geral%2F&#8221;][vc_separator css=&#8221;&#8221;][vc_custom_heading text=&#8221;Destaques-Vestibular 2027&#8243; font_container=&#8221;tag:h2|font_size:16px|text_align:left|color:%23ffffff&#8221; use_theme_fonts=&#8221;yes&#8221; css=&#8221;.vc_custom_1774311432875{margin-bottom: 30px !important;padding-top: 10px !important;padding-right: 20px !important;padding-bottom: 10px !important;padding-left: 20px !important;background-color: #d10000 !important;}&#8221;]<aside class=\"ul-custom-css-inline\">\t\t\t\t\t\t\t\t\t\t\r\n\t\t\t\t\t\t\t\t\t\t<link rel=\"stylesheet\" id=\"ul-google-fonts-css\" href=\"https:\/\/fonts.googleapis.com\/css?family=Open+Sans\" type=\"text\/css\" media=\"all\" \/><style type=\"text\/css\">#ul62034.ultimate-layouts-container h3.ultimate-layouts-title, \r\n\t\t\t\t\t\t\t\t\t#ul62034.ultimate-layouts-container h3.ultimate-layouts-title a{font-family:\"Open Sans\" !important;font-size:12px !important;}.ul_quickview_p_ul62034.ul-quick-view-style h3.ultimate-layouts-title,\r\n\t\t\t\t\t\t\t\t\t\t.ul_quickview_p_ul62034.ul-quick-view-style h3.ultimate-layouts-title a{font-family:\"Open Sans\" !important;}#ul62034.ultimate-layouts-container .ul-cb-style-listing h3.ultimate-layouts-title, \r\n\t\t\t\t\t\t\t\t\t\t#ul62034.ultimate-layouts-container .ul-cb-style-listing h3.ultimate-layouts-title a{\r\n\t\t\t\t\t\t\t\t\t\t\tfont-size:calc(12px * 0.78) !important;\r\n\t\t\t\t\t\t\t\t\t\t\tfont-size:-webkit-calc(12px * 0.78) !important;\r\n\t\t\t\t\t\t\t\t\t\t\tfont-size:-moz-calc(12px * 0.78) !important;\r\n\t\t\t\t\t\t\t\t\t\t\tfont-size:-ms-calc(12px * 0.78) !important;\r\n\t\t\t\t\t\t\t\t\t\t\tfont-size:-o-calc(12px * 0.78) !important;\r\n\t\t\t\t\t\t\t\t\t\t}<\/style>\r\n\t\t\t\t\t\t\t\t\t\t<h6>h6<\/h6>\r\n\t\t\t\t\t\t\t\t\t<\/aside>[\/vc_column][\/vc_row][vc_row disable_element=&#8221;yes&#8221; u_row_style=&#8221;0&#8243; u_row_paralax=&#8221;0&#8243; u_row_scheme=&#8221;0&#8243;][vc_column width=&#8221;2\/3&#8243;][vc_separator css=&#8221;&#8221;][vc_btn title=&#8221;CONVOCADOS EM QUARTA CHAMADA&#8221; style=&#8221;flat&#8221; shape=&#8221;square&#8221; color=&#8221;danger&#8221; align=&#8221;center&#8221; css=&#8221;&#8221; link=&#8221;url:https%3A%2F%2Fsgu.unicentro.br%2Ffiles%2FIngressoxarquivos%2Fcnm_arquivo%2F19_02_2026_edital_b441e2a355a.pdf&#8221;][vc_btn title=&#8221;BOLETIM INFORMATIVO N\u00ba 19\/2025 &#8211; ORIENTA\u00c7\u00d5ES PARA MATR\u00cdCULA&#8221; style=&#8221;flat&#8221; shape=&#8221;square&#8221; color=&#8221;warning&#8221; align=&#8221;center&#8221; css=&#8221;&#8221; link=&#8221;url:https%3A%2F%2Fwww3.unicentro.br%2Fvestibular%2Fwp-content%2Fuploads%2Fsites%2F30%2F2025%2F11%2FInformativo_19_Vestibular_2026_.pdf&#8221;][vc_btn title=&#8221;CONVOCADOS EM PRIMEIRA CHAMADA&#8221; style=&#8221;flat&#8221; shape=&#8221;square&#8221; color=&#8221;white&#8221; align=&#8221;center&#8221; css=&#8221;&#8221; link=&#8221;url:https%3A%2F%2Fwww3.unicentro.br%2Fvestibular%2Fwp-content%2Fuploads%2Fsites%2F30%2F2025%2F11%2FVest20261_Convocados_Primeira_Chamada_691de8e503158.pdf&#8221;][vc_btn title=&#8221;CADERNO DE PROVAS COM RESPOSTAS&#8221; style=&#8221;flat&#8221; shape=&#8221;square&#8221; color=&#8221;success&#8221; align=&#8221;center&#8221; css=&#8221;&#8221; link=&#8221;url:https%3A%2F%2Fwww3.unicentro.br%2Fvestibular%2Fwp-content%2Fuploads%2Fsites%2F30%2F2025%2F11%2FCADERNO_DE_PROVAS_COM_RESPOSTAS_Vestibular_2026_690cd886de0f4.pdf|title:Ensalamento&#8221;][vc_btn title=&#8221;GABARITO DEFINITIVO&#8221; style=&#8221;flat&#8221; shape=&#8221;square&#8221; color=&#8221;primary&#8221; align=&#8221;center&#8221; css=&#8221;&#8221; link=&#8221;url:https%3A%2F%2Fwww3.unicentro.br%2Fvestibular%2Fwp-content%2Fuploads%2Fsites%2F30%2F2025%2F11%2FEdital_22_2025_Gabarito_Definitivo_do_Vestibular_de_2026_690cd88257a2f.pdf|title:Ensalamento&#8221;][vc_btn title=&#8221;BOLETIM INFORMATIVO N\u00ba 20\/2025 &#8211; ORIENTA\u00c7\u00d5ES AOS CANDIDATOS CLASSIFICADOS NAS VAGAS RESERVADAS A CANDIDATOS AUTODECLARADOS NEGROS (PRETOS E PARDOS)&#8221; style=&#8221;flat&#8221; shape=&#8221;square&#8221; color=&#8221;mulled-wine&#8221; align=&#8221;center&#8221; css=&#8221;&#8221; link=&#8221;url:https%3A%2F%2Fwww3.unicentro.br%2Fvestibular%2Fwp-content%2Fuploads%2Fsites%2F30%2F2025%2F11%2FInformativo_20_Vestibular_2026_Cota_Racial_691b5cb38a525.pdf&#8221;][vc_btn title=&#8221;BOLETIM INFORMATIVO N\u00ba 21\/2025 &#8211; ORIENTA\u00c7\u00d5ES AOS CANDIDATOS CLASSIFICADOS NAS VAGAS RESERVADAS A PESSOAS COM DEFICI\u00caNCIA&#8221; style=&#8221;flat&#8221; shape=&#8221;square&#8221; color=&#8221;purple&#8221; align=&#8221;center&#8221; css=&#8221;&#8221; link=&#8221;url:https%3A%2F%2Fwww3.unicentro.br%2Fvestibular%2Fwp-content%2Fuploads%2Fsites%2F30%2F2025%2F11%2FInformativo_21_Vestibular_2025_CotaPcD_691b5cb81757f.pdf&#8221;][vc_btn title=&#8221;MATR\u00cdCULAS UNICENTRO<br \/>\nCLIQUE AQUI&#8221; style=&#8221;flat&#8221; shape=&#8221;square&#8221; color=&#8221;juicy-pink&#8221; size=&#8221;lg&#8221; align=&#8221;center&#8221; css=&#8221;&#8221; button_block=&#8221;true&#8221; link=&#8221;url:http%3A%2F%2Fmatriculas.unicentro.br&#8221;][vc_empty_space height=&#8221;20px&#8221;][vc_message message_box_color=&#8221;orange&#8221; icon_fontawesome=&#8221;fas fa-bullhorn&#8221; css=&#8221;.vc_custom_1740759608699{margin-bottom: 10px !important;}&#8221;]<\/p>\n<p style=\"text-align: center\"><a href=\"https:\/\/www3.unicentro.br\/vestibular\/wp-content\/uploads\/sites\/30\/2025\/02\/Boletim_Informativo_N_1_Obras_Liter_rias_2026_2027_67c1c0f86515b.pdf\"><b>LISTA DE OBRAS LITER\u00c1RIAS<\/b> VESTIBULARES 2026 E 2027<\/a><\/p>\n<p>[\/vc_message][vc_message message_box_color=&#8221;danger&#8221; icon_fontawesome=&#8221;fas fa-bullhorn&#8221; css=&#8221;.vc_custom_1738176615289{margin-bottom: 10px !important;}&#8221;]<\/p>\n<p style=\"text-align: center\"><a href=\"https:\/\/sgu.unicentro.br\/files\/Ingressoxarquivos\/cnm_arquivo\/29_01_2025_edital_cf21cb0de99.pdf\"><strong>CONVOCADOS EM TERCEIRA CHAMADA<\/strong><\/a><\/p>\n<p style=\"text-align: center\"><strong><a href=\"https:\/\/sgu.unicentro.br\/files\/Ingressoxarquivos\/cnm_arquivo\/23_01_2025_edital_95fc4bd32b9.pdf\">CONVOCADOS EM SEGUNDA CHAMADA<\/a><\/strong><\/p>\n<p style=\"text-align: center\"><strong><a href=\"https:\/\/www3.unicentro.br\/vestibular\/wp-content\/uploads\/sites\/30\/2024\/11\/VEST_2025_Convocados_em_primeira_chamada.pdf\">APROVADOS EM PRIMEIRA CHAMADA<\/a><\/strong><\/p>\n<p style=\"text-align: center\"><a href=\"https:\/\/www3.unicentro.br\/vestibular\/wp-content\/uploads\/sites\/30\/2024\/11\/VEST_2025_Classificacao_geral.pdf\"><strong>CLASSIFICA\u00c7\u00c3O GERAL<\/strong><\/a><\/p>\n<p>[\/vc_message][vc_message message_box_color=&#8221;success&#8221; icon_fontawesome=&#8221;fas fa-bullhorn&#8221; css=&#8221;.vc_custom_1732305761744{margin-bottom: 10px !important;}&#8221;]<\/p>\n<p style=\"text-align: center\"><a href=\"https:\/\/www3.unicentro.br\/vestibular\/wp-content\/uploads\/sites\/30\/2024\/11\/Informativo_02_Vestibular_2025.pdf\"><b>BOLETIM INFORMATIVO 02 &#8211; <\/b>ORIENTA\u00c7\u00d5ES GERAIS PARA MATR\u00cdCULAS<\/a><\/p>\n<p style=\"text-align: center\"><a href=\"https:\/\/www3.unicentro.br\/vestibular\/wp-content\/uploads\/sites\/30\/2024\/11\/Informativo_03_Vestibular_2025_Cota_Racial.pdf\"><strong>BOLETIM INFORMATIVO 03 &#8211;<\/strong> ORIENTA\u00c7\u00d5ES AOS CANDIDATOS AUTODECLARADOS NEGROS (PRETOS E PARDOS)<\/a><\/p>\n<p style=\"text-align: center\"><a href=\"https:\/\/www3.unicentro.br\/vestibular\/wp-content\/uploads\/sites\/30\/2024\/11\/Informativo_04_Vestibular_2025_CotaPcD.pdf\"><strong>BOLETIM INFORMATIVO 4 &#8211;<\/strong> ORIENTA\u00c7\u00d5ES AOS CANDIDATOS CLASSIFICADOS NAS VAGAS PCD<\/a><\/p>\n<p>[\/vc_message][\/vc_column][vc_column width=&#8221;1\/3&#8243;][vc_custom_heading text=&#8221;Destaques &#8211; Vestibular&#8221; font_container=&#8221;tag:h2|font_size:16px|text_align:left|color:%23ffffff&#8221; use_theme_fonts=&#8221;yes&#8221; css=&#8221;.vc_custom_1689084755537{margin-bottom: 30px !important;padding-top: 10px !important;padding-right: 20px !important;padding-bottom: 10px !important;padding-left: 20px !important;background-color: #d10000 !important;}&#8221;]<aside class=\"ul-custom-css-inline\">\t\t\t\t\t\t\t\t\t\t\r\n\t\t\t\t\t\t\t\t\t\t<link rel=\"stylesheet\" id=\"ul-google-fonts-css\" href=\"https:\/\/fonts.googleapis.com\/css?family=Open+Sans\" type=\"text\/css\" media=\"all\" \/><style type=\"text\/css\">#ul93070.ultimate-layouts-container h3.ultimate-layouts-title, \r\n\t\t\t\t\t\t\t\t\t#ul93070.ultimate-layouts-container h3.ultimate-layouts-title a{font-family:\"Open Sans\" !important;font-size:12px !important;}.ul_quickview_p_ul93070.ul-quick-view-style h3.ultimate-layouts-title,\r\n\t\t\t\t\t\t\t\t\t\t.ul_quickview_p_ul93070.ul-quick-view-style h3.ultimate-layouts-title a{font-family:\"Open Sans\" !important;}#ul93070.ultimate-layouts-container .ul-cb-style-listing h3.ultimate-layouts-title, \r\n\t\t\t\t\t\t\t\t\t\t#ul93070.ultimate-layouts-container .ul-cb-style-listing h3.ultimate-layouts-title a{\r\n\t\t\t\t\t\t\t\t\t\t\tfont-size:calc(12px * 0.78) !important;\r\n\t\t\t\t\t\t\t\t\t\t\tfont-size:-webkit-calc(12px * 0.78) !important;\r\n\t\t\t\t\t\t\t\t\t\t\tfont-size:-moz-calc(12px * 0.78) !important;\r\n\t\t\t\t\t\t\t\t\t\t\tfont-size:-ms-calc(12px * 0.78) !important;\r\n\t\t\t\t\t\t\t\t\t\t\tfont-size:-o-calc(12px * 0.78) !important;\r\n\t\t\t\t\t\t\t\t\t\t}<\/style>\r\n\t\t\t\t\t\t\t\t\t\t<h6>h6<\/h6>\r\n\t\t\t\t\t\t\t\t\t<\/aside>[\/vc_column][\/vc_row]<\/p>\n<\/div>","protected":false},"excerpt":{"rendered":"<p>[vc_row][vc_column offset=&#8221;vc_hidden-lg vc_hidden-md vc_hidden-sm&#8221;][vc_tta_accordion style=&#8221;flat&#8221; shape=&#8221;square&#8221; active_section=&#8221;100&#8243; no_fill=&#8221;true&#8221; collapsible_all=&#8221;true&#8221;][vc_tta_section title=&#8221;Menu Vestibular&#8221; tab_id=&#8221;1762434431691-99fee63d-5829&#8243;][vc_wp_custommenu nav_menu=&#8221;4&#8243; el_class=&#8221;menu-mob&#8221;][\/vc_tta_section][\/vc_tta_accordion][\/vc_column][\/vc_row][vc_row][vc_column width=&#8221;2\/3&#8243;][vc_empty_space height=&#8221;20px&#8221;][vc_separator css=&#8221;&#8221;][vc_empty_space height=&#8221;20px&#8221;][vc_video link=&#8221;https:\/\/www.youtube.com\/watch?v=JOjW9gntPlM&#8221; align=&#8221;center&#8221; css=&#8221;&#8221;][\/vc_column][vc_column width=&#8221;1\/3&#8243;][vc_custom_heading text=&#8221;Destaques-Vestibular 2026&#8243; font_container=&#8221;tag:h2|font_size:16px|text_align:left|color:%23ffffff&#8221; use_theme_fonts=&#8221;yes&#8221; css=&#8221;.vc_custom_1774311463731{margin-bottom: 30px !important;padding-top: 10px !important;padding-right: 20px !important;padding-bottom: 10px !important;padding-left: 20px !important;background-color: #d10000 !important;}&#8221;][vc_btn title=&#8221;- MENU DO CANDIDATO -&#8221; style=&#8221;flat&#8221; shape=&#8221;square&#8221; color=&#8221;orange&#8221; align=&#8221;center&#8221; css=&#8221;&#8221; link=&#8221;url:https%3A%2F%2Fvestibular.unicentro.br%2F&#8221;][vc_btn title=&#8221;MATR\u00cdCULAS E CHAMADAS ADICIONAIS &#8211; [&hellip;]<\/p>\n","protected":false},"author":3,"featured_media":0,"parent":0,"menu_order":0,"comment_status":"closed","ping_status":"closed","template":"page-templates\/front-page.php","meta":{"_exactmetrics_skip_tracking":false,"_exactmetrics_sitenote_active":false,"_exactmetrics_sitenote_note":"","_exactmetrics_sitenote_category":0,"footnotes":"","_links_to":"","_links_to_target":""},"class_list":["post-2496","page","type-page","status-publish","hentry"],"publishpress_future_action":{"enabled":false,"date":"2026-04-27 22:24:07","action":"change-status","newStatus":"draft","terms":[],"taxonomy":"","extraData":[]},"publishpress_future_workflow_manual_trigger":{"enabledWorkflows":[]},"_links":{"self":[{"href":"https:\/\/www3.unicentro.br\/vestibular\/wp-json\/wp\/v2\/pages\/2496","targetHints":{"allow":["GET"]}}],"collection":[{"href":"https:\/\/www3.unicentro.br\/vestibular\/wp-json\/wp\/v2\/pages"}],"about":[{"href":"https:\/\/www3.unicentro.br\/vestibular\/wp-json\/wp\/v2\/types\/page"}],"author":[{"embeddable":true,"href":"https:\/\/www3.unicentro.br\/vestibular\/wp-json\/wp\/v2\/users\/3"}],"replies":[{"embeddable":true,"href":"https:\/\/www3.unicentro.br\/vestibular\/wp-json\/wp\/v2\/comments?post=2496"}],"version-history":[{"count":6,"href":"https:\/\/www3.unicentro.br\/vestibular\/wp-json\/wp\/v2\/pages\/2496\/revisions"}],"predecessor-version":[{"id":4757,"href":"https:\/\/www3.unicentro.br\/vestibular\/wp-json\/wp\/v2\/pages\/2496\/revisions\/4757"}],"wp:attachment":[{"href":"https:\/\/www3.unicentro.br\/vestibular\/wp-json\/wp\/v2\/media?parent=2496"}],"curies":[{"name":"wp","href":"https:\/\/api.w.org\/{rel}","templated":true}]}}