{"id":238,"date":"2018-06-14T15:20:39","date_gmt":"2018-06-14T18:20:39","guid":{"rendered":"https:\/\/www3.unicentro.br\/vestibular\/?page_id=238"},"modified":"2025-11-04T11:30:10","modified_gmt":"2025-11-04T14:30:10","slug":"cursos-e-pesos","status":"publish","type":"page","link":"https:\/\/www3.unicentro.br\/vestibular\/sisu\/cursos-e-pesos\/","title":{"rendered":"Cursos e pesos"},"content":{"rendered":"<div class=\"wpb-content-wrapper\"><p>[vc_row][vc_column offset=&#8221;vc_hidden-lg vc_hidden-md vc_hidden-sm&#8221;][vc_wp_custommenu title=&#8221;Sisu&#8221; nav_menu=&#8221;8&#8243; el_class=&#8221;menu-mob&#8221;][\/vc_column][\/vc_row][vc_row][vc_column][vc_column_text css=&#8221;&#8221;]<\/p>\n<p align=\"CENTER\"><b>PESOS A SEREM APLICADOS NAS NOTAS OBTIDAS NO ENEM<\/b><\/p>\n<table width=\"100%\">\n<colgroup>\n<col width=\"22%\" \/><\/colgroup>\n<colgroup>\n<col width=\"10%\" \/>\n<col width=\"17%\" \/>\n<col width=\"17%\" \/>\n<col width=\"17%\" \/>\n<col width=\"17%\" \/><\/colgroup>\n<thead>\n<tr>\n<td>\n<p align=\"CENTER\">\n<\/td>\n<td>\n<p align=\"CENTER\">\n<\/td>\n<td colspan=\"4\">\n<p align=\"CENTER\"><b>\u00c1REAS DO CONHECIMENTO<\/b><\/p>\n<\/td>\n<\/tr>\n<tr>\n<td><b>CURSOS<\/b><\/td>\n<td style=\"text-align: center\"><b>REDA\u00c7\u00c3O<\/b><\/td>\n<td>\n<p align=\"CENTER\"><b>LINGUAGENS, C\u00d3DIGOS E\u00a0SUAS TECNOLOGIAS<\/b><\/p>\n<\/td>\n<td>\n<p align=\"CENTER\"><b>MATEM\u00c1TICA<\/b><\/p>\n<\/td>\n<td>\n<p align=\"CENTER\"><b>CI\u00caNCIAS DA NATUREZA<\/b><\/p>\n<\/td>\n<td>\n<p align=\"CENTER\"><b>CI\u00caNCIAS HUMANAS<\/b><\/p>\n<\/td>\n<\/tr>\n<\/thead>\n<tbody>\n<tr>\n<td>\n<p align=\"LEFT\">Administra\u00e7\u00e3o<\/p>\n<\/td>\n<td>\n<p align=\"CENTER\">1<\/p>\n<\/td>\n<td>\n<p align=\"CENTER\">2<\/p>\n<\/td>\n<td>\n<p align=\"CENTER\">3<\/p>\n<\/td>\n<td>\n<p align=\"CENTER\">2<\/p>\n<\/td>\n<td>\n<p align=\"CENTER\">2<\/p>\n<\/td>\n<\/tr>\n<tr>\n<td>\n<p align=\"LEFT\">Agronomia<\/p>\n<\/td>\n<td>\n<p align=\"CENTER\">1<\/p>\n<\/td>\n<td>\n<p align=\"CENTER\">2<\/p>\n<\/td>\n<td>\n<p align=\"CENTER\">2<\/p>\n<\/td>\n<td>\n<p align=\"CENTER\">3<\/p>\n<\/td>\n<td>\n<p align=\"CENTER\">2<\/p>\n<\/td>\n<\/tr>\n<tr>\n<td>\n<p align=\"LEFT\">Arte<\/p>\n<\/td>\n<td>\n<p align=\"CENTER\">1<\/p>\n<\/td>\n<td>\n<p align=\"CENTER\">2<\/p>\n<\/td>\n<td>\n<p align=\"CENTER\">2<\/p>\n<\/td>\n<td>\n<p align=\"CENTER\">2<\/p>\n<\/td>\n<td>\n<p align=\"CENTER\">3<\/p>\n<\/td>\n<\/tr>\n<tr>\n<td>Big Data no Agroneg\u00f3cio<\/td>\n<td>\n<p align=\"CENTER\">1<\/p>\n<\/td>\n<td>\n<p align=\"CENTER\">2<\/p>\n<\/td>\n<td>\n<p align=\"CENTER\">2<\/p>\n<\/td>\n<td>\n<p align=\"CENTER\">2<\/p>\n<\/td>\n<td>\n<p align=\"CENTER\">3<\/p>\n<\/td>\n<\/tr>\n<tr>\n<td>\n<p align=\"LEFT\">Ci\u00eancia da Computa\u00e7\u00e3o<\/p>\n<\/td>\n<td>\n<p align=\"CENTER\">1<\/p>\n<\/td>\n<td>\n<p align=\"CENTER\">2<\/p>\n<\/td>\n<td>\n<p align=\"CENTER\">3<\/p>\n<\/td>\n<td>\n<p align=\"CENTER\">2<\/p>\n<\/td>\n<td>\n<p align=\"CENTER\">2<\/p>\n<\/td>\n<\/tr>\n<tr>\n<td>\n<p align=\"LEFT\">Ci\u00eancias Biol\u00f3gicas<\/p>\n<\/td>\n<td>\n<p align=\"CENTER\">1<\/p>\n<\/td>\n<td>\n<p align=\"CENTER\">2<\/p>\n<\/td>\n<td>\n<p align=\"CENTER\">2<\/p>\n<\/td>\n<td>\n<p align=\"CENTER\">3<\/p>\n<\/td>\n<td>\n<p align=\"CENTER\">2<\/p>\n<\/td>\n<\/tr>\n<tr>\n<td>\n<p align=\"LEFT\">Ci\u00eancias Cont\u00e1beis<\/p>\n<\/td>\n<td>\n<p align=\"CENTER\">1<\/p>\n<\/td>\n<td>\n<p align=\"CENTER\">2<\/p>\n<\/td>\n<td>\n<p align=\"CENTER\">3<\/p>\n<\/td>\n<td>\n<p align=\"CENTER\">2<\/p>\n<\/td>\n<td>\n<p align=\"CENTER\">2<\/p>\n<\/td>\n<\/tr>\n<tr>\n<td>\n<p align=\"LEFT\">Comunica\u00e7\u00e3o Social \u2013 Publ. e Prop.<\/p>\n<\/td>\n<td>\n<p align=\"CENTER\">1<\/p>\n<\/td>\n<td>\n<p align=\"CENTER\">3<\/p>\n<\/td>\n<td>\n<p align=\"CENTER\">2<\/p>\n<\/td>\n<td>\n<p align=\"CENTER\">2<\/p>\n<\/td>\n<td>\n<p align=\"CENTER\">2<\/p>\n<\/td>\n<\/tr>\n<tr>\n<td>\n<p align=\"LEFT\">Educa\u00e7\u00e3o F\u00edsica<\/p>\n<\/td>\n<td>\n<p align=\"CENTER\">1<\/p>\n<\/td>\n<td>\n<p align=\"CENTER\">2<\/p>\n<\/td>\n<td>\n<p align=\"CENTER\">2<\/p>\n<\/td>\n<td>\n<p align=\"CENTER\">3<\/p>\n<\/td>\n<td>\n<p align=\"CENTER\">2<\/p>\n<\/td>\n<\/tr>\n<tr>\n<td>\n<p align=\"LEFT\">Engenharia Ambiental<\/p>\n<\/td>\n<td>\n<p align=\"CENTER\">1<\/p>\n<\/td>\n<td>\n<p align=\"CENTER\">2<\/p>\n<\/td>\n<td>\n<p align=\"CENTER\">3<\/p>\n<\/td>\n<td>\n<p align=\"CENTER\">2<\/p>\n<\/td>\n<td>\n<p align=\"CENTER\">2<\/p>\n<\/td>\n<\/tr>\n<tr>\n<td>\n<p align=\"LEFT\">Engenharia de Alimentos<\/p>\n<\/td>\n<td>\n<p align=\"CENTER\">1<\/p>\n<\/td>\n<td>\n<p align=\"CENTER\">2<\/p>\n<\/td>\n<td>\n<p align=\"CENTER\">3<\/p>\n<\/td>\n<td>\n<p align=\"CENTER\">2<\/p>\n<\/td>\n<td>\n<p align=\"CENTER\">2<\/p>\n<\/td>\n<\/tr>\n<tr>\n<td>\n<p align=\"LEFT\">Engenharia Florestal<\/p>\n<\/td>\n<td>\n<p align=\"CENTER\">1<\/p>\n<\/td>\n<td>\n<p align=\"CENTER\">2<\/p>\n<\/td>\n<td>\n<p align=\"CENTER\">3<\/p>\n<\/td>\n<td>\n<p align=\"CENTER\">2<\/p>\n<\/td>\n<td>\n<p align=\"CENTER\">2<\/p>\n<\/td>\n<\/tr>\n<tr>\n<td>\n<p align=\"LEFT\">Filosofia<\/p>\n<\/td>\n<td>\n<p align=\"CENTER\">1<\/p>\n<\/td>\n<td>\n<p align=\"CENTER\">2<\/p>\n<\/td>\n<td>\n<p align=\"CENTER\">2<\/p>\n<\/td>\n<td>\n<p align=\"CENTER\">2<\/p>\n<\/td>\n<td>\n<p align=\"CENTER\">3<\/p>\n<\/td>\n<\/tr>\n<tr>\n<td>\n<p align=\"LEFT\">F\u00edsica<\/p>\n<\/td>\n<td>\n<p align=\"CENTER\">1<\/p>\n<\/td>\n<td>\n<p align=\"CENTER\">2<\/p>\n<\/td>\n<td>\n<p align=\"CENTER\">2<\/p>\n<\/td>\n<td>\n<p align=\"CENTER\">3<\/p>\n<\/td>\n<td>\n<p align=\"CENTER\">2<\/p>\n<\/td>\n<\/tr>\n<tr>\n<td>\n<p align=\"LEFT\">Fonoaudiologia<\/p>\n<\/td>\n<td>\n<p align=\"CENTER\">1<\/p>\n<\/td>\n<td>\n<p align=\"CENTER\">2<\/p>\n<\/td>\n<td>\n<p align=\"CENTER\">2<\/p>\n<\/td>\n<td>\n<p align=\"CENTER\">3<\/p>\n<\/td>\n<td>\n<p align=\"CENTER\">2<\/p>\n<\/td>\n<\/tr>\n<tr>\n<td>\n<p align=\"LEFT\">Geografia<\/p>\n<\/td>\n<td>\n<p align=\"CENTER\">1<\/p>\n<\/td>\n<td>\n<p align=\"CENTER\">2<\/p>\n<\/td>\n<td>\n<p align=\"CENTER\">2<\/p>\n<\/td>\n<td>\n<p align=\"CENTER\">2<\/p>\n<\/td>\n<td>\n<p align=\"CENTER\">3<\/p>\n<\/td>\n<\/tr>\n<tr>\n<td>\n<p align=\"LEFT\">Hist\u00f3ria<\/p>\n<\/td>\n<td>\n<p align=\"CENTER\">1<\/p>\n<\/td>\n<td>\n<p align=\"CENTER\">2<\/p>\n<\/td>\n<td>\n<p align=\"CENTER\">2<\/p>\n<\/td>\n<td>\n<p align=\"CENTER\">2<\/p>\n<\/td>\n<td>\n<p align=\"CENTER\">3<\/p>\n<\/td>\n<\/tr>\n<tr>\n<td>\n<p align=\"LEFT\">Jornalismo<\/p>\n<\/td>\n<td>\n<p align=\"CENTER\">1<\/p>\n<\/td>\n<td>\n<p align=\"CENTER\">3<\/p>\n<\/td>\n<td>\n<p align=\"CENTER\">2<\/p>\n<\/td>\n<td>\n<p align=\"CENTER\">2<\/p>\n<\/td>\n<td>\n<p align=\"CENTER\">2<\/p>\n<\/td>\n<\/tr>\n<tr>\n<td>\n<p align=\"LEFT\">Letras Ingl\u00eas e Lit. de L\u00edngua Inglesa<\/p>\n<\/td>\n<td>\n<p align=\"CENTER\">1<\/p>\n<\/td>\n<td>\n<p align=\"CENTER\">3<\/p>\n<\/td>\n<td>\n<p align=\"CENTER\">2<\/p>\n<\/td>\n<td>\n<p align=\"CENTER\">2<\/p>\n<\/td>\n<td>\n<p align=\"CENTER\">2<\/p>\n<\/td>\n<\/tr>\n<tr>\n<td>\n<p align=\"LEFT\">Letras Port. e Lit. de L\u00edngua Port.<\/p>\n<\/td>\n<td>\n<p align=\"CENTER\">1<\/p>\n<\/td>\n<td>\n<p align=\"CENTER\">3<\/p>\n<\/td>\n<td>\n<p align=\"CENTER\">2<\/p>\n<\/td>\n<td>\n<p align=\"CENTER\">2<\/p>\n<\/td>\n<td>\n<p align=\"CENTER\">2<\/p>\n<\/td>\n<\/tr>\n<tr>\n<td>\n<p align=\"LEFT\">Letras Portugu\u00eas Libras<\/p>\n<\/td>\n<td>\n<p align=\"CENTER\">1<\/p>\n<\/td>\n<td>\n<p align=\"CENTER\">3<\/p>\n<\/td>\n<td>\n<p align=\"CENTER\">2<\/p>\n<\/td>\n<td>\n<p align=\"CENTER\">2<\/p>\n<\/td>\n<td>\n<p align=\"CENTER\">2<\/p>\n<\/td>\n<\/tr>\n<tr>\n<td>\n<p align=\"LEFT\">Matem\u00e1tica<\/p>\n<\/td>\n<td>\n<p align=\"CENTER\">1<\/p>\n<\/td>\n<td>\n<p align=\"CENTER\">2<\/p>\n<\/td>\n<td>\n<p align=\"CENTER\">3<\/p>\n<\/td>\n<td>\n<p align=\"CENTER\">2<\/p>\n<\/td>\n<td>\n<p align=\"CENTER\">2<\/p>\n<\/td>\n<\/tr>\n<tr>\n<td>\n<p align=\"LEFT\">Matem\u00e1tica Aplicada e Computacional<\/p>\n<\/td>\n<td>\n<p align=\"CENTER\">1<\/p>\n<\/td>\n<td>\n<p align=\"CENTER\">2<\/p>\n<\/td>\n<td>\n<p align=\"CENTER\">3<\/p>\n<\/td>\n<td>\n<p align=\"CENTER\">2<\/p>\n<\/td>\n<td>\n<p align=\"CENTER\">2<\/p>\n<\/td>\n<\/tr>\n<tr>\n<td>\n<p align=\"LEFT\">Medicina Veterin\u00e1ria<\/p>\n<\/td>\n<td>\n<p align=\"CENTER\">1<\/p>\n<\/td>\n<td>\n<p align=\"CENTER\">2<\/p>\n<\/td>\n<td>\n<p align=\"CENTER\">2<\/p>\n<\/td>\n<td>\n<p align=\"CENTER\">3<\/p>\n<\/td>\n<td>\n<p align=\"CENTER\">2<\/p>\n<\/td>\n<\/tr>\n<tr>\n<td>\n<p align=\"LEFT\">Pedagogia<\/p>\n<\/td>\n<td>\n<p align=\"CENTER\">1<\/p>\n<\/td>\n<td>\n<p align=\"CENTER\">2<\/p>\n<\/td>\n<td>\n<p align=\"CENTER\">2<\/p>\n<\/td>\n<td>\n<p align=\"CENTER\">2<\/p>\n<\/td>\n<td>\n<p align=\"CENTER\">3<\/p>\n<\/td>\n<\/tr>\n<tr>\n<td>\n<p align=\"LEFT\">Psicologia<\/p>\n<\/td>\n<td>\n<p align=\"CENTER\">1<\/p>\n<\/td>\n<td>\n<p align=\"CENTER\">2<\/p>\n<\/td>\n<td>\n<p align=\"CENTER\">2<\/p>\n<\/td>\n<td>\n<p align=\"CENTER\">3<\/p>\n<\/td>\n<td>\n<p align=\"CENTER\">2<\/p>\n<\/td>\n<\/tr>\n<tr>\n<td>\n<p align=\"LEFT\">Qu\u00edmica<\/p>\n<\/td>\n<td>\n<p align=\"CENTER\">1<\/p>\n<\/td>\n<td>\n<p align=\"CENTER\">2<\/p>\n<\/td>\n<td>\n<p align=\"CENTER\">2<\/p>\n<\/td>\n<td>\n<p align=\"CENTER\">3<\/p>\n<\/td>\n<td>\n<p align=\"CENTER\">2<\/p>\n<\/td>\n<\/tr>\n<tr>\n<td>\n<p align=\"LEFT\">Secretariado Executivo<\/p>\n<\/td>\n<td>\n<p align=\"CENTER\">1<\/p>\n<\/td>\n<td>\n<p align=\"CENTER\">3<\/p>\n<\/td>\n<td>\n<p align=\"CENTER\">2<\/p>\n<\/td>\n<td>\n<p align=\"CENTER\">2<\/p>\n<\/td>\n<td valign=\"TOP\">\n<p align=\"CENTER\">2<\/p>\n<\/td>\n<\/tr>\n<tr>\n<td>\n<p align=\"LEFT\">Servi\u00e7o Social<\/p>\n<\/td>\n<td>\n<p align=\"CENTER\">1<\/p>\n<\/td>\n<td>\n<p align=\"CENTER\">2<\/p>\n<\/td>\n<td>\n<p align=\"CENTER\">2<\/p>\n<\/td>\n<td>\n<p align=\"CENTER\">2<\/p>\n<\/td>\n<td>\n<p align=\"CENTER\">3<\/p>\n<\/td>\n<\/tr>\n<tr>\n<td>\n<p align=\"LEFT\">Turismo<\/p>\n<\/td>\n<td>\n<p align=\"CENTER\">1<\/p>\n<\/td>\n<td>\n<p align=\"CENTER\">2<\/p>\n<\/td>\n<td>\n<p align=\"CENTER\">2<\/p>\n<\/td>\n<td>\n<p align=\"CENTER\">2<\/p>\n<\/td>\n<td>\n<p align=\"CENTER\">3<\/p>\n<\/td>\n<\/tr>\n<\/tbody>\n<\/table>\n<p>[\/vc_column_text][\/vc_column][\/vc_row]<\/p>\n<\/div>","protected":false},"excerpt":{"rendered":"<p>[vc_row][vc_column offset=&#8221;vc_hidden-lg vc_hidden-md vc_hidden-sm&#8221;][vc_wp_custommenu title=&#8221;Sisu&#8221; nav_menu=&#8221;8&#8243; el_class=&#8221;menu-mob&#8221;][\/vc_column][\/vc_row][vc_row][vc_column][vc_column_text css=&#8221;&#8221;] PESOS A SEREM APLICADOS NAS NOTAS OBTIDAS NO ENEM \u00c1REAS DO CONHECIMENTO CURSOS REDA\u00c7\u00c3O LINGUAGENS, C\u00d3DIGOS E\u00a0SUAS TECNOLOGIAS MATEM\u00c1TICA CI\u00caNCIAS DA NATUREZA CI\u00caNCIAS HUMANAS Administra\u00e7\u00e3o 1 2 3 2 2 Agronomia 1 2 2 3 2 Arte 1 2 2 2 3 Big Data no Agroneg\u00f3cio 1 [&hellip;]<\/p>\n","protected":false},"author":3,"featured_media":0,"parent":35,"menu_order":0,"comment_status":"closed","ping_status":"closed","template":"","meta":{"_exactmetrics_skip_tracking":false,"_exactmetrics_sitenote_active":false,"_exactmetrics_sitenote_note":"","_exactmetrics_sitenote_category":0,"footnotes":"","_links_to":"","_links_to_target":""},"class_list":["post-238","page","type-page","status-publish","hentry"],"publishpress_future_action":{"enabled":false,"date":"2026-04-15 23:44:42","action":"change-status","newStatus":"draft","terms":[],"taxonomy":"","extraData":[]},"publishpress_future_workflow_manual_trigger":{"enabledWorkflows":[]},"_links":{"self":[{"href":"https:\/\/www3.unicentro.br\/vestibular\/wp-json\/wp\/v2\/pages\/238","targetHints":{"allow":["GET"]}}],"collection":[{"href":"https:\/\/www3.unicentro.br\/vestibular\/wp-json\/wp\/v2\/pages"}],"about":[{"href":"https:\/\/www3.unicentro.br\/vestibular\/wp-json\/wp\/v2\/types\/page"}],"author":[{"embeddable":true,"href":"https:\/\/www3.unicentro.br\/vestibular\/wp-json\/wp\/v2\/users\/3"}],"replies":[{"embeddable":true,"href":"https:\/\/www3.unicentro.br\/vestibular\/wp-json\/wp\/v2\/comments?post=238"}],"version-history":[{"count":2,"href":"https:\/\/www3.unicentro.br\/vestibular\/wp-json\/wp\/v2\/pages\/238\/revisions"}],"predecessor-version":[{"id":4306,"href":"https:\/\/www3.unicentro.br\/vestibular\/wp-json\/wp\/v2\/pages\/238\/revisions\/4306"}],"up":[{"embeddable":true,"href":"https:\/\/www3.unicentro.br\/vestibular\/wp-json\/wp\/v2\/pages\/35"}],"wp:attachment":[{"href":"https:\/\/www3.unicentro.br\/vestibular\/wp-json\/wp\/v2\/media?parent=238"}],"curies":[{"name":"wp","href":"https:\/\/api.w.org\/{rel}","templated":true}]}}