{"id":236,"date":"2018-06-14T14:43:54","date_gmt":"2018-06-14T17:43:54","guid":{"rendered":"https:\/\/www3.unicentro.br\/vestibular\/?page_id=236"},"modified":"2021-03-25T10:54:40","modified_gmt":"2021-03-25T13:54:40","slug":"portarias","status":"publish","type":"page","link":"https:\/\/www3.unicentro.br\/vestibular\/sisu\/portarias\/","title":{"rendered":"Portarias"},"content":{"rendered":"<div class=\"wpb-content-wrapper\"><p>[vc_row][vc_column offset=&#8221;vc_hidden-lg vc_hidden-md vc_hidden-sm&#8221;][vc_wp_custommenu nav_menu=&#8221;8&#8243; el_class=&#8221;menu-mob&#8221; title=&#8221;Sisu&#8221;][\/vc_column][\/vc_row][vc_row][vc_column][vc_column_text]<\/p>\n<ul>\n<li><a href=\"https:\/\/www2.unicentro.br\/vestibular\/files\/2014\/12\/portaria.pdf?x74243\"><strong>PORTARIA NORMATIVA N\u00ba 21, DE 5 DE NOVEMBRO DE 2012<\/strong>\u00a0\u2013 Disp\u00f5e sobre o Sistema de Sele\u00e7\u00e3o Unificada \u2013 Sisu.<\/a><\/li>\n<\/ul>\n<p>[\/vc_column_text][\/vc_column][\/vc_row]<\/p>\n<\/div>","protected":false},"excerpt":{"rendered":"<p>[vc_row][vc_column offset=&#8221;vc_hidden-lg vc_hidden-md vc_hidden-sm&#8221;][vc_wp_custommenu nav_menu=&#8221;8&#8243; el_class=&#8221;menu-mob&#8221; title=&#8221;Sisu&#8221;][\/vc_column][\/vc_row][vc_row][vc_column][vc_column_text] PORTARIA NORMATIVA N\u00ba 21, DE 5 DE NOVEMBRO DE 2012\u00a0\u2013 Disp\u00f5e sobre o Sistema de Sele\u00e7\u00e3o Unificada \u2013 Sisu. [\/vc_column_text][\/vc_column][\/vc_row]<\/p>\n","protected":false},"author":3,"featured_media":0,"parent":35,"menu_order":0,"comment_status":"closed","ping_status":"closed","template":"","meta":{"_exactmetrics_skip_tracking":false,"_exactmetrics_sitenote_active":false,"_exactmetrics_sitenote_note":"","_exactmetrics_sitenote_category":0,"footnotes":"","_links_to":"","_links_to_target":""},"class_list":["post-236","page","type-page","status-publish","hentry"],"publishpress_future_action":{"enabled":false,"date":"2026-04-15 22:31:18","action":"change-status","newStatus":"draft","terms":[],"taxonomy":"","extraData":[]},"publishpress_future_workflow_manual_trigger":{"enabledWorkflows":[]},"_links":{"self":[{"href":"https:\/\/www3.unicentro.br\/vestibular\/wp-json\/wp\/v2\/pages\/236","targetHints":{"allow":["GET"]}}],"collection":[{"href":"https:\/\/www3.unicentro.br\/vestibular\/wp-json\/wp\/v2\/pages"}],"about":[{"href":"https:\/\/www3.unicentro.br\/vestibular\/wp-json\/wp\/v2\/types\/page"}],"author":[{"embeddable":true,"href":"https:\/\/www3.unicentro.br\/vestibular\/wp-json\/wp\/v2\/users\/3"}],"replies":[{"embeddable":true,"href":"https:\/\/www3.unicentro.br\/vestibular\/wp-json\/wp\/v2\/comments?post=236"}],"version-history":[{"count":0,"href":"https:\/\/www3.unicentro.br\/vestibular\/wp-json\/wp\/v2\/pages\/236\/revisions"}],"up":[{"embeddable":true,"href":"https:\/\/www3.unicentro.br\/vestibular\/wp-json\/wp\/v2\/pages\/35"}],"wp:attachment":[{"href":"https:\/\/www3.unicentro.br\/vestibular\/wp-json\/wp\/v2\/media?parent=236"}],"curies":[{"name":"wp","href":"https:\/\/api.w.org\/{rel}","templated":true}]}}