{"id":209,"date":"2018-06-08T14:47:25","date_gmt":"2018-06-08T17:47:25","guid":{"rendered":"https:\/\/www3.unicentro.br\/vestibular\/?page_id=209"},"modified":"2023-06-14T16:26:46","modified_gmt":"2023-06-14T19:26:46","slug":"pedagogia-terra-indigena","status":"publish","type":"page","link":"https:\/\/www3.unicentro.br\/vestibular\/pedagogia-terra-indigena\/","title":{"rendered":"Vestibular Pedagogia &#8211; Terra Ind\u00edgena Rio das Cobras"},"content":{"rendered":"<div class=\"wpb-content-wrapper\"><p>[vc_row][vc_column el_class=&#8221;menu-mob&#8221; offset=&#8221;vc_hidden-lg vc_hidden-md vc_hidden-sm&#8221;][vc_wp_custommenu nav_menu=&#8221;14&#8243;][\/vc_column][\/vc_row][vc_row][vc_column width=&#8221;1\/2&#8243;][vc_single_image image=&#8221;2393&#8243; img_size=&#8221;large&#8221; alignment=&#8221;center&#8221; onclick=&#8221;custom_link&#8221; css_animation=&#8221;fadeIn&#8221;][\/vc_column][vc_column css_animation=&#8221;fadeIn&#8221; width=&#8221;1\/2&#8243; css=&#8221;.vc_custom_1680639309793{padding-top: 15px !important;padding-right: 15px !important;padding-bottom: 15px !important;padding-left: 15px !important;background-color: #f4f4f4 !important;}&#8221;][vc_btn title=&#8221;BOLETIM INFORMATIVO<br \/>\nORIENTA\u00c7\u00d5ES PARA MATR\u00cdCULA&#8221; style=&#8221;flat&#8221; shape=&#8221;square&#8221; color=&#8221;juicy-pink&#8221; align=&#8221;center&#8221; button_block=&#8221;true&#8221; link=&#8221;url:https%3A%2F%2Fwww3.unicentro.br%2Fvestibular%2Fwp-content%2Fuploads%2Fsites%2F30%2F2023%2F06%2FInformativo_02_Vestibular_Ind_gena_completo_64873fe1af181.pdf|target:_blank&#8221; css=&#8221;.vc_custom_1686770795808{margin-bottom: 30px !important;border-bottom-width: 1px !important;padding-bottom: 30px !important;border-bottom-color: #a5a5a5 !important;}&#8221;][vc_cta h2=&#8221;EDITAIS&#8221; txt_align=&#8221;center&#8221; shape=&#8221;square&#8221; style=&#8221;flat&#8221; color=&#8221;pink&#8221; el_class=&#8221;titulo&#8221;][\/vc_cta][vc_column_text]<\/p>\n<ul>\n<li><a href=\"https:\/\/www3.unicentro.br\/vestibular\/wp-content\/uploads\/sites\/30\/2023\/06\/Edital_4_2023_COORPS_Resultado_do_Processo_Seletivo_Diferenciado_para_Ind_genas_6478e3b1de657.pdf\"><strong>EDITAL N\u00ba 4\/2023 \u2013 COORPS<\/strong> &#8211; Divulga\u00e7\u00e3o do resultado oficial do Processo Seletivo Diferenciado, para ingresso de alunos no Curso de Licenciatura em Pedagogia, modalidade presencial em regime de altern\u00e2ncia, ofertado pela Unicentro<\/a><\/li>\n<li><a href=\"https:\/\/www3.unicentro.br\/vestibular\/wp-content\/uploads\/sites\/30\/2023\/05\/Edital_2_2023_COORPS_Ensalamento_do_Processo_Seletivo_Diferenciado_para_Ind_genas_64636c89a23a6.pdf\"><strong>EDITAL N\u00ba 2\/2023 \u2013 COORPS<\/strong> &#8211; Divulga o ensalamento dos candidatos ao Processo Seletivo Diferenciado, para ingresso de alunos no Curso de Licenciatura em Pedagogia, modalidade presencial em regime de altern\u00e2ncia, ofertado pela Unicentro<\/a><\/li>\n<li><a href=\"https:\/\/www3.unicentro.br\/vestibular\/wp-content\/uploads\/sites\/30\/2023\/04\/Edital_1_2023_COORPS_Processo_Seletivo_Diferenciado_para_ind_genas_642c71ad7fbee.pdf\"><strong>EDITAL N\u00ba 1\/2023 \u2013 COORPS<\/strong> &#8211; Abertura do Processo Seletivo Diferenciado, para ingresso de alunos no Curso de Licenciatura em Pedagogia, modalidade presencial em regime de altern\u00e2ncia, ofertado pela Unicentro.<\/a><\/li>\n<\/ul>\n<p>[\/vc_column_text][\/vc_column][\/vc_row]<\/p>\n<\/div>","protected":false},"excerpt":{"rendered":"<p>[vc_row][vc_column el_class=&#8221;menu-mob&#8221; offset=&#8221;vc_hidden-lg vc_hidden-md vc_hidden-sm&#8221;][vc_wp_custommenu nav_menu=&#8221;14&#8243;][\/vc_column][\/vc_row][vc_row][vc_column width=&#8221;1\/2&#8243;][vc_single_image image=&#8221;2393&#8243; img_size=&#8221;large&#8221; alignment=&#8221;center&#8221; onclick=&#8221;custom_link&#8221; css_animation=&#8221;fadeIn&#8221;][\/vc_column][vc_column css_animation=&#8221;fadeIn&#8221; width=&#8221;1\/2&#8243; css=&#8221;.vc_custom_1680639309793{padding-top: 15px !important;padding-right: 15px !important;padding-bottom: 15px !important;padding-left: 15px !important;background-color: #f4f4f4 !important;}&#8221;][vc_btn title=&#8221;BOLETIM INFORMATIVO ORIENTA\u00c7\u00d5ES PARA MATR\u00cdCULA&#8221; style=&#8221;flat&#8221; shape=&#8221;square&#8221; color=&#8221;juicy-pink&#8221; align=&#8221;center&#8221; button_block=&#8221;true&#8221; link=&#8221;url:https%3A%2F%2Fwww3.unicentro.br%2Fvestibular%2Fwp-content%2Fuploads%2Fsites%2F30%2F2023%2F06%2FInformativo_02_Vestibular_Ind_gena_completo_64873fe1af181.pdf|target:_blank&#8221; css=&#8221;.vc_custom_1686770795808{margin-bottom: 30px !important;border-bottom-width: 1px !important;padding-bottom: 30px !important;border-bottom-color: #a5a5a5 !important;}&#8221;][vc_cta h2=&#8221;EDITAIS&#8221; txt_align=&#8221;center&#8221; shape=&#8221;square&#8221; style=&#8221;flat&#8221; color=&#8221;pink&#8221; el_class=&#8221;titulo&#8221;][\/vc_cta][vc_column_text] EDITAL N\u00ba 4\/2023 \u2013 [&hellip;]<\/p>\n","protected":false},"author":3,"featured_media":0,"parent":0,"menu_order":0,"comment_status":"closed","ping_status":"closed","template":"","meta":{"_exactmetrics_skip_tracking":false,"_exactmetrics_sitenote_active":false,"_exactmetrics_sitenote_note":"","_exactmetrics_sitenote_category":0,"footnotes":"","_links_to":"","_links_to_target":""},"class_list":["post-209","page","type-page","status-publish","hentry"],"publishpress_future_action":{"enabled":false,"date":"2026-04-28 01:34:44","action":"change-status","newStatus":"draft","terms":[],"taxonomy":"","extraData":[]},"publishpress_future_workflow_manual_trigger":{"enabledWorkflows":[]},"_links":{"self":[{"href":"https:\/\/www3.unicentro.br\/vestibular\/wp-json\/wp\/v2\/pages\/209","targetHints":{"allow":["GET"]}}],"collection":[{"href":"https:\/\/www3.unicentro.br\/vestibular\/wp-json\/wp\/v2\/pages"}],"about":[{"href":"https:\/\/www3.unicentro.br\/vestibular\/wp-json\/wp\/v2\/types\/page"}],"author":[{"embeddable":true,"href":"https:\/\/www3.unicentro.br\/vestibular\/wp-json\/wp\/v2\/users\/3"}],"replies":[{"embeddable":true,"href":"https:\/\/www3.unicentro.br\/vestibular\/wp-json\/wp\/v2\/comments?post=209"}],"version-history":[{"count":0,"href":"https:\/\/www3.unicentro.br\/vestibular\/wp-json\/wp\/v2\/pages\/209\/revisions"}],"wp:attachment":[{"href":"https:\/\/www3.unicentro.br\/vestibular\/wp-json\/wp\/v2\/media?parent=209"}],"curies":[{"name":"wp","href":"https:\/\/api.w.org\/{rel}","templated":true}]}}