{"id":1454,"date":"2021-07-09T21:03:01","date_gmt":"2021-07-10T00:03:01","guid":{"rendered":"https:\/\/www3.unicentro.br\/vestibular\/?page_id=1454"},"modified":"2021-07-09T21:03:01","modified_gmt":"2021-07-10T00:03:01","slug":"cadastro-de-escolas","status":"publish","type":"page","link":"https:\/\/www3.unicentro.br\/vestibular\/pac\/cadastro-de-escolas\/","title":{"rendered":"Cadastro de Escolas"},"content":{"rendered":"<p align=\"left\">As escolas interessadas no Programa devem preencher o termo de ades\u00e3o e encaminh\u00e1-lo \u00e0 Coordenadoria Central de Processos Seletivos, Coorps, da Unicentro. Para receber os relat\u00f3rios com o desempenho dos alunos participantes do programa, devem fazer a solicita\u00e7\u00e3o, por e-mail, logo ap\u00f3s a divulga\u00e7\u00e3o dos resultados.<\/p>\n<p align=\"left\"><a href=\"https:\/\/www3.unicentro.br\/vestibular\/wp-content\/uploads\/sites\/30\/2018\/05\/TERMO_DE_ADES_O_AO_PAC.pdf\">Clique\u00a0aqui<\/a>\u00a0para fazer o download do Termo de ades\u00e3o (.pdf)<\/p>\n","protected":false},"excerpt":{"rendered":"<p>As escolas interessadas no Programa devem preencher o termo de ades\u00e3o e encaminh\u00e1-lo \u00e0 Coordenadoria Central de Processos Seletivos, Coorps, da Unicentro. Para receber os relat\u00f3rios com o desempenho dos alunos participantes do programa, devem fazer a solicita\u00e7\u00e3o, por e-mail, logo ap\u00f3s a divulga\u00e7\u00e3o dos resultados. Clique\u00a0aqui\u00a0para fazer o download do Termo de ades\u00e3o (.pdf)<\/p>\n","protected":false},"author":6,"featured_media":0,"parent":1408,"menu_order":0,"comment_status":"closed","ping_status":"closed","template":"","meta":{"_exactmetrics_skip_tracking":false,"_exactmetrics_sitenote_active":false,"_exactmetrics_sitenote_note":"","_exactmetrics_sitenote_category":0,"footnotes":"","_links_to":"","_links_to_target":""},"class_list":["post-1454","page","type-page","status-publish","hentry"],"publishpress_future_action":{"enabled":false,"date":"2026-04-27 16:04:08","action":"change-status","newStatus":"draft","terms":[],"taxonomy":"","extraData":[]},"publishpress_future_workflow_manual_trigger":{"enabledWorkflows":[]},"_links":{"self":[{"href":"https:\/\/www3.unicentro.br\/vestibular\/wp-json\/wp\/v2\/pages\/1454","targetHints":{"allow":["GET"]}}],"collection":[{"href":"https:\/\/www3.unicentro.br\/vestibular\/wp-json\/wp\/v2\/pages"}],"about":[{"href":"https:\/\/www3.unicentro.br\/vestibular\/wp-json\/wp\/v2\/types\/page"}],"author":[{"embeddable":true,"href":"https:\/\/www3.unicentro.br\/vestibular\/wp-json\/wp\/v2\/users\/6"}],"replies":[{"embeddable":true,"href":"https:\/\/www3.unicentro.br\/vestibular\/wp-json\/wp\/v2\/comments?post=1454"}],"version-history":[{"count":0,"href":"https:\/\/www3.unicentro.br\/vestibular\/wp-json\/wp\/v2\/pages\/1454\/revisions"}],"up":[{"embeddable":true,"href":"https:\/\/www3.unicentro.br\/vestibular\/wp-json\/wp\/v2\/pages\/1408"}],"wp:attachment":[{"href":"https:\/\/www3.unicentro.br\/vestibular\/wp-json\/wp\/v2\/media?parent=1454"}],"curies":[{"name":"wp","href":"https:\/\/api.w.org\/{rel}","templated":true}]}}