{"id":1451,"date":"2021-07-09T21:01:06","date_gmt":"2021-07-10T00:01:06","guid":{"rendered":"https:\/\/www3.unicentro.br\/vestibular\/?page_id=1451"},"modified":"2025-04-02T12:11:36","modified_gmt":"2025-04-02T15:11:36","slug":"reprovacao-ou-interrupcao-de-estudos","status":"publish","type":"page","link":"https:\/\/www3.unicentro.br\/vestibular\/pac\/reprovacao-ou-interrupcao-de-estudos\/","title":{"rendered":"Reprova\u00e7\u00e3o ou Interrup\u00e7\u00e3o de estudos"},"content":{"rendered":"<p>No in\u00edcio do ano letivo, em caso de reprova\u00e7\u00e3o ou interrup\u00e7\u00e3o de estudos, o candidato deve comunicar \u00e0 Unicentro por meio do endere\u00e7o <strong><em><a href=\"http:\/\/www.unicentro.br\/protocolo\" target=\"_blank\" rel=\"noopener\">www.unicentro.br\/protocolo<\/a><\/em><\/strong>, encaminhando \u00e0 Coordenadoria Central de Processos Seletivos.<\/p>\n<p>Quando reprovado na s\u00e9rie regular, o candidato pode optar por manter a nota obtida na prova referente \u00e0 s\u00e9rie cursada ou por refazer a prova.<\/p>\n<p><strong>Quando houver interrup\u00e7\u00e3o de estudos, por no m\u00e1ximo um ano letivo, o aluno protocoliza solicita\u00e7\u00e3o<\/strong> para que a pontua\u00e7\u00e3o j\u00e1 obtida fique arquivada no banco de dados da Coordenadoria Central de Processos Seletivos, pelo prazo de um ano, para complementa\u00e7\u00e3o do PAC, quando da continuidade de seus estudos na s\u00e9rie subsequente.<\/p>\n<p>O candidato \u00e9 exclu\u00eddo do PAC, ap\u00f3s a decorr\u00eancia do prazo da interrup\u00e7\u00e3o de estudos e\/ou por ter mais de uma reprova\u00e7\u00e3o nas s\u00e9ries durante as tr\u00eas etapas do programa.<\/p>\n","protected":false},"excerpt":{"rendered":"<p>No in\u00edcio do ano letivo, em caso de reprova\u00e7\u00e3o ou interrup\u00e7\u00e3o de estudos, o candidato deve comunicar \u00e0 Unicentro por meio do endere\u00e7o www.unicentro.br\/protocolo, encaminhando \u00e0 Coordenadoria Central de Processos Seletivos. Quando reprovado na s\u00e9rie regular, o candidato pode optar por manter a nota obtida na prova referente \u00e0 s\u00e9rie cursada ou por refazer a [&hellip;]<\/p>\n","protected":false},"author":6,"featured_media":0,"parent":1408,"menu_order":0,"comment_status":"closed","ping_status":"closed","template":"","meta":{"_exactmetrics_skip_tracking":false,"_exactmetrics_sitenote_active":false,"_exactmetrics_sitenote_note":"","_exactmetrics_sitenote_category":0,"footnotes":"","_links_to":"","_links_to_target":""},"class_list":["post-1451","page","type-page","status-publish","hentry"],"publishpress_future_action":{"enabled":false,"date":"2026-04-15 01:12:15","action":"change-status","newStatus":"draft","terms":[],"taxonomy":"","extraData":[]},"publishpress_future_workflow_manual_trigger":{"enabledWorkflows":[]},"_links":{"self":[{"href":"https:\/\/www3.unicentro.br\/vestibular\/wp-json\/wp\/v2\/pages\/1451","targetHints":{"allow":["GET"]}}],"collection":[{"href":"https:\/\/www3.unicentro.br\/vestibular\/wp-json\/wp\/v2\/pages"}],"about":[{"href":"https:\/\/www3.unicentro.br\/vestibular\/wp-json\/wp\/v2\/types\/page"}],"author":[{"embeddable":true,"href":"https:\/\/www3.unicentro.br\/vestibular\/wp-json\/wp\/v2\/users\/6"}],"replies":[{"embeddable":true,"href":"https:\/\/www3.unicentro.br\/vestibular\/wp-json\/wp\/v2\/comments?post=1451"}],"version-history":[{"count":2,"href":"https:\/\/www3.unicentro.br\/vestibular\/wp-json\/wp\/v2\/pages\/1451\/revisions"}],"predecessor-version":[{"id":3854,"href":"https:\/\/www3.unicentro.br\/vestibular\/wp-json\/wp\/v2\/pages\/1451\/revisions\/3854"}],"up":[{"embeddable":true,"href":"https:\/\/www3.unicentro.br\/vestibular\/wp-json\/wp\/v2\/pages\/1408"}],"wp:attachment":[{"href":"https:\/\/www3.unicentro.br\/vestibular\/wp-json\/wp\/v2\/media?parent=1451"}],"curies":[{"name":"wp","href":"https:\/\/api.w.org\/{rel}","templated":true}]}}