{"id":1431,"date":"2021-07-09T20:31:00","date_gmt":"2021-07-09T23:31:00","guid":{"rendered":"https:\/\/www3.unicentro.br\/vestibular\/?page_id=1431"},"modified":"2026-03-23T22:18:52","modified_gmt":"2026-03-24T01:18:52","slug":"provas","status":"publish","type":"page","link":"https:\/\/www3.unicentro.br\/vestibular\/pac\/provas\/","title":{"rendered":"Provas"},"content":{"rendered":"<div class=\"wpb-content-wrapper\"><p>[vc_row][vc_column][vc_column_text css=&#8221;&#8221;]<strong>DATA DAS PROVAS<\/strong><br \/>\n<span style=\"color: #ff0000\"><strong>Dia 20 de setembro de 2026.<\/strong><\/span><\/p>\n<p><strong>COMPOSI\u00c7\u00c3O DAS PROVAS<\/strong><\/p>\n<p><strong>PAC I<\/strong><br \/>\nAvalia o conhecimento do candidato em rela\u00e7\u00e3o ao ensino ministrado na primeira s\u00e9rie do Ensino M\u00e9dio:<\/p>\n<table style=\"width: 100%\" width=\"100%\">\n<thead>\n<tr>\n<td style=\"width: 44.621%\"><b>PROVAS<\/b><\/td>\n<td style=\"width: 27.0172%\"><b>N\u00ba DE QUEST\u00d5ES<\/b><\/td>\n<td style=\"width: 27.1394%\"><b>VALOR\/PONTOS<\/b><\/td>\n<\/tr>\n<\/thead>\n<tbody>\n<tr>\n<td style=\"width: 44.621%\">Reda\u00e7\u00e3o<br \/>\nArte<br \/>\nBiologia<br \/>\nEduca\u00e7\u00e3o F\u00edsica<br \/>\nFilosofia<br \/>\nF\u00edsica<br \/>\nGeografia<br \/>\nHist\u00f3ria<br \/>\nL\u00edngua Portuguesa<br \/>\nIngl\u00eas<br \/>\nMatem\u00e1tica<br \/>\nQu\u00edmica<\/td>\n<td style=\"text-align: center;width: 27.0172%\">&#8212;<br \/>\n03<br \/>\n05<br \/>\n04<br \/>\n03<br \/>\n05<br \/>\n04<br \/>\n04<br \/>\n06<br \/>\n05<br \/>\n06<br \/>\n05<\/td>\n<td style=\"text-align: center;width: 27.1394%\">20,0<br \/>\n4,8<br \/>\n8,0<br \/>\n6,4<br \/>\n4,8<br \/>\n8,0<br \/>\n6,4<br \/>\n6,4<br \/>\n9,6<br \/>\n8,0<br \/>\n9,6<br \/>\n8,0<\/td>\n<\/tr>\n<tr>\n<td style=\"width: 44.621%\"><b>VALOR M\u00c1XIMO DO PAC I<\/b><\/td>\n<td style=\"text-align: center;width: 27.0172%\"><\/td>\n<td style=\"text-align: center;width: 27.1394%\"><b>100<\/b><\/td>\n<\/tr>\n<\/tbody>\n<\/table>\n<p><strong>PAC II<\/strong><br \/>\nAvalia o conhecimento do candidato em rela\u00e7\u00e3o ao ensino ministrado na segunda s\u00e9rie do Novo Ensino M\u00e9dio:<\/p>\n<table style=\"width: 100%\" width=\"100%\">\n<thead>\n<tr>\n<td style=\"width: 44.9878%\"><b>PROVAS<\/b><\/td>\n<td style=\"width: 26.6504%\"><b>N\u00ba DE QUEST\u00d5ES<\/b><\/td>\n<td style=\"width: 27.1394%\"><b>VALOR\/PONTOS<\/b><\/td>\n<\/tr>\n<\/thead>\n<tbody>\n<tr>\n<td style=\"width: 44.9878%\">Reda\u00e7\u00e3o<br \/>\nBiologia<br \/>\nGeografia<br \/>\nHist\u00f3ria<br \/>\nL\u00edngua Portuguesa<br \/>\nIngl\u00eas<br \/>\nMatem\u00e1tica<br \/>\nQu\u00edmica<br \/>\nSociologia<\/td>\n<td style=\"text-align: center;width: 26.6504%\">&#8212;<br \/>\n06<br \/>\n06<br \/>\n06<br \/>\n07<br \/>\n06<br \/>\n07<br \/>\n06<br \/>\n06<\/td>\n<td style=\"text-align: center;width: 27.1394%\">20,0<br \/>\n9,6<br \/>\n9,6<br \/>\n9,6<br \/>\n11,2<br \/>\n9,6<br \/>\n11,2<br \/>\n9,6<br \/>\n9,6<\/td>\n<\/tr>\n<tr>\n<td style=\"width: 44.9878%\"><b>VALOR M\u00c1XIMO DO PAC II<\/b><\/td>\n<td style=\"text-align: center;width: 26.6504%\"><\/td>\n<td style=\"text-align: center;width: 27.1394%\"><b>100<\/b><\/td>\n<\/tr>\n<\/tbody>\n<\/table>\n<p><strong><b>PAC III (NOVO)<\/b><\/strong><br \/>\nAs provas do PAC III s\u00e3o elaboradas com conte\u00fados ministrados na terceira s\u00e9rie do Ensino M\u00e9dio e s\u00e3o constitu\u00eddas conforme o quadro seguinte:<\/p>\n<table width=\"100%\">\n<thead>\n<tr>\n<td><b>PROVAS<\/b><\/td>\n<td><b>N\u00ba DE QUEST\u00d5ES<\/b><\/td>\n<td><b>VALOR\/PONTOS<\/b><\/td>\n<\/tr>\n<\/thead>\n<tbody>\n<tr>\n<td>\n<p class=\"western\" lang=\"en-US\" style=\"text-align: left\" align=\"center\"><span style=\"font-family: Arial, sans-serif\"><span style=\"font-size: medium\">Reda\u00e7\u00e3o<\/span><\/span><\/p>\n<p class=\"western\" lang=\"en-US\" style=\"text-align: left\" align=\"center\"><span style=\"font-family: Arial, sans-serif\"><span style=\"font-size: medium\">Educa\u00e7\u00e3o F\u00edsica<\/span><\/span><\/p>\n<p class=\"western\" lang=\"en-US\" style=\"text-align: left\" align=\"center\"><span style=\"font-family: Arial, sans-serif\"><span style=\"font-size: medium\">F\u00edsica<\/span><\/span><\/p>\n<p class=\"western\" lang=\"en-US\" style=\"text-align: left\" align=\"center\"><span style=\"font-family: Arial, sans-serif\"><span style=\"font-size: medium\">L\u00edngua Portuguesa<\/span><\/span><\/p>\n<p class=\"western\" lang=\"en-US\" style=\"text-align: left\" align=\"center\"><span style=\"font-family: Arial, sans-serif\"><span style=\"font-size: medium\">Matem\u00e1tica<\/span><\/span><\/p>\n<\/td>\n<td style=\"text-align: center\">\n<p class=\"western\" lang=\"en-US\" align=\"center\"><span style=\"font-family: Arial, sans-serif\"><span style=\"font-size: medium\">&#8212;<\/span><\/span><\/p>\n<p class=\"western\" lang=\"en-US\" align=\"center\"><span style=\"font-family: Arial, sans-serif\"><span style=\"font-size: medium\">05<\/span><\/span><\/p>\n<p class=\"western\" lang=\"en-US\" align=\"center\"><span style=\"font-family: Arial, sans-serif\"><span style=\"font-size: medium\">15<\/span><\/span><\/p>\n<p class=\"western\" lang=\"en-US\" align=\"center\"><span style=\"font-family: Arial, sans-serif\"><span style=\"font-size: medium\">15<\/span><\/span><\/p>\n<p class=\"western\" lang=\"en-US\" align=\"center\"><span style=\"font-family: Arial, sans-serif\"><span style=\"font-size: medium\">15<\/span><\/span><\/p>\n<\/td>\n<td>\n<p class=\"western\" lang=\"en-US\" align=\"center\"><span style=\"font-family: Arial, sans-serif\"><span style=\"font-size: medium\">20,0<\/span><\/span><\/p>\n<p class=\"western\" lang=\"en-US\" align=\"center\"><span style=\"font-family: Arial, sans-serif\"><span style=\"font-size: medium\">8,0<\/span><\/span><\/p>\n<p class=\"western\" lang=\"en-US\" align=\"center\"><span style=\"font-family: Arial, sans-serif\"><span style=\"font-size: medium\">24,0<\/span><\/span><\/p>\n<p class=\"western\" lang=\"en-US\" align=\"center\"><span style=\"font-family: Arial, sans-serif\"><span style=\"font-size: medium\">24,0<\/span><\/span><\/p>\n<p class=\"western\" lang=\"en-US\" align=\"center\"><span style=\"font-family: Arial, sans-serif\"><span style=\"font-size: medium\">24,0<\/span><\/span><\/p>\n<\/td>\n<\/tr>\n<tr>\n<td><b>VALOR M\u00c1XIMO DO PAC III<\/b><\/td>\n<td style=\"text-align: center\"><\/td>\n<td style=\"text-align: center\"><b>100<\/b><\/td>\n<\/tr>\n<\/tbody>\n<\/table>\n<p>[\/vc_column_text][\/vc_column][\/vc_row]<\/p>\n<\/div>","protected":false},"excerpt":{"rendered":"<p>[vc_row][vc_column][vc_column_text css=&#8221;&#8221;]DATA DAS PROVAS Dia 20 de setembro de 2026. COMPOSI\u00c7\u00c3O DAS PROVAS PAC I Avalia o conhecimento do candidato em rela\u00e7\u00e3o ao ensino ministrado na primeira s\u00e9rie do Ensino M\u00e9dio: PROVAS N\u00ba DE QUEST\u00d5ES VALOR\/PONTOS Reda\u00e7\u00e3o Arte Biologia Educa\u00e7\u00e3o F\u00edsica Filosofia F\u00edsica Geografia Hist\u00f3ria L\u00edngua Portuguesa Ingl\u00eas Matem\u00e1tica Qu\u00edmica &#8212; 03 05 04 03 [&hellip;]<\/p>\n","protected":false},"author":6,"featured_media":0,"parent":1408,"menu_order":0,"comment_status":"closed","ping_status":"closed","template":"","meta":{"_exactmetrics_skip_tracking":false,"_exactmetrics_sitenote_active":false,"_exactmetrics_sitenote_note":"","_exactmetrics_sitenote_category":0,"footnotes":"","_links_to":"","_links_to_target":""},"class_list":["post-1431","page","type-page","status-publish","hentry"],"publishpress_future_action":{"enabled":false,"date":"2026-04-15 02:43:01","action":"change-status","newStatus":"draft","terms":[],"taxonomy":"","extraData":[]},"publishpress_future_workflow_manual_trigger":{"enabledWorkflows":[]},"_links":{"self":[{"href":"https:\/\/www3.unicentro.br\/vestibular\/wp-json\/wp\/v2\/pages\/1431","targetHints":{"allow":["GET"]}}],"collection":[{"href":"https:\/\/www3.unicentro.br\/vestibular\/wp-json\/wp\/v2\/pages"}],"about":[{"href":"https:\/\/www3.unicentro.br\/vestibular\/wp-json\/wp\/v2\/types\/page"}],"author":[{"embeddable":true,"href":"https:\/\/www3.unicentro.br\/vestibular\/wp-json\/wp\/v2\/users\/6"}],"replies":[{"embeddable":true,"href":"https:\/\/www3.unicentro.br\/vestibular\/wp-json\/wp\/v2\/comments?post=1431"}],"version-history":[{"count":3,"href":"https:\/\/www3.unicentro.br\/vestibular\/wp-json\/wp\/v2\/pages\/1431\/revisions"}],"predecessor-version":[{"id":4780,"href":"https:\/\/www3.unicentro.br\/vestibular\/wp-json\/wp\/v2\/pages\/1431\/revisions\/4780"}],"up":[{"embeddable":true,"href":"https:\/\/www3.unicentro.br\/vestibular\/wp-json\/wp\/v2\/pages\/1408"}],"wp:attachment":[{"href":"https:\/\/www3.unicentro.br\/vestibular\/wp-json\/wp\/v2\/media?parent=1431"}],"curies":[{"name":"wp","href":"https:\/\/api.w.org\/{rel}","templated":true}]}}