{"id":1428,"date":"2021-07-09T20:28:03","date_gmt":"2021-07-09T23:28:03","guid":{"rendered":"https:\/\/www3.unicentro.br\/vestibular\/?page_id=1428"},"modified":"2026-03-23T22:18:20","modified_gmt":"2026-03-24T01:18:20","slug":"isencao-da-taxa-de-inscricao","status":"publish","type":"page","link":"https:\/\/www3.unicentro.br\/vestibular\/pac\/isencao-da-taxa-de-inscricao\/","title":{"rendered":"Isen\u00e7\u00e3o da taxa de inscri\u00e7\u00e3o"},"content":{"rendered":"<div class=\"wpb-content-wrapper\"><p>[vc_row][vc_column][vc_column_text css=&#8221;&#8221;]<strong>REQUISITO PARA SOLICITAR A ISEN\u00c7\u00c3O AO PAC<\/strong><\/p>\n<p>Para requerer a isen\u00e7\u00e3o da taxa de inscri\u00e7\u00e3o o candidato deve estar cursando integralmente o Ensino M\u00e9dio em institui\u00e7\u00e3o p\u00fablica de ensino.<\/p>\n<p>[\/vc_column_text][vc_message message_box_color=&#8221;danger&#8221; css=&#8221;&#8221;]<span style=\"color: #ff0000;font-size: 12pt\"><strong>DOCUMENTA\u00c7\u00c3O NECESS\u00c1RIA<\/strong><\/span><\/p>\n<p>Os documentos, abaixo relacionados, devem ser salvos no formato PDF para serem anexados ao processo:<\/p>\n<p style=\"padding-left: 40px\">I. declara\u00e7\u00e3o expedida pelo estabelecimento de ensino informando que o requerente est\u00e1 regularmente matriculado no Ensino M\u00e9dio, na s\u00e9rie correspondente \u00e0 etapa do Programa;<br \/>\nII. C\u00e9dula de Identidade do requerente;<br \/>\nIII. comprovantes de renda de todos os membros da fam\u00edlia, que residem com o requerente, maiores de dezesseis anos, inclusive do requerente (contracheque, holerite, declara\u00e7\u00e3o ou Carteira de Trabalho \u2013 p\u00e1gina de identifica\u00e7\u00e3o e p\u00e1gina de contrato, com sal\u00e1rio vigente);<br \/>\nIV. declara\u00e7\u00e3o assinada pelo declarante e por duas testemunhas daqueles que nunca trabalharam ou se encontram sem emprego e que residem com o requerente.<\/p>\n<p style=\"padding-left: 40px\"><span style=\"color: #ff0000\"><strong>Requerimentos protocolizados sem a documenta\u00e7\u00e3o exigida ou fora do prazo para requerer a isen\u00e7\u00e3o ser\u00e3o indeferidos.<\/strong><\/span><\/p>\n<p>[\/vc_message][vc_column_text css=&#8221;&#8221;]<strong>ETAPAS A SEREM SEGUIDAS<\/strong><\/p>\n<p>A solicita\u00e7\u00e3o deve ser feita de<strong> 18 de maio a 1\u00ba de junho de 2026<\/strong><br \/>\nO interessado deve acessar o endere\u00e7o <a href=\"https:\/\/www3.unicentro.br\/protocolo\/\">www3.unicentro.br\/protocolo<\/a>, e seguir as etapas descritas abaixo:<\/p>\n<ol>\n<li>Clique em FAZER SOLICITA\u00c7\u00c3O.<\/li>\n<li>Preencha os dados solicitados.<\/li>\n<li>Clique em PR\u00d3XIMO.<\/li>\n<li>Em TIPO DO PROCESSO, selecione a op\u00e7\u00e3o ISEN\u00c7\u00c3O DE TAXA PAC.<\/li>\n<li>Leia, atentamente, as orienta\u00e7\u00f5es.<\/li>\n<li>Em SOLICITA\u00c7\u00c3O, preencha com o texto seguinte: \u201cRequer a isen\u00e7\u00e3o da taxa de inscri\u00e7\u00e3o ao PAC.\u201d<\/li>\n<li>Em QUESTION\u00c1RIO, preencha, corretamente, todas as informa\u00e7\u00f5es solicitadas.<\/li>\n<li>Clique em PR\u00d3XIMO.<\/li>\n<li>Observe quais documentos s\u00e3o necess\u00e1rios para serem anexados.<\/li>\n<li>Na aba ANEXOS, em T\u00cdTULO, escreva o nome do documento que ser\u00e1 anexado.<\/li>\n<li>Lembre-se que o formato de todos os documentos solicitados deve ser em PDF.<\/li>\n<li>A cada documento anexado, voc\u00ea deve clicar em ENVIAR.<\/li>\n<li>Ap\u00f3s incluir todos os documentos solicitados, confira na BANDEJA DE ARQUIVOS, se toda a documenta\u00e7\u00e3o necess\u00e1ria est\u00e1 anexada.<\/li>\n<li>Estando tudo correto, clique em PROTOCOLAR.<\/li>\n<li>Ap\u00f3s o processo ser autuado pela Unicentro, ser\u00e1 enviado um e-mail com o n\u00famero de protocolo.<\/li>\n<\/ol>\n<p><strong>RESULTADO<\/strong><\/p>\n<p class=\"western\" align=\"justify\"><span style=\"font-size: medium\"><span style=\"color: #000000\"><span style=\"font-family: Open Sans, sans-serif\">O edital <\/span><\/span><span style=\"color: #000000\"><span style=\"font-family: Open Sans, sans-serif\">dos beneficiados com a isen\u00e7\u00e3o da taxa de inscri\u00e7\u00e3o ser\u00e1 publicad<\/span><\/span><span style=\"color: #000000\"><span style=\"font-family: Open Sans, sans-serif\">o<\/span><\/span><span style=\"color: #000000\"><span style=\"font-family: Open Sans, sans-serif\"> at\u00e9 o dia <\/span><\/span><span style=\"color: #000000\"><span style=\"font-family: Open Sans, sans-serif\"><span lang=\"pt-BR\"><b>26 de junho<\/b><\/span><\/span><\/span><span style=\"color: #000000\"><span style=\"font-family: Open Sans, sans-serif\"><b> de 202<\/b><\/span><\/span><span style=\"color: #000000\"><span style=\"font-family: Open Sans, sans-serif\"><b>6.<\/b><\/span><\/span><\/span><\/p>\n<p class=\"western\" align=\"justify\"><span style=\"color: #000000\"><span style=\"font-family: Open Sans, sans-serif\"><span style=\"font-size: medium\">O candidato beneficiado deve fazer a inscri\u00e7\u00e3o <\/span><\/span><\/span><span style=\"color: #000000\"><span style=\"font-family: Open Sans, sans-serif\"><span style=\"font-size: medium\">ao PAC<\/span><\/span><\/span><span style=\"color: #000000\"><span style=\"font-family: Open Sans, sans-serif\"><span style=\"font-size: medium\"> pela internet, <\/span><\/span><\/span><span style=\"color: #000000\"><span style=\"font-family: Open Sans, sans-serif\"><span style=\"font-size: medium\">no endere\u00e7o <\/span><\/span><\/span><a href=\"http:\/\/www.unicentro.br\/\">www.unicentro.br<\/a><span style=\"color: #000000\"><span style=\"font-family: Open Sans, sans-serif\"><span style=\"font-size: medium\">, <\/span><\/span><\/span><span style=\"color: #000000\"><span style=\"font-family: Open Sans, sans-serif\"><span style=\"font-size: medium\">at\u00e9 o dia <\/span><\/span><\/span><span style=\"color: #000000\"><span style=\"font-family: Open Sans, sans-serif\"><span style=\"font-size: medium\"><span lang=\"pt-BR\"><b>20 de julho <\/b><\/span><\/span><\/span><\/span><span style=\"color: #000000\"><span style=\"font-family: Open Sans, sans-serif\"><span style=\"font-size: medium\"><b>de 202<\/b><\/span><\/span><\/span><span style=\"color: #000000\"><span style=\"font-family: Open Sans, sans-serif\"><span style=\"font-size: medium\"><b>6<\/b><\/span><\/span><\/span><span style=\"color: #000000\"><span style=\"font-family: Open Sans, sans-serif\"><span style=\"font-size: medium\"><b>.<\/b><\/span><\/span><\/span><\/p>\n<p>[\/vc_column_text][vc_btn title=&#8221;Modelos de declara\u00e7\u00e3o&#8221; color=&#8221;pink&#8221; css=&#8221;&#8221; link=&#8221;url:https%3A%2F%2Fwww3.unicentro.br%2Fvestibular%2Fwp-content%2Fuploads%2Fsites%2F30%2F2024%2F05%2FMODELOS_DE_DECLARA_O_6656143891baa.pdf&#8221;][\/vc_column][\/vc_row]<\/p>\n<\/div>","protected":false},"excerpt":{"rendered":"<p>[vc_row][vc_column][vc_column_text css=&#8221;&#8221;]REQUISITO PARA SOLICITAR A ISEN\u00c7\u00c3O AO PAC Para requerer a isen\u00e7\u00e3o da taxa de inscri\u00e7\u00e3o o candidato deve estar cursando integralmente o Ensino M\u00e9dio em institui\u00e7\u00e3o p\u00fablica de ensino. [\/vc_column_text][vc_message message_box_color=&#8221;danger&#8221; css=&#8221;&#8221;]DOCUMENTA\u00c7\u00c3O NECESS\u00c1RIA Os documentos, abaixo relacionados, devem ser salvos no formato PDF para serem anexados ao processo: I. declara\u00e7\u00e3o expedida pelo estabelecimento de [&hellip;]<\/p>\n","protected":false},"author":6,"featured_media":0,"parent":1408,"menu_order":0,"comment_status":"closed","ping_status":"closed","template":"","meta":{"_exactmetrics_skip_tracking":false,"_exactmetrics_sitenote_active":false,"_exactmetrics_sitenote_note":"","_exactmetrics_sitenote_category":0,"footnotes":"","_links_to":"","_links_to_target":""},"class_list":["post-1428","page","type-page","status-publish","hentry"],"publishpress_future_action":{"enabled":false,"date":"2026-04-19 10:20:26","action":"change-status","newStatus":"draft","terms":[],"taxonomy":"","extraData":[]},"publishpress_future_workflow_manual_trigger":{"enabledWorkflows":[]},"_links":{"self":[{"href":"https:\/\/www3.unicentro.br\/vestibular\/wp-json\/wp\/v2\/pages\/1428","targetHints":{"allow":["GET"]}}],"collection":[{"href":"https:\/\/www3.unicentro.br\/vestibular\/wp-json\/wp\/v2\/pages"}],"about":[{"href":"https:\/\/www3.unicentro.br\/vestibular\/wp-json\/wp\/v2\/types\/page"}],"author":[{"embeddable":true,"href":"https:\/\/www3.unicentro.br\/vestibular\/wp-json\/wp\/v2\/users\/6"}],"replies":[{"embeddable":true,"href":"https:\/\/www3.unicentro.br\/vestibular\/wp-json\/wp\/v2\/comments?post=1428"}],"version-history":[{"count":4,"href":"https:\/\/www3.unicentro.br\/vestibular\/wp-json\/wp\/v2\/pages\/1428\/revisions"}],"predecessor-version":[{"id":4779,"href":"https:\/\/www3.unicentro.br\/vestibular\/wp-json\/wp\/v2\/pages\/1428\/revisions\/4779"}],"up":[{"embeddable":true,"href":"https:\/\/www3.unicentro.br\/vestibular\/wp-json\/wp\/v2\/pages\/1408"}],"wp:attachment":[{"href":"https:\/\/www3.unicentro.br\/vestibular\/wp-json\/wp\/v2\/media?parent=1428"}],"curies":[{"name":"wp","href":"https:\/\/api.w.org\/{rel}","templated":true}]}}