{"id":1425,"date":"2021-07-09T20:21:34","date_gmt":"2021-07-09T23:21:34","guid":{"rendered":"https:\/\/www3.unicentro.br\/vestibular\/?page_id=1425"},"modified":"2026-03-23T22:15:34","modified_gmt":"2026-03-24T01:15:34","slug":"inscricoes","status":"publish","type":"page","link":"https:\/\/www3.unicentro.br\/vestibular\/pac\/inscricoes\/","title":{"rendered":"Prazo de inscri\u00e7\u00f5es"},"content":{"rendered":"<div class=\"wpb-content-wrapper\"><p>[vc_row][vc_column][vc_column_text css=&#8221;&#8221;]<strong>PER\u00cdODO<\/strong><\/p>\n<p><span style=\"color: #ff0000\"><strong>De 8 de junho a 20 de julho de 2026<\/strong><\/span>, exclusivamente pela internet, pelo endere\u00e7o eletr\u00f4nico <a href=\"https:\/\/sguweb.unicentro.br\/pacinscricoes\/inicio\">https:\/\/sguweb.unicentro.br\/pacinscricoes\/inicio<\/a>. O candidato preenche online a inscri\u00e7\u00e3o e, na sequ\u00eancia, imprime o boleto banc\u00e1rio para pagamento do valor da inscri\u00e7\u00e3o.<br \/>\nPara realizar a inscri\u00e7\u00e3o \u00e9 necess\u00e1rio o documento de identidade oficial e o CPF. No dia das provas, o candidato deve apresentar documento de identidade oficial, com validade nacional, contendo foto.[\/vc_column_text][\/vc_column][\/vc_row]<\/p>\n<\/div>","protected":false},"excerpt":{"rendered":"<p>[vc_row][vc_column][vc_column_text css=&#8221;&#8221;]PER\u00cdODO De 8 de junho a 20 de julho de 2026, exclusivamente pela internet, pelo endere\u00e7o eletr\u00f4nico https:\/\/sguweb.unicentro.br\/pacinscricoes\/inicio. O candidato preenche online a inscri\u00e7\u00e3o e, na sequ\u00eancia, imprime o boleto banc\u00e1rio para pagamento do valor da inscri\u00e7\u00e3o. Para realizar a inscri\u00e7\u00e3o \u00e9 necess\u00e1rio o documento de identidade oficial e o CPF. No dia das [&hellip;]<\/p>\n","protected":false},"author":6,"featured_media":0,"parent":1408,"menu_order":0,"comment_status":"closed","ping_status":"closed","template":"","meta":{"_exactmetrics_skip_tracking":false,"_exactmetrics_sitenote_active":false,"_exactmetrics_sitenote_note":"","_exactmetrics_sitenote_category":0,"footnotes":"","_links_to":"","_links_to_target":""},"class_list":["post-1425","page","type-page","status-publish","hentry"],"publishpress_future_action":{"enabled":false,"date":"2026-04-27 12:37:17","action":"change-status","newStatus":"draft","terms":[],"taxonomy":"","extraData":[]},"publishpress_future_workflow_manual_trigger":{"enabledWorkflows":[]},"_links":{"self":[{"href":"https:\/\/www3.unicentro.br\/vestibular\/wp-json\/wp\/v2\/pages\/1425","targetHints":{"allow":["GET"]}}],"collection":[{"href":"https:\/\/www3.unicentro.br\/vestibular\/wp-json\/wp\/v2\/pages"}],"about":[{"href":"https:\/\/www3.unicentro.br\/vestibular\/wp-json\/wp\/v2\/types\/page"}],"author":[{"embeddable":true,"href":"https:\/\/www3.unicentro.br\/vestibular\/wp-json\/wp\/v2\/users\/6"}],"replies":[{"embeddable":true,"href":"https:\/\/www3.unicentro.br\/vestibular\/wp-json\/wp\/v2\/comments?post=1425"}],"version-history":[{"count":4,"href":"https:\/\/www3.unicentro.br\/vestibular\/wp-json\/wp\/v2\/pages\/1425\/revisions"}],"predecessor-version":[{"id":4777,"href":"https:\/\/www3.unicentro.br\/vestibular\/wp-json\/wp\/v2\/pages\/1425\/revisions\/4777"}],"up":[{"embeddable":true,"href":"https:\/\/www3.unicentro.br\/vestibular\/wp-json\/wp\/v2\/pages\/1408"}],"wp:attachment":[{"href":"https:\/\/www3.unicentro.br\/vestibular\/wp-json\/wp\/v2\/media?parent=1425"}],"curies":[{"name":"wp","href":"https:\/\/api.w.org\/{rel}","templated":true}]}}