{"id":119,"date":"2018-05-28T17:21:34","date_gmt":"2018-05-28T20:21:34","guid":{"rendered":"https:\/\/www3.unicentro.br\/vestibular\/?page_id=119"},"modified":"2025-07-17T11:26:40","modified_gmt":"2025-07-17T14:26:40","slug":"atendimento-especial","status":"publish","type":"page","link":"https:\/\/www3.unicentro.br\/vestibular\/unicentro\/atendimento-especial\/","title":{"rendered":"Atendimento Diferenciado"},"content":{"rendered":"<div class=\"wpb-content-wrapper\"><p>[vc_row][vc_column][vc_column_text css=&#8221;&#8221;]<strong>PROCEDIMENTOS PARA A SOLICITA\u00c7\u00c3O<\/strong><br \/>\nO candidato deve requerer \u00e0 Coordenadoria Central de Processos Seletivos, at\u00e9 o \u00faltimo dia de inscri\u00e7\u00e3o, pelo endere\u00e7o <a href=\"https:\/\/www3.unicentro.br\/protocolo\/\" target=\"_blank\" rel=\"noopener\"><strong><em>www.unicentro.br\/protocolo<\/em><\/strong><\/a> selecionando o tipo de processo pr\u00f3prio, a partir da op\u00e7\u00e3o \u201cAtendimento especial para Vestibular\u201d.<\/p>\n<p>Candidato que, ap\u00f3s o encerramento do prazo para solicitar atendimento diferenciado, sofrer alguma situa\u00e7\u00e3o de emerg\u00eancia, que exija atendimento especializado no dia das provas, somente ser\u00e1 atendido se comprovar que o fato ocorreu ap\u00f3s o per\u00edodo para solicita\u00e7\u00e3o, obedecendo a crit\u00e9rios de viabilidade e de razoabilidade.<\/p>\n<table style=\"width: 100%;border-collapse: collapse;background-color: #fff28c\" border=\"1\">\n<tbody>\n<tr>\n<td style=\"width: 100%\">N\u00e3o ser\u00e1 concedido atendimento diferenciado a candidatos com defici\u00eancia e necessidades especiais que n\u00e3o formalizarem a solicita\u00e7\u00e3o dentro do prazo determinado.<\/td>\n<\/tr>\n<\/tbody>\n<\/table>\n<p><strong>1. CANDIDATO COM NECESSIDADES ESPECIAIS<\/strong><br \/>\nA solicita\u00e7\u00e3o deve ser feita indicando:<\/p>\n<ul>\n<li>a defici\u00eancia ou condi\u00e7\u00e3o especial que motivou a solicita\u00e7\u00e3o;<\/li>\n<li>o aux\u00edlio ou recurso de acessibilidade necess\u00e1rio para a realiza\u00e7\u00e3o das provas.<\/li>\n<\/ul>\n<table style=\"width: 100%;border-collapse: collapse;background-color: #cfcfcf\" border=\"1\">\n<tbody>\n<tr>\n<td style=\"width: 100%\">Obrigatoriamente deve ser anexado laudo m\u00e9dico, contendo:<\/p>\n<ol style=\"list-style-type: upper-roman\">\n<li>a assinatura do m\u00e9dico;<\/li>\n<li>o carimbo e n\u00famero de sua inscri\u00e7\u00e3o no Conselho Regional Profissional respectivo;<\/li>\n<li>o c\u00f3digo da Classifica\u00e7\u00e3o Internacional de Doen\u00e7as \u2013 CID, que ateste a esp\u00e9cie e o grau ou o n\u00edvel da defici\u00eancia do candidato.<\/li>\n<\/ol>\n<p>O documento anexado deve estar no formato pdf.<\/td>\n<\/tr>\n<\/tbody>\n<\/table>\n<p>Em conformidade com a legisla\u00e7\u00e3o em vigor, os candidatos com defici\u00eancia t\u00eam a dura\u00e7\u00e3o das provas ampliada em at\u00e9 sessenta minutos, desde que solicite e comprove, por meio de parecer do profissional de sa\u00fade, a sua condi\u00e7\u00e3o que justifique a necessidade de tempo adicional.<\/p>\n<p>Candidatos com defici\u00eancia motora grave nos membros superiores, defici\u00eancia auditiva, que necessitam de int\u00e9rprete de LIBRAS ou com defici\u00eancia visual total, podem ter a dura\u00e7\u00e3o das provas ampliadas em at\u00e9 noventa minutos, desde que a necessidade deste tempo adicional esteja especificada no laudo m\u00e9dico.<\/p>\n<p><strong>2. CANDIDATA LACTANTE<\/strong><br \/>\nA candidata lactante tem o direito de amamentar, conforme legisla\u00e7\u00e3o vigente, desde que formalize sua solicita\u00e7\u00e3o, devendo levar no dia das provas um acompanhante, que ser\u00e1 respons\u00e1vel pela guarda da crian\u00e7a. A candidata n\u00e3o realizar\u00e1 as provas acompanhada pela crian\u00e7a.<\/p>\n<p><strong>3. USO DO NOME SOCIAL<\/strong><br \/>\nO candidato maior de 18 anos, que deseja atendimento pelo nome social (nome pelo qual as pessoas transg\u00eaneras preferem ser chamadas cotidianamente, em contraste com o nome civil oficialmente registrado que n\u00e3o reflete sua identidade de g\u00eanero), no processo seletivo, deve solicitar \u00e0 COORPS, pelo endere\u00e7o eletr\u00f4nico <a href=\"https:\/\/www3.unicentro.br\/protocolo\/\" target=\"_blank\" rel=\"noopener\"><strong><em>www.unicentro.br\/protocolo<\/em><\/strong><\/a>.<br \/>\nO candidato deve indicar o nome social a ser aplicado, o qual estar\u00e1 vinculado ao seu nome civil, bem como ao documento de identidade, CPF e data de nascimento.<\/p>\n<p>Na solicita\u00e7\u00e3o para uso do nome social o candidato deve anexar, no formato pdf:<\/p>\n<p style=\"padding-left: 40px\">a) fotografia atual n\u00edtida, individual, colorida, que enquadre desde a cabe\u00e7a at\u00e9 os ombros, de rosto inteiro sem o uso de \u00f3culos escuros e artigos de chapelaria, tais como bon\u00e9, chap\u00e9u, viseira, gorro, etc;<br \/>\nb) c\u00f3pia digitalizada da frente e do verso de um documento de identifica\u00e7\u00e3o oficial com foto.<\/p>\n<p>O candidato deve indicar, tamb\u00e9m, o atendimento que tem interesse quanto ao uso do nome social:<\/p>\n<p style=\"padding-left: 40px\">a) ensalamento conforme nome social indicado, ao inv\u00e9s do nome civil;<br \/>\nb) tratamento em sala de provas pelo nome social.<\/p>\n<p>N\u00e3o ser\u00e3o considerados v\u00e1lidos documentos apresentados por via postal, fax, correio eletr\u00f4nico ou entregues no dia de aplica\u00e7\u00e3o das provas.<\/p>\n<table style=\"width: 100%;border-collapse: collapse;background-color: #ffed47\" border=\"1\">\n<tbody>\n<tr>\n<td style=\"width: 100%\">A inscri\u00e7\u00e3o ao processo seletivo deve ser feita com o nome civil.<\/p>\n<p>O candidato que solicitar o atendimento pelo nome social ter\u00e1 o seu pedido indeferido quando n\u00e3o cumprir o descrito no edital do processo seletivo, quando os documentos anexados forem ileg\u00edveis, inviabilizando sua an\u00e1lise, ou ainda, quando for identificada qualquer fraude nas informa\u00e7\u00f5es prestadas e\/ou nos documentos apresentados.<\/td>\n<\/tr>\n<\/tbody>\n<\/table>\n<p><strong>4. USO DE V\u00c9U OU VESTIMENTA SIMILAR<\/strong><br \/>\nA candidata que por motiva\u00e7\u00f5es religiosas necessite fazer uso de v\u00e9u ou vestimentas similares que cubram a cabe\u00e7a durante a realiza\u00e7\u00e3o das provas, deve comunicar \u00e0 COORPS, at\u00e9 o \u00faltimo dia de inscri\u00e7\u00e3o, pelo endere\u00e7o eletr\u00f4nico <a href=\"https:\/\/www3.unicentro.br\/protocolo\/\" target=\"_blank\" rel=\"noopener\"><strong><em>www.unicentro.br\/protocolo<\/em><\/strong><\/a>.<br \/>\nPara garantir a seguran\u00e7a das provas, a candidata nessa situa\u00e7\u00e3o deve submeter-se \u00e0 inspe\u00e7\u00e3o por parte dos fiscais de prova, no per\u00edodo que antecede o in\u00edcio da resolu\u00e7\u00e3o das quest\u00f5es.<br \/>\nCaso haja a recusa em submeter-se \u00e0 inspe\u00e7\u00e3o de seguran\u00e7a, a candidata ser\u00e1 impedida de realizar as provas fazendo uso do respectivo v\u00e9u ou vestimenta similar.<\/p>\n<p><strong>5. PORTE DE ARMAS<\/strong><br \/>\nO candidato que estiver amparado em qualquer das condi\u00e7\u00f5es previstas nos incisos I, II, III, V e VI, do artigo 6\u00ba, da Lei Federal n\u00ba 10.826, de 22 de dezembro de 2003 e, em caso de necessidade extrema do porte de armas no dia de realiza\u00e7\u00e3o das provas, deve solicitar \u00e0 COORPS, at\u00e9 o \u00faltimo dia de inscri\u00e7\u00e3o, pelo endere\u00e7o eletr\u00f4nico <a href=\"https:\/\/www3.unicentro.br\/protocolo\/\" target=\"_blank\" rel=\"noopener\"><strong><em>www.unicentro.br\/protocolo<\/em><\/strong><\/a>, anexando:<\/p>\n<p style=\"padding-left: 40px\">1. c\u00f3pia da carteira funcional que comprove a condi\u00e7\u00e3o prevista no art. 6\u00ba, da Lei Federal n\u00ba 10.826, de 22 de dezembro de 2003 e<br \/>\n2. c\u00f3pia do Certificado de Registro de Armas de Fogo e da Autoriza\u00e7\u00e3o de Porte, conforme definido na referida lei.<\/p>\n<p>O candidato assume total responsabilidade sobre qualquer transtorno ocasionado pelo n\u00e3o cumprimento dessa determina\u00e7\u00e3o.<br \/>\nO candidato n\u00e3o amparado pela Lei Federal n\u00ba 10.826\/2003, e nas suas altera\u00e7\u00f5es, n\u00e3o pode portar armas no ambiente da realiza\u00e7\u00e3o das provas.<br \/>\n\u00c9 estritamente proibido ao candidato, o acesso aos locais de provas, portando objetos pontiagudos ou cortantes, como tesouras, estiletes, canivetes e facas, sob pena de ser desclassificado do processo seletivo.<\/p>\n<p>&nbsp;<\/p>\n<p style=\"text-align: center\"><a href=\"https:\/\/www3.unicentro.br\/vestibular\/wp-content\/uploads\/sites\/30\/2025\/07\/RECURSOS_DISPON_VEIS_PARA_ATENDIMENTO_DIFERENCIADO_6879009955392.pdf\"><strong><span style=\"color: #ff0000\">RECURSOS DISPON\u00cdVEIS PARA ATENDIMENTO DIFERENCIADO<\/span><\/strong><\/a><\/p>\n<p>[\/vc_column_text][\/vc_column][\/vc_row]<\/p>\n<\/div>","protected":false},"excerpt":{"rendered":"<p>[vc_row][vc_column][vc_column_text css=&#8221;&#8221;]PROCEDIMENTOS PARA A SOLICITA\u00c7\u00c3O O candidato deve requerer \u00e0 Coordenadoria Central de Processos Seletivos, at\u00e9 o \u00faltimo dia de inscri\u00e7\u00e3o, pelo endere\u00e7o www.unicentro.br\/protocolo selecionando o tipo de processo pr\u00f3prio, a partir da op\u00e7\u00e3o \u201cAtendimento especial para Vestibular\u201d. Candidato que, ap\u00f3s o encerramento do prazo para solicitar atendimento diferenciado, sofrer alguma situa\u00e7\u00e3o de emerg\u00eancia, que [&hellip;]<\/p>\n","protected":false},"author":3,"featured_media":0,"parent":27,"menu_order":0,"comment_status":"closed","ping_status":"closed","template":"","meta":{"_exactmetrics_skip_tracking":false,"_exactmetrics_sitenote_active":false,"_exactmetrics_sitenote_note":"","_exactmetrics_sitenote_category":0,"footnotes":"","_links_to":"","_links_to_target":""},"class_list":["post-119","page","type-page","status-publish","hentry"],"publishpress_future_action":{"enabled":false,"date":"2026-04-15 18:07:34","action":"change-status","newStatus":"draft","terms":[],"taxonomy":"","extraData":[]},"publishpress_future_workflow_manual_trigger":{"enabledWorkflows":[]},"_links":{"self":[{"href":"https:\/\/www3.unicentro.br\/vestibular\/wp-json\/wp\/v2\/pages\/119","targetHints":{"allow":["GET"]}}],"collection":[{"href":"https:\/\/www3.unicentro.br\/vestibular\/wp-json\/wp\/v2\/pages"}],"about":[{"href":"https:\/\/www3.unicentro.br\/vestibular\/wp-json\/wp\/v2\/types\/page"}],"author":[{"embeddable":true,"href":"https:\/\/www3.unicentro.br\/vestibular\/wp-json\/wp\/v2\/users\/3"}],"replies":[{"embeddable":true,"href":"https:\/\/www3.unicentro.br\/vestibular\/wp-json\/wp\/v2\/comments?post=119"}],"version-history":[{"count":2,"href":"https:\/\/www3.unicentro.br\/vestibular\/wp-json\/wp\/v2\/pages\/119\/revisions"}],"predecessor-version":[{"id":4081,"href":"https:\/\/www3.unicentro.br\/vestibular\/wp-json\/wp\/v2\/pages\/119\/revisions\/4081"}],"up":[{"embeddable":true,"href":"https:\/\/www3.unicentro.br\/vestibular\/wp-json\/wp\/v2\/pages\/27"}],"wp:attachment":[{"href":"https:\/\/www3.unicentro.br\/vestibular\/wp-json\/wp\/v2\/media?parent=119"}],"curies":[{"name":"wp","href":"https:\/\/api.w.org\/{rel}","templated":true}]}}