{"id":109,"date":"2018-05-28T14:46:27","date_gmt":"2018-05-28T17:46:27","guid":{"rendered":"https:\/\/www3.unicentro.br\/vestibular\/?page_id=109"},"modified":"2026-03-23T21:48:57","modified_gmt":"2026-03-24T00:48:57","slug":"isencao","status":"publish","type":"page","link":"https:\/\/www3.unicentro.br\/vestibular\/unicentro\/isencao\/","title":{"rendered":"Isen\u00e7\u00e3o da taxa de inscri\u00e7\u00e3o"},"content":{"rendered":"<div class=\"wpb-content-wrapper\"><p>[vc_row][vc_column][vc_column_text css=&#8221;&#8221;]A solicita\u00e7\u00e3o deve ser feita de <strong>6 a 20 de julho de 2026.<\/strong><\/p>\n<p><strong>REQUISITOS PARA SOLICITAR A ISEN\u00c7\u00c3O AO VESTIBULAR<\/strong><\/p>\n<p>S\u00e3o requisitos para requerer a isen\u00e7\u00e3o dessa taxa:<\/p>\n<p style=\"padding-left: 40px\">I &#8211; n\u00e3o ter frequentado estabelecimento de ensino particular de Ensino M\u00e9dio, exceto supletivo particular noturno;<br \/>\nII &#8211; n\u00e3o possuir Curso Superior;<br \/>\nIII &#8211; n\u00e3o estar cursando Curso Superior;<br \/>\nIV &#8211; n\u00e3o estar com matr\u00edcula em Curso Superior trancada;<br \/>\nV &#8211; n\u00e3o ter abandonado ou cancelado Curso Superior ap\u00f3s ter efetuado matr\u00edcula.<\/p>\n<p>&nbsp;<\/p>\n<p><strong>ETAPAS A SEREM SEGUIDAS<\/strong><\/p>\n<p>O interessado deve acessar o endere\u00e7o <a href=\"https:\/\/www3.unicentro.br\/protocolo\/\" target=\"_blank\" rel=\"noopener noreferrer\"><em>www.unicentro.br\/protocolo<\/em><\/a>, e seguir as etapas descritas abaixo:<\/p>\n<p style=\"padding-left: 40px\">1. Clique em <strong>FAZER SOLICITA\u00c7\u00c3O.<\/strong><br \/>\n2. Preencha os dados solicitados.<br \/>\n3. Clique em <strong>PR\u00d3XIMO<\/strong>.<br \/>\n4. Em <strong>TIPO DO PROCESSO<\/strong>, selecione a op\u00e7\u00e3o <strong>ISEN\u00c7\u00c3O DE TAXA VESTIBULAR<\/strong>, pois h\u00e1 um question\u00e1rio a ser respondido que aparece somente nesta op\u00e7\u00e3o.<br \/>\n5. Leia, atentamente, as orienta\u00e7\u00f5es.<br \/>\n6. Em <strong>SOLICITA\u00c7\u00c3O<\/strong>, preencha com o texto seguinte: \u201c<strong>Isen\u00e7\u00e3o da taxa de inscri\u00e7\u00e3o ao Vestibular<\/strong>.\u201d<br \/>\n7. Em <strong>QUESTION\u00c1RIO<\/strong>, preencha, corretamente, todas as informa\u00e7\u00f5es solicitadas.<br \/>\n8. Clique em <strong>PR\u00d3XIMO<\/strong>.<br \/>\n9. Observe quais documentos s\u00e3o necess\u00e1rios para serem anexados.<br \/>\n10. Na aba <strong>ANEXOS<\/strong>, em <strong>T\u00cdTULO<\/strong>, escreva o nome do documento que ser\u00e1 anexado.<br \/>\n11. Lembre-se que o formato de todos os documentos solicitados deve ser em PDF.<br \/>\n12. A cada documento anexado, voc\u00ea deve clicar em <strong>ENVIAR<\/strong>.<br \/>\n13. Ap\u00f3s incluir todos os documentos solicitados, confira na <strong>BANDEJA DE ARQUIVOS<\/strong>, se toda a documenta\u00e7\u00e3o necess\u00e1ria est\u00e1 anexada.<br \/>\n14. Estando tudo correto, clique em <strong>PROTOCOLAR<\/strong>.<br \/>\n15. Ap\u00f3s o processo ser autuado pela Unicentro, ser\u00e1 enviado um e-mail com o n\u00famero de protocolo.<\/p>\n<p>&nbsp;<\/p>\n<p><strong>DOCUMENTA\u00c7\u00c3O NECESS\u00c1RIA<\/strong><\/p>\n<p>Os documentos, abaixo relacionados, devem ser salvos no formato PDF para serem anexados ao processo:<\/p>\n<p style=\"padding-left: 40px\">I. comprovante de conclus\u00e3o de Ensino M\u00e9dio ou declara\u00e7\u00e3o do estabelecimento de ensino, informando que o requerente est\u00e1 cursando a \u00faltima s\u00e9rie do Ensino M\u00e9dio;<br \/>\nII. c\u00e9dula de identidade do requerente;<br \/>\nIII. comprovantes de renda de todos os membros da fam\u00edlia, que residem com o requerente, maiores de dezesseis anos, inclusive do requerente (contracheque, holerite, declara\u00e7\u00e3o ou Carteira de Trabalho \u2013 p\u00e1gina de identifica\u00e7\u00e3o e p\u00e1gina de contrato, com o valor do sal\u00e1rio vigente);<br \/>\nIV. declara\u00e7\u00e3o assinada pelo declarante e por duas testemunhas daqueles que nunca trabalharam ou se encontram sem emprego, inclusive do requerente, e que residem no mesmo domic\u00edlio do requerente.<\/p>\n<p>&nbsp;<\/p>\n<p><strong>RESULTADO<\/strong><\/p>\n<p>A rela\u00e7\u00e3o dos beneficiados com a isen\u00e7\u00e3o da taxa de inscri\u00e7\u00e3o ser\u00e1 publicada at\u00e9 o dia <strong>10 de agosto de 2026<\/strong>, em edital espec\u00edfico.<\/p>\n<p>O candidato beneficiado dever\u00e1 fazer a inscri\u00e7\u00e3o pela internet, at\u00e9 o dia <strong>3 de setembro de 2026<\/strong>.[\/vc_column_text][vc_btn title=&#8221;Modelos de declara\u00e7\u00e3o&#8221; color=&#8221;pink&#8221; css=&#8221;&#8221; link=&#8221;url:https%3A%2F%2Fwww3.unicentro.br%2Fvestibular%2Fwp-content%2Fuploads%2Fsites%2F30%2F2024%2F05%2FMODELOS_DE_DECLARA_O_6656143891baa.pdf&#8221;][\/vc_column][\/vc_row]<\/p>\n<\/div>","protected":false},"excerpt":{"rendered":"<p>[vc_row][vc_column][vc_column_text css=&#8221;&#8221;]A solicita\u00e7\u00e3o deve ser feita de 6 a 20 de julho de 2026. REQUISITOS PARA SOLICITAR A ISEN\u00c7\u00c3O AO VESTIBULAR S\u00e3o requisitos para requerer a isen\u00e7\u00e3o dessa taxa: I &#8211; n\u00e3o ter frequentado estabelecimento de ensino particular de Ensino M\u00e9dio, exceto supletivo particular noturno; II &#8211; n\u00e3o possuir Curso Superior; III &#8211; n\u00e3o estar [&hellip;]<\/p>\n","protected":false},"author":3,"featured_media":0,"parent":27,"menu_order":0,"comment_status":"closed","ping_status":"closed","template":"","meta":{"_exactmetrics_skip_tracking":false,"_exactmetrics_sitenote_active":false,"_exactmetrics_sitenote_note":"","_exactmetrics_sitenote_category":0,"footnotes":"","_links_to":"","_links_to_target":""},"class_list":["post-109","page","type-page","status-publish","hentry"],"publishpress_future_action":{"enabled":false,"date":"2026-04-15 19:36:25","action":"change-status","newStatus":"draft","terms":[],"taxonomy":"","extraData":[]},"publishpress_future_workflow_manual_trigger":{"enabledWorkflows":[]},"_links":{"self":[{"href":"https:\/\/www3.unicentro.br\/vestibular\/wp-json\/wp\/v2\/pages\/109","targetHints":{"allow":["GET"]}}],"collection":[{"href":"https:\/\/www3.unicentro.br\/vestibular\/wp-json\/wp\/v2\/pages"}],"about":[{"href":"https:\/\/www3.unicentro.br\/vestibular\/wp-json\/wp\/v2\/types\/page"}],"author":[{"embeddable":true,"href":"https:\/\/www3.unicentro.br\/vestibular\/wp-json\/wp\/v2\/users\/3"}],"replies":[{"embeddable":true,"href":"https:\/\/www3.unicentro.br\/vestibular\/wp-json\/wp\/v2\/comments?post=109"}],"version-history":[{"count":3,"href":"https:\/\/www3.unicentro.br\/vestibular\/wp-json\/wp\/v2\/pages\/109\/revisions"}],"predecessor-version":[{"id":4768,"href":"https:\/\/www3.unicentro.br\/vestibular\/wp-json\/wp\/v2\/pages\/109\/revisions\/4768"}],"up":[{"embeddable":true,"href":"https:\/\/www3.unicentro.br\/vestibular\/wp-json\/wp\/v2\/pages\/27"}],"wp:attachment":[{"href":"https:\/\/www3.unicentro.br\/vestibular\/wp-json\/wp\/v2\/media?parent=109"}],"curies":[{"name":"wp","href":"https:\/\/api.w.org\/{rel}","templated":true}]}}