{"id":1076,"date":"2020-11-27T14:57:47","date_gmt":"2020-11-27T17:57:47","guid":{"rendered":"https:\/\/www3.unicentro.br\/vestibular\/?page_id=1076"},"modified":"2020-11-27T15:03:15","modified_gmt":"2020-11-27T18:03:15","slug":"termos-de-servico","status":"publish","type":"page","link":"https:\/\/www3.unicentro.br\/vestibular\/termos-de-servico\/","title":{"rendered":"Termos de Servi\u00e7o"},"content":{"rendered":"<p><strong>TERMOS DE SERVI\u00c7O<\/strong><\/p>\n<p><span style=\"font-weight: 400\">A Unicentro &#8211; Universidade Estadual do Centro-Oeste, aqui referida apenas como Unicentro, &#8220;n\u00f3s&#8221;, &#8220;n\u00f3s&#8221; ou &#8220;nosso&#8221;, deseja fornecer a seus usu\u00e1rios (aqui referidos como &#8220;usu\u00e1rios&#8221; ou &#8220;voc\u00ea&#8221;) uma experi\u00eancia atrav\u00e9s de seu App (conforme definido abaixo). Para tal efeito, algumas regras precisam ser estabelecidas. Os termos de servi\u00e7o (&#8220;Termos de Servi\u00e7o&#8221;) regem o relacionamento entre a Unicentro e seus usu\u00e1rios.<\/span><\/p>\n<p><span style=\"font-weight: 400\">Ao utilizar nossos apps, voc\u00ea concorda explicitamente com estes Termos de Servi\u00e7o, assumindo total responsabilidade por seus atos em rela\u00e7\u00e3o aos aplicativos. O uso dos apps \u00e9 nulo onde for proibido. Al\u00e9m disso, se voc\u00ea n\u00e3o concordar com estes Termos de Servi\u00e7o, n\u00e3o use ou acesse tais aplicativos. Nesse caso, solicitamos que voc\u00ea nos diga o motivo pelo qual voc\u00ea n\u00e3o concorda, para que possamos melhorar nossos Servi\u00e7os via e-mail <a href=\"mailto:comunicacao@unicentro.br\">comunicacao@unicentro.br<\/a>.<\/span><\/p>\n<p><span style=\"font-weight: 400\">Nossa <a href=\"https:\/\/www3.unicentro.br\/vestibular\/politica-de-privacidade\">Pol\u00edtica de Privacidade<\/a>\u00a0descreve a coleta, o uso e a divulga\u00e7\u00e3o de dados e informa\u00e7\u00f5es pela Unicentro em conex\u00e3o com os apps. A Pol\u00edtica de Privacidade, que pode ser atualizada periodicamente pela Unicentro, de acordo com seus termos, \u00e9 incorporada a estes Termos de Servi\u00e7o, e voc\u00ea concorda em coletar, usar e divulgar pr\u00e1ticas estabelecidas nela.<\/span><\/p>\n<p><strong>1. O que a Unicentro oferece<\/strong><\/p>\n<p style=\"padding-left: 30px\"><strong>1.1.<\/strong><span style=\"font-weight: 400\"> Atrav\u00e9s do nosso site, a equipe da Unicentro se esfor\u00e7a para oferecer a melhor experi\u00eancia de informa\u00e7\u00f5es e aprendizado. Nossos usu\u00e1rios podem acessar os seguintes apps:<\/span><\/p>\n<ul>\n<li><strong>Unicentro Not\u00edcias<\/strong><\/li>\n<li><strong>Vestibular Unicentro<\/strong><\/li>\n<\/ul>\n<p style=\"padding-left: 30px\"><strong>1.2.<\/strong><span style=\"font-weight: 400\"> Os apps tem prop\u00f3sito informativo\/educativo e de nenhuma maneira representam meios para os usu\u00e1rios ganharem dinheiro. Portanto, \u00e9 proibido explorar os apps comercialmente de qualquer forma, inclusive por meio de apostas.<\/span><\/p>\n<p><strong>2. Acesso e Registro<\/strong><\/p>\n<p style=\"padding-left: 30px\"><strong>2.1.<\/strong><span style=\"font-weight: 400\"> Para acessar determinadas \u00e1reas das plataformas, pode ser necess\u00e1rio criar um login e uma conta. Com o registro, voc\u00ea tamb\u00e9m precisar\u00e1 aceitar estes Termos de Servi\u00e7o.<\/span><\/p>\n<p style=\"padding-left: 30px\"><strong>2.2<\/strong><span style=\"font-weight: 400\"> Como alternativa, os apps podem oferecer a possibilidade de criar uma conta por meio de um site de rede social, como o Facebook ou conta Google. Nesse caso, voc\u00ea autorizar\u00e1 a Unicentro a acessar, armazenar e usar suas informa\u00e7\u00f5es do Facebook e Google. O Facebook e Google s\u00e3o um empresas privadas e a Unicentro n\u00e3o tem nenhum relacionamento com elas, a Unicentro n\u00e3o tem responsabilidade e, em nenhum caso, garante os produtos e servi\u00e7os fornecidos pelo Facebook e\/ou Google.<\/span><\/p>\n<p style=\"padding-left: 30px\"><strong>2.3<\/strong><span style=\"font-weight: 400\"> Voc\u00ea concorda em n\u00e3o usar informa\u00e7\u00f5es falsas ou enganosas em conex\u00e3o com sua conta de usu\u00e1rio e reconhece que nos reservamos o direito de desativar qualquer conta de usu\u00e1rio de perfil que acreditamos (a nosso crit\u00e9rio exclusivo) seja falso ou enganoso (incluindo um perfil que se fa\u00e7a passar por ele), ou terceiros.<\/span><\/p>\n<p><strong><a id=\"remocao\"><\/a>3. Como cancelar uma conta nas plataformas<\/strong><\/p>\n<p style=\"padding-left: 30px\"><strong>3.1.<\/strong><span style=\"font-weight: 400\"> Voc\u00ea tem o direito de solicitar o cancelamento do seu registro em nossas plataformas a qualquer momento. Todos os pedidos de cancelamento de acesso aos nossos Apps devem ser encaminhados por e-mail para <a href=\"mailto:comunicacao@unicentro.br\">comunicacao@unicentro.br<\/a>.<\/span><\/p>\n<p style=\"padding-left: 30px\"><strong>3.2.<\/strong><span style=\"font-weight: 400\"> Voc\u00ea est\u00e1 ciente de que o cancelamento de seu registro cancelar\u00e1 e encerrar\u00e1 seu acesso aos nossos aplicativos.<\/span><\/p>\n<p><strong>4. Direitos da Unicentro sobre os apps<\/strong><\/p>\n<p style=\"padding-left: 30px\"><strong>4.1.<\/strong><span style=\"font-weight: 400\"> Entre voc\u00ea e a Unicentro, a Unicentro possui todos os direitos, t\u00edtulos e interesses, incluindo toda a propriedade intelectual e outros direitos de propriedade, nas e para os aplicativos e todo uso e outros dados gerados ou coletados em conex\u00e3o com o uso deles, inclusive com rela\u00e7\u00e3o a quaisquer informa\u00e7\u00f5es, imagens, emojis, emoticons, apelidos e coment\u00e1rios que voc\u00ea selecionar, modificar ou inserir nos apps. Exceto conforme expressamente estabelecido neste documento, voc\u00ea concorda em n\u00e3o licenciar, distribuir, copiar, modificar, executar ou exibir publicamente, transmitir, publicar, editar, adaptar, criar trabalhos derivados ou fazer qualquer uso n\u00e3o autorizado dos apps da Unicentro. Voc\u00ea concorda em n\u00e3o fazer engenharia reversa, descompilar, desmontar ou tentar descobrir o c\u00f3digo-fonte, algoritmo ou programa subjacente aos aplicativos da Unicentro. A Unicentro se reserva o direito de modificar ou descontinuar seus apps ou qualquer vers\u00e3o(ou vers\u00f5es) dos mesmos a qualquer momento, a seu exclusivo crit\u00e9rio, com ou sem aviso pr\u00e9vio.<\/span><\/p>\n<p style=\"padding-left: 30px\"><strong>4.2.<\/strong><span style=\"font-weight: 400\"> A Unicentro reserva-se o direito de suspender ou cancelar, a qualquer momento, seu registro e acesso aos aplicativos, se houver suspeita de fraude ou devido ao n\u00e3o cumprimento de qualquer obriga\u00e7\u00e3o relativa a estes Termos de Servi\u00e7o, e nenhuma compensa\u00e7\u00e3o ser\u00e1 devida em rela\u00e7\u00e3o a eles.<\/span><\/p>\n<p><strong>5. Atividades proibidas nos aplicativos.<\/strong><\/p>\n<p><span style=\"font-weight: 400\">Voc\u00ea reconhece e concorda que, ao usar os apps, \u00e9 estritamente proibido:<\/span><\/p>\n<ol>\n<li style=\"font-weight: 400\"><span style=\"font-weight: 400\">distribuir, modificar, vender, alugar ou explorar de qualquer maneira o site e os apps da Unicentro, nossos dados e informa\u00e7\u00f5es, ou us\u00e1-los para qualquer uso n\u00e3o comercial ou, al\u00e9m disso, para a cria\u00e7\u00e3o ou fornecimento de outros produtos ou servi\u00e7os;<\/span><\/li>\n<li style=\"font-weight: 400\"><span style=\"font-weight: 400\">usar os aplicativos de qualquer maneira que, a nosso crit\u00e9rio exclusivo, possa danificar, desativar, sobrecarregar, prejudicar ou interferir no uso de qualquer outra parte;<\/span><\/li>\n<li style=\"font-weight: 400\"><span style=\"font-weight: 400\">obter ou tentar obter qualquer material ou informa\u00e7\u00e3o por quaisquer meios n\u00e3o disponibilizados intencionalmente atrav\u00e9s dos apps;<\/span><\/li>\n<li style=\"font-weight: 400\"><span style=\"font-weight: 400\">explorar ou usar meios automatizados para acessar ou coletar informa\u00e7\u00f5es dos apps, e voc\u00ea concorda em n\u00e3o ignorar nenhuma medida de exclus\u00e3o de rob\u00f4s que possamos implementar.<\/span><\/li>\n<li style=\"font-weight: 400\"><span style=\"font-weight: 400\">criar, incluir ou divulgar qualquer conte\u00fado, incluindo, sem limita\u00e7\u00e3o, informa\u00e7\u00f5es, imagens, emojis, emoticons, apelidos e coment\u00e1rios relacionados \u00e0 Unicentro, aos apps, outros usu\u00e1rios e qualquer pessoa ou entidade natural que seja ofensiva, violenta, sexual, obscena, amea\u00e7ador, preconceituoso, racista, difamat\u00f3rio, prejudicial ou ilegal, imoral, malicioso, falso, impreciso, desatualizado, inoportuno, distinto ao objetivo dos servi\u00e7os oferecidos pela Unicentro no site e nos apps ou que viole qualquer direitos de terceiros ou da Unicentro, incluindo privacidade, marcas registradas, direitos autorais, direitos de imagem, honra, nome, quaisquer direitos de propriedade intelectual e quaisquer outros;<\/span><\/li>\n<li style=\"font-weight: 400\"><span style=\"font-weight: 400\">fornecer \u00e0 Unicentro, no momento do registro nos apps, informa\u00e7\u00f5es falsas, imprecisas, desatualizadas ou incompletas ou assumir intencionalmente identidade falsa;<\/span><\/li>\n<li style=\"font-weight: 400\"><span style=\"font-weight: 400\">disseminar ou instalar v\u00edrus ou qualquer outro c\u00f3digo, arquivo ou software para interromper, destruir, adulterar, limitar ou interferir com a opera\u00e7\u00e3o ou seguran\u00e7a do servi\u00e7o oferecido pela Unicentro, bem como as informa\u00e7\u00f5es da Unicentro de seus usu\u00e1rios ou terceiros ou para qualquer outro objetivo ilegal; e<\/span><\/li>\n<li style=\"font-weight: 400\"><span style=\"font-weight: 400\">realizar qualquer ato ilegal ou proibido por este Contrato.<\/span><\/li>\n<\/ol>\n<p><span style=\"font-weight: 400\">Se voc\u00ea testemunhar algum dos comportamentos mencionados acima em nossas plataformas, entre em contato conosco, atrav\u00e9s do e-mail <a href=\"mailto:comunicacao@unicentro.br\">comunicacao@unicentro.br<\/a>.<\/span><\/p>\n<p><strong>6. Suas responsabilidades<\/strong><\/p>\n<p><span style=\"font-weight: 400\">\u00c9 sua responsabilidade:<\/span><\/p>\n<ol>\n<li style=\"font-weight: 400\"><span style=\"font-weight: 400\">fornecer todos os computadores e\/ou dispositivos de hardware necess\u00e1rios para acessar os apps;<\/span><\/li>\n<li style=\"font-weight: 400\"><span style=\"font-weight: 400\">manter a seguran\u00e7a do ambiente de seus computadores e dispositivos para acessar os apps, fazendo uso de todas as ferramentas dispon\u00edveis, como antiv\u00edrus e firewall, para contribuir para a preven\u00e7\u00e3o de riscos eletr\u00f4nicos;<\/span><\/li>\n<li style=\"font-weight: 400\"><span style=\"font-weight: 400\">use sistemas operacionais e navegadores eficientes e atualizados para acessar os aplicativos, de acordo com as especifica\u00e7\u00f5es fornecidas pela Unicentro.<\/span><\/li>\n<\/ol>\n<p><strong>7. Termos Adicionais.<\/strong><span style=\"font-weight: 400\"> Quando voc\u00ea usa determinados recursos ou materiais nos apps, esse uso ou participa\u00e7\u00e3o pode estar sujeito a termos e condi\u00e7\u00f5es adicionais publicados nos apps. Tais termos e condi\u00e7\u00f5es adicionais s\u00e3o incorporados a estes Termos de Servi\u00e7o, e voc\u00ea concorda em cumprir com esses termos e condi\u00e7\u00f5es adicionais com rela\u00e7\u00e3o a esse uso ou participa\u00e7\u00e3o.<\/span><\/p>\n<p><strong>8. Rescis\u00e3o.<\/strong><span style=\"font-weight: 400\"> Voc\u00ea pode rescindir estes Termos de Servi\u00e7o a qualquer momento, por qualquer motivo ou sem motivo, excluindo sua conta da Plataforma entrando em contato conosco pelo e-mail comunicacao@unicentro.br. Voc\u00ea concorda que a Unicentro, a seu exclusivo crit\u00e9rio e por qualquer ou nenhum motivo, pode rescindir estes Termos de Servi\u00e7o, sua conta ou seu uso dos apps, a qualquer momento e sem aviso pr\u00e9vio. A Unicentro tamb\u00e9m pode, a seu exclusivo crit\u00e9rio, e a qualquer momento interromper o fornecimento dos apps, ou de qualquer parte delas, com ou sem aviso pr\u00e9vio. Voc\u00ea concorda que a Unicentro n\u00e3o ser\u00e1 respons\u00e1vel perante voc\u00ea ou terceiros por tal rescis\u00e3o.\u00a0<\/span><\/p>\n<p><strong>9. App Stores de Terceiros.<\/strong><\/p>\n<p><strong>9.1. <\/strong><span style=\"font-weight: 400\">Voc\u00ea reconhece e concorda que o Google Play Store e a Apple App Store <\/span><span style=\"font-weight: 400\">\uff08<\/span><span style=\"font-weight: 400\">cada uma denominada \u201cApp Store de Terceiros\u201d): (i) n\u00e3o fazem parte destes Termos de Servi\u00e7o; (ii) n\u00e3o tem nenhuma obriga\u00e7\u00e3o de fornecer quaisquer servi\u00e7os de manuten\u00e7\u00e3o ou suporte com rela\u00e7\u00e3o aos apps; (iii) n\u00e3o s\u00e3o respons\u00e1veis <\/span><span style=\"font-weight: 400\">\u200b\u200b<\/span><span style=\"font-weight: 400\">por abordar reivindica\u00e7\u00f5es de voc\u00ea ou de terceiros relacionadas aos apps, incluindo reivindica\u00e7\u00f5es de responsabilidade pelo produto, reivindica\u00e7\u00f5es de acordo com as leis de prote\u00e7\u00e3o ao consumidor ou reivindica\u00e7\u00f5es de qualquer outra lei, regra ou regulamento; (iv) n\u00e3o tem responsabilidade de investigar, defender, liquidar ou exonerar qualquer reivindica\u00e7\u00e3o de que os apps ou seu uso violem quaisquer direitos de propriedade intelectual de terceiros; e (v) for um terceiro benefici\u00e1rio deste Contrato com o direito de fazer cumprir seus termos diretamente contra voc\u00ea. Voc\u00ea concorda em cumprir e sua licen\u00e7a para usar os apps est\u00e1 condicionada \u00e0 sua conformidade com os termos e condi\u00e7\u00f5es aplic\u00e1veis <\/span><span style=\"font-weight: 400\">\u200b\u200b<\/span><span style=\"font-weight: 400\">da App Store de Terceiros. Na medida em que outros termos e condi\u00e7\u00f5es da App Store de Terceiros aplic\u00e1vel sejam menos restritivos do que ou conflitem com estes Termos de Servi\u00e7o, o termo mais restritivo ser\u00e1 aplicado.<\/span><\/p>\n<p><strong>10. Diversos.<\/strong><span style=\"font-weight: 400\"> A Unicentro pode fazer modifica\u00e7\u00f5es, exclus\u00f5es e\/ou adi\u00e7\u00f5es a estes Termos de Servi\u00e7o (&#8220;Altera\u00e7\u00f5es&#8221;) a qualquer momento. As altera\u00e7\u00f5es entrar\u00e3o em vigor: (i) trinta (30) dias ap\u00f3s a Unicentro notificar sobre as altera\u00e7\u00f5es (inclusive atrav\u00e9s da interface do usu\u00e1rio dos apps); ou (ii) quando voc\u00ea aceitar ou concordar expressamente com as Altera\u00e7\u00f5es ou uma vers\u00e3o destes Termos de Servi\u00e7o que incorporam as Altera\u00e7\u00f5es, o que ocorrer primeiro. Sob estes Termos de Servi\u00e7o, voc\u00ea concorda em receber comunica\u00e7\u00f5es da Unicentro eletronicamente. Estes Termos de Servi\u00e7o ser\u00e3o regidos e interpretados de acordo com as leis do Estado do Paran\u00e1, sem efetivar quaisquer princ\u00edpios de conflitos de leis. A falha de qualquer parte a qualquer momento em exigir a execu\u00e7\u00e3o de qualquer disposi\u00e7\u00e3o destes Termos de Servi\u00e7o n\u00e3o afetar\u00e1 de maneira alguma o direito dessa parte posteriormente de impor o mesmo. Uma ren\u00fancia a qualquer viola\u00e7\u00e3o de qualquer disposi\u00e7\u00e3o destes Termos de Servi\u00e7o n\u00e3o deve ser interpretada como uma ren\u00fancia cont\u00ednua de outras viola\u00e7\u00f5es dos mesmos ou de outras disposi\u00e7\u00f5es destes Termos de Servi\u00e7o. Se qualquer provis\u00e3o destes Termos de Servi\u00e7o for ilegal, nula ou por qualquer motivo inexequ\u00edvel, essa provis\u00e3o ser\u00e1 considerada separ\u00e1vel destes Termos de Servi\u00e7o e n\u00e3o afetar\u00e1 a validade e aplicabilidade de quaisquer provis\u00f5es remanescentes. Estes Termos de Servi\u00e7o, e quaisquer direitos e licen\u00e7as concedidos neste documento, n\u00e3o podem ser transferidos ou atribu\u00eddos por voc\u00ea, mas podem ser atribu\u00eddos pela Unicentro sem restri\u00e7\u00e3o. Este \u00e9 todo o contrato entre n\u00f3s em rela\u00e7\u00e3o ao assunto aqui mencionado e n\u00e3o deve ser modificado, exceto por escrito, assinado por ambas as partes ou por uma altera\u00e7\u00e3o destes Termos de Servi\u00e7o feita pela Unicentro, conforme estabelecido neste documento.<\/span><\/p>\n<p><strong>11. Como entrar em contato conosco<\/strong><\/p>\n<p><span style=\"font-weight: 400\">Se voc\u00ea acredita que gostaria de entrar em contato conosco em rela\u00e7\u00e3o a estes Termos de Servi\u00e7o, entre em contato com nossa equipe:<\/span><\/p>\n<p><span style=\"font-weight: 400\">Email: <a href=\"mailto:comunicacao@unicentro.br\">comunicacao@unicentro.br<\/a><\/span><\/p>\n<p><span style=\"font-weight: 400\">Atualizado em 18\/09\/2020<\/span><\/p>\n<p><span style=\"font-weight: 400\">\u00a0<\/span><\/p>\n<p>&nbsp;<\/p>\n","protected":false},"excerpt":{"rendered":"<p>TERMOS DE SERVI\u00c7O A Unicentro &#8211; Universidade Estadual do Centro-Oeste, aqui referida apenas como Unicentro, &#8220;n\u00f3s&#8221;, &#8220;n\u00f3s&#8221; ou &#8220;nosso&#8221;, deseja fornecer a seus usu\u00e1rios (aqui referidos como &#8220;usu\u00e1rios&#8221; ou &#8220;voc\u00ea&#8221;) uma experi\u00eancia atrav\u00e9s de seu App (conforme definido abaixo). Para tal efeito, algumas regras precisam ser estabelecidas. Os termos de servi\u00e7o (&#8220;Termos de Servi\u00e7o&#8221;) regem [&hellip;]<\/p>\n","protected":false},"author":3,"featured_media":0,"parent":0,"menu_order":0,"comment_status":"closed","ping_status":"closed","template":"","meta":{"_exactmetrics_skip_tracking":false,"_exactmetrics_sitenote_active":false,"_exactmetrics_sitenote_note":"","_exactmetrics_sitenote_category":0,"footnotes":"","_links_to":"","_links_to_target":""},"class_list":["post-1076","page","type-page","status-publish","hentry"],"publishpress_future_action":{"enabled":false,"date":"2026-04-19 15:11:26","action":"change-status","newStatus":"draft","terms":[],"taxonomy":"","extraData":[]},"publishpress_future_workflow_manual_trigger":{"enabledWorkflows":[]},"_links":{"self":[{"href":"https:\/\/www3.unicentro.br\/vestibular\/wp-json\/wp\/v2\/pages\/1076","targetHints":{"allow":["GET"]}}],"collection":[{"href":"https:\/\/www3.unicentro.br\/vestibular\/wp-json\/wp\/v2\/pages"}],"about":[{"href":"https:\/\/www3.unicentro.br\/vestibular\/wp-json\/wp\/v2\/types\/page"}],"author":[{"embeddable":true,"href":"https:\/\/www3.unicentro.br\/vestibular\/wp-json\/wp\/v2\/users\/3"}],"replies":[{"embeddable":true,"href":"https:\/\/www3.unicentro.br\/vestibular\/wp-json\/wp\/v2\/comments?post=1076"}],"version-history":[{"count":0,"href":"https:\/\/www3.unicentro.br\/vestibular\/wp-json\/wp\/v2\/pages\/1076\/revisions"}],"wp:attachment":[{"href":"https:\/\/www3.unicentro.br\/vestibular\/wp-json\/wp\/v2\/media?parent=1076"}],"curies":[{"name":"wp","href":"https:\/\/api.w.org\/{rel}","templated":true}]}}