{"id":106,"date":"2018-05-28T14:45:22","date_gmt":"2018-05-28T17:45:22","guid":{"rendered":"https:\/\/www3.unicentro.br\/vestibular\/?page_id=106"},"modified":"2026-03-23T21:37:35","modified_gmt":"2026-03-24T00:37:35","slug":"inscricoes","status":"publish","type":"page","link":"https:\/\/www3.unicentro.br\/vestibular\/unicentro\/inscricoes\/","title":{"rendered":"Inscri\u00e7\u00f5es"},"content":{"rendered":"<div class=\"wpb-content-wrapper\"><p>[vc_row][vc_column offset=&#8221;vc_hidden-lg vc_hidden-md vc_hidden-sm&#8221;][vc_wp_custommenu nav_menu=&#8221;4&#8243; el_class=&#8221;menu-mob&#8221;][\/vc_column][\/vc_row][vc_row][vc_column][vc_column_text css=&#8221;&#8221;]<strong>PER\u00cdODO<\/strong><\/p>\n<p><strong>De 3 de agosto a 3 de setembro de 2026<\/strong>, exclusivamente pela internet. O candidato preenche online a inscri\u00e7\u00e3o e, na sequ\u00eancia, imprime o boleto banc\u00e1rio para pagamento do valor da inscri\u00e7\u00e3o.<\/p>\n<p>Para realizar a inscri\u00e7\u00e3o \u00e9 necess\u00e1rio o documento de identidade oficial e o CPF. No dia de prova, o candidato deve apresentar documento de identidade oficial, com validade nacional, contendo foto.[\/vc_column_text][\/vc_column][\/vc_row]<\/p>\n<\/div>","protected":false},"excerpt":{"rendered":"<p>[vc_row][vc_column offset=&#8221;vc_hidden-lg vc_hidden-md vc_hidden-sm&#8221;][vc_wp_custommenu nav_menu=&#8221;4&#8243; el_class=&#8221;menu-mob&#8221;][\/vc_column][\/vc_row][vc_row][vc_column][vc_column_text css=&#8221;&#8221;]PER\u00cdODO De 3 de agosto a 3 de setembro de 2026, exclusivamente pela internet. O candidato preenche online a inscri\u00e7\u00e3o e, na sequ\u00eancia, imprime o boleto banc\u00e1rio para pagamento do valor da inscri\u00e7\u00e3o. Para realizar a inscri\u00e7\u00e3o \u00e9 necess\u00e1rio o documento de identidade oficial e o CPF. No dia [&hellip;]<\/p>\n","protected":false},"author":3,"featured_media":0,"parent":27,"menu_order":0,"comment_status":"closed","ping_status":"closed","template":"","meta":{"_exactmetrics_skip_tracking":false,"_exactmetrics_sitenote_active":false,"_exactmetrics_sitenote_note":"","_exactmetrics_sitenote_category":0,"footnotes":"","_links_to":"","_links_to_target":""},"class_list":["post-106","page","type-page","status-publish","hentry"],"publishpress_future_action":{"enabled":false,"date":"2026-04-21 18:28:38","action":"change-status","newStatus":"draft","terms":[],"taxonomy":"","extraData":[]},"publishpress_future_workflow_manual_trigger":{"enabledWorkflows":[]},"_links":{"self":[{"href":"https:\/\/www3.unicentro.br\/vestibular\/wp-json\/wp\/v2\/pages\/106","targetHints":{"allow":["GET"]}}],"collection":[{"href":"https:\/\/www3.unicentro.br\/vestibular\/wp-json\/wp\/v2\/pages"}],"about":[{"href":"https:\/\/www3.unicentro.br\/vestibular\/wp-json\/wp\/v2\/types\/page"}],"author":[{"embeddable":true,"href":"https:\/\/www3.unicentro.br\/vestibular\/wp-json\/wp\/v2\/users\/3"}],"replies":[{"embeddable":true,"href":"https:\/\/www3.unicentro.br\/vestibular\/wp-json\/wp\/v2\/comments?post=106"}],"version-history":[{"count":3,"href":"https:\/\/www3.unicentro.br\/vestibular\/wp-json\/wp\/v2\/pages\/106\/revisions"}],"predecessor-version":[{"id":4761,"href":"https:\/\/www3.unicentro.br\/vestibular\/wp-json\/wp\/v2\/pages\/106\/revisions\/4761"}],"up":[{"embeddable":true,"href":"https:\/\/www3.unicentro.br\/vestibular\/wp-json\/wp\/v2\/pages\/27"}],"wp:attachment":[{"href":"https:\/\/www3.unicentro.br\/vestibular\/wp-json\/wp\/v2\/media?parent=106"}],"curies":[{"name":"wp","href":"https:\/\/api.w.org\/{rel}","templated":true}]}}