{"id":547,"date":"2017-08-28T10:51:03","date_gmt":"2017-08-28T13:51:03","guid":{"rendered":"https:\/\/www3.unicentro.br\/transparencia\/?page_id=547"},"modified":"2020-11-23T16:31:01","modified_gmt":"2020-11-23T19:31:01","slug":"servidores","status":"publish","type":"page","link":"https:\/\/www3.unicentro.br\/transparencia\/gestao-de-pessoas\/servidores\/","title":{"rendered":"Servidores"},"content":{"rendered":"<p><strong>Geral<\/strong><\/p>\n<ul>\n<li><a title=\"Quadro de servidores e estagi\u00e1rios\" href=\"http:\/\/sguweb.unicentro.br\/webrel\/webrel.php?id=7775\" target=\"_blank\" rel=\"noopener noreferrer\">Quadro Geral de Servidores e Estagi\u00e1rios<\/a><\/li>\n<li><a title=\"Listagem de cargos comissionados\" href=\"http:\/\/sguweb.unicentro.br\/relatorios\/cargocomissionados\" target=\"_blank\" rel=\"noopener noreferrer\">Listagem de Cargos Comissionados<\/a><\/li>\n<li><a title=\"Consulta Sal\u00e1rio\" href=\"http:\/\/www.portaldatransparencia.pr.gov.br\/modules\/conteudo\/conteudo.php?conteudo=5\">Consulta Sal\u00e1rios<\/a><\/li>\n<li><a href=\"http:\/\/transparencia.unicentro.br\/wp-content\/uploads\/2012\/06\/SERV.-CEDIDOS.pdf\">SERVIDORES CEDIDOS<\/a><\/li>\n<li><a href=\"http:\/\/transparencia.unicentro.br\/wp-content\/uploads\/2012\/06\/Rela%C3%A7%C3%A3o-de-servicores-Insalubridade-ou-periculosidade.pdf\">Rela\u00e7\u00e3o de servidores \u2013 Insalubridade ou periculosidade<\/a><\/li>\n<\/ul>\n<p><strong>Agentes Universit\u00e1rios<\/strong><\/p>\n<ul>\n<li><a title=\"Listagem de agentes universit\u00e1rios\" href=\"http:\/\/sguweb.unicentro.br\/relatorios\/agenteuniversitarios\" target=\"_blank\" rel=\"noopener noreferrer\">Listagem de Agentes Universit\u00e1rios<\/a><\/li>\n<\/ul>\n<p><strong>Docentes<\/strong><\/p>\n<ul>\n<li><a title=\"Rela\u00e7\u00e3o de docentes por departamento\" href=\"http:\/\/sguweb.unicentro.br\/relatorios\/docentes\" target=\"_blank\" rel=\"noopener noreferrer\">Rela\u00e7\u00e3o de Docentes por Departamento<\/a><\/li>\n<\/ul>\n","protected":false},"excerpt":{"rendered":"<p>Geral Quadro Geral de Servidores e Estagi\u00e1rios Listagem de Cargos Comissionados Consulta Sal\u00e1rios SERVIDORES CEDIDOS Rela\u00e7\u00e3o de servidores \u2013 Insalubridade ou periculosidade Agentes Universit\u00e1rios Listagem de Agentes Universit\u00e1rios Docentes Rela\u00e7\u00e3o de Docentes por Departamento<\/p>\n","protected":false},"author":3,"featured_media":0,"parent":539,"menu_order":0,"comment_status":"closed","ping_status":"closed","template":"","meta":{"_acf_changed":false,"_exactmetrics_skip_tracking":false,"_exactmetrics_sitenote_active":false,"_exactmetrics_sitenote_note":"","_exactmetrics_sitenote_category":0,"footnotes":"","_links_to":"","_links_to_target":""},"class_list":["post-547","page","type-page","status-publish","hentry"],"acf":[],"_links":{"self":[{"href":"https:\/\/www3.unicentro.br\/transparencia\/wp-json\/wp\/v2\/pages\/547","targetHints":{"allow":["GET"]}}],"collection":[{"href":"https:\/\/www3.unicentro.br\/transparencia\/wp-json\/wp\/v2\/pages"}],"about":[{"href":"https:\/\/www3.unicentro.br\/transparencia\/wp-json\/wp\/v2\/types\/page"}],"author":[{"embeddable":true,"href":"https:\/\/www3.unicentro.br\/transparencia\/wp-json\/wp\/v2\/users\/3"}],"replies":[{"embeddable":true,"href":"https:\/\/www3.unicentro.br\/transparencia\/wp-json\/wp\/v2\/comments?post=547"}],"version-history":[{"count":0,"href":"https:\/\/www3.unicentro.br\/transparencia\/wp-json\/wp\/v2\/pages\/547\/revisions"}],"up":[{"embeddable":true,"href":"https:\/\/www3.unicentro.br\/transparencia\/wp-json\/wp\/v2\/pages\/539"}],"wp:attachment":[{"href":"https:\/\/www3.unicentro.br\/transparencia\/wp-json\/wp\/v2\/media?parent=547"}],"curies":[{"name":"wp","href":"https:\/\/api.w.org\/{rel}","templated":true}]}}