{"id":510,"date":"2017-08-25T16:00:48","date_gmt":"2017-08-25T19:00:48","guid":{"rendered":"https:\/\/www3.unicentro.br\/transparencia\/?page_id=510"},"modified":"2020-11-23T16:31:00","modified_gmt":"2020-11-23T19:31:00","slug":"pesquisa-de-empenhos","status":"publish","type":"page","link":"https:\/\/www3.unicentro.br\/transparencia\/administracao\/pesquisa-de-empenhos\/","title":{"rendered":"Pesquisa de Empenhos"},"content":{"rendered":"<ul>\n<li><a title=\"Pesquisa de empenhos\" href=\"http:\/\/sguweb.unicentro.br\/pesquisaempenhos\" target=\"_blank\" rel=\"noopener noreferrer\">Pesquisa de Empenhos<br \/>\n<\/a>Empenhos dizem respeito a verbas destinadas a uma despesa preestabelecida no or\u00e7amento de um \u00f3rg\u00e3o p\u00fablico. No link acima, voc\u00ea pode consultar os empenhos realizados pela institui\u00e7\u00e3o.<\/li>\n<\/ul>\n","protected":false},"excerpt":{"rendered":"<p>Pesquisa de Empenhos Empenhos dizem respeito a verbas destinadas a uma despesa preestabelecida no or\u00e7amento de um \u00f3rg\u00e3o p\u00fablico. No link acima, voc\u00ea pode consultar os empenhos realizados pela institui\u00e7\u00e3o.<\/p>\n","protected":false},"author":3,"featured_media":0,"parent":486,"menu_order":0,"comment_status":"closed","ping_status":"closed","template":"","meta":{"_acf_changed":false,"_exactmetrics_skip_tracking":false,"_exactmetrics_sitenote_active":false,"_exactmetrics_sitenote_note":"","_exactmetrics_sitenote_category":0,"footnotes":"","_links_to":"","_links_to_target":""},"class_list":["post-510","page","type-page","status-publish","hentry"],"acf":[],"_links":{"self":[{"href":"https:\/\/www3.unicentro.br\/transparencia\/wp-json\/wp\/v2\/pages\/510","targetHints":{"allow":["GET"]}}],"collection":[{"href":"https:\/\/www3.unicentro.br\/transparencia\/wp-json\/wp\/v2\/pages"}],"about":[{"href":"https:\/\/www3.unicentro.br\/transparencia\/wp-json\/wp\/v2\/types\/page"}],"author":[{"embeddable":true,"href":"https:\/\/www3.unicentro.br\/transparencia\/wp-json\/wp\/v2\/users\/3"}],"replies":[{"embeddable":true,"href":"https:\/\/www3.unicentro.br\/transparencia\/wp-json\/wp\/v2\/comments?post=510"}],"version-history":[{"count":0,"href":"https:\/\/www3.unicentro.br\/transparencia\/wp-json\/wp\/v2\/pages\/510\/revisions"}],"up":[{"embeddable":true,"href":"https:\/\/www3.unicentro.br\/transparencia\/wp-json\/wp\/v2\/pages\/486"}],"wp:attachment":[{"href":"https:\/\/www3.unicentro.br\/transparencia\/wp-json\/wp\/v2\/media?parent=510"}],"curies":[{"name":"wp","href":"https:\/\/api.w.org\/{rel}","templated":true}]}}