{"id":500,"date":"2017-08-25T15:58:10","date_gmt":"2017-08-25T18:58:10","guid":{"rendered":"https:\/\/www3.unicentro.br\/transparencia\/?page_id=500"},"modified":"2020-11-23T16:31:00","modified_gmt":"2020-11-23T19:31:00","slug":"frota-de-veiculos","status":"publish","type":"page","link":"https:\/\/www3.unicentro.br\/transparencia\/administracao\/frota-de-veiculos\/","title":{"rendered":"Frota de ve\u00edculos"},"content":{"rendered":"<ul>\n<li><a title=\"Resumo de deslocamentos\" href=\"http:\/\/sguweb.unicentro.br\/deslocamentos\/resumodeslocamentos\" target=\"_blank\" rel=\"noopener noreferrer\">Resumo de Deslocamentos Interurbanos da Frota por Rota<br \/>\n<\/a>Rela\u00e7\u00e3o de todas as viagens interurbanas dos autom\u00f3veis da Unicentro, apresentando a quilometragem feita pelos ve\u00edculos no per\u00edodo selecionado.<\/li>\n<\/ul>\n","protected":false},"excerpt":{"rendered":"<p>Resumo de Deslocamentos Interurbanos da Frota por Rota Rela\u00e7\u00e3o de todas as viagens interurbanas dos autom\u00f3veis da Unicentro, apresentando a quilometragem feita pelos ve\u00edculos no per\u00edodo selecionado.<\/p>\n","protected":false},"author":3,"featured_media":0,"parent":486,"menu_order":0,"comment_status":"closed","ping_status":"closed","template":"","meta":{"_acf_changed":false,"_exactmetrics_skip_tracking":false,"_exactmetrics_sitenote_active":false,"_exactmetrics_sitenote_note":"","_exactmetrics_sitenote_category":0,"footnotes":"","_links_to":"","_links_to_target":""},"class_list":["post-500","page","type-page","status-publish","hentry"],"acf":[],"_links":{"self":[{"href":"https:\/\/www3.unicentro.br\/transparencia\/wp-json\/wp\/v2\/pages\/500","targetHints":{"allow":["GET"]}}],"collection":[{"href":"https:\/\/www3.unicentro.br\/transparencia\/wp-json\/wp\/v2\/pages"}],"about":[{"href":"https:\/\/www3.unicentro.br\/transparencia\/wp-json\/wp\/v2\/types\/page"}],"author":[{"embeddable":true,"href":"https:\/\/www3.unicentro.br\/transparencia\/wp-json\/wp\/v2\/users\/3"}],"replies":[{"embeddable":true,"href":"https:\/\/www3.unicentro.br\/transparencia\/wp-json\/wp\/v2\/comments?post=500"}],"version-history":[{"count":0,"href":"https:\/\/www3.unicentro.br\/transparencia\/wp-json\/wp\/v2\/pages\/500\/revisions"}],"up":[{"embeddable":true,"href":"https:\/\/www3.unicentro.br\/transparencia\/wp-json\/wp\/v2\/pages\/486"}],"wp:attachment":[{"href":"https:\/\/www3.unicentro.br\/transparencia\/wp-json\/wp\/v2\/media?parent=500"}],"curies":[{"name":"wp","href":"https:\/\/api.w.org\/{rel}","templated":true}]}}