{"id":492,"date":"2017-08-25T15:55:17","date_gmt":"2017-08-25T18:55:17","guid":{"rendered":"https:\/\/www3.unicentro.br\/transparencia\/?page_id=492"},"modified":"2020-11-23T16:31:00","modified_gmt":"2020-11-23T19:31:00","slug":"competencias","status":"publish","type":"page","link":"https:\/\/www3.unicentro.br\/transparencia\/administracao\/competencias\/","title":{"rendered":"Compet\u00eancias"},"content":{"rendered":"<p>A trajet\u00f3ria hist\u00f3rica da Universidade Estadual do Centro-Oeste, Unicentro, teve in\u00edcio no come\u00e7o da d\u00e9cada de 1970, com a cria\u00e7\u00e3o da Funda\u00e7\u00e3o Faculdade Estadual de Filosofia, Ci\u00eancias e Letras de Guarapuava, Fafig, e da Funda\u00e7\u00e3o Faculdade Estadual de Educa\u00e7\u00e3o, Ci\u00eancias e Letras de Irati, Fecli. A fus\u00e3o dessas duas Institui\u00e7\u00f5es deu origem \u00e0 Unicentro.<\/p>\n<p>Em\u00a0 de 5 de outubro de 1989, o artigo 57 das Disposi\u00e7\u00f5es Transit\u00f3rias da Constitui\u00e7\u00e3o do Estado do Paran\u00e1, criou a Funda\u00e7\u00e3o Universidade do Centro-Oeste, Unicentro, sob a forma jur\u00eddica de Funda\u00e7\u00e3o de Direito P\u00fablico. Em 13 de junho de 1990, atrav\u00e9s da Lei n\u00famero 9.295, ficou institu\u00edda a Funda\u00e7\u00e3o Universidade Estadual do Centro-Oeste, Unicentro, com sede e foro na cidade de Guarapuava, Estado do Paran\u00e1, entidade mantenedora das duas faculdades origin\u00e1rias.<\/p>\n<p>Em julho de 1991, atrav\u00e9s da Lei Estadual n\u00famero 9.663, a Funda\u00e7\u00e3o Universidade foi transformada em Autarquia, integrante da administra\u00e7\u00e3o indireta do Estado do Paran\u00e1.<\/p>\n<p>Em 6 de dezembro de 1995, o Conselho Estadual de Educa\u00e7\u00e3o (CEE) reconheceu a Universidade Estadual do Centro-Oeste, Unicentro, atrav\u00e9s do seu Parecer 265\/95. Tal parecer obteve aprova\u00e7\u00e3o do Minist\u00e9rio da Educa\u00e7\u00e3o que recomendou favoravelmente o credenciamento da Universidade Estadual do Centro-Oeste, Unicentro, junto \u00e0 Presid\u00eancia da Rep\u00fablica.<\/p>\n<p>Por for\u00e7a da Lei de Diretrizes e Bases da Educa\u00e7\u00e3o Nacional (LDB) n\u00famero 9.394 de 20 de dezembro de 1996 (art.10\u00ba, Inciso IV), tendo passado aos Estados a incumb\u00eancia de reconhecimento das Institui\u00e7\u00f5es de Ensino Superior, a Unicentro foi reconhecida pelo Governador do Estado do Paran\u00e1, sendo o ato oficial de reconhecimento formalizado por meio do Decreto n\u00famero 3.444 de 8 de agosto de 1997, publicado no Di\u00e1rio Oficial do Estado do Paran\u00e1 n\u00famero 5.063, de 8 de agosto de 1997.<\/p>\n<p>&nbsp;<\/p>\n<p>A Universidade Estadual do Centro-Oeste, Unicentro, como institui\u00e7\u00e3o de ensino superior, comprometida com a indissociabilidade do ensino, da pesquisa e da extens\u00e3o universit\u00e1ria.<\/p>\n<p>Diante da conjuntura globalizada e dos cen\u00e1rios pol\u00edtico, econ\u00f4mico, social, ambiental, tecnol\u00f3gico e cultural, a institui\u00e7\u00e3o enfatiza o seu papel fundamental, seu crescimento e proje\u00e7\u00f5es como Universidade P\u00fablica, democr\u00e1tica e de qualidade para atender as demandas da sociedade, acompanhando as aceleradas transforma\u00e7\u00f5es e movimentos contempor\u00e2neos.<\/p>\n<p>Nesse sentido, suas atividades \u00a0s\u00e3o desenvolvidas por meio das por meio de seus conselhos departamentais, setoriais, diretorias, dire\u00e7\u00f5es de\u00a0<em>campus<\/em>, pr\u00f3-reitorias e conselhos superiores<\/p>\n","protected":false},"excerpt":{"rendered":"<p>A trajet\u00f3ria hist\u00f3rica da Universidade Estadual do Centro-Oeste, Unicentro, teve in\u00edcio no come\u00e7o da d\u00e9cada de 1970, com a cria\u00e7\u00e3o da Funda\u00e7\u00e3o Faculdade Estadual de Filosofia, Ci\u00eancias e Letras de Guarapuava, Fafig, e da Funda\u00e7\u00e3o Faculdade Estadual de Educa\u00e7\u00e3o, Ci\u00eancias e Letras de Irati, Fecli. A fus\u00e3o dessas duas Institui\u00e7\u00f5es deu origem \u00e0 Unicentro. Em\u00a0 [&hellip;]<\/p>\n","protected":false},"author":3,"featured_media":0,"parent":486,"menu_order":0,"comment_status":"closed","ping_status":"closed","template":"","meta":{"_acf_changed":false,"_exactmetrics_skip_tracking":false,"_exactmetrics_sitenote_active":false,"_exactmetrics_sitenote_note":"","_exactmetrics_sitenote_category":0,"footnotes":"","_links_to":"","_links_to_target":""},"class_list":["post-492","page","type-page","status-publish","hentry"],"acf":[],"_links":{"self":[{"href":"https:\/\/www3.unicentro.br\/transparencia\/wp-json\/wp\/v2\/pages\/492","targetHints":{"allow":["GET"]}}],"collection":[{"href":"https:\/\/www3.unicentro.br\/transparencia\/wp-json\/wp\/v2\/pages"}],"about":[{"href":"https:\/\/www3.unicentro.br\/transparencia\/wp-json\/wp\/v2\/types\/page"}],"author":[{"embeddable":true,"href":"https:\/\/www3.unicentro.br\/transparencia\/wp-json\/wp\/v2\/users\/3"}],"replies":[{"embeddable":true,"href":"https:\/\/www3.unicentro.br\/transparencia\/wp-json\/wp\/v2\/comments?post=492"}],"version-history":[{"count":0,"href":"https:\/\/www3.unicentro.br\/transparencia\/wp-json\/wp\/v2\/pages\/492\/revisions"}],"up":[{"embeddable":true,"href":"https:\/\/www3.unicentro.br\/transparencia\/wp-json\/wp\/v2\/pages\/486"}],"wp:attachment":[{"href":"https:\/\/www3.unicentro.br\/transparencia\/wp-json\/wp\/v2\/media?parent=492"}],"curies":[{"name":"wp","href":"https:\/\/api.w.org\/{rel}","templated":true}]}}