{"id":99,"date":"2025-03-27T15:44:12","date_gmt":"2025-03-27T18:44:12","guid":{"rendered":"https:\/\/www3.unicentro.br\/sesmt\/?page_id=99"},"modified":"2025-05-29T10:55:24","modified_gmt":"2025-05-29T13:55:24","slug":"atendimento-do-pas","status":"publish","type":"page","link":"https:\/\/www3.unicentro.br\/sesmt\/saude\/atendimento-do-pas\/","title":{"rendered":"Atendimento do PAS"},"content":{"rendered":"<p style=\"text-align: justify\">A enfermeira do trabalho desempenha suas fun\u00e7\u00f5es em duas Pr\u00f3-Reitorias: na Pr\u00f3-Reitoria de Planejamento, integrando a equipe do Servi\u00e7o Especializado em Seguran\u00e7a e Medicina do Trabalho, e na Pr\u00f3-Reitoria de Apoio aos Estudantes, onde atua na Coordenadoria de Apoio \u00e0 Promo\u00e7\u00e3o \u00e0 Sa\u00fade (Coapsa).<\/p>\n<p style=\"text-align: justify\">Na Coapsa, o ambulat\u00f3rio de Promo\u00e7\u00e3o \u00e0 Sa\u00fade oferece servi\u00e7os para casos de sa\u00fade de baixa complexidade, sem risco imediato \u00e0 vida. Em situa\u00e7\u00f5es de urg\u00eancia, o paciente \u00e9 encaminhado para as unidades de sa\u00fade mais pr\u00f3ximas. As principais atividades do ambulat\u00f3rio incluem: acolhimento, triagem, acompanhamento, verifica\u00e7\u00e3o de sinais vitais, escuta ativa, an\u00e1lise de exames laboratoriais, orienta\u00e7\u00f5es, registro de informa\u00e7\u00f5es, primeiros socorros, treinamentos, campanhas de promo\u00e7\u00e3o da sa\u00fade e preven\u00e7\u00e3o de doen\u00e7as, curativos, administra\u00e7\u00e3o de medicamentos (conforme prescri\u00e7\u00e3o m\u00e9dica), agendamento de consultas e elabora\u00e7\u00e3o de ferramentas de trabalho.<\/p>\n<p style=\"text-align: justify\">O ambulat\u00f3rio est\u00e1 localizado no bloco G, sala 11, em frente ao Jardim de Inverno (C\u00e2mpus Santa Cruz), ramal 1306. O hor\u00e1rio de funcionamento da enfermagem \u00e9 de segunda a sexta-feira, das 8h \u00e0s 12h e das 14h \u00e0s 23h.<\/p>\n<p style=\"text-align: justify\">No Cedeteg o ambulat\u00f3rio fica localizado no Bloco DIRCAMP, pr\u00f3ximo ao protocolo, na sala \u201cPAS\/PROAE\u201d, ramal 8150. O atendimento de enfermagem ocorre das 08h at\u00e9 22h, de segunda \u00e0 sexta.<\/p>\n<p style=\"text-align: justify\">O ambulat\u00f3rio no C\u00e2mpus de Irati, que fica localizado no hall de entrada do pr\u00e9dio principal, ramal 3018. O atendimento de enfermagem ocorre das 13h at\u00e9 22h, de segunda \u00e0 sexta.<\/p>\n","protected":false},"excerpt":{"rendered":"<p>A enfermeira do trabalho desempenha suas fun\u00e7\u00f5es em duas Pr\u00f3-Reitorias: na Pr\u00f3-Reitoria de Planejamento, integrando a equipe do Servi\u00e7o Especializado em Seguran\u00e7a e Medicina do Trabalho, e na Pr\u00f3-Reitoria de Apoio aos Estudantes, onde atua na Coordenadoria de Apoio \u00e0 Promo\u00e7\u00e3o \u00e0 Sa\u00fade (Coapsa). Na Coapsa, o ambulat\u00f3rio de Promo\u00e7\u00e3o \u00e0 Sa\u00fade oferece servi\u00e7os para [&hellip;]<\/p>\n","protected":false},"author":3,"featured_media":0,"parent":93,"menu_order":0,"comment_status":"closed","ping_status":"closed","template":"","meta":{"_exactmetrics_skip_tracking":false,"_exactmetrics_sitenote_active":false,"_exactmetrics_sitenote_note":"","_exactmetrics_sitenote_category":0,"footnotes":"","_links_to":"","_links_to_target":""},"class_list":["post-99","page","type-page","status-publish","hentry"],"_links":{"self":[{"href":"https:\/\/www3.unicentro.br\/sesmt\/wp-json\/wp\/v2\/pages\/99","targetHints":{"allow":["GET"]}}],"collection":[{"href":"https:\/\/www3.unicentro.br\/sesmt\/wp-json\/wp\/v2\/pages"}],"about":[{"href":"https:\/\/www3.unicentro.br\/sesmt\/wp-json\/wp\/v2\/types\/page"}],"author":[{"embeddable":true,"href":"https:\/\/www3.unicentro.br\/sesmt\/wp-json\/wp\/v2\/users\/3"}],"replies":[{"embeddable":true,"href":"https:\/\/www3.unicentro.br\/sesmt\/wp-json\/wp\/v2\/comments?post=99"}],"version-history":[{"count":2,"href":"https:\/\/www3.unicentro.br\/sesmt\/wp-json\/wp\/v2\/pages\/99\/revisions"}],"predecessor-version":[{"id":279,"href":"https:\/\/www3.unicentro.br\/sesmt\/wp-json\/wp\/v2\/pages\/99\/revisions\/279"}],"up":[{"embeddable":true,"href":"https:\/\/www3.unicentro.br\/sesmt\/wp-json\/wp\/v2\/pages\/93"}],"wp:attachment":[{"href":"https:\/\/www3.unicentro.br\/sesmt\/wp-json\/wp\/v2\/media?parent=99"}],"curies":[{"name":"wp","href":"https:\/\/api.w.org\/{rel}","templated":true}]}}