{"id":95,"date":"2025-03-27T15:41:33","date_gmt":"2025-03-27T18:41:33","guid":{"rendered":"https:\/\/www3.unicentro.br\/sesmt\/?page_id=95"},"modified":"2025-06-13T15:16:16","modified_gmt":"2025-06-13T18:16:16","slug":"campanhas-de-saude","status":"publish","type":"page","link":"https:\/\/www3.unicentro.br\/sesmt\/saude\/campanhas-de-saude\/","title":{"rendered":"Campanhas de Sa\u00fade"},"content":{"rendered":"<p>Ao longo do ano, somos envolvidos por uma rica variedade de cores, cada uma representando uma causa de sa\u00fade importante. Essas campanhas, que pintam os meses, s\u00e3o muito mais do que s\u00edmbolos, s\u00e3o guias de conscientiza\u00e7\u00e3o, destacando a import\u00e2ncia da preven\u00e7\u00e3o, do diagn\u00f3stico precoce e do tratamento de diversas doen\u00e7as.<\/p>\n<ul>\n<li><strong>Janeiro Branco: <\/strong>Abre o ano com um chamado \u00e0 sa\u00fade mental, lembrando-nos que o bem-estar emocional \u00e9 t\u00e3o vital quanto o f\u00edsico.<\/li>\n<li><strong>Fevereiro Laranja:<\/strong> Alerta para a leucemia, incentivando a doa\u00e7\u00e3o de medula \u00f3ssea, um gesto de esperan\u00e7a para muitos pacientes.<\/li>\n<li><strong>Mar\u00e7o Lil\u00e1s:<\/strong> \u00c9 o m\u00eas dedicado \u00e0 conscientiza\u00e7\u00e3o sobre a preven\u00e7\u00e3o do c\u00e2ncer de colo do \u00fatero.<\/li>\n<li><strong>Abril Verde:<\/strong> \u00c9 focado na seguran\u00e7a do trabalho, um apelo por ambientes laborais saud\u00e1veis e seguros, bem como, possu\u00edmos o <strong>Abril Azul <\/strong>que \u00e9 dedicado \u00e0 conscientiza\u00e7\u00e3o sobre o Transtorno do Espectro Autista (TEA).<\/li>\n<li><strong>Maio Amarelo: <\/strong>M\u00eas de Conscientiza\u00e7\u00e3o para um Tr\u00e2nsito mais Seguro.<\/li>\n<li><strong>Junho Vermelho:<\/strong> Celebra a doa\u00e7\u00e3o de sangue, um ato de solidariedade que pode fazer a diferen\u00e7a entre a vida e a morte.<\/li>\n<li><strong>Julho Amarelo:<\/strong> Conscientiza sobre as hepatites virais, doen\u00e7as silenciosas que podem ter graves consequ\u00eancias.<\/li>\n<li><strong>Setembro Amarelo:<\/strong> Dedicado \u00e0 preven\u00e7\u00e3o do suic\u00eddio, um lembrete de que a vida sempre vale a pena.<\/li>\n<li><strong>Outubro Rosa:<\/strong> Um s\u00edmbolo ic\u00f4nico na luta contra o c\u00e2ncer de mama, incentivando a detec\u00e7\u00e3o precoce e o autocuidado.<\/li>\n<li><strong>Novembro Azul:<\/strong> Focado na sa\u00fade masculina, com \u00eanfase na preven\u00e7\u00e3o do c\u00e2ncer de pr\u00f3stata.<\/li>\n<li><strong>Dezembro Vermelho:<\/strong> Encerra o ano com a conscientiza\u00e7\u00e3o sobre o HIV\/AIDS, uma luta cont\u00ednua contra o preconceito e a desinforma\u00e7\u00e3o.<\/li>\n<\/ul>\n<p>Nesse cen\u00e1rio de cores e aten\u00e7\u00e3o \u00e0 sa\u00fade, a campanha de vacina\u00e7\u00e3o se destaca como essencial para a prote\u00e7\u00e3o da comunidade universit\u00e1ria. A Unicentro, em colabora\u00e7\u00e3o com a Secretaria Municipal de Sa\u00fade de Guarapuava, promover\u00e1 Campanhas de Multivacina\u00e7\u00e3o para atualizar o esquema vacinal de adultos +18. Ser\u00e3o oferecidas diversas vacinas preconizadas no calend\u00e1rio nacional, incluindo DT, Tr\u00edplice Viral, Febre Amarela, Covid-19, Influenza e Hepatite B.<\/p>\n<p>A Pr\u00f3-Reitoria de Planejamento (PROPLAN), em colabora\u00e7\u00e3o com a Pr\u00f3-Reitoria de Apoio aos Estudantes (PROAE), utiliza as campanhas de sa\u00fade para realizar a\u00e7\u00f5es com o objetivo principal de sensibilizar a comunidade acad\u00eamica acerca de variadas doen\u00e7as e condi\u00e7\u00f5es de sa\u00fade. O intuito \u00e9 fomentar a preven\u00e7\u00e3o, a detec\u00e7\u00e3o precoce e a procura por tratamento apropriado, almejando uma melhor qualidade de vida e bem-estar para todos.<\/p>\n","protected":false},"excerpt":{"rendered":"<p>Ao longo do ano, somos envolvidos por uma rica variedade de cores, cada uma representando uma causa de sa\u00fade importante. Essas campanhas, que pintam os meses, s\u00e3o muito mais do que s\u00edmbolos, s\u00e3o guias de conscientiza\u00e7\u00e3o, destacando a import\u00e2ncia da preven\u00e7\u00e3o, do diagn\u00f3stico precoce e do tratamento de diversas doen\u00e7as. Janeiro Branco: Abre o ano [&hellip;]<\/p>\n","protected":false},"author":3,"featured_media":0,"parent":93,"menu_order":0,"comment_status":"closed","ping_status":"closed","template":"","meta":{"_exactmetrics_skip_tracking":false,"_exactmetrics_sitenote_active":false,"_exactmetrics_sitenote_note":"","_exactmetrics_sitenote_category":0,"footnotes":"","_links_to":"","_links_to_target":""},"class_list":["post-95","page","type-page","status-publish","hentry"],"_links":{"self":[{"href":"https:\/\/www3.unicentro.br\/sesmt\/wp-json\/wp\/v2\/pages\/95","targetHints":{"allow":["GET"]}}],"collection":[{"href":"https:\/\/www3.unicentro.br\/sesmt\/wp-json\/wp\/v2\/pages"}],"about":[{"href":"https:\/\/www3.unicentro.br\/sesmt\/wp-json\/wp\/v2\/types\/page"}],"author":[{"embeddable":true,"href":"https:\/\/www3.unicentro.br\/sesmt\/wp-json\/wp\/v2\/users\/3"}],"replies":[{"embeddable":true,"href":"https:\/\/www3.unicentro.br\/sesmt\/wp-json\/wp\/v2\/comments?post=95"}],"version-history":[{"count":2,"href":"https:\/\/www3.unicentro.br\/sesmt\/wp-json\/wp\/v2\/pages\/95\/revisions"}],"predecessor-version":[{"id":285,"href":"https:\/\/www3.unicentro.br\/sesmt\/wp-json\/wp\/v2\/pages\/95\/revisions\/285"}],"up":[{"embeddable":true,"href":"https:\/\/www3.unicentro.br\/sesmt\/wp-json\/wp\/v2\/pages\/93"}],"wp:attachment":[{"href":"https:\/\/www3.unicentro.br\/sesmt\/wp-json\/wp\/v2\/media?parent=95"}],"curies":[{"name":"wp","href":"https:\/\/api.w.org\/{rel}","templated":true}]}}