{"id":91,"date":"2025-03-27T15:39:49","date_gmt":"2025-03-27T18:39:49","guid":{"rendered":"https:\/\/www3.unicentro.br\/sesmt\/?page_id=91"},"modified":"2025-04-09T16:24:12","modified_gmt":"2025-04-09T19:24:12","slug":"epis","status":"publish","type":"page","link":"https:\/\/www3.unicentro.br\/sesmt\/epis\/","title":{"rendered":"EPIs"},"content":{"rendered":"<p><strong>EPIs \u2013 EQUIPAMENTOS DE PROTE\u00c7\u00c3O INDIVIDUAL<\/strong><\/p>\n<p>Toda atividade pode expor o trabalhador a algum tipo de risco, o que poder\u00e1 acarretar acidentes com les\u00f5es, mutila\u00e7\u00f5es, doen\u00e7as ocupacionais, e por conseguinte, afastamentos tempor\u00e1rios ou permanentes.<\/p>\n<p>Diante desta realidade, foram desenvolvidos Equipamentos de Prote\u00e7\u00e3o espec\u00edficos, a fim de proteger, minimizar, ou evitar as poss\u00edveis les\u00f5es \u00e0 sa\u00fade do trabalhador. A Norma que regulamenta o seu uso \u00e9 a NR.6.<\/p>\n<p>A NR.6 define os EPIs como sendo dispositivos ou produtos de uso individual, utilizado pelo trabalhador, concebido e fabricado para oferecer prote\u00e7\u00e3o contra os riscos ocupacionais existentes no ambiente de trabalho.<\/p>\n<p>Os regulamentos da NR.6 n\u00e3o se aplicam somente \u00e0s empresas e aos trabalhadores, mas tamb\u00e9m aos fabricantes e importadores, uma vez que define os requisitos m\u00ednimos para a fabrica\u00e7\u00e3o, comercializa\u00e7\u00e3o, uso e manuten\u00e7\u00e3o desses equipamentos.<\/p>\n<p>Os EPIs, sejam de fabrica\u00e7\u00e3o nacional ou importados, s\u00f3 poder\u00e3o ser postos \u00e0 venda ou utilizados com a indica\u00e7\u00e3o do Certificado de Aprova\u00e7\u00e3o &#8211; CA, expedido pelo \u00f3rg\u00e3o de \u00e2mbito nacional competente em mat\u00e9ria de Seguran\u00e7a e Sa\u00fade no Trabalho.<\/p>\n<p>De uso obrigat\u00f3rio dentro do ambiente de trabalho, os EPIs dever\u00e3o ser fornecidos gratuitamente pelo empregador, adequados aos riscos das atividades, e em perfeito estado de conserva\u00e7\u00e3o e funcionamento. \u00c9 dever do empregador orientar e treinar o trabalhador sobre o uso adequado, guarda e conserva\u00e7\u00e3o dos EPIs, e exigir o seu uso, efetuando a sua substitui\u00e7\u00e3o quando danificado ou extraviado.<\/p>\n<p>O trabalhador tamb\u00e9m tem suas obriga\u00e7\u00f5es. De acordo com a norma \u00e9 sua a responsabilidade de usar o EPI fornecido pela empresa, apenas para a finalidade a que se destina, cuidando da sua limpeza, guarda e conserva\u00e7\u00e3o, e cumprindo as determina\u00e7\u00f5es da empresa sobre o uso adequado. Tamb\u00e9m \u00e9 seu dever comunicar \u00e0 empresa sempre que o EPI for extraviado, danificado, ou sofra qualquer altera\u00e7\u00e3o que o torne impr\u00f3prio para uso.<\/p>\n<p>Cabe ao SESMT e \u00e0 CIPA assegurar que os EPIs est\u00e3o sendo adequados \u00e0s atividades, e que os trabalhadores est\u00e3o utilizando corretamente, a fim de garantir que estejam sendo eficazes \u00e0 prote\u00e7\u00e3o da sua sa\u00fade e integridade f\u00edsica.<\/p>\n","protected":false},"excerpt":{"rendered":"<p>EPIs \u2013 EQUIPAMENTOS DE PROTE\u00c7\u00c3O INDIVIDUAL Toda atividade pode expor o trabalhador a algum tipo de risco, o que poder\u00e1 acarretar acidentes com les\u00f5es, mutila\u00e7\u00f5es, doen\u00e7as ocupacionais, e por conseguinte, afastamentos tempor\u00e1rios ou permanentes. Diante desta realidade, foram desenvolvidos Equipamentos de Prote\u00e7\u00e3o espec\u00edficos, a fim de proteger, minimizar, ou evitar as poss\u00edveis les\u00f5es \u00e0 sa\u00fade [&hellip;]<\/p>\n","protected":false},"author":3,"featured_media":0,"parent":0,"menu_order":0,"comment_status":"closed","ping_status":"closed","template":"","meta":{"_exactmetrics_skip_tracking":false,"_exactmetrics_sitenote_active":false,"_exactmetrics_sitenote_note":"","_exactmetrics_sitenote_category":0,"footnotes":"","_links_to":"","_links_to_target":""},"class_list":["post-91","page","type-page","status-publish","hentry"],"_links":{"self":[{"href":"https:\/\/www3.unicentro.br\/sesmt\/wp-json\/wp\/v2\/pages\/91","targetHints":{"allow":["GET"]}}],"collection":[{"href":"https:\/\/www3.unicentro.br\/sesmt\/wp-json\/wp\/v2\/pages"}],"about":[{"href":"https:\/\/www3.unicentro.br\/sesmt\/wp-json\/wp\/v2\/types\/page"}],"author":[{"embeddable":true,"href":"https:\/\/www3.unicentro.br\/sesmt\/wp-json\/wp\/v2\/users\/3"}],"replies":[{"embeddable":true,"href":"https:\/\/www3.unicentro.br\/sesmt\/wp-json\/wp\/v2\/comments?post=91"}],"version-history":[{"count":1,"href":"https:\/\/www3.unicentro.br\/sesmt\/wp-json\/wp\/v2\/pages\/91\/revisions"}],"predecessor-version":[{"id":206,"href":"https:\/\/www3.unicentro.br\/sesmt\/wp-json\/wp\/v2\/pages\/91\/revisions\/206"}],"wp:attachment":[{"href":"https:\/\/www3.unicentro.br\/sesmt\/wp-json\/wp\/v2\/media?parent=91"}],"curies":[{"name":"wp","href":"https:\/\/api.w.org\/{rel}","templated":true}]}}