{"id":89,"date":"2025-03-27T15:39:01","date_gmt":"2025-03-27T18:39:01","guid":{"rendered":"https:\/\/www3.unicentro.br\/sesmt\/?page_id=89"},"modified":"2025-04-09T16:23:15","modified_gmt":"2025-04-09T19:23:15","slug":"pae-plano-de-atendimento-a-emergencias","status":"publish","type":"page","link":"https:\/\/www3.unicentro.br\/sesmt\/atividades-do-sesmt\/pae-plano-de-atendimento-a-emergencias\/","title":{"rendered":"PAE &#8211; Plano de Atendimento \u00e0 Emerg\u00eancias"},"content":{"rendered":"<p>\u00c9 um documento crucial que estabelece os procedimentos e a\u00e7\u00f5es a serem tomadas em caso de incidentes que possam amea\u00e7ar a seguran\u00e7a e o bem-estar da comunidade acad\u00eamica, incluindo alunos, professores, funcion\u00e1rios e visitantes. Dada a complexidade e o grande n\u00famero de pessoas presentes em um campus universit\u00e1rio, o PAE\u00a0 \u00e9 essencial para minimizar riscos, proteger vidas e bens, e garantir uma resposta eficaz em situa\u00e7\u00f5es cr\u00edticas.<\/p>\n<p><strong>Objetivos Principais:<\/strong><\/p>\n<ul>\n<li><strong>Prote\u00e7\u00e3o da vida:<\/strong> Garantir a seguran\u00e7a e integridade f\u00edsica de todos os presentes no campus.<\/li>\n<li><strong>Minimiza\u00e7\u00e3o de danos:<\/strong> Reduzir os impactos de emerg\u00eancias sobre o patrim\u00f4nio da universidade, instala\u00e7\u00f5es e o meio ambiente.<\/li>\n<li><strong>Resposta eficaz:<\/strong> Estabelecer procedimentos claros para uma resposta r\u00e1pida e coordenada em diferentes tipos de emerg\u00eancia.<\/li>\n<li><strong>Comunica\u00e7\u00e3o eficiente:<\/strong> Assegurar que as informa\u00e7\u00f5es sobre a emerg\u00eancia e os procedimentos a seguir sejam comunicados de forma clara e oportuna.<\/li>\n<li><strong>Continuidade das opera\u00e7\u00f5es:<\/strong> Facilitar a retomada das atividades acad\u00eamicas e administrativas o mais r\u00e1pido poss\u00edvel ap\u00f3s uma emerg\u00eancia.<\/li>\n<li><strong>Cumprimento legal:<\/strong> Atender \u00e0s regulamenta\u00e7\u00f5es e normas de seguran\u00e7a aplic\u00e1veis.<\/li>\n<\/ul>\n<p><strong>Tipos de Emerg\u00eancias em um Contexto Universit\u00e1rio:<\/strong><\/p>\n<ul>\n<li><strong>Inc\u00eandios:<\/strong> Em laborat\u00f3rios, salas de aulas.<\/li>\n<li><strong>Emerg\u00eancias m\u00e9dicas:<\/strong> Acidentes, mal s\u00fabito, surtos de doen\u00e7as.<\/li>\n<li><strong>Seguran\u00e7a:<\/strong> Crimes, viol\u00eancia, amea\u00e7as.<\/li>\n<li><strong>Desastres naturais:<\/strong> Inunda\u00e7\u00f5es, tempestades.<\/li>\n<li><strong>Vazamentos qu\u00edmicos:<\/strong> Em laborat\u00f3rios ou \u00e1reas de armazenamento.<\/li>\n<li><strong>Interrup\u00e7\u00e3o de servi\u00e7os essenciais:<\/strong> Falha de energia, \u00e1gua, g\u00e1s.<\/li>\n<li><strong>Protestos e dist\u00farbios.<\/strong><\/li>\n<\/ul>\n<p><strong>Implementa\u00e7\u00e3o e Import\u00e2ncia:<\/strong><\/p>\n<p>O PAE \u00e9 de suma import\u00e2ncia, pois garante que a institui\u00e7\u00e3o esteja preparada para responder de forma eficaz a uma variedade de situa\u00e7\u00f5es cr\u00edticas, minimizando danos e protegendo vidas.<\/p>\n<p><strong>O PAE da Unicentro encontra-se em fase de elabora\u00e7\u00e3o, para posterior implementa\u00e7\u00e3o.<\/strong><\/p>\n","protected":false},"excerpt":{"rendered":"<p>\u00c9 um documento crucial que estabelece os procedimentos e a\u00e7\u00f5es a serem tomadas em caso de incidentes que possam amea\u00e7ar a seguran\u00e7a e o bem-estar da comunidade acad\u00eamica, incluindo alunos, professores, funcion\u00e1rios e visitantes. Dada a complexidade e o grande n\u00famero de pessoas presentes em um campus universit\u00e1rio, o PAE\u00a0 \u00e9 essencial para minimizar riscos, [&hellip;]<\/p>\n","protected":false},"author":3,"featured_media":0,"parent":75,"menu_order":0,"comment_status":"closed","ping_status":"closed","template":"","meta":{"_exactmetrics_skip_tracking":false,"_exactmetrics_sitenote_active":false,"_exactmetrics_sitenote_note":"","_exactmetrics_sitenote_category":0,"footnotes":"","_links_to":"","_links_to_target":""},"class_list":["post-89","page","type-page","status-publish","hentry"],"_links":{"self":[{"href":"https:\/\/www3.unicentro.br\/sesmt\/wp-json\/wp\/v2\/pages\/89","targetHints":{"allow":["GET"]}}],"collection":[{"href":"https:\/\/www3.unicentro.br\/sesmt\/wp-json\/wp\/v2\/pages"}],"about":[{"href":"https:\/\/www3.unicentro.br\/sesmt\/wp-json\/wp\/v2\/types\/page"}],"author":[{"embeddable":true,"href":"https:\/\/www3.unicentro.br\/sesmt\/wp-json\/wp\/v2\/users\/3"}],"replies":[{"embeddable":true,"href":"https:\/\/www3.unicentro.br\/sesmt\/wp-json\/wp\/v2\/comments?post=89"}],"version-history":[{"count":1,"href":"https:\/\/www3.unicentro.br\/sesmt\/wp-json\/wp\/v2\/pages\/89\/revisions"}],"predecessor-version":[{"id":204,"href":"https:\/\/www3.unicentro.br\/sesmt\/wp-json\/wp\/v2\/pages\/89\/revisions\/204"}],"up":[{"embeddable":true,"href":"https:\/\/www3.unicentro.br\/sesmt\/wp-json\/wp\/v2\/pages\/75"}],"wp:attachment":[{"href":"https:\/\/www3.unicentro.br\/sesmt\/wp-json\/wp\/v2\/media?parent=89"}],"curies":[{"name":"wp","href":"https:\/\/api.w.org\/{rel}","templated":true}]}}