{"id":81,"date":"2025-03-27T15:36:14","date_gmt":"2025-03-27T18:36:14","guid":{"rendered":"https:\/\/www3.unicentro.br\/sesmt\/?page_id=81"},"modified":"2025-11-14T11:14:19","modified_gmt":"2025-11-14T14:14:19","slug":"sobre-a-cipa","status":"publish","type":"page","link":"https:\/\/www3.unicentro.br\/sesmt\/cipa\/sobre-a-cipa\/","title":{"rendered":"Sobre a Cipa"},"content":{"rendered":"<div class=\"wpb-content-wrapper\"><p>[vc_row][vc_column][vc_row_inner][vc_column_inner][\/vc_column_inner][\/vc_row_inner][\/vc_column][\/vc_row][vc_row][vc_column][\/vc_column][\/vc_row][vc_row][vc_column][vc_column_text css=&#8221;&#8221;]<\/p>\n<p style=\"text-align: justify\"><span style=\"font-family: arial, helvetica, sans-serif\">A\u00a0<strong>Cipa, Comiss\u00e3o Interna de Preven\u00e7\u00e3o de Acidentes e de Ass\u00e9dio<\/strong>, tem como objetivo a preven\u00e7\u00e3o de acidentes e doen\u00e7as decorrentes do trabalho, de modo a tornar compat\u00edvel permanentemente o trabalho com a preserva\u00e7\u00e3o da vida, a promo\u00e7\u00e3o da sa\u00fade do servidor e a preven\u00e7\u00e3o e combate ao ass\u00e9dio sexual e \u00e0s demais formas de viol\u00eancia no \u00e2mbito do trabalho.<\/span><\/p>\n<h2 style=\"text-align: center\"><span style=\"font-family: arial, helvetica, sans-serif;font-size: 12pt\"><u>CIPA E ASS\u00c9DIO<\/u><\/span><\/h2>\n<p style=\"text-align: justify\"><span style=\"font-family: arial, helvetica, sans-serif\">Desde mar\u00e7o de 2023, a\u00a0Lei 14.457\/2022, que instituiu o\u00a0Programa Emprega + Mulheres para incentivar medidas de preven\u00e7\u00e3o e combate ao ass\u00e9dio sexual e outros tipos de viol\u00eancia no trabalho, contribuiu para altera\u00e7\u00e3o da CIPA, determinando uma s\u00e9rie de \u00a0de ajustes em suas atribui\u00e7\u00f5es.<\/span><\/p>\n<p style=\"text-align: justify\"><span style=\"font-family: arial, helvetica, sans-serif\">Anteriormente a esta lei, a CIPA era denominada Comiss\u00e3o Interna de Preven\u00e7\u00e3o de Acidentes e, agora, se\u00a0 tornou\u00a0Comiss\u00e3o Interna de Preven\u00e7\u00e3o de Acidentes e Ass\u00e9dio.<\/span><\/p>\n<p style=\"text-align: justify\"><span style=\"font-family: arial, helvetica, sans-serif\">Essa lei obriga empresas com CIPA a:<\/span><\/p>\n<ul style=\"text-align: center\">\n<li style=\"text-align: justify\"><span style=\"font-family: arial, helvetica, sans-serif\">Incluir nas normas internas regras de conduta sobre ass\u00e9dio sexual e de outras formas de viol\u00eancia, divulgando amplamente aos colaboradores;<\/span><\/li>\n<li style=\"text-align: justify\"><span style=\"font-family: arial, helvetica, sans-serif\">Estabelecer\u00a0procedimentos para receber e acompanhar den\u00fancias;<\/span><\/li>\n<li style=\"text-align: justify\"><span style=\"font-family: arial, helvetica, sans-serif\">Fazer a apura\u00e7\u00e3o dos fatos, garantindo o anonimato do denunciante;<\/span><\/li>\n<li style=\"text-align: justify\"><span style=\"font-family: arial, helvetica, sans-serif\">Se for o caso, definir como ser\u00e1 a aplica\u00e7\u00e3o de san\u00e7\u00f5es administrativas aos respons\u00e1veis diretos e indiretos pelo ass\u00e9dio sexual ou viol\u00eancia.<\/span><\/li>\n<li style=\"text-align: justify\"><span style=\"font-family: arial, helvetica, sans-serif\">Realizar capacita\u00e7\u00e3o e sensibiliza\u00e7\u00e3o dos colaboradores sobre temas relacionados a viol\u00eancia, ass\u00e9dio, igualdade e diversidade no trabalho. Isso deve ocorrer ao menos uma vez por ano.<\/span><\/li>\n<\/ul>\n<table class=\" aligncenter\">\n<tbody>\n<tr>\n<td style=\"width: 552px\" colspan=\"4\">\n<p style=\"text-align: center\"><span style=\"color: #000000\"><strong>Membros da CIPA gest\u00e3o 2025\/2026 \u2013 23\/10\/2025 \u2013 22\/10\/2026<\/strong><\/span><\/p>\n<\/td>\n<\/tr>\n<tr>\n<td style=\"width: 126.359px\" rowspan=\"8\"><strong>Santa Cruz<\/strong><\/td>\n<td style=\"width: 70.7344px\">Eleito<\/td>\n<td style=\"width: 83.6406px\">Titular<\/td>\n<td style=\"width: 253.266px\">JACQUELINE WIRTHMANN<\/td>\n<\/tr>\n<tr>\n<td style=\"width: 70.7344px\">Eleito<\/td>\n<td style=\"width: 83.6406px\">Titular<\/td>\n<td style=\"width: 253.266px\">ANGELO ANDRE MARAFON<\/td>\n<\/tr>\n<tr>\n<td style=\"width: 70.7344px\">Eleito<\/td>\n<td style=\"width: 83.6406px\">Suplente<\/td>\n<td style=\"width: 253.266px\">TALINE EMANUELLY DA SILVA DZULINSKI<\/td>\n<\/tr>\n<tr>\n<td style=\"width: 70.7344px\">Eleito<\/td>\n<td style=\"width: 83.6406px\">Suplente<\/td>\n<td style=\"width: 253.266px\">LUCILENE DE JESUS DIAS MELO<\/td>\n<\/tr>\n<tr>\n<td style=\"width: 70.7344px\">Indicado<\/td>\n<td style=\"width: 83.6406px\">Titular<\/td>\n<td style=\"width: 253.266px\">ANDR\u00c9 REZENDE PETTERSON<\/td>\n<\/tr>\n<tr>\n<td style=\"width: 70.7344px\">Indicado<\/td>\n<td style=\"width: 83.6406px\">Titular<\/td>\n<td style=\"width: 253.266px\">GIILIANO DANIEL NASCIMENTO<\/td>\n<\/tr>\n<tr>\n<td style=\"width: 70.7344px\">Indicado<\/td>\n<td style=\"width: 83.6406px\">Suplente<\/td>\n<td style=\"width: 253.266px\">LUCIANA ROSAR FORNAZARI KLANOVICZ<\/td>\n<\/tr>\n<tr>\n<td style=\"width: 70.7344px\">Indicado<\/td>\n<td style=\"width: 83.6406px\">Suplente<\/td>\n<td style=\"width: 253.266px\">JOS\u00c9 FERNANDO TOMPOROVSKI<\/td>\n<\/tr>\n<tr>\n<td style=\"width: 126.359px\" rowspan=\"8\"><strong>Cedeteg<\/strong><\/td>\n<td style=\"width: 70.7344px\">Eleito<\/td>\n<td style=\"width: 83.6406px\">Titular<\/td>\n<td style=\"width: 253.266px\">PRISCILA ANTUNES SCHAMNE<\/td>\n<\/tr>\n<tr>\n<td style=\"width: 70.7344px\">Eleito<\/td>\n<td style=\"width: 83.6406px\">Titular<\/td>\n<td style=\"width: 253.266px\">NEUSA MARIA DELGADO DE SOUZA<\/td>\n<\/tr>\n<tr>\n<td style=\"width: 70.7344px\">Eleito<\/td>\n<td style=\"width: 83.6406px\">Suplente<\/td>\n<td style=\"width: 253.266px\">GLAUCO NONOSE NEGR\u00c3O<\/td>\n<\/tr>\n<tr>\n<td style=\"width: 70.7344px\">Eleito<\/td>\n<td style=\"width: 83.6406px\">Suplente<\/td>\n<td style=\"width: 253.266px\">LUCAS DE OLIVEIRA ARA\u00daJO<\/td>\n<\/tr>\n<tr>\n<td style=\"width: 70.7344px\">Indicado<\/td>\n<td style=\"width: 83.6406px\">Titular<\/td>\n<td style=\"width: 253.266px\">JO\u00c3O MANOEL FOLADOR RODRIGUEZ<\/td>\n<\/tr>\n<tr>\n<td style=\"width: 70.7344px\">Indicado<\/td>\n<td style=\"width: 83.6406px\">Titular<\/td>\n<td style=\"width: 253.266px\">LEANDRO RAFAEL DE ABREU<\/td>\n<\/tr>\n<tr>\n<td style=\"width: 70.7344px\">Indicado<\/td>\n<td style=\"width: 83.6406px\">Suplente<\/td>\n<td style=\"width: 253.266px\">SEBASTI\u00c3O BRASIL CAMPOS LUSTOSA<\/td>\n<\/tr>\n<tr>\n<td style=\"width: 70.7344px\">Indicado<\/td>\n<td style=\"width: 83.6406px\">Suplente<\/td>\n<td style=\"width: 253.266px\">WINICIUS KOOP<\/td>\n<\/tr>\n<tr>\n<td style=\"width: 126.359px\" rowspan=\"8\"><strong>Irati<\/strong><\/td>\n<td style=\"width: 70.7344px\">Eleito<\/td>\n<td style=\"width: 83.6406px\">Titular<\/td>\n<td style=\"width: 253.266px\">JULIANA DE CONTO<\/td>\n<\/tr>\n<tr>\n<td style=\"width: 70.7344px\">Eleito<\/td>\n<td style=\"width: 83.6406px\">Titular<\/td>\n<td style=\"width: 253.266px\">ELIANE CRISTINA PEREIRA<\/td>\n<\/tr>\n<tr>\n<td style=\"width: 70.7344px\">Eleito<\/td>\n<td style=\"width: 83.6406px\">Suplente<\/td>\n<td style=\"width: 253.266px\">LUCAS ANTOSZCZYSZYN<\/td>\n<\/tr>\n<tr>\n<td style=\"width: 70.7344px\">Eleito<\/td>\n<td style=\"width: 83.6406px\">Suplente<\/td>\n<td style=\"width: 253.266px\">PATRYCIA FONSECA<\/td>\n<\/tr>\n<tr>\n<td style=\"width: 70.7344px\">Indicado<\/td>\n<td style=\"width: 83.6406px\">Titular<\/td>\n<td style=\"width: 253.266px\">FABRICIO VENTURA BARSI<\/td>\n<\/tr>\n<tr>\n<td style=\"width: 70.7344px\">Indicado<\/td>\n<td style=\"width: 83.6406px\">Titular<\/td>\n<td style=\"width: 253.266px\">ANDR\u00c9IA SEIDL<\/td>\n<\/tr>\n<tr>\n<td style=\"width: 70.7344px\">Indicado<\/td>\n<td style=\"width: 83.6406px\">Suplente<\/td>\n<td style=\"width: 253.266px\">CL\u00c1UDIO SHIGUEKI SUZUKI<\/td>\n<\/tr>\n<tr>\n<td style=\"width: 70.7344px\">Indicado<\/td>\n<td style=\"width: 83.6406px\">Suplente<\/td>\n<td style=\"width: 253.266px\">LUIS MARCELO DE SOUZA<\/td>\n<\/tr>\n<\/tbody>\n<\/table>\n<p>[\/vc_column_text][\/vc_column][\/vc_row]<\/p>\n<\/div>","protected":false},"excerpt":{"rendered":"<p>[vc_row][vc_column][vc_row_inner][vc_column_inner][\/vc_column_inner][\/vc_row_inner][\/vc_column][\/vc_row][vc_row][vc_column][\/vc_column][\/vc_row][vc_row][vc_column][vc_column_text css=&#8221;&#8221;] A\u00a0Cipa, Comiss\u00e3o Interna de Preven\u00e7\u00e3o de Acidentes e de Ass\u00e9dio, tem como objetivo a preven\u00e7\u00e3o de acidentes e doen\u00e7as decorrentes do trabalho, de modo a tornar compat\u00edvel permanentemente o trabalho com a preserva\u00e7\u00e3o da vida, a promo\u00e7\u00e3o da sa\u00fade do servidor e a preven\u00e7\u00e3o e combate ao ass\u00e9dio sexual e \u00e0s demais formas [&hellip;]<\/p>\n","protected":false},"author":3,"featured_media":0,"parent":268,"menu_order":0,"comment_status":"closed","ping_status":"closed","template":"","meta":{"_exactmetrics_skip_tracking":false,"_exactmetrics_sitenote_active":false,"_exactmetrics_sitenote_note":"","_exactmetrics_sitenote_category":0,"footnotes":"","_links_to":"","_links_to_target":""},"class_list":["post-81","page","type-page","status-publish","hentry"],"_links":{"self":[{"href":"https:\/\/www3.unicentro.br\/sesmt\/wp-json\/wp\/v2\/pages\/81","targetHints":{"allow":["GET"]}}],"collection":[{"href":"https:\/\/www3.unicentro.br\/sesmt\/wp-json\/wp\/v2\/pages"}],"about":[{"href":"https:\/\/www3.unicentro.br\/sesmt\/wp-json\/wp\/v2\/types\/page"}],"author":[{"embeddable":true,"href":"https:\/\/www3.unicentro.br\/sesmt\/wp-json\/wp\/v2\/users\/3"}],"replies":[{"embeddable":true,"href":"https:\/\/www3.unicentro.br\/sesmt\/wp-json\/wp\/v2\/comments?post=81"}],"version-history":[{"count":2,"href":"https:\/\/www3.unicentro.br\/sesmt\/wp-json\/wp\/v2\/pages\/81\/revisions"}],"predecessor-version":[{"id":317,"href":"https:\/\/www3.unicentro.br\/sesmt\/wp-json\/wp\/v2\/pages\/81\/revisions\/317"}],"up":[{"embeddable":true,"href":"https:\/\/www3.unicentro.br\/sesmt\/wp-json\/wp\/v2\/pages\/268"}],"wp:attachment":[{"href":"https:\/\/www3.unicentro.br\/sesmt\/wp-json\/wp\/v2\/media?parent=81"}],"curies":[{"name":"wp","href":"https:\/\/api.w.org\/{rel}","templated":true}]}}