{"id":79,"date":"2025-03-27T15:35:09","date_gmt":"2025-03-27T18:35:09","guid":{"rendered":"https:\/\/www3.unicentro.br\/sesmt\/?page_id=79"},"modified":"2025-04-11T08:34:40","modified_gmt":"2025-04-11T11:34:40","slug":"dds-dialogos-de-seguranca","status":"publish","type":"page","link":"https:\/\/www3.unicentro.br\/sesmt\/atividades-do-sesmt\/dds-dialogos-de-seguranca\/","title":{"rendered":"DDS &#8211; Di\u00e1logos de Seguran\u00e7a"},"content":{"rendered":"<div class=\"wpb-content-wrapper\"><p>[vc_row][vc_column][vc_column_text]<\/p>\n<h3 style=\"text-align: center\"><strong><u>DI\u00c1LOGO DI\u00c1RIO DE SEGURAN\u00c7A \u2013 DDS<\/u><\/strong><\/h3>\n<p>Criado na d\u00e9cada de 90, o Di\u00e1logo Di\u00e1rio de Seguran\u00e7a\u00a0tem como principal objetivo\u00a0 promover a cultura de seguran\u00e7a no trabalho, despertando a consci\u00eancia dos trabalhadores para a preven\u00e7\u00e3o de acidentes, a percep\u00e7\u00e3o de potenciais perigos e riscos de suas atividades, as melhores formas de trabalhar com seguran\u00e7a, al\u00e9m do respeito \u00e0s regras e normas da empresa.<\/p>\n<p>Como uma maneira pr\u00e1tica de compartilhar informa\u00e7\u00f5es sobre\u00a0riscos que podem comprometer a\u00a0integridade f\u00edsica dos trabalhadores, o\u00a0DDS\u00a0deve acontecer antes do in\u00edcio da jornada de trabalho, com uma dura\u00e7\u00e3o de 5 a 15 minutos, abordando temas pertinentes \u00e0 seguran\u00e7a do trabalho, meio ambiente, sa\u00fade e qualidade de vida. Pode ser ministrado por Engenheiro do Trabalho, T\u00e9cnico de Seguran\u00e7a do Trabalho, por membros da CIPA-Comiss\u00e3o Interna de Preven\u00e7\u00e3o de Acidentes e Ass\u00e9dio, um palestrante convidado, Especialistas, ou Supervisores de \u00e1rea.<\/p>\n<p>O DDS \u00e9 um momento de reunir e integrar a equipe. Essa troca de informa\u00e7\u00f5es, conhecimentos e experi\u00eancias permite que atitudes de preven\u00e7\u00e3o de acidentes se tornem boas pr\u00e1ticas e sejam, de fato, aplicadas \u00e0s rotinas de trabalho. O intuito \u00e9 que todos se sintam respons\u00e1veis pela sua pr\u00f3pria seguran\u00e7a, e a do pr\u00f3ximo.<\/p>\n<p>Alguns benef\u00edcios do DDS:<\/p>\n<ol style=\"list-style-type: lower-alpha\">\n<li>Redu\u00e7\u00e3o do n\u00famero de acidentes<\/li>\n<li>Manter a equipe de trabalho informada<\/li>\n<li>Beneficiar a sa\u00fade do grupo de trabalho<\/li>\n<li>Integra\u00e7\u00e3o entre a equipe<\/li>\n<li>Aumento do comprometimento dos trabalhadores<\/li>\n<\/ol>\n<p>Na Unicentro os Di\u00e1logos de Seguran\u00e7a acontecem quinzenalmente, para \u00e1reas da Manuten\u00e7\u00e3o, Limpeza e Vigil\u00e2ncia dos campus Santa Cruz, Cedeteg e Irati. Nosso intuito \u00e9 estender a cultura de seguran\u00e7a no trabalho a todos os ambientes da Universidade.<\/p>\n<p>Temas j\u00e1 abordados at\u00e9 agora:<\/p>\n<ol style=\"list-style-type: lower-alpha\">\n<li>Relacionamento Interpessoal;<\/li>\n<li>Equipamentos de Prote\u00e7\u00e3o Individual e Coletiva;<\/li>\n<li>Comportamento seguro;<\/li>\n<li>C\u00e2ncer de Pr\u00f3stata;<\/li>\n<li>C\u00e2ncer de colo de \u00fatero;<\/li>\n<li>Import\u00e2ncia do uso dos EPIs;<\/li>\n<\/ol>\n<p>[\/vc_column_text][vc_row_inner content_placement=&#8221;middle&#8221;][vc_column_inner width=&#8221;1\/4&#8243;][vc_single_image image=&#8221;191&#8243; img_size=&#8221;full&#8221; alignment=&#8221;center&#8221; css=&#8221;&#8221;][\/vc_column_inner][vc_column_inner width=&#8221;1\/4&#8243;][vc_single_image image=&#8221;192&#8243; img_size=&#8221;full&#8221; alignment=&#8221;center&#8221; css=&#8221;&#8221;][\/vc_column_inner][vc_column_inner width=&#8221;1\/4&#8243;][vc_single_image image=&#8221;193&#8243; img_size=&#8221;full&#8221; alignment=&#8221;center&#8221; css=&#8221;&#8221;][\/vc_column_inner][vc_column_inner width=&#8221;1\/4&#8243;][vc_single_image image=&#8221;194&#8243; img_size=&#8221;full&#8221; alignment=&#8221;center&#8221; css=&#8221;&#8221;][\/vc_column_inner][\/vc_row_inner][\/vc_column][\/vc_row]<\/p>\n<\/div>","protected":false},"excerpt":{"rendered":"<p>[vc_row][vc_column][vc_column_text] DI\u00c1LOGO DI\u00c1RIO DE SEGURAN\u00c7A \u2013 DDS Criado na d\u00e9cada de 90, o Di\u00e1logo Di\u00e1rio de Seguran\u00e7a\u00a0tem como principal objetivo\u00a0 promover a cultura de seguran\u00e7a no trabalho, despertando a consci\u00eancia dos trabalhadores para a preven\u00e7\u00e3o de acidentes, a percep\u00e7\u00e3o de potenciais perigos e riscos de suas atividades, as melhores formas de trabalhar com seguran\u00e7a, al\u00e9m [&hellip;]<\/p>\n","protected":false},"author":3,"featured_media":0,"parent":75,"menu_order":0,"comment_status":"closed","ping_status":"closed","template":"","meta":{"_exactmetrics_skip_tracking":false,"_exactmetrics_sitenote_active":false,"_exactmetrics_sitenote_note":"","_exactmetrics_sitenote_category":0,"footnotes":"","_links_to":"","_links_to_target":""},"class_list":["post-79","page","type-page","status-publish","hentry"],"_links":{"self":[{"href":"https:\/\/www3.unicentro.br\/sesmt\/wp-json\/wp\/v2\/pages\/79","targetHints":{"allow":["GET"]}}],"collection":[{"href":"https:\/\/www3.unicentro.br\/sesmt\/wp-json\/wp\/v2\/pages"}],"about":[{"href":"https:\/\/www3.unicentro.br\/sesmt\/wp-json\/wp\/v2\/types\/page"}],"author":[{"embeddable":true,"href":"https:\/\/www3.unicentro.br\/sesmt\/wp-json\/wp\/v2\/users\/3"}],"replies":[{"embeddable":true,"href":"https:\/\/www3.unicentro.br\/sesmt\/wp-json\/wp\/v2\/comments?post=79"}],"version-history":[{"count":2,"href":"https:\/\/www3.unicentro.br\/sesmt\/wp-json\/wp\/v2\/pages\/79\/revisions"}],"predecessor-version":[{"id":195,"href":"https:\/\/www3.unicentro.br\/sesmt\/wp-json\/wp\/v2\/pages\/79\/revisions\/195"}],"up":[{"embeddable":true,"href":"https:\/\/www3.unicentro.br\/sesmt\/wp-json\/wp\/v2\/pages\/75"}],"wp:attachment":[{"href":"https:\/\/www3.unicentro.br\/sesmt\/wp-json\/wp\/v2\/media?parent=79"}],"curies":[{"name":"wp","href":"https:\/\/api.w.org\/{rel}","templated":true}]}}