{"id":77,"date":"2025-03-27T15:32:39","date_gmt":"2025-03-27T18:32:39","guid":{"rendered":"https:\/\/www3.unicentro.br\/sesmt\/?page_id=77"},"modified":"2025-04-09T15:29:40","modified_gmt":"2025-04-09T18:29:40","slug":"acompanhamento-nas-obras","status":"publish","type":"page","link":"https:\/\/www3.unicentro.br\/sesmt\/atividades-do-sesmt\/acompanhamento-nas-obras\/","title":{"rendered":"Acompanhamento nas obras"},"content":{"rendered":"<div class=\"wpb-content-wrapper\"><p>[vc_row][vc_column][vc_column_text]<\/p>\n<h3 style=\"text-align: center\"><strong>A aplica\u00e7\u00e3o do SESMT na constru\u00e7\u00e3o civil<\/strong><\/h3>\n<p>A seguran\u00e7a do trabalho pode ser definida como um conjunto de medidas a serem implementadas nos mais variados ambientes de trabalho. Medidas essas que\u00a0<strong><em>ajudam a evitar a ocorr\u00eancia de acidentes e garantem a qualidade de vida da equipe<\/em><\/strong>.<\/p>\n<p>Ao investir em seguran\u00e7a do trabalho, o corpo Universit\u00e1rio e empresas parceiras cumprir\u00e3o as normas determinadas pelo Minist\u00e9rio do Trabalho, o que aumenta a seguran\u00e7a dos trabalhadores.<\/p>\n<p>O principal objetivo da seguran\u00e7a do trabalho na constru\u00e7\u00e3o civil \u00e9\u00a0<strong><em>identificar, avaliar e controlar as situa\u00e7\u00f5es de risco presentes nas atividades dos trabalhadores<\/em><\/strong>. Isso pode ser feito por meio do mapeamento dos riscos, em que a equipe respons\u00e1vel p\u00f5e em pr\u00e1tica uma s\u00e9rie de normas, procedimentos e equipamentos no ambiente de trabalho, para que sejam reduzidos os riscos inerentes a cada atividade.<\/p>\n<p>Al\u00e9m disso, pode ser feito um estudo de dados estat\u00edsticos acerca dos acidentes e doen\u00e7as que j\u00e1 aconteceram, visando adotar as melhores medidas preventivas para cada \u00e1rea. Por isso, pode-se dizer que a seguran\u00e7a do trabalho tem tr\u00eas vertentes: reduzir acidentes de trabalho, promover a sa\u00fade ocupacional e reduzir os riscos de inc\u00eandio.[\/vc_column_text][vc_row_inner][vc_column_inner width=&#8221;1\/3&#8243;][vc_single_image image=&#8221;185&#8243; img_size=&#8221;full&#8221; alignment=&#8221;center&#8221; css=&#8221;&#8221;][\/vc_column_inner][vc_column_inner width=&#8221;1\/3&#8243;][vc_single_image image=&#8221;186&#8243; img_size=&#8221;full&#8221; alignment=&#8221;center&#8221; css=&#8221;&#8221;][\/vc_column_inner][vc_column_inner width=&#8221;1\/3&#8243;][vc_single_image image=&#8221;187&#8243; img_size=&#8221;full&#8221; alignment=&#8221;center&#8221; css=&#8221;&#8221;][\/vc_column_inner][\/vc_row_inner][\/vc_column][\/vc_row]<\/p>\n<\/div>","protected":false},"excerpt":{"rendered":"<p>[vc_row][vc_column][vc_column_text] A aplica\u00e7\u00e3o do SESMT na constru\u00e7\u00e3o civil A seguran\u00e7a do trabalho pode ser definida como um conjunto de medidas a serem implementadas nos mais variados ambientes de trabalho. Medidas essas que\u00a0ajudam a evitar a ocorr\u00eancia de acidentes e garantem a qualidade de vida da equipe. Ao investir em seguran\u00e7a do trabalho, o corpo Universit\u00e1rio [&hellip;]<\/p>\n","protected":false},"author":3,"featured_media":0,"parent":75,"menu_order":0,"comment_status":"closed","ping_status":"closed","template":"","meta":{"_exactmetrics_skip_tracking":false,"_exactmetrics_sitenote_active":false,"_exactmetrics_sitenote_note":"","_exactmetrics_sitenote_category":0,"footnotes":"","_links_to":"","_links_to_target":""},"class_list":["post-77","page","type-page","status-publish","hentry"],"_links":{"self":[{"href":"https:\/\/www3.unicentro.br\/sesmt\/wp-json\/wp\/v2\/pages\/77","targetHints":{"allow":["GET"]}}],"collection":[{"href":"https:\/\/www3.unicentro.br\/sesmt\/wp-json\/wp\/v2\/pages"}],"about":[{"href":"https:\/\/www3.unicentro.br\/sesmt\/wp-json\/wp\/v2\/types\/page"}],"author":[{"embeddable":true,"href":"https:\/\/www3.unicentro.br\/sesmt\/wp-json\/wp\/v2\/users\/3"}],"replies":[{"embeddable":true,"href":"https:\/\/www3.unicentro.br\/sesmt\/wp-json\/wp\/v2\/comments?post=77"}],"version-history":[{"count":2,"href":"https:\/\/www3.unicentro.br\/sesmt\/wp-json\/wp\/v2\/pages\/77\/revisions"}],"predecessor-version":[{"id":188,"href":"https:\/\/www3.unicentro.br\/sesmt\/wp-json\/wp\/v2\/pages\/77\/revisions\/188"}],"up":[{"embeddable":true,"href":"https:\/\/www3.unicentro.br\/sesmt\/wp-json\/wp\/v2\/pages\/75"}],"wp:attachment":[{"href":"https:\/\/www3.unicentro.br\/sesmt\/wp-json\/wp\/v2\/media?parent=77"}],"curies":[{"name":"wp","href":"https:\/\/api.w.org\/{rel}","templated":true}]}}