{"id":73,"date":"2025-03-27T15:28:40","date_gmt":"2025-03-27T18:28:40","guid":{"rendered":"https:\/\/www3.unicentro.br\/sesmt\/?page_id=73"},"modified":"2025-04-09T15:15:58","modified_gmt":"2025-04-09T18:15:58","slug":"nrs-normas-regulamentadoras","status":"publish","type":"page","link":"https:\/\/www3.unicentro.br\/sesmt\/nrs-normas-regulamentadoras\/","title":{"rendered":"NRs &#8211; Normas Regulamentadoras"},"content":{"rendered":"<p>As\u00a0Normas Regulamentadoras (NR)\u00a0s\u00e3o disposi\u00e7\u00f5es complementares ao Cap\u00edtulo V (Da Seguran\u00e7a e da Medicina do Trabalho) do T\u00edtulo II da\u00a0<a href=\"http:\/\/www.planalto.gov.br\/ccivil_03\/decreto-lei\/del5452.htm\">Consolida\u00e7\u00e3o das Leis do Trabalho (CLT)<\/a>, com reda\u00e7\u00e3o dada pela\u00a0<a href=\"http:\/\/www.planalto.gov.br\/ccivil_03\/LEIS\/L6514.htm\">Lei n\u00ba 6.514<\/a>, de 22 de dezembro de 1977. Consistem em obriga\u00e7\u00f5es, direitos e deveres a serem cumpridos por empregadores e trabalhadores com o objetivo de garantir trabalho seguro e sadio, prevenindo a ocorr\u00eancia de doen\u00e7as e acidentes de trabalho.<\/p>\n<p>Abaixo temos uma rela\u00e7\u00e3o das Normas Regulamentadoras vigentes:<\/p>\n<ul>\n<li><a href=\"https:\/\/www.gov.br\/trabalho-e-emprego\/pt-br\/acesso-a-informacao\/participacao-social\/conselhos-e-orgaos-colegiados\/comissao-tripartite-partitaria-permanente\/normas-regulamentadora\/normas-regulamentadoras-vigentes\/NR01atualizada2024II.pdf\">NR 1 \u2013 Disposi\u00e7\u00f5es Gerais e Gerenciamento de Riscos Ocupacionais<\/a><\/li>\n<li><a href=\"https:\/\/www.gov.br\/trabalho-e-emprego\/pt-br\/acesso-a-informacao\/participacao-social\/conselhos-e-orgaos-colegiados\/comissao-tripartite-partitaria-permanente\/arquivos\/normas-regulamentadoras\/nr-02_atualizada_2019.pdf\">NR 2 \u2013 Inspe\u00e7\u00e3o Pr\u00e9via (REVOGADA)<\/a><\/li>\n<li><a href=\"https:\/\/www.gov.br\/trabalho-e-emprego\/pt-br\/acesso-a-informacao\/participacao-social\/conselhos-e-orgaos-colegiados\/comissao-tripartite-partitaria-permanente\/arquivos\/normas-regulamentadoras\/nr-03_atualizada_2019.pdf\">NR 3 \u2013 Embargo e Interdi\u00e7\u00e3o<\/a><\/li>\n<li><a href=\"https:\/\/www.gov.br\/trabalho-e-emprego\/pt-br\/acesso-a-informacao\/participacao-social\/conselhos-e-orgaos-colegiados\/comissao-tripartite-partitaria-permanente\/normas-regulamentadora\/normas-regulamentadoras-vigentes\/NR04atualizada2023.pdf\">NR 4 \u2013 Servi\u00e7os Especializados em Seguran\u00e7a e Medicina do Trabalho<\/a><\/li>\n<li><a href=\"https:\/\/www.gov.br\/trabalho-e-emprego\/pt-br\/acesso-a-informacao\/participacao-social\/conselhos-e-orgaos-colegiados\/comissao-tripartite-partitaria-permanente\/normas-regulamentadora\/normas-regulamentadoras-vigentes\/NR05atualizada2023.pdf\">NR 5 \u2013 Comiss\u00e3o Interna de Preven\u00e7\u00e3o de Acidentes e de Ass\u00e9dio \u2013 CIPA<\/a><\/li>\n<li><a href=\"https:\/\/www.gov.br\/trabalho-e-emprego\/pt-br\/acesso-a-informacao\/participacao-social\/conselhos-e-orgaos-colegiados\/comissao-tripartite-partitaria-permanente\/normas-regulamentadora\/normas-regulamentadoras-vigentes\/nr-06-atualizada-2025.pdf\">NR 6 \u2013 Equipamentos de Prote\u00e7\u00e3o Individual \u2013 EPI<\/a><\/li>\n<li><a href=\"https:\/\/www.gov.br\/trabalho-e-emprego\/pt-br\/acesso-a-informacao\/participacao-social\/conselhos-e-orgaos-colegiados\/comissao-tripartite-partitaria-permanente\/normas-regulamentadora\/normas-regulamentadoras-vigentes\/nr-07-atualizada-2022.pdf\">NR 7 \u2013 Programa de Controle M\u00e9dico de Sa\u00fade Ocupacional \u2013 PCMSO<\/a><\/li>\n<li><a href=\"https:\/\/www.gov.br\/trabalho-e-emprego\/pt-br\/acesso-a-informacao\/participacao-social\/conselhos-e-orgaos-colegiados\/comissao-tripartite-partitaria-permanente\/arquivos\/normas-regulamentadoras\/nr-08-atualizada-2022.pdf\">NR 8 \u2013 Edifica\u00e7\u00f5es<\/a><\/li>\n<li><a href=\"https:\/\/www.gov.br\/trabalho-e-emprego\/pt-br\/acesso-a-informacao\/participacao-social\/conselhos-e-orgaos-colegiados\/comissao-tripartite-partitaria-permanente\/normas-regulamentadora\/normas-regulamentadoras-vigentes\/nr-09-atualizada-2021.pdf\">NR 9 &#8211; Avalia\u00e7\u00e3o e Controle das Exposi\u00e7\u00f5es Ocupacionais a Agentes F\u00edsicos, Qu\u00edmicos e Biol\u00f3gicos<\/a><\/li>\n<li><a href=\"https:\/\/www.gov.br\/trabalho-e-emprego\/pt-br\/acesso-a-informacao\/participacao-social\/conselhos-e-orgaos-colegiados\/comissao-tripartite-partitaria-permanente\/arquivos\/normas-regulamentadoras\/nr-10.pdf\">NR 10 \u2013 Seguran\u00e7a em Instala\u00e7\u00f5es e Servi\u00e7os em Eletricidade<\/a><\/li>\n<li><a href=\"https:\/\/www.gov.br\/trabalho-e-emprego\/pt-br\/acesso-a-informacao\/participacao-social\/conselhos-e-orgaos-colegiados\/comissao-tripartite-partitaria-permanente\/normas-regulamentadora\/normas-regulamentadoras-vigentes\/nr-11-atualizada-2016.pdf\">NR 11 &#8211; Transporte, Movimenta\u00e7\u00e3o, Armazenagem e Manuseio de Materiais<\/a><\/li>\n<li><a href=\"https:\/\/www.gov.br\/trabalho-e-emprego\/pt-br\/acesso-a-informacao\/participacao-social\/conselhos-e-orgaos-colegiados\/comissao-tripartite-partitaria-permanente\/arquivos\/normas-regulamentadoras\/nr-11-anexo-01.pdf\">NR 11 \u2013 Transporte, Movimenta\u00e7\u00e3o, Armazenagem e Manuseio de Materiais \u2013 ANEXO I<\/a><\/li>\n<li><a href=\"https:\/\/www.gov.br\/trabalho-e-emprego\/pt-br\/acesso-a-informacao\/participacao-social\/conselhos-e-orgaos-colegiados\/comissao-tripartite-partitaria-permanente\/normas-regulamentadora\/normas-regulamentadoras-vigentes\/nr-12-atualizada-2025.pdf\">NR 12 \u2013 Seguran\u00e7a no Trabalho em M\u00e1quinas e Equipamentos<\/a><\/li>\n<li><a href=\"https:\/\/www.gov.br\/trabalho-e-emprego\/pt-br\/acesso-a-informacao\/participacao-social\/conselhos-e-orgaos-colegiados\/comissao-tripartite-partitaria-permanente\/normas-regulamentadora\/normas-regulamentadoras-vigentes\/nr-13-atualizada-2023-b.pdf\">NR 13 &#8211; Caldeiras, Vasos de Press\u00e3o, Tubula\u00e7\u00f5es e Tanques Met\u00e1licos de Armazenamento<\/a><\/li>\n<li><a href=\"https:\/\/www.gov.br\/trabalho-e-emprego\/pt-br\/acesso-a-informacao\/participacao-social\/conselhos-e-orgaos-colegiados\/comissao-tripartite-partitaria-permanente\/arquivos\/normas-regulamentadoras\/nr-14-atualizada-2022.pdf\">NR 14 \u2013 Fornos<\/a><\/li>\n<li><a href=\"https:\/\/www.gov.br\/trabalho-e-emprego\/pt-br\/acesso-a-informacao\/participacao-social\/conselhos-e-orgaos-colegiados\/comissao-tripartite-partitaria-permanente\/arquivos\/normas-regulamentadoras\/nr-15-atualizada-2022.pdf\">NR 15 \u2013 Atividades e Opera\u00e7\u00f5es Insalubres \u2013 e ANEXOS<\/a><\/li>\n<li><a href=\"https:\/\/www.gov.br\/trabalho-e-emprego\/pt-br\/acesso-a-informacao\/participacao-social\/conselhos-e-orgaos-colegiados\/comissao-tripartite-partitaria-permanente\/normas-regulamentadora\/normas-regulamentadoras-vigentes\/NR16atualizada2024.pdf\">NR 16 \u2013 Atividades e Opera\u00e7\u00f5es Perigosas<\/a><\/li>\n<li><a href=\"https:\/\/www.gov.br\/trabalho-e-emprego\/pt-br\/acesso-a-informacao\/participacao-social\/conselhos-e-orgaos-colegiados\/comissao-tripartite-partitaria-permanente\/normas-regulamentadora\/normas-regulamentadoras-vigentes\/nr-17-atualizada-2023.pdf\">NR 17 &#8211; Ergonomia \u2013 e ANEXOS<\/a><\/li>\n<li><a href=\"https:\/\/www.gov.br\/trabalho-e-emprego\/pt-br\/acesso-a-informacao\/participacao-social\/conselhos-e-orgaos-colegiados\/comissao-tripartite-partitaria-permanente\/normas-regulamentadora\/normas-regulamentadoras-vigentes\/nr-18-atualizada-2025-1.pdf\">NR 18 \u2013 Seguran\u00e7a e Sa\u00fade no Trabalho na Ind\u00fastria da Constru\u00e7\u00e3o<\/a><\/li>\n<li><a href=\"https:\/\/www.gov.br\/trabalho-e-emprego\/pt-br\/acesso-a-informacao\/participacao-social\/conselhos-e-orgaos-colegiados\/comissao-tripartite-partitaria-permanente\/normas-regulamentadora\/normas-regulamentadoras-vigentes\/nr-19-atualizada-2023.pdf\">NR 19 \u2013 Explosivos<\/a><\/li>\n<li><a href=\"https:\/\/www.gov.br\/trabalho-e-emprego\/pt-br\/acesso-a-informacao\/participacao-social\/conselhos-e-orgaos-colegiados\/comissao-tripartite-partitaria-permanente\/normas-regulamentadora\/normas-regulamentadoras-vigentes\/nr-20-atualizada-2025.pdf\">NR 20 &#8211; Seguran\u00e7a e Sa\u00fade no Trabalho com Inflam\u00e1veis e Combust\u00edveis<\/a><\/li>\n<li><a href=\"https:\/\/www.gov.br\/trabalho-e-emprego\/pt-br\/acesso-a-informacao\/participacao-social\/conselhos-e-orgaos-colegiados\/comissao-tripartite-partitaria-permanente\/arquivos\/normas-regulamentadoras\/nr-21.pdf\">NR 21 &#8211; Trabalhos a C\u00e9u Aberto<\/a><\/li>\n<li><a href=\"https:\/\/www.gov.br\/trabalho-e-emprego\/pt-br\/acesso-a-informacao\/participacao-social\/conselhos-e-orgaos-colegiados\/comissao-tripartite-partitaria-permanente\/normas-regulamentadora\/normas-regulamentadoras-vigentes\/nr-22-atualizada-2024-iii.pdf\">NR 22 &#8211; Seguran\u00e7a e Sa\u00fade Ocupacional na Minera\u00e7\u00e3o<\/a><\/li>\n<li><a href=\"https:\/\/www.gov.br\/trabalho-e-emprego\/pt-br\/acesso-a-informacao\/participacao-social\/conselhos-e-orgaos-colegiados\/comissao-tripartite-partitaria-permanente\/arquivos\/normas-regulamentadoras\/nr-23-atualizada-2022.pdf\">NR 23 &#8211; Prote\u00e7\u00e3o Contra Inc\u00eandios<\/a><\/li>\n<li><a href=\"https:\/\/www.gov.br\/trabalho-e-emprego\/pt-br\/acesso-a-informacao\/participacao-social\/conselhos-e-orgaos-colegiados\/comissao-tripartite-partitaria-permanente\/arquivos\/normas-regulamentadoras\/nr-24-atualizada-2022.pdf\">NR 24 &#8211; Condi\u00e7\u00f5es Sanit\u00e1rias e de Conforto nos Locais de Trabalho<\/a><\/li>\n<li><a href=\"https:\/\/www.gov.br\/trabalho-e-emprego\/pt-br\/acesso-a-informacao\/participacao-social\/conselhos-e-orgaos-colegiados\/comissao-tripartite-partitaria-permanente\/arquivos\/normas-regulamentadoras\/nr-25-atualizada-2022-1.pdf\">NR 25 \u2013 Res\u00edduos Industriais<\/a><\/li>\n<li><a href=\"https:\/\/www.gov.br\/trabalho-e-emprego\/pt-br\/acesso-a-informacao\/participacao-social\/conselhos-e-orgaos-colegiados\/comissao-tripartite-partitaria-permanente\/arquivos\/normas-regulamentadoras\/nr-26-atualizada-2022.pdf\">NR 26 \u2013 Sinaliza\u00e7\u00e3o de Seguran\u00e7a<\/a><\/li>\n<li><a href=\"https:\/\/www.gov.br\/trabalho-e-emprego\/pt-br\/acesso-a-informacao\/participacao-social\/conselhos-e-orgaos-colegiados\/comissao-tripartite-partitaria-permanente\/arquivos\/normas-regulamentadoras\/nr_27_revogada_2008.pdf\">NR 27 &#8211; Registro Profissional do T\u00e9cnico de Seguran\u00e7a do Trabalho (REVOGADA)<\/a><\/li>\n<li><a href=\"https:\/\/www.gov.br\/trabalho-e-emprego\/pt-br\/acesso-a-informacao\/participacao-social\/conselhos-e-orgaos-colegiados\/comissao-tripartite-partitaria-permanente\/normas-regulamentadora\/normas-regulamentadoras-vigentes\/nr-28-atualizada-2024-i.pdf\">NR 28 \u2013 Fiscaliza\u00e7\u00e3o e Penalidades<\/a><\/li>\n<li><a href=\"https:\/\/www.gov.br\/trabalho-e-emprego\/pt-br\/acesso-a-informacao\/participacao-social\/conselhos-e-orgaos-colegiados\/comissao-tripartite-partitaria-permanente\/normas-regulamentadora\/normas-regulamentadoras-vigentes\/nr-29-atualizada-2023.pdf\">NR 29 \u2013 Seguran\u00e7a e Sa\u00fade no Trabalho Portu\u00e1rio<\/a><\/li>\n<li><a href=\"https:\/\/www.gov.br\/trabalho-e-emprego\/pt-br\/acesso-a-informacao\/participacao-social\/conselhos-e-orgaos-colegiados\/comissao-tripartite-partitaria-permanente\/normas-regulamentadora\/normas-regulamentadoras-vigentes\/nr-30-atualizada-2023.pdf\">NR 30 \u2013 Seguran\u00e7a e Sa\u00fade no Trabalho Aquavi\u00e1rio<\/a><\/li>\n<li><a href=\"https:\/\/www.gov.br\/trabalho-e-emprego\/pt-br\/acesso-a-informacao\/participacao-social\/conselhos-e-orgaos-colegiados\/comissao-tripartite-partitaria-permanente\/normas-regulamentadora\/normas-regulamentadoras-vigentes\/nr-31-atualizada-2024-1.pdf\">NR 31 \u2013 Seguran\u00e7a e Sa\u00fade no Trabalho na Agricultura, Pecu\u00e1ria, Silvicultura, Explora\u00e7\u00e3o Florestal e Aquicultura<\/a><\/li>\n<li><a href=\"https:\/\/www.gov.br\/trabalho-e-emprego\/pt-br\/acesso-a-informacao\/participacao-social\/conselhos-e-orgaos-colegiados\/comissao-tripartite-partitaria-permanente\/normas-regulamentadora\/normas-regulamentadoras-vigentes\/nr-32-atualizada-2023-1.pdf\">NR 32 \u2013 Seguran\u00e7a e Sa\u00fade no Trabalho em Servi\u00e7os de Sa\u00fade<\/a><\/li>\n<li><a href=\"https:\/\/www.gov.br\/trabalho-e-emprego\/pt-br\/acesso-a-informacao\/participacao-social\/conselhos-e-orgaos-colegiados\/comissao-tripartite-partitaria-permanente\/arquivos\/normas-regulamentadoras\/nr-33-atualizada-2022-_retificada.pdf\">NR 33 \u2013 Seguran\u00e7a e Sa\u00fade nos Trabalhos em Espa\u00e7os Confinados<\/a><\/li>\n<li><a href=\"https:\/\/www.gov.br\/trabalho-e-emprego\/pt-br\/acesso-a-informacao\/participacao-social\/conselhos-e-orgaos-colegiados\/comissao-tripartite-partitaria-permanente\/arquivos\/normas-regulamentadoras\/nr-33-atualizada-2022-_retificada.pdf\">NR 34 &#8211; Condi\u00e7\u00f5es e Meio Ambiente de Trabalho na Ind\u00fastria da Constru\u00e7\u00e3o, Repara\u00e7\u00e3o e Desmonte Naval<\/a><\/li>\n<li><a href=\"https:\/\/www.gov.br\/trabalho-e-emprego\/pt-br\/acesso-a-informacao\/participacao-social\/conselhos-e-orgaos-colegiados\/comissao-tripartite-partitaria-permanente\/arquivos\/normas-regulamentadoras\/NR35atualizada2023.pdf\">NR 35 \u2013 Trabalho em Altura<\/a><\/li>\n<li><a href=\"https:\/\/www.gov.br\/trabalho-e-emprego\/pt-br\/acesso-a-informacao\/participacao-social\/conselhos-e-orgaos-colegiados\/comissao-tripartite-partitaria-permanente\/normas-regulamentadora\/normas-regulamentadoras-vigentes\/nr-36-atualizada-2024-1.pdf\">NR 36 &#8211; Seguran\u00e7a e Sa\u00fade no Trabalho em Empresas de Abate e Processamento de Carnes e Derivados<\/a><\/li>\n<li><a href=\"https:\/\/www.gov.br\/trabalho-e-emprego\/pt-br\/assuntos\/inspecao-do-trabalho\/seguranca-e-saude-no-trabalho\/ctpp-nrs\/nr-37-atualizada-2023.pdf\">NR 37 &#8211; Seguran\u00e7a e Sa\u00fade em Plataformas de Petr\u00f3leo<\/a><\/li>\n<li><a href=\"https:\/\/www.gov.br\/trabalho-e-emprego\/pt-br\/acesso-a-informacao\/participacao-social\/conselhos-e-orgaos-colegiados\/comissao-tripartite-partitaria-permanente\/normas-regulamentadora\/normas-regulamentadoras-vigentes\/nr-38-atualizada-2022-vigente.pdf\">NR 38 &#8211; Seguran\u00e7a e Sa\u00fade no Trabalho nas Atividades de Limpeza Urbana e Manejo de Res\u00edduos S\u00f3lidos<\/a><\/li>\n<\/ul>\n","protected":false},"excerpt":{"rendered":"<p>As\u00a0Normas Regulamentadoras (NR)\u00a0s\u00e3o disposi\u00e7\u00f5es complementares ao Cap\u00edtulo V (Da Seguran\u00e7a e da Medicina do Trabalho) do T\u00edtulo II da\u00a0Consolida\u00e7\u00e3o das Leis do Trabalho (CLT), com reda\u00e7\u00e3o dada pela\u00a0Lei n\u00ba 6.514, de 22 de dezembro de 1977. Consistem em obriga\u00e7\u00f5es, direitos e deveres a serem cumpridos por empregadores e trabalhadores com o objetivo de garantir trabalho [&hellip;]<\/p>\n","protected":false},"author":3,"featured_media":0,"parent":0,"menu_order":0,"comment_status":"closed","ping_status":"closed","template":"","meta":{"_exactmetrics_skip_tracking":false,"_exactmetrics_sitenote_active":false,"_exactmetrics_sitenote_note":"","_exactmetrics_sitenote_category":0,"footnotes":"","_links_to":"","_links_to_target":""},"class_list":["post-73","page","type-page","status-publish","hentry"],"_links":{"self":[{"href":"https:\/\/www3.unicentro.br\/sesmt\/wp-json\/wp\/v2\/pages\/73","targetHints":{"allow":["GET"]}}],"collection":[{"href":"https:\/\/www3.unicentro.br\/sesmt\/wp-json\/wp\/v2\/pages"}],"about":[{"href":"https:\/\/www3.unicentro.br\/sesmt\/wp-json\/wp\/v2\/types\/page"}],"author":[{"embeddable":true,"href":"https:\/\/www3.unicentro.br\/sesmt\/wp-json\/wp\/v2\/users\/3"}],"replies":[{"embeddable":true,"href":"https:\/\/www3.unicentro.br\/sesmt\/wp-json\/wp\/v2\/comments?post=73"}],"version-history":[{"count":2,"href":"https:\/\/www3.unicentro.br\/sesmt\/wp-json\/wp\/v2\/pages\/73\/revisions"}],"predecessor-version":[{"id":180,"href":"https:\/\/www3.unicentro.br\/sesmt\/wp-json\/wp\/v2\/pages\/73\/revisions\/180"}],"wp:attachment":[{"href":"https:\/\/www3.unicentro.br\/sesmt\/wp-json\/wp\/v2\/media?parent=73"}],"curies":[{"name":"wp","href":"https:\/\/api.w.org\/{rel}","templated":true}]}}