{"id":71,"date":"2025-03-27T15:25:27","date_gmt":"2025-03-27T18:25:27","guid":{"rendered":"https:\/\/www3.unicentro.br\/sesmt\/?page_id=71"},"modified":"2026-03-11T09:57:06","modified_gmt":"2026-03-11T12:57:06","slug":"insalubridade-e-periculosidade","status":"publish","type":"page","link":"https:\/\/www3.unicentro.br\/sesmt\/insalubridade-e-periculosidade\/","title":{"rendered":"Insalubridade e Periculosidade"},"content":{"rendered":"<div class=\"wpb-content-wrapper\"><p>[vc_row][vc_column][vc_column_text css=&#8221;&#8221;]Como o pr\u00f3prio nome diz, insalubre \u00e9 algo n\u00e3o salubre, que n\u00e3o \u00e9 bom para a sa\u00fade, doentio, que pode causar doen\u00e7as ao trabalhador por conta de sua atividade laboral. A\u00a0insalubridade\u00a0\u00e9 definida pela legisla\u00e7\u00e3o em fun\u00e7\u00e3o do grau do agente nocivo, levando em conta ainda o tipo de atividade desenvolvida pelo empregado no curso de sua\u00a0jornada de trabalho, observados os limites de toler\u00e2ncia, as taxas de metabolismo e respectivos tempos de exposi\u00e7\u00e3o durante a jornada. Assim, s\u00e3o consideradas insalubres as atividades ou opera\u00e7\u00f5es que por sua natureza, condi\u00e7\u00f5es ou m\u00e9todos de trabalho, exp\u00f5em o empregado a agentes nocivos \u00e0 sa\u00fade, acima dos limites de toler\u00e2ncia fixados em raz\u00e3o da natureza, da intensidade do agente e o tempo de exposi\u00e7\u00e3o aos seus efeitos. Essas atividades\/opera\u00e7\u00f5es s\u00e3o descritas na <strong>Norma Regulamentadora 15 e seus Anexos<\/strong>.<\/p>\n<p>O adicional de periculosidade \u00e9 um valor devido ao empregado exposto a atividades periculosas, na forma da regulamenta\u00e7\u00e3o aprovada pelo Minist\u00e9rio do Trabalho e Emprego. Conforme disp\u00f5e o\u00a0art. 193 da CLT\u00a0s\u00e3o consideradas atividades ou opera\u00e7\u00f5es perigosas, aquelas que, por sua natureza ou m\u00e9todos de trabalho, impliquem risco acentuado em virtude de exposi\u00e7\u00e3o permanente do trabalhador a: inflam\u00e1veis, explosivos, energia el\u00e9trica, roubos ou outras esp\u00e9cies de viol\u00eancia f\u00edsica nas atividades profissionais de seguran\u00e7a pessoal ou patrimonial e atividades de trabalhador em motocicleta. Essas atividades\/opera\u00e7\u00f5es s\u00e3o descritas na <strong>Norma Regulamentadora 16 e seus Anexos.<\/strong><\/p>\n<p>Esses adicionais n\u00e3o s\u00e3o cumulativos, o servidor exposto a algum desses riscos tem direito ap\u00f3s inspe\u00e7\u00e3o de um engenheiro de seguran\u00e7a do trabalho e laudo t\u00e9cnico emitido pelo mesmo. Para realizar a solicita\u00e7\u00e3o dever\u00e1 ser preenchido o formul\u00e1rio abaixo e feito o pedido via protocolo no SGU.[\/vc_column_text][vc_btn title=&#8221;Formul\u00e1rios para Adicionais de Insalubridade, Periculosidade e GAS&#8221; style=&#8221;flat&#8221; shape=&#8221;square&#8221; size=&#8221;sm&#8221; align=&#8221;center&#8221; css=&#8221;&#8221; link=&#8221;url:https%3A%2F%2Fwww3.unicentro.br%2Fprogesp%2F2025%2F09%2F16%2Fadicionais-de-insalubridade-periculosidade-e-gas%2F&#8221; el_class=&#8221;botao-padrao&#8221;][vc_single_image image=&#8221;177&#8243; img_size=&#8221;large&#8221; alignment=&#8221;center&#8221; css=&#8221;&#8221;][\/vc_column][\/vc_row]<\/p>\n<\/div>","protected":false},"excerpt":{"rendered":"<p>[vc_row][vc_column][vc_column_text css=&#8221;&#8221;]Como o pr\u00f3prio nome diz, insalubre \u00e9 algo n\u00e3o salubre, que n\u00e3o \u00e9 bom para a sa\u00fade, doentio, que pode causar doen\u00e7as ao trabalhador por conta de sua atividade laboral. A\u00a0insalubridade\u00a0\u00e9 definida pela legisla\u00e7\u00e3o em fun\u00e7\u00e3o do grau do agente nocivo, levando em conta ainda o tipo de atividade desenvolvida pelo empregado no curso [&hellip;]<\/p>\n","protected":false},"author":3,"featured_media":0,"parent":0,"menu_order":0,"comment_status":"closed","ping_status":"closed","template":"","meta":{"_exactmetrics_skip_tracking":false,"_exactmetrics_sitenote_active":false,"_exactmetrics_sitenote_note":"","_exactmetrics_sitenote_category":0,"footnotes":"","_links_to":"","_links_to_target":""},"class_list":["post-71","page","type-page","status-publish","hentry"],"_links":{"self":[{"href":"https:\/\/www3.unicentro.br\/sesmt\/wp-json\/wp\/v2\/pages\/71","targetHints":{"allow":["GET"]}}],"collection":[{"href":"https:\/\/www3.unicentro.br\/sesmt\/wp-json\/wp\/v2\/pages"}],"about":[{"href":"https:\/\/www3.unicentro.br\/sesmt\/wp-json\/wp\/v2\/types\/page"}],"author":[{"embeddable":true,"href":"https:\/\/www3.unicentro.br\/sesmt\/wp-json\/wp\/v2\/users\/3"}],"replies":[{"embeddable":true,"href":"https:\/\/www3.unicentro.br\/sesmt\/wp-json\/wp\/v2\/comments?post=71"}],"version-history":[{"count":4,"href":"https:\/\/www3.unicentro.br\/sesmt\/wp-json\/wp\/v2\/pages\/71\/revisions"}],"predecessor-version":[{"id":324,"href":"https:\/\/www3.unicentro.br\/sesmt\/wp-json\/wp\/v2\/pages\/71\/revisions\/324"}],"wp:attachment":[{"href":"https:\/\/www3.unicentro.br\/sesmt\/wp-json\/wp\/v2\/media?parent=71"}],"curies":[{"name":"wp","href":"https:\/\/api.w.org\/{rel}","templated":true}]}}