{"id":59,"date":"2025-03-27T15:12:06","date_gmt":"2025-03-27T18:12:06","guid":{"rendered":"https:\/\/www3.unicentro.br\/sesmt\/?page_id=59"},"modified":"2025-04-11T08:33:15","modified_gmt":"2025-04-11T11:33:15","slug":"exames","status":"publish","type":"page","link":"https:\/\/www3.unicentro.br\/sesmt\/exames\/","title":{"rendered":"Exames"},"content":{"rendered":"<h3 style=\"text-align: center\"><strong><u>EXAMES DE SA\u00daDE OCUPACIONAIS<\/u><\/strong><\/h3>\n<p style=\"text-align: justify\">Assim como outras empresas ou institui\u00e7\u00f5es que empregam trabalhadores, a Unicentro deve manter um controle da sa\u00fade de seus servidores, controle este que \u00e9 feito pelo <a href=\"https:\/\/onsafety.com.br\/o-que-e-pcmso-e-qual-sua-importancia\/\">PCMSO<\/a>\u00a0(Programa de Controle M\u00e9dico de Sa\u00fade Ocupacional) e depende muito dos exames ocupacionais.<\/p>\n<p style=\"text-align: justify\">Alguns exames ocupacionais s\u00e3o <strong><u>obrigat\u00f3rios por lei<\/u><\/strong>, desde a aprova\u00e7\u00e3o da\u00a0<a href=\"https:\/\/www.camara.leg.br\/proposicoesWeb\/prop_mostrarintegra;jsessionid=9CFA236F73433A3AA30822052EF011F8.proposicoesWebExterno1?codteor=309173&amp;filename=LegislacaoCitada+-INC+5298\/2005\">portaria N\u00b0 3.214<\/a>\u00a0em 1978 e s\u00e3o de suma import\u00e2ncia para os trabalhadores e para a institui\u00e7\u00e3o, necess\u00e1rios desde o momento da contrata\u00e7\u00e3o at\u00e9 o t\u00e9rmino do contrato ap\u00f3s a demiss\u00e3o de um servidor, e \u00e9 sobre estes exames obrigat\u00f3rios que iremos tratar a seguir.<\/p>\n<p style=\"text-align: justify\"><strong>O que s\u00e3o Exames Ocupacionais?<\/strong><\/p>\n<p style=\"text-align: justify\">Os exames ocupacionais s\u00e3o exames m\u00e9dicos que tem o objetivo de avaliar a sa\u00fade do trabalhador antes, durante e ao fim do seu v\u00ednculo com o empregador, fazendo parte do PCMSO e s\u00e3o regulamentados pela\u00a0<a href=\"https:\/\/storage.googleapis.com\/onsafety-anexos\/normas\/nr-07.pdf\">NR 07<\/a>.<\/p>\n<h4 style=\"text-align: justify\"><\/h4>\n<h4 style=\"text-align: justify\"><strong>Tipos de exame ocupacional<\/strong><\/h4>\n<p style=\"text-align: justify\">A Norma Regulamentadora 07 (NR 07) do Minist\u00e9rio do Trabalho estabelece os tipos de exame ocupacional que devem constar no PCMSO:<\/p>\n<ul style=\"text-align: justify\">\n<li>Admissional<\/li>\n<li>Peri\u00f3dico<\/li>\n<li>De retorno ao trabalho<\/li>\n<li>De mudan\u00e7a de riscos ocupacionais<\/li>\n<li>Demissional.<\/li>\n<\/ul>\n<p style=\"text-align: justify\">Todos eles devem ser compostos ao menos pelo exame cl\u00ednico completo, realizado por um m\u00e9dico do trabalho e devem ser \u00a0registrados por meio de um Atestado de Sa\u00fade Ocupacional (ASO), emitido e assinado pelo especialista em Medicina do Trabalho.<\/p>\n<h4 style=\"text-align: justify\"><\/h4>\n<h4 style=\"text-align: justify\"><strong>Exame Admissional<\/strong><\/h4>\n<p style=\"text-align: justify\">Este \u00e9 o exame realizado antes que o servidor assuma suas atividades na institui\u00e7\u00e3o.<\/p>\n<p style=\"text-align: justify\">O objetivo do exame admissional \u00e9 garantir se o trabalhador \u00e9 apto ou n\u00e3o para desempenhar as fun\u00e7\u00f5es no novo emprego com base nos riscos ocupacionais que ele ir\u00e1 correr durante a rotina de trabalho.<\/p>\n<p style=\"text-align: justify\">O exame \u00e9 realizado por um m\u00e9dico do trabalho, onde ele confere se n\u00e3o h\u00e1 alguma condi\u00e7\u00e3o de sa\u00fade que possa atrapalhar ou se agravar durante o desempenho da fun\u00e7\u00e3o do trabalhador.<\/p>\n<h4 style=\"text-align: justify\"><\/h4>\n<h4 style=\"text-align: justify\"><strong>Exames Peri\u00f3dicos<\/strong><\/h4>\n<p style=\"text-align: justify\">Os exames peri\u00f3dicos s\u00e3o realizados durante o v\u00ednculo do servidor com a institui\u00e7\u00e3o e o tempo entre um e outro depende de quais riscos ocupacionais o servidor est\u00e1 exposto, podendo ser realizado<strong>:<\/strong><\/p>\n<ul style=\"text-align: justify\">\n<li><strong>A cada ano ou a intervalos menores a crit\u00e9rio do m\u00e9dico <\/strong>&#8211; para servidores expostos a riscos ocupacionais identificados e classificados no PGR e para portadores de doen\u00e7as cr\u00f4nicas que aumentem a susceptibilidade a tais riscos.<\/li>\n<li><strong>A cada dois anos <\/strong>\u2013 para os demais servidores. O objetivo dos exames peri\u00f3dicos \u00e9 ver se houve altera\u00e7\u00f5es na sa\u00fade do trabalhador devido a sua rotina de trabalho ou ao ambiente de trabalho que ele est\u00e1 inserido.<\/li>\n<li><strong>Exames complementares<\/strong><\/li>\n<\/ul>\n<p style=\"text-align: justify\">A partir da identifica\u00e7\u00e3o de exposi\u00e7\u00e3o, exames complementares podem ser inclu\u00eddos na avalia\u00e7\u00e3o de sa\u00fade ocupacional. Contudo, os exames podem mudar para trabalhadores que atuam em outros ambientes, englobando procedimentos como: Hemograma completo, exame otol\u00f3gico, audiometria, acuidade visual, eletrocardiograma, teste ergom\u00e9trico, ecocardiograma, eletroencefalograma, radiografias, etc.<\/p>\n<p style=\"text-align: justify\">A decis\u00e3o sobre quais exames solicitar \u00e9 exclusiva do m\u00e9dico.<\/p>\n<h4 style=\"text-align: justify\"><\/h4>\n<h4 style=\"text-align: justify\"><strong>Exame Demissional<\/strong><\/h4>\n<p style=\"text-align: justify\">O exame cl\u00ednico deve ser realizado em at\u00e9 10 (dez) dias contados do t\u00e9rmino do contrato, podendo ser dispensado caso o exame cl\u00ednico ocupacional mais recente tenha sido realizado h\u00e1 menos de 135 (centro e trinta e cinco) dias, no caso da Unicentro.<\/p>\n<p style=\"text-align: justify\">Ou seja, caso o servidor tenha passado por um exame peri\u00f3dico, de mudan\u00e7a de fun\u00e7\u00e3o, de retorno ao trabalho ou at\u00e9 mesmo o admissional dentro deste espa\u00e7o de tempo citado acima, esse exame recente substitui o demissional.<\/p>\n<h4 style=\"text-align: justify\"><\/h4>\n<h4 style=\"text-align: justify\"><strong>Exame de Retorno ao trabalho<\/strong><\/h4>\n<p style=\"text-align: justify\">Este exame tem como objetivo atestar se o servidor est\u00e1 apto ou n\u00e3o \u00e0 voltar \u00e0s suas fun\u00e7\u00f5es ap\u00f3s um per\u00edodo igual ou maior do que 30 dias afastado, seja por doen\u00e7a ou acidente, ocupacionais ou n\u00e3o.<\/p>\n<h4 style=\"text-align: justify\"><\/h4>\n<h4 style=\"text-align: justify\"><strong>Exame de mudan\u00e7a de riscos ocupacionais<\/strong><\/h4>\n<p style=\"text-align: justify\">O exame de mudan\u00e7a de risco ocupacional deve, obrigatoriamente, ser realizado antes da data da mudan\u00e7a, adequando-se o controle m\u00e9dico aos novos riscos.<\/p>\n<h4 style=\"text-align: justify\"><\/h4>\n<h4 style=\"text-align: justify\"><strong>Import\u00e2ncia dos Exames Ocupacionais<\/strong><\/h4>\n<p style=\"text-align: justify\">Os exames ocupacionais s\u00e3o t\u00e3o importantes como qualquer outro tipo de exame que realizamos fora do ambiente corporativo e servem para acompanhar a sa\u00fade dos trabalhadores e preveni-los de poss\u00edveis doen\u00e7as ocupacionais.<\/p>\n<p style=\"text-align: justify\">Os exames ocupacionais s\u00e3o obrigat\u00f3rios e servem para a expedi\u00e7\u00e3o do Atestado de Sa\u00fade Ocupacional (ASO), que \u00e9 o documento que atesta ao fim do exame se o trabalhador est\u00e1 apto ou n\u00e3o e qual \u00e9 a condi\u00e7\u00e3o do mesmo no momento do exame.<\/p>\n<p style=\"text-align: justify\">As empresas s\u00e3o obrigadas a manterem os registros dos ASO\u2019s de todos os servidores, sendo este um ato que se n\u00e3o for cumprido pode acarretar em autua\u00e7\u00f5es.<\/p>\n<p style=\"text-align: justify\">Tirando as implica\u00e7\u00f5es legais, cuidar da sa\u00fade dos seus colaboradores \u00e9 extremamente importante pois os servidores se sentem motivados a trabalhar num ambiente de trabalho saud\u00e1vel e os afastamentos s\u00e3o reduzidos, j\u00e1 que o servidor n\u00e3o vai desempenhar uma fun\u00e7\u00e3o que possa fornecer riscos a sua sa\u00fade.<\/p>\n<p>&nbsp;<\/p>\n","protected":false},"excerpt":{"rendered":"<p>EXAMES DE SA\u00daDE OCUPACIONAIS Assim como outras empresas ou institui\u00e7\u00f5es que empregam trabalhadores, a Unicentro deve manter um controle da sa\u00fade de seus servidores, controle este que \u00e9 feito pelo PCMSO\u00a0(Programa de Controle M\u00e9dico de Sa\u00fade Ocupacional) e depende muito dos exames ocupacionais. Alguns exames ocupacionais s\u00e3o obrigat\u00f3rios por lei, desde a aprova\u00e7\u00e3o da\u00a0portaria N\u00b0 [&hellip;]<\/p>\n","protected":false},"author":3,"featured_media":0,"parent":0,"menu_order":0,"comment_status":"closed","ping_status":"closed","template":"","meta":{"_exactmetrics_skip_tracking":false,"_exactmetrics_sitenote_active":false,"_exactmetrics_sitenote_note":"","_exactmetrics_sitenote_category":0,"footnotes":"","_links_to":"","_links_to_target":""},"class_list":["post-59","page","type-page","status-publish","hentry"],"_links":{"self":[{"href":"https:\/\/www3.unicentro.br\/sesmt\/wp-json\/wp\/v2\/pages\/59","targetHints":{"allow":["GET"]}}],"collection":[{"href":"https:\/\/www3.unicentro.br\/sesmt\/wp-json\/wp\/v2\/pages"}],"about":[{"href":"https:\/\/www3.unicentro.br\/sesmt\/wp-json\/wp\/v2\/types\/page"}],"author":[{"embeddable":true,"href":"https:\/\/www3.unicentro.br\/sesmt\/wp-json\/wp\/v2\/users\/3"}],"replies":[{"embeddable":true,"href":"https:\/\/www3.unicentro.br\/sesmt\/wp-json\/wp\/v2\/comments?post=59"}],"version-history":[{"count":3,"href":"https:\/\/www3.unicentro.br\/sesmt\/wp-json\/wp\/v2\/pages\/59\/revisions"}],"predecessor-version":[{"id":242,"href":"https:\/\/www3.unicentro.br\/sesmt\/wp-json\/wp\/v2\/pages\/59\/revisions\/242"}],"wp:attachment":[{"href":"https:\/\/www3.unicentro.br\/sesmt\/wp-json\/wp\/v2\/media?parent=59"}],"curies":[{"name":"wp","href":"https:\/\/api.w.org\/{rel}","templated":true}]}}