{"id":55,"date":"2025-03-27T15:10:45","date_gmt":"2025-03-27T18:10:45","guid":{"rendered":"https:\/\/www3.unicentro.br\/sesmt\/?page_id=55"},"modified":"2025-04-09T14:55:01","modified_gmt":"2025-04-09T17:55:01","slug":"cat-comunicacao-de-acidente-de-trabalho","status":"publish","type":"page","link":"https:\/\/www3.unicentro.br\/sesmt\/acidente-de-trabalho\/cat-comunicacao-de-acidente-de-trabalho\/","title":{"rendered":"CAT &#8211; Comunica\u00e7\u00e3o de Acidente de Trabalho"},"content":{"rendered":"<div class=\"wpb-content-wrapper\"><p>[vc_row][vc_column][vc_column_text css=&#8221;&#8221;]A CAT \u00e9 um documento obrigat\u00f3rio que deve ser emitido para registrar formalmente um acidente de trabalho ou doen\u00e7a ocupacional. Esse registro \u00e9 essencial para garantir ao trabalhador o acesso a benef\u00edcios previdenci\u00e1rios e para que a institui\u00e7\u00e3o possa analisar e prevenir novos incidentes.<\/p>\n<p>\u00c9 responsabilidade da chefia imediata quando o servidor n\u00e3o detenha condi\u00e7\u00f5es, comunicar imediatamente ao SESMT, qualquer acidente de trabalho, para que esse possa informar ao \u00f3rg\u00e3o pericial oficial do Estado dos servidores efetivos e de cargos em comiss\u00e3o, no m\u00e1ximo at\u00e9 o terceiro dia ap\u00f3s o ocorrido.<\/p>\n<p>A Comunica\u00e7\u00e3o de Acidente de Trabalho deve ser apresentada utilizando o formul\u00e1rio &#8211; CAT da DPM, garantindo que todos os campos, incluindo a parte m\u00e9dica, estejam devidamente preenchidos, assinados, carimbados e datados.<\/p>\n<p>Nos casos em que o acidente resulte em afastamento por mais de tr\u00eas dias, o servidor dever\u00e1 passar por per\u00edcia m\u00e9dica.[\/vc_column_text][vc_btn title=&#8221;Link para Formul\u00e1rios da Per\u00edcia M\u00e9dica&#8221; style=&#8221;flat&#8221; shape=&#8221;square&#8221; size=&#8221;xs&#8221; align=&#8221;left&#8221; css=&#8221;&#8221; link=&#8221;url:https%3A%2F%2Fwww.administracao.pr.gov.br%2FSAS%2FPagina%2FFormularios-da-Pericia-Medica&#8221; el_class=&#8221;botao-padrao&#8221;][vc_column_text css=&#8221;&#8221;]<\/p>\n<p><strong>MEDIDAS PREVENTIVAS<\/strong><\/p>\n<p>Para evitar Acidentes de Trabalho, \u00e9 fundamental que todos os servidores adotem pr\u00e1ticas de seguran\u00e7a e preven\u00e7\u00e3o. Algumas medidas essenciais incluem:<\/p>\n<ul>\n<li>Uso correto dos Equipamentos de Prote\u00e7\u00e3o Individual (EPIs) e Equipamentos de Prote\u00e7\u00e3o Coletiva (EPCs);<\/li>\n<li>Treinamentos e capacita\u00e7\u00f5es peri\u00f3dicas em seguran\u00e7a do trabalho;<\/li>\n<li>Cumprimento das normas regulamentadoras (NRs);<\/li>\n<li>Identifica\u00e7\u00e3o e corre\u00e7\u00e3o de riscos no ambiente de trabalho;<\/li>\n<li>Promo\u00e7\u00e3o da cultura de seguran\u00e7a por meio da participa\u00e7\u00e3o ativa da CIPA e do SESMT.<\/li>\n<\/ul>\n<p>[\/vc_column_text][\/vc_column][\/vc_row]<\/p>\n<\/div>","protected":false},"excerpt":{"rendered":"<p>[vc_row][vc_column][vc_column_text css=&#8221;&#8221;]A CAT \u00e9 um documento obrigat\u00f3rio que deve ser emitido para registrar formalmente um acidente de trabalho ou doen\u00e7a ocupacional. Esse registro \u00e9 essencial para garantir ao trabalhador o acesso a benef\u00edcios previdenci\u00e1rios e para que a institui\u00e7\u00e3o possa analisar e prevenir novos incidentes. \u00c9 responsabilidade da chefia imediata quando o servidor n\u00e3o detenha [&hellip;]<\/p>\n","protected":false},"author":3,"featured_media":0,"parent":51,"menu_order":0,"comment_status":"closed","ping_status":"closed","template":"","meta":{"_exactmetrics_skip_tracking":false,"_exactmetrics_sitenote_active":false,"_exactmetrics_sitenote_note":"","_exactmetrics_sitenote_category":0,"footnotes":"","_links_to":"","_links_to_target":""},"class_list":["post-55","page","type-page","status-publish","hentry"],"_links":{"self":[{"href":"https:\/\/www3.unicentro.br\/sesmt\/wp-json\/wp\/v2\/pages\/55","targetHints":{"allow":["GET"]}}],"collection":[{"href":"https:\/\/www3.unicentro.br\/sesmt\/wp-json\/wp\/v2\/pages"}],"about":[{"href":"https:\/\/www3.unicentro.br\/sesmt\/wp-json\/wp\/v2\/types\/page"}],"author":[{"embeddable":true,"href":"https:\/\/www3.unicentro.br\/sesmt\/wp-json\/wp\/v2\/users\/3"}],"replies":[{"embeddable":true,"href":"https:\/\/www3.unicentro.br\/sesmt\/wp-json\/wp\/v2\/comments?post=55"}],"version-history":[{"count":2,"href":"https:\/\/www3.unicentro.br\/sesmt\/wp-json\/wp\/v2\/pages\/55\/revisions"}],"predecessor-version":[{"id":167,"href":"https:\/\/www3.unicentro.br\/sesmt\/wp-json\/wp\/v2\/pages\/55\/revisions\/167"}],"up":[{"embeddable":true,"href":"https:\/\/www3.unicentro.br\/sesmt\/wp-json\/wp\/v2\/pages\/51"}],"wp:attachment":[{"href":"https:\/\/www3.unicentro.br\/sesmt\/wp-json\/wp\/v2\/media?parent=55"}],"curies":[{"name":"wp","href":"https:\/\/api.w.org\/{rel}","templated":true}]}}