{"id":53,"date":"2025-03-27T15:09:50","date_gmt":"2025-03-27T18:09:50","guid":{"rendered":"https:\/\/www3.unicentro.br\/sesmt\/?page_id=53"},"modified":"2025-04-10T16:55:28","modified_gmt":"2025-04-10T19:55:28","slug":"definicao","status":"publish","type":"page","link":"https:\/\/www3.unicentro.br\/sesmt\/acidente-de-trabalho\/definicao\/","title":{"rendered":"Defini\u00e7\u00e3o"},"content":{"rendered":"<p style=\"text-align: justify\"><strong>ACIDENTE DE TRABALHO: TUDO O QUE VOC\u00ca PRECISA SABER<\/strong><\/p>\n<p style=\"text-align: justify\">A seguran\u00e7a no ambiente de trabalho \u00e9 um compromisso fundamental para preservar a sa\u00fade e a integridade dos colaboradores. No entanto, mesmo com todas as medidas preventivas, os acidentes podem ocorrer. Por isso, \u00e9 essencial compreender o que caracteriza um Acidente de Trabalho, quais s\u00e3o seus tipos, como proceder em caso de ocorr\u00eancia e a import\u00e2ncia da Comunica\u00e7\u00e3o de Acidente de Trabalho (CAT).<\/p>\n<p style=\"text-align: justify\">\n<p style=\"text-align: justify\"><strong>O QUE \u00c9 UM ACIDENTE DE TRABALHO?<\/strong><\/p>\n<p style=\"text-align: justify\">De acordo com a legisla\u00e7\u00e3o vigente (Lei n\u00ba 8.213\/1991, art. 19), um Acidente de Trabalho \u00e9 aquele que ocorre pelo exerc\u00edcio da atividade profissional a servi\u00e7o da empresa, provocando les\u00e3o corporal ou perturba\u00e7\u00e3o funcional que cause morte, perda ou redu\u00e7\u00e3o da capacidade para o trabalho, de forma tempor\u00e1ria ou permanente.<\/p>\n<p style=\"text-align: justify\">Al\u00e9m dos acidentes t\u00edpicos, a legisla\u00e7\u00e3o tamb\u00e9m considera como Acidente de Trabalho as doen\u00e7as ocupacionais e os acidentes de trajeto.<\/p>\n<p style=\"text-align: justify\">\n<p style=\"text-align: justify\"><strong>TIPOS DE ACIDENTE DE TRABALHO<\/strong><\/p>\n<p style=\"text-align: justify\">Os acidentes podem ser classificados em diferentes categorias, conforme sua natureza e consequ\u00eancias.<\/p>\n<ol style=\"text-align: justify\">\n<li><strong> Acidente T\u00edpico<\/strong><\/li>\n<\/ol>\n<p style=\"text-align: justify\">Ocorre durante a realiza\u00e7\u00e3o das atividades profissionais habituais do trabalhador.<\/p>\n<ol style=\"text-align: justify\" start=\"2\">\n<li><strong> Acidente de Trajeto<\/strong><\/li>\n<\/ol>\n<p style=\"text-align: justify\">Acontece no percurso entre a resid\u00eancia do trabalhador e o local de trabalho (ou vice-versa), desde que seja no trajeto habitual.<\/p>\n<ol style=\"text-align: justify\" start=\"3\">\n<li><strong> Doen\u00e7a Ocupacional<\/strong><\/li>\n<\/ol>\n<p style=\"text-align: justify\">Divide-se em:<\/p>\n<ul style=\"text-align: justify\">\n<li><strong>Doen\u00e7a Profissional:<\/strong> causada diretamente pelo exerc\u00edcio da atividade laboral.<\/li>\n<li><strong>Doen\u00e7a do Trabalho:<\/strong> desencadeada por condi\u00e7\u00f5es especiais do ambiente laboral, mas n\u00e3o necessariamente ligadas \u00e0 fun\u00e7\u00e3o desempenhada.<\/li>\n<\/ul>\n<ol style=\"text-align: justify\" start=\"4\">\n<li><strong> Acidente sem Afastamento<\/strong><\/li>\n<\/ol>\n<p style=\"text-align: justify\">Acontece quando o trabalhador sofre um acidente, mas n\u00e3o necessita de afastamento das atividades. Mesmo nesses casos, o SESMT e a CIPA devem ser informados para ado\u00e7\u00e3o de medidas preventivas.<\/p>\n<ol style=\"text-align: justify\" start=\"5\">\n<li><strong> Acidente com Afastamento<\/strong><\/li>\n<\/ol>\n<p style=\"text-align: justify\">Quando h\u00e1 necessidade de afastamento do trabalhador, seja tempor\u00e1rio ou definitivo.<\/p>\n","protected":false},"excerpt":{"rendered":"<p>ACIDENTE DE TRABALHO: TUDO O QUE VOC\u00ca PRECISA SABER A seguran\u00e7a no ambiente de trabalho \u00e9 um compromisso fundamental para preservar a sa\u00fade e a integridade dos colaboradores. No entanto, mesmo com todas as medidas preventivas, os acidentes podem ocorrer. Por isso, \u00e9 essencial compreender o que caracteriza um Acidente de Trabalho, quais s\u00e3o seus [&hellip;]<\/p>\n","protected":false},"author":3,"featured_media":0,"parent":51,"menu_order":0,"comment_status":"closed","ping_status":"closed","template":"","meta":{"_exactmetrics_skip_tracking":false,"_exactmetrics_sitenote_active":false,"_exactmetrics_sitenote_note":"","_exactmetrics_sitenote_category":0,"footnotes":"","_links_to":"","_links_to_target":""},"class_list":["post-53","page","type-page","status-publish","hentry"],"_links":{"self":[{"href":"https:\/\/www3.unicentro.br\/sesmt\/wp-json\/wp\/v2\/pages\/53","targetHints":{"allow":["GET"]}}],"collection":[{"href":"https:\/\/www3.unicentro.br\/sesmt\/wp-json\/wp\/v2\/pages"}],"about":[{"href":"https:\/\/www3.unicentro.br\/sesmt\/wp-json\/wp\/v2\/types\/page"}],"author":[{"embeddable":true,"href":"https:\/\/www3.unicentro.br\/sesmt\/wp-json\/wp\/v2\/users\/3"}],"replies":[{"embeddable":true,"href":"https:\/\/www3.unicentro.br\/sesmt\/wp-json\/wp\/v2\/comments?post=53"}],"version-history":[{"count":2,"href":"https:\/\/www3.unicentro.br\/sesmt\/wp-json\/wp\/v2\/pages\/53\/revisions"}],"predecessor-version":[{"id":236,"href":"https:\/\/www3.unicentro.br\/sesmt\/wp-json\/wp\/v2\/pages\/53\/revisions\/236"}],"up":[{"embeddable":true,"href":"https:\/\/www3.unicentro.br\/sesmt\/wp-json\/wp\/v2\/pages\/51"}],"wp:attachment":[{"href":"https:\/\/www3.unicentro.br\/sesmt\/wp-json\/wp\/v2\/media?parent=53"}],"curies":[{"name":"wp","href":"https:\/\/api.w.org\/{rel}","templated":true}]}}