{"id":293,"date":"2025-07-07T09:10:50","date_gmt":"2025-07-07T12:10:50","guid":{"rendered":"https:\/\/www3.unicentro.br\/sesmt\/?page_id=293"},"modified":"2025-07-07T13:10:02","modified_gmt":"2025-07-07T16:10:02","slug":"pops-modelos-padroes","status":"publish","type":"page","link":"https:\/\/www3.unicentro.br\/sesmt\/pops-modelos-padroes\/","title":{"rendered":"POP&#8217;s &#8211; Modelos padr\u00f5es"},"content":{"rendered":"<p style=\"text-align: justify\">Os Procedimentos Operacionais Padr\u00e3o (POPs) s\u00e3o documentos que estabelecem instru\u00e7\u00f5es detalhadas e padronizadas para a execu\u00e7\u00e3o de atividades dentro de um laborat\u00f3rio. Eles garantem que todas as opera\u00e7\u00f5es sejam realizadas de maneira consistente, segura e eficiente, minimizando erros e garantindo a qualidade dos processos.<\/p>\n<p style=\"text-align: justify\">Abaixo, seguem os modelos padr\u00e3o de POPs (Procedimentos Operacionais Padr\u00e3o) para uso em laborat\u00f3rios e demais setores da \u00e1rea da sa\u00fade.<\/p>\n<p><a href=\"https:\/\/docs.google.com\/document\/d\/1h8vIwhKKoiteIEuwjFA8NIeMmwg28nS5\/edit?usp=drive_link&amp;ouid=102396305238542133680&amp;rtpof=true&amp;sd=true\">POP 001 &#8211; INSTRU\u00c7\u00d5ES B\u00c1SICAS<\/a><\/p>\n<p><a href=\"https:\/\/docs.google.com\/document\/d\/1Sar3cPJxx03BT1mAxtz6WidbJ_uZbry5\/edit?usp=drive_link&amp;ouid=102396305238542133680&amp;rtpof=true&amp;sd=true\">POP 002 \u2013 DESCARTE RES\u00cdDUOS QU\u00cdMICOS<\/a><\/p>\n<p><a href=\"https:\/\/docs.google.com\/document\/d\/1pbBBCk58iX61T5csHYEmNUgBjeTZCfYt\/edit?usp=drive_link&amp;ouid=102396305238542133680&amp;rtpof=true&amp;sd=true\">POP 003 \u2013 TRANSPORTE RES\u00cdDUOS QU\u00cdMICOS<\/a><\/p>\n<p><a href=\"https:\/\/docs.google.com\/document\/d\/1ArMCgTILpUe9fI5P7INiw_xtCBSFxy3J\/edit?usp=drive_link&amp;ouid=102396305238542133680&amp;rtpof=true&amp;sd=true\">POP 004 &#8211; CAPELA DE EXAUST\u00c3O<\/a><\/p>\n<p>&nbsp;<\/p>\n","protected":false},"excerpt":{"rendered":"<p>Os Procedimentos Operacionais Padr\u00e3o (POPs) s\u00e3o documentos que estabelecem instru\u00e7\u00f5es detalhadas e padronizadas para a execu\u00e7\u00e3o de atividades dentro de um laborat\u00f3rio. Eles garantem que todas as opera\u00e7\u00f5es sejam realizadas de maneira consistente, segura e eficiente, minimizando erros e garantindo a qualidade dos processos. Abaixo, seguem os modelos padr\u00e3o de POPs (Procedimentos Operacionais Padr\u00e3o) para [&hellip;]<\/p>\n","protected":false},"author":835,"featured_media":0,"parent":0,"menu_order":0,"comment_status":"closed","ping_status":"closed","template":"","meta":{"_exactmetrics_skip_tracking":false,"_exactmetrics_sitenote_active":false,"_exactmetrics_sitenote_note":"","_exactmetrics_sitenote_category":0,"footnotes":"","_links_to":"","_links_to_target":""},"class_list":["post-293","page","type-page","status-publish","hentry"],"_links":{"self":[{"href":"https:\/\/www3.unicentro.br\/sesmt\/wp-json\/wp\/v2\/pages\/293","targetHints":{"allow":["GET"]}}],"collection":[{"href":"https:\/\/www3.unicentro.br\/sesmt\/wp-json\/wp\/v2\/pages"}],"about":[{"href":"https:\/\/www3.unicentro.br\/sesmt\/wp-json\/wp\/v2\/types\/page"}],"author":[{"embeddable":true,"href":"https:\/\/www3.unicentro.br\/sesmt\/wp-json\/wp\/v2\/users\/835"}],"replies":[{"embeddable":true,"href":"https:\/\/www3.unicentro.br\/sesmt\/wp-json\/wp\/v2\/comments?post=293"}],"version-history":[{"count":2,"href":"https:\/\/www3.unicentro.br\/sesmt\/wp-json\/wp\/v2\/pages\/293\/revisions"}],"predecessor-version":[{"id":303,"href":"https:\/\/www3.unicentro.br\/sesmt\/wp-json\/wp\/v2\/pages\/293\/revisions\/303"}],"wp:attachment":[{"href":"https:\/\/www3.unicentro.br\/sesmt\/wp-json\/wp\/v2\/media?parent=293"}],"curies":[{"name":"wp","href":"https:\/\/api.w.org\/{rel}","templated":true}]}}