{"id":107,"date":"2025-03-27T16:10:29","date_gmt":"2025-03-27T19:10:29","guid":{"rendered":"https:\/\/www3.unicentro.br\/sesmt\/?page_id=107"},"modified":"2025-04-10T09:51:03","modified_gmt":"2025-04-10T12:51:03","slug":"ltcat","status":"publish","type":"page","link":"https:\/\/www3.unicentro.br\/sesmt\/documentacao\/ltcat\/","title":{"rendered":"LTCAT e PPP"},"content":{"rendered":"<div class=\"wpb-content-wrapper\"><p>[vc_row][vc_column][vc_column_text]O Laudo T\u00e9cnico das Condi\u00e7\u00f5es do Ambiente de Trabalho (LTCAT) \u00e9 um documento exigido pelo Instituto Nacional do Seguro Social (INSS) para as empresas.<\/p>\n<p>No LTCAT est\u00e3o contidas todas as informa\u00e7\u00f5es sobre as\u00a0atividades desenvolvidas na empresa, a identifica\u00e7\u00e3o dos trabalhadores e os resultados da an\u00e1lise quantitativa\u00a0de agentes nocivos e da avalia\u00e7\u00e3o ambiental do ambiente de trabalho.<\/p>\n<p>Al\u00e9m disso, o documento tamb\u00e9m apresenta as medidas de controle e preven\u00e7\u00e3o que ser\u00e3o adotadas e deve ser revisado sempre que a empresa modificar as condi\u00e7\u00f5es ambientais de trabalho.<\/p>\n<p>Conforme prev\u00ea o art. 58, \u00a7 1\u00ba, da\u00a0<a href=\"https:\/\/www.planalto.gov.br\/ccivil_03\/leis\/l8213cons.htm\">Lei 8213\/91<\/a>, o LTCAT deve ser elaborado por um profissional habilitado, M\u00e9dico do Trabalho ou Engenheiro de Eeguran\u00e7a do Trabalho. O documento serve de base para o preenchimento do Perfil Profissiogr\u00e1fico Previdenci\u00e1rio (PPP).<\/p>\n<p>O Perfil Profissiogr\u00e1fico Previdenci\u00e1rio (PPP) \u00e9 um documento do hist\u00f3rico de trabalho, exigido pela Previd\u00eancia Social. Ele comprova a real exposi\u00e7\u00e3o do profissional aos agentes nocivos, listados no Anexo IV do\u00a0<a href=\"https:\/\/www.planalto.gov.br\/CCIVIL_03\/decreto\/D3048.htm\">Decreto 3.048\/1999<\/a>.<\/p>\n<p>O PPP cont\u00e9m informa\u00e7\u00f5es referentes \u00e0s\u00a0atividades desenvolvidas pelos trabalhadores, como a fun\u00e7\u00e3o, os agentes nocivos expostos, a \u00e9poca em que ocorreu a exposi\u00e7\u00e3o\u00a0e a intensidade e concentra\u00e7\u00e3o de cada um dos agentes existentes.<\/p>\n<p>Em resumo, no PPP est\u00e1 todo o hist\u00f3rico do trabalhador, com todas as informa\u00e7\u00f5es relevantes que comprovam a natureza do seu trabalho.[\/vc_column_text][vc_single_image image=&#8221;219&#8243; img_size=&#8221;full&#8221; alignment=&#8221;center&#8221; css=&#8221;&#8221;][\/vc_column][\/vc_row]<\/p>\n<\/div>","protected":false},"excerpt":{"rendered":"<p>[vc_row][vc_column][vc_column_text]O Laudo T\u00e9cnico das Condi\u00e7\u00f5es do Ambiente de Trabalho (LTCAT) \u00e9 um documento exigido pelo Instituto Nacional do Seguro Social (INSS) para as empresas. No LTCAT est\u00e3o contidas todas as informa\u00e7\u00f5es sobre as\u00a0atividades desenvolvidas na empresa, a identifica\u00e7\u00e3o dos trabalhadores e os resultados da an\u00e1lise quantitativa\u00a0de agentes nocivos e da avalia\u00e7\u00e3o ambiental do ambiente de [&hellip;]<\/p>\n","protected":false},"author":3,"featured_media":0,"parent":101,"menu_order":0,"comment_status":"closed","ping_status":"closed","template":"","meta":{"_exactmetrics_skip_tracking":false,"_exactmetrics_sitenote_active":false,"_exactmetrics_sitenote_note":"","_exactmetrics_sitenote_category":0,"footnotes":"","_links_to":"","_links_to_target":""},"class_list":["post-107","page","type-page","status-publish","hentry"],"_links":{"self":[{"href":"https:\/\/www3.unicentro.br\/sesmt\/wp-json\/wp\/v2\/pages\/107","targetHints":{"allow":["GET"]}}],"collection":[{"href":"https:\/\/www3.unicentro.br\/sesmt\/wp-json\/wp\/v2\/pages"}],"about":[{"href":"https:\/\/www3.unicentro.br\/sesmt\/wp-json\/wp\/v2\/types\/page"}],"author":[{"embeddable":true,"href":"https:\/\/www3.unicentro.br\/sesmt\/wp-json\/wp\/v2\/users\/3"}],"replies":[{"embeddable":true,"href":"https:\/\/www3.unicentro.br\/sesmt\/wp-json\/wp\/v2\/comments?post=107"}],"version-history":[{"count":2,"href":"https:\/\/www3.unicentro.br\/sesmt\/wp-json\/wp\/v2\/pages\/107\/revisions"}],"predecessor-version":[{"id":221,"href":"https:\/\/www3.unicentro.br\/sesmt\/wp-json\/wp\/v2\/pages\/107\/revisions\/221"}],"up":[{"embeddable":true,"href":"https:\/\/www3.unicentro.br\/sesmt\/wp-json\/wp\/v2\/pages\/101"}],"wp:attachment":[{"href":"https:\/\/www3.unicentro.br\/sesmt\/wp-json\/wp\/v2\/media?parent=107"}],"curies":[{"name":"wp","href":"https:\/\/api.w.org\/{rel}","templated":true}]}}