{"id":46,"date":"2018-10-31T08:48:56","date_gmt":"2018-10-31T10:48:56","guid":{"rendered":"https:\/\/www3.unicentro.br\/sesi\/?page_id=46"},"modified":"2024-04-11T11:55:52","modified_gmt":"2024-04-11T14:55:52","slug":"conset","status":"publish","type":"page","link":"https:\/\/www3.unicentro.br\/sesi\/sobre-o-setor\/conset\/","title":{"rendered":"Conselho Setorial"},"content":{"rendered":"<div class=\"wpb-content-wrapper\"><p>[vc_row][vc_column width=&#8221;2\/3&#8243;][vc_column_text]<span style=\"color: #000000;font-size: 12pt;font-family: georgia, palatino, serif\">Presidente: Prof.\u00aa Dr.\u00aa K\u00e1tia Alexsandra dos Santos &#8211; Diretora do SES\/I<\/span><br \/>\n<span style=\"color: #000000;font-size: 12pt;font-family: georgia, palatino, serif\">Vice-Presidente: Prof.\u00aa Dr.\u00aa Maria Ang\u00e9lica Binotto &#8211; Vice Diretora do SES\/I<\/span><\/p>\n<p style=\"text-align: left\"><span style=\"color: #000000;font-size: 12pt;font-family: georgia, palatino, serif\">Prof.\u00aa Dr.\u00aa Caroline Guisantes de Salvo Toni &#8211; Chefe do Departamento de Psicologia de Irati<\/span><\/p>\n<p style=\"text-align: left\"><span style=\"font-family: georgia, palatino, serif;font-size: 12pt;color: #000000\">Prof.\u00aa Dr.\u00aa <span style=\"line-height: 1.5\">Kyrlian Bartira Bortolozzi<\/span><span style=\"line-height: 1.5\">\u00a0&#8211; Chefe do Departamento de Fonoaudiologia de Irati<\/span><\/span><\/p>\n<p style=\"text-align: left\"><span style=\"color: #000000;font-size: 12pt;font-family: georgia, palatino, serif\">Prof.\u00aa Dr.\u00aa Debora Gomes &#8211; Chefe do Departamento de Educa\u00e7\u00e3o F\u00edsica de Irati<\/span><\/p>\n<p style=\"text-align: left\"><span style=\"color: #000000;font-size: 12pt;font-family: georgia, palatino, serif\">Prof.\u00aa Dr.\u00aa Cristiana Magni &#8211; Representante Docente eleito<\/span><\/p>\n<p><span style=\"font-family: georgia, palatino, serif;font-size: 12pt;color: #000000\">Prof. Dr. Carlos Alberto Mar\u00e7al Gonzaga &#8211; Coordenador do Programa de P\u00f3s-Gradua\u00e7\u00e3o Stricto Sensu em Desenvolvimento Comunit\u00e1rio<\/span><\/p>\n<p style=\"text-align: left\"><span style=\"color: #000000;font-size: 12pt;font-family: georgia, palatino, serif\">Acad. Alice Afra Valverde &#8211; Representante Discente<\/span><\/p>\n<p>[\/vc_column_text][\/vc_column][vc_column width=&#8221;1\/3&#8243;][vc_column_text]<\/p>\n<p style=\"text-align: justify\"><span style=\"font-family: georgia, palatino, serif;font-size: 12pt;color: #333333\">&#8220;O Conselho Setorial, CONSET, \u00e9 o \u00f3rg\u00e3o da unidade universit\u00e1ria, de car\u00e1ter consultivo e deliberativo em mat\u00e9ria de ensino, pesquisa, extens\u00e3o e administra\u00e7\u00e3o, no \u00e2mbito de cada Setor&#8221; (Art. 5\u00ba da Resolu\u00e7\u00e3o n\u00ba 29\/2016-COU\/UNICENTRO).<\/span><\/p>\n<p>[\/vc_column_text][\/vc_column][\/vc_row]<\/p>\n<\/div>","protected":false},"excerpt":{"rendered":"<p>[vc_row][vc_column width=&#8221;2\/3&#8243;][vc_column_text]Presidente: Prof.\u00aa Dr.\u00aa K\u00e1tia Alexsandra dos Santos &#8211; Diretora do SES\/I Vice-Presidente: Prof.\u00aa Dr.\u00aa Maria Ang\u00e9lica Binotto &#8211; Vice Diretora do SES\/I Prof.\u00aa Dr.\u00aa Caroline Guisantes de Salvo Toni &#8211; Chefe do Departamento de Psicologia de Irati Prof.\u00aa Dr.\u00aa Kyrlian Bartira Bortolozzi\u00a0&#8211; Chefe do Departamento de Fonoaudiologia de Irati Prof.\u00aa Dr.\u00aa Debora Gomes &#8211; [&hellip;]<\/p>\n","protected":false},"author":3,"featured_media":0,"parent":38,"menu_order":0,"comment_status":"closed","ping_status":"closed","template":"","meta":{"_exactmetrics_skip_tracking":false,"_exactmetrics_sitenote_active":false,"_exactmetrics_sitenote_note":"","_exactmetrics_sitenote_category":0,"footnotes":"","_links_to":"","_links_to_target":""},"class_list":["post-46","page","type-page","status-publish","hentry"],"_links":{"self":[{"href":"https:\/\/www3.unicentro.br\/sesi\/wp-json\/wp\/v2\/pages\/46","targetHints":{"allow":["GET"]}}],"collection":[{"href":"https:\/\/www3.unicentro.br\/sesi\/wp-json\/wp\/v2\/pages"}],"about":[{"href":"https:\/\/www3.unicentro.br\/sesi\/wp-json\/wp\/v2\/types\/page"}],"author":[{"embeddable":true,"href":"https:\/\/www3.unicentro.br\/sesi\/wp-json\/wp\/v2\/users\/3"}],"replies":[{"embeddable":true,"href":"https:\/\/www3.unicentro.br\/sesi\/wp-json\/wp\/v2\/comments?post=46"}],"version-history":[{"count":2,"href":"https:\/\/www3.unicentro.br\/sesi\/wp-json\/wp\/v2\/pages\/46\/revisions"}],"predecessor-version":[{"id":502,"href":"https:\/\/www3.unicentro.br\/sesi\/wp-json\/wp\/v2\/pages\/46\/revisions\/502"}],"up":[{"embeddable":true,"href":"https:\/\/www3.unicentro.br\/sesi\/wp-json\/wp\/v2\/pages\/38"}],"wp:attachment":[{"href":"https:\/\/www3.unicentro.br\/sesi\/wp-json\/wp\/v2\/media?parent=46"}],"curies":[{"name":"wp","href":"https:\/\/api.w.org\/{rel}","templated":true}]}}